{"id":33302,"date":"2026-03-17T09:49:12","date_gmt":"2026-03-17T08:49:12","guid":{"rendered":"https:\/\/shop.uffizi.it\/prodotti\/boite-crayons-skyline-florence\/"},"modified":"2026-04-07T05:21:58","modified_gmt":"2026-04-07T03:21:58","slug":"boite-crayons-skyline-florence","status":"publish","type":"product","link":"https:\/\/shop.uffizi.it\/fr\/produits\/boite-crayons-skyline-florence\/","title":{"rendered":"BOITE CRAYONS SKYLINE FLORENCE"},"content":{"rendered":"<p>Mat\u00e9riau bo\u00eete : \u00e9tain<br \/>\nMat\u00e9riau crayon : bois de c\u00e8dre<br \/>\nProduit par Ming Production S.L., Morabos, 4 Bajos, 08004 Barcelona (Spain)<br \/>\nA employer sous la surveillance directe d&rsquo;un adulte, l&rsquo;utilisation est d\u00e9conseill\u00e9e pour les enfants de moins de 8 ans<\/p>\n","protected":false},"excerpt":{"rendered":"<p>Set de 12 crayons bicolores avec coffret en m\u00e9tal au design s&rsquo;inspirant des monuments les plus fameux de la ville de Florence. C&rsquo;est une palette compl\u00e8te, pratique et l\u00e9g\u00e8re, \u00e0 emmener toujours avec soi. <\/p>\n","protected":false},"featured_media":22751,"template":"","meta":{"_acf_changed":false,"site-sidebar-layout":"default","site-content-layout":"","ast-site-content-layout":"default","site-content-style":"default","site-sidebar-style":"default","ast-global-header-display":"","ast-banner-title-visibility":"","ast-main-header-display":"","ast-hfb-above-header-display":"","ast-hfb-below-header-display":"","ast-hfb-mobile-header-display":"","site-post-title":"","ast-breadcrumbs-content":"","ast-featured-img":"","footer-sml-layout":"","ast-disable-related-posts":"","theme-transparent-header-meta":"default","adv-header-id-meta":"","stick-header-meta":"default","header-above-stick-meta":"","header-main-stick-meta":"","header-below-stick-meta":"","astra-migrate-meta-layouts":"default","ast-page-background-enabled":"default","ast-page-background-meta":{"desktop":{"background-color":"","background-image":"","background-repeat":"repeat","background-position":"center center","background-size":"auto","background-attachment":"scroll","background-type":"","background-media":"","overlay-type":"","overlay-color":"","overlay-opacity":"","overlay-gradient":""},"tablet":{"background-color":"","background-image":"","background-repeat":"repeat","background-position":"center center","background-size":"auto","background-attachment":"scroll","background-type":"","background-media":"","overlay-type":"","overlay-color":"","overlay-opacity":"","overlay-gradient":""},"mobile":{"background-color":"","background-image":"","background-repeat":"repeat","background-position":"center center","background-size":"auto","background-attachment":"scroll","background-type":"","background-media":"","overlay-type":"","overlay-color":"","overlay-opacity":"","overlay-gradient":""}},"ast-content-background-meta":{"desktop":{"background-color":"var(--ast-global-color-5)","background-image":"","background-repeat":"repeat","background-position":"center center","background-size":"auto","background-attachment":"scroll","background-type":"","background-media":"","overlay-type":"","overlay-color":"","overlay-opacity":"","overlay-gradient":""},"tablet":{"background-color":"var(--ast-global-color-5)","background-image":"","background-repeat":"repeat","background-position":"center center","background-size":"auto","background-attachment":"scroll","background-type":"","background-media":"","overlay-type":"","overlay-color":"","overlay-opacity":"","overlay-gradient":""},"mobile":{"background-color":"var(--ast-global-color-5)","background-image":"","background-repeat":"repeat","background-position":"center center","background-size":"auto","background-attachment":"scroll","background-type":"","background-media":"","overlay-type":"","overlay-color":"","overlay-opacity":"","overlay-gradient":""}}},"product_brand":[],"product_cat":[1400,1402],"product_tag":[],"class_list":{"0":"post-33302","1":"product","2":"type-product","3":"status-publish","4":"has-post-thumbnail","6":"product_cat-cadeaux","7":"product_cat-papeterie","8":"desktop-align-left","9":"tablet-align-left","10":"mobile-align-left","11":"ast-product-gallery-layout-horizontal","12":"ast-product-tabs-layout-horizontal","13":"ast-qv-on-image","15":"first","16":"instock","17":"taxable","18":"shipping-taxable","19":"purchasable","20":"product-type-simple"},"acf":[],"yoast_head":"<!-- This site is optimized with the Yoast SEO plugin v27.3 - https:\/\/yoast.com\/product\/yoast-seo-wordpress\/ -->\n<title>BOITE CRAYONS SKYLINE FLORENCE - Le Gallerie degli Uffizi Shop<\/title>\n<meta name=\"robots\" content=\"index, follow, max-snippet:-1, max-image-preview:large, max-video-preview:-1\" \/>\n<link rel=\"canonical\" href=\"https:\/\/shop.uffizi.it\/fr\/produits\/boite-crayons-skyline-florence\/\" \/>\n<meta property=\"og:locale\" content=\"fr_FR\" \/>\n<meta property=\"og:type\" content=\"article\" \/>\n<meta property=\"og:title\" content=\"BOITE CRAYONS SKYLINE FLORENCE - Le Gallerie degli Uffizi Shop\" \/>\n<meta property=\"og:description\" content=\"Set de 12 crayons bicolores avec coffret en m\u00e9tal au design s&#039;inspirant des monuments les plus fameux de la ville de Florence. C&#039;est une palette compl\u00e8te, pratique et l\u00e9g\u00e8re, \u00e0 emmener toujours avec soi.\" \/>\n<meta property=\"og:url\" content=\"https:\/\/shop.uffizi.it\/fr\/produits\/boite-crayons-skyline-florence\/\" \/>\n<meta property=\"og:site_name\" content=\"Le Gallerie degli Uffizi Shop\" \/>\n<meta property=\"article:modified_time\" content=\"2026-04-07T03:21:58+00:00\" \/>\n<meta property=\"og:image\" content=\"https:\/\/shop.uffizi.it\/wp-content\/uploads\/2023\/07\/SCATOLA_MATITE_FIRENZE_001.jpg\" \/>\n\t<meta property=\"og:image:width\" content=\"850\" \/>\n\t<meta property=\"og:image:height\" content=\"850\" \/>\n\t<meta property=\"og:image:type\" content=\"image\/jpeg\" \/>\n<meta name=\"twitter:card\" content=\"summary_large_image\" \/>\n<script type=\"application\/ld+json\" class=\"yoast-schema-graph\">{\"@context\":\"https:\\\/\\\/schema.org\",\"@graph\":[{\"@type\":\"WebPage\",\"@id\":\"https:\\\/\\\/shop.uffizi.it\\\/fr\\\/produits\\\/boite-crayons-skyline-florence\\\/\",\"url\":\"https:\\\/\\\/shop.uffizi.it\\\/fr\\\/produits\\\/boite-crayons-skyline-florence\\\/\",\"name\":\"BOITE CRAYONS SKYLINE FLORENCE - Le Gallerie degli Uffizi Shop\",\"isPartOf\":{\"@id\":\"https:\\\/\\\/shop.uffizi.it\\\/fr\\\/#website\"},\"primaryImageOfPage\":{\"@id\":\"https:\\\/\\\/shop.uffizi.it\\\/fr\\\/produits\\\/boite-crayons-skyline-florence\\\/#primaryimage\"},\"image\":{\"@id\":\"https:\\\/\\\/shop.uffizi.it\\\/fr\\\/produits\\\/boite-crayons-skyline-florence\\\/#primaryimage\"},\"thumbnailUrl\":\"https:\\\/\\\/shop.uffizi.it\\\/wp-content\\\/uploads\\\/2023\\\/07\\\/SCATOLA_MATITE_FIRENZE_001.jpg\",\"datePublished\":\"2026-03-17T08:49:12+00:00\",\"dateModified\":\"2026-04-07T03:21:58+00:00\",\"breadcrumb\":{\"@id\":\"https:\\\/\\\/shop.uffizi.it\\\/fr\\\/produits\\\/boite-crayons-skyline-florence\\\/#breadcrumb\"},\"inLanguage\":\"fr-FR\",\"potentialAction\":[{\"@type\":\"ReadAction\",\"target\":[\"https:\\\/\\\/shop.uffizi.it\\\/fr\\\/produits\\\/boite-crayons-skyline-florence\\\/\"]}]},{\"@type\":\"ImageObject\",\"inLanguage\":\"fr-FR\",\"@id\":\"https:\\\/\\\/shop.uffizi.it\\\/fr\\\/produits\\\/boite-crayons-skyline-florence\\\/#primaryimage\",\"url\":\"https:\\\/\\\/shop.uffizi.it\\\/wp-content\\\/uploads\\\/2023\\\/07\\\/SCATOLA_MATITE_FIRENZE_001.jpg\",\"contentUrl\":\"https:\\\/\\\/shop.uffizi.it\\\/wp-content\\\/uploads\\\/2023\\\/07\\\/SCATOLA_MATITE_FIRENZE_001.jpg\",\"width\":850,\"height\":850},{\"@type\":\"BreadcrumbList\",\"@id\":\"https:\\\/\\\/shop.uffizi.it\\\/fr\\\/produits\\\/boite-crayons-skyline-florence\\\/#breadcrumb\",\"itemListElement\":[{\"@type\":\"ListItem\",\"position\":1,\"name\":\"Home\",\"item\":\"https:\\\/\\\/shop.uffizi.it\\\/fr\\\/\"},{\"@type\":\"ListItem\",\"position\":2,\"name\":\"Tous les produits\",\"item\":\"https:\\\/\\\/shop.uffizi.it\\\/fr\\\/shop\\\/\"},{\"@type\":\"ListItem\",\"position\":3,\"name\":\"BOITE CRAYONS SKYLINE FLORENCE\"}]},{\"@type\":\"WebSite\",\"@id\":\"https:\\\/\\\/shop.uffizi.it\\\/fr\\\/#website\",\"url\":\"https:\\\/\\\/shop.uffizi.it\\\/fr\\\/\",\"name\":\"Le Gallerie degli Uffizi Shop\",\"description\":\"\",\"publisher\":{\"@id\":\"https:\\\/\\\/shop.uffizi.it\\\/fr\\\/#organization\"},\"potentialAction\":[{\"@type\":\"SearchAction\",\"target\":{\"@type\":\"EntryPoint\",\"urlTemplate\":\"https:\\\/\\\/shop.uffizi.it\\\/fr\\\/?s={search_term_string}\"},\"query-input\":{\"@type\":\"PropertyValueSpecification\",\"valueRequired\":true,\"valueName\":\"search_term_string\"}}],\"inLanguage\":\"fr-FR\"},{\"@type\":\"Organization\",\"@id\":\"https:\\\/\\\/shop.uffizi.it\\\/fr\\\/#organization\",\"name\":\"Le Gallerie degli Uffizi Shop\",\"url\":\"https:\\\/\\\/shop.uffizi.it\\\/fr\\\/\",\"logo\":{\"@type\":\"ImageObject\",\"inLanguage\":\"fr-FR\",\"@id\":\"https:\\\/\\\/shop.uffizi.it\\\/fr\\\/#\\\/schema\\\/logo\\\/image\\\/\",\"url\":\"https:\\\/\\\/shop.uffizi.it\\\/wp-content\\\/uploads\\\/2025\\\/11\\\/uffizi_shop_logo.svg\",\"contentUrl\":\"https:\\\/\\\/shop.uffizi.it\\\/wp-content\\\/uploads\\\/2025\\\/11\\\/uffizi_shop_logo.svg\",\"width\":178,\"height\":37,\"caption\":\"Le Gallerie degli Uffizi Shop\"},\"image\":{\"@id\":\"https:\\\/\\\/shop.uffizi.it\\\/fr\\\/#\\\/schema\\\/logo\\\/image\\\/\"}}]}<\/script>\n<!-- \/ Yoast SEO plugin. -->","yoast_head_json":{"title":"BOITE CRAYONS SKYLINE FLORENCE - Le Gallerie degli Uffizi Shop","robots":{"index":"index","follow":"follow","max-snippet":"max-snippet:-1","max-image-preview":"max-image-preview:large","max-video-preview":"max-video-preview:-1"},"canonical":"https:\/\/shop.uffizi.it\/fr\/produits\/boite-crayons-skyline-florence\/","og_locale":"fr_FR","og_type":"article","og_title":"BOITE CRAYONS SKYLINE FLORENCE - Le Gallerie degli Uffizi Shop","og_description":"Set de 12 crayons bicolores avec coffret en m\u00e9tal au design s'inspirant des monuments les plus fameux de la ville de Florence. C'est une palette compl\u00e8te, pratique et l\u00e9g\u00e8re, \u00e0 emmener toujours avec soi.","og_url":"https:\/\/shop.uffizi.it\/fr\/produits\/boite-crayons-skyline-florence\/","og_site_name":"Le Gallerie degli Uffizi Shop","article_modified_time":"2026-04-07T03:21:58+00:00","og_image":[{"width":850,"height":850,"url":"https:\/\/shop.uffizi.it\/wp-content\/uploads\/2023\/07\/SCATOLA_MATITE_FIRENZE_001.jpg","type":"image\/jpeg"}],"twitter_card":"summary_large_image","schema":{"@context":"https:\/\/schema.org","@graph":[{"@type":"WebPage","@id":"https:\/\/shop.uffizi.it\/fr\/produits\/boite-crayons-skyline-florence\/","url":"https:\/\/shop.uffizi.it\/fr\/produits\/boite-crayons-skyline-florence\/","name":"BOITE CRAYONS SKYLINE FLORENCE - Le Gallerie degli Uffizi Shop","isPartOf":{"@id":"https:\/\/shop.uffizi.it\/fr\/#website"},"primaryImageOfPage":{"@id":"https:\/\/shop.uffizi.it\/fr\/produits\/boite-crayons-skyline-florence\/#primaryimage"},"image":{"@id":"https:\/\/shop.uffizi.it\/fr\/produits\/boite-crayons-skyline-florence\/#primaryimage"},"thumbnailUrl":"https:\/\/shop.uffizi.it\/wp-content\/uploads\/2023\/07\/SCATOLA_MATITE_FIRENZE_001.jpg","datePublished":"2026-03-17T08:49:12+00:00","dateModified":"2026-04-07T03:21:58+00:00","breadcrumb":{"@id":"https:\/\/shop.uffizi.it\/fr\/produits\/boite-crayons-skyline-florence\/#breadcrumb"},"inLanguage":"fr-FR","potentialAction":[{"@type":"ReadAction","target":["https:\/\/shop.uffizi.it\/fr\/produits\/boite-crayons-skyline-florence\/"]}]},{"@type":"ImageObject","inLanguage":"fr-FR","@id":"https:\/\/shop.uffizi.it\/fr\/produits\/boite-crayons-skyline-florence\/#primaryimage","url":"https:\/\/shop.uffizi.it\/wp-content\/uploads\/2023\/07\/SCATOLA_MATITE_FIRENZE_001.jpg","contentUrl":"https:\/\/shop.uffizi.it\/wp-content\/uploads\/2023\/07\/SCATOLA_MATITE_FIRENZE_001.jpg","width":850,"height":850},{"@type":"BreadcrumbList","@id":"https:\/\/shop.uffizi.it\/fr\/produits\/boite-crayons-skyline-florence\/#breadcrumb","itemListElement":[{"@type":"ListItem","position":1,"name":"Home","item":"https:\/\/shop.uffizi.it\/fr\/"},{"@type":"ListItem","position":2,"name":"Tous les produits","item":"https:\/\/shop.uffizi.it\/fr\/shop\/"},{"@type":"ListItem","position":3,"name":"BOITE CRAYONS SKYLINE FLORENCE"}]},{"@type":"WebSite","@id":"https:\/\/shop.uffizi.it\/fr\/#website","url":"https:\/\/shop.uffizi.it\/fr\/","name":"Le Gallerie degli Uffizi Shop","description":"","publisher":{"@id":"https:\/\/shop.uffizi.it\/fr\/#organization"},"potentialAction":[{"@type":"SearchAction","target":{"@type":"EntryPoint","urlTemplate":"https:\/\/shop.uffizi.it\/fr\/?s={search_term_string}"},"query-input":{"@type":"PropertyValueSpecification","valueRequired":true,"valueName":"search_term_string"}}],"inLanguage":"fr-FR"},{"@type":"Organization","@id":"https:\/\/shop.uffizi.it\/fr\/#organization","name":"Le Gallerie degli Uffizi Shop","url":"https:\/\/shop.uffizi.it\/fr\/","logo":{"@type":"ImageObject","inLanguage":"fr-FR","@id":"https:\/\/shop.uffizi.it\/fr\/#\/schema\/logo\/image\/","url":"https:\/\/shop.uffizi.it\/wp-content\/uploads\/2025\/11\/uffizi_shop_logo.svg","contentUrl":"https:\/\/shop.uffizi.it\/wp-content\/uploads\/2025\/11\/uffizi_shop_logo.svg","width":178,"height":37,"caption":"Le Gallerie degli Uffizi Shop"},"image":{"@id":"https:\/\/shop.uffizi.it\/fr\/#\/schema\/logo\/image\/"}}]}},"_links":{"self":[{"href":"https:\/\/shop.uffizi.it\/fr\/wp-json\/wp\/v2\/product\/33302","targetHints":{"allow":["GET"]}}],"collection":[{"href":"https:\/\/shop.uffizi.it\/fr\/wp-json\/wp\/v2\/product"}],"about":[{"href":"https:\/\/shop.uffizi.it\/fr\/wp-json\/wp\/v2\/types\/product"}],"wp:featuredmedia":[{"embeddable":true,"href":"https:\/\/shop.uffizi.it\/fr\/wp-json\/wp\/v2\/media\/22751"}],"wp:attachment":[{"href":"https:\/\/shop.uffizi.it\/fr\/wp-json\/wp\/v2\/media?parent=33302"}],"wp:term":[{"taxonomy":"product_brand","embeddable":true,"href":"https:\/\/shop.uffizi.it\/fr\/wp-json\/wp\/v2\/product_brand?post=33302"},{"taxonomy":"product_cat","embeddable":true,"href":"https:\/\/shop.uffizi.it\/fr\/wp-json\/wp\/v2\/product_cat?post=33302"},{"taxonomy":"product_tag","embeddable":true,"href":"https:\/\/shop.uffizi.it\/fr\/wp-json\/wp\/v2\/product_tag?post=33302"}],"curies":[{"name":"wp","href":"https:\/\/api.w.org\/{rel}","templated":true}]}}