{"id":33258,"date":"2026-03-17T09:48:28","date_gmt":"2026-03-17T08:48:28","guid":{"rendered":"https:\/\/shop.uffizi.it\/prodotti\/persee-avec-la-tete-de-meduse\/"},"modified":"2026-04-07T05:20:34","modified_gmt":"2026-04-07T03:20:34","slug":"persee-avec-la-tete-de-meduse","status":"publish","type":"product","link":"https:\/\/shop.uffizi.it\/fr\/produits\/persee-avec-la-tete-de-meduse\/","title":{"rendered":"PERSEE AVEC LA TETE DE MEDUSE"},"content":{"rendered":"<p>Mat\u00e9riau : r\u00e9sine et poudre de marbre, socle en marbre<\/p>\n","protected":false},"excerpt":{"rendered":"<p>Reproduction de la c\u00e9l\u00e8bre statue en bronze, \u0153uvre de Benvenuto Cellini, illustrant Pers\u00e9e tenant la t\u00eate de M\u00e9duse.<br \/>\nProduit en r\u00e9sine bronz\u00e9e, avec socle en marbre, r\u00e9alis\u00e9e en Toscane et fini artisanalement.<br \/>\nL&rsquo;\u0153uvre originale est conserv\u00e9e sous la Loge des Lanzi, partie des Galeries des Offices.<\/p>\n","protected":false},"featured_media":1760,"template":"","meta":{"_acf_changed":false,"site-sidebar-layout":"default","site-content-layout":"","ast-site-content-layout":"default","site-content-style":"default","site-sidebar-style":"default","ast-global-header-display":"","ast-banner-title-visibility":"","ast-main-header-display":"","ast-hfb-above-header-display":"","ast-hfb-below-header-display":"","ast-hfb-mobile-header-display":"","site-post-title":"","ast-breadcrumbs-content":"","ast-featured-img":"","footer-sml-layout":"","ast-disable-related-posts":"","theme-transparent-header-meta":"default","adv-header-id-meta":"","stick-header-meta":"default","header-above-stick-meta":"","header-main-stick-meta":"","header-below-stick-meta":"","astra-migrate-meta-layouts":"default","ast-page-background-enabled":"default","ast-page-background-meta":{"desktop":{"background-color":"","background-image":"","background-repeat":"repeat","background-position":"center center","background-size":"auto","background-attachment":"scroll","background-type":"","background-media":"","overlay-type":"","overlay-color":"","overlay-opacity":"","overlay-gradient":""},"tablet":{"background-color":"","background-image":"","background-repeat":"repeat","background-position":"center center","background-size":"auto","background-attachment":"scroll","background-type":"","background-media":"","overlay-type":"","overlay-color":"","overlay-opacity":"","overlay-gradient":""},"mobile":{"background-color":"","background-image":"","background-repeat":"repeat","background-position":"center center","background-size":"auto","background-attachment":"scroll","background-type":"","background-media":"","overlay-type":"","overlay-color":"","overlay-opacity":"","overlay-gradient":""}},"ast-content-background-meta":{"desktop":{"background-color":"var(--ast-global-color-5)","background-image":"","background-repeat":"repeat","background-position":"center center","background-size":"auto","background-attachment":"scroll","background-type":"","background-media":"","overlay-type":"","overlay-color":"","overlay-opacity":"","overlay-gradient":""},"tablet":{"background-color":"var(--ast-global-color-5)","background-image":"","background-repeat":"repeat","background-position":"center center","background-size":"auto","background-attachment":"scroll","background-type":"","background-media":"","overlay-type":"","overlay-color":"","overlay-opacity":"","overlay-gradient":""},"mobile":{"background-color":"var(--ast-global-color-5)","background-image":"","background-repeat":"repeat","background-position":"center center","background-size":"auto","background-attachment":"scroll","background-type":"","background-media":"","overlay-type":"","overlay-color":"","overlay-opacity":"","overlay-gradient":""}}},"product_brand":[],"product_cat":[1400,1398,1401,1403],"product_tag":[],"class_list":{"0":"post-33258","1":"product","2":"type-product","3":"status-publish","4":"has-post-thumbnail","6":"product_cat-cadeaux","7":"product_cat-objets-de-collection","9":"product_cat-sculptures","10":"desktop-align-left","11":"tablet-align-left","12":"mobile-align-left","13":"ast-product-gallery-layout-horizontal","14":"ast-product-single-variable","15":"ast-product-tabs-layout-horizontal","16":"ast-qv-on-image","18":"first","19":"instock","20":"taxable","21":"shipping-taxable","22":"purchasable","23":"product-type-variable"},"acf":[],"yoast_head":"<!-- This site is optimized with the Yoast SEO plugin v27.3 - https:\/\/yoast.com\/product\/yoast-seo-wordpress\/ -->\n<title>PERSEE AVEC LA TETE DE MEDUSE - Le Gallerie degli Uffizi Shop<\/title>\n<meta name=\"robots\" content=\"index, follow, max-snippet:-1, max-image-preview:large, max-video-preview:-1\" \/>\n<link rel=\"canonical\" href=\"https:\/\/shop.uffizi.it\/fr\/produits\/persee-avec-la-tete-de-meduse\/\" \/>\n<meta property=\"og:locale\" content=\"fr_FR\" \/>\n<meta property=\"og:type\" content=\"article\" \/>\n<meta property=\"og:title\" content=\"PERSEE AVEC LA TETE DE MEDUSE - Le Gallerie degli Uffizi Shop\" \/>\n<meta property=\"og:description\" content=\"Reproduction de la c\u00e9l\u00e8bre statue en bronze, \u0153uvre de Benvenuto Cellini, illustrant Pers\u00e9e tenant la t\u00eate de M\u00e9duse. Produit en r\u00e9sine bronz\u00e9e, avec socle en marbre, r\u00e9alis\u00e9e en Toscane et fini artisanalement. L&#039;\u0153uvre originale est conserv\u00e9e sous la Loge des Lanzi, partie des Galeries des Offices.\" \/>\n<meta property=\"og:url\" content=\"https:\/\/shop.uffizi.it\/fr\/produits\/persee-avec-la-tete-de-meduse\/\" \/>\n<meta property=\"og:site_name\" content=\"Le Gallerie degli Uffizi Shop\" \/>\n<meta property=\"article:modified_time\" content=\"2026-04-07T03:20:34+00:00\" \/>\n<meta property=\"og:image\" content=\"https:\/\/shop.uffizi.it\/wp-content\/uploads\/2021\/11\/PERSEO-BRONZATA-BASE-MARMO_1.jpg\" \/>\n\t<meta property=\"og:image:width\" content=\"850\" \/>\n\t<meta property=\"og:image:height\" content=\"850\" \/>\n\t<meta property=\"og:image:type\" content=\"image\/jpeg\" \/>\n<meta name=\"twitter:card\" content=\"summary_large_image\" \/>\n<script type=\"application\/ld+json\" class=\"yoast-schema-graph\">{\"@context\":\"https:\\\/\\\/schema.org\",\"@graph\":[{\"@type\":\"WebPage\",\"@id\":\"https:\\\/\\\/shop.uffizi.it\\\/fr\\\/produits\\\/persee-avec-la-tete-de-meduse\\\/\",\"url\":\"https:\\\/\\\/shop.uffizi.it\\\/fr\\\/produits\\\/persee-avec-la-tete-de-meduse\\\/\",\"name\":\"PERSEE AVEC LA TETE DE MEDUSE - Le Gallerie degli Uffizi Shop\",\"isPartOf\":{\"@id\":\"https:\\\/\\\/shop.uffizi.it\\\/fr\\\/#website\"},\"primaryImageOfPage\":{\"@id\":\"https:\\\/\\\/shop.uffizi.it\\\/fr\\\/produits\\\/persee-avec-la-tete-de-meduse\\\/#primaryimage\"},\"image\":{\"@id\":\"https:\\\/\\\/shop.uffizi.it\\\/fr\\\/produits\\\/persee-avec-la-tete-de-meduse\\\/#primaryimage\"},\"thumbnailUrl\":\"https:\\\/\\\/shop.uffizi.it\\\/wp-content\\\/uploads\\\/2021\\\/11\\\/PERSEO-BRONZATA-BASE-MARMO_1.jpg\",\"datePublished\":\"2026-03-17T08:48:28+00:00\",\"dateModified\":\"2026-04-07T03:20:34+00:00\",\"breadcrumb\":{\"@id\":\"https:\\\/\\\/shop.uffizi.it\\\/fr\\\/produits\\\/persee-avec-la-tete-de-meduse\\\/#breadcrumb\"},\"inLanguage\":\"fr-FR\",\"potentialAction\":[{\"@type\":\"ReadAction\",\"target\":[\"https:\\\/\\\/shop.uffizi.it\\\/fr\\\/produits\\\/persee-avec-la-tete-de-meduse\\\/\"]}]},{\"@type\":\"ImageObject\",\"inLanguage\":\"fr-FR\",\"@id\":\"https:\\\/\\\/shop.uffizi.it\\\/fr\\\/produits\\\/persee-avec-la-tete-de-meduse\\\/#primaryimage\",\"url\":\"https:\\\/\\\/shop.uffizi.it\\\/wp-content\\\/uploads\\\/2021\\\/11\\\/PERSEO-BRONZATA-BASE-MARMO_1.jpg\",\"contentUrl\":\"https:\\\/\\\/shop.uffizi.it\\\/wp-content\\\/uploads\\\/2021\\\/11\\\/PERSEO-BRONZATA-BASE-MARMO_1.jpg\",\"width\":850,\"height\":850},{\"@type\":\"BreadcrumbList\",\"@id\":\"https:\\\/\\\/shop.uffizi.it\\\/fr\\\/produits\\\/persee-avec-la-tete-de-meduse\\\/#breadcrumb\",\"itemListElement\":[{\"@type\":\"ListItem\",\"position\":1,\"name\":\"Home\",\"item\":\"https:\\\/\\\/shop.uffizi.it\\\/fr\\\/\"},{\"@type\":\"ListItem\",\"position\":2,\"name\":\"Tous les produits\",\"item\":\"https:\\\/\\\/shop.uffizi.it\\\/fr\\\/shop\\\/\"},{\"@type\":\"ListItem\",\"position\":3,\"name\":\"PERSEE AVEC LA TETE DE MEDUSE\"}]},{\"@type\":\"WebSite\",\"@id\":\"https:\\\/\\\/shop.uffizi.it\\\/fr\\\/#website\",\"url\":\"https:\\\/\\\/shop.uffizi.it\\\/fr\\\/\",\"name\":\"Le Gallerie degli Uffizi Shop\",\"description\":\"\",\"publisher\":{\"@id\":\"https:\\\/\\\/shop.uffizi.it\\\/fr\\\/#organization\"},\"potentialAction\":[{\"@type\":\"SearchAction\",\"target\":{\"@type\":\"EntryPoint\",\"urlTemplate\":\"https:\\\/\\\/shop.uffizi.it\\\/fr\\\/?s={search_term_string}\"},\"query-input\":{\"@type\":\"PropertyValueSpecification\",\"valueRequired\":true,\"valueName\":\"search_term_string\"}}],\"inLanguage\":\"fr-FR\"},{\"@type\":\"Organization\",\"@id\":\"https:\\\/\\\/shop.uffizi.it\\\/fr\\\/#organization\",\"name\":\"Le Gallerie degli Uffizi Shop\",\"url\":\"https:\\\/\\\/shop.uffizi.it\\\/fr\\\/\",\"logo\":{\"@type\":\"ImageObject\",\"inLanguage\":\"fr-FR\",\"@id\":\"https:\\\/\\\/shop.uffizi.it\\\/fr\\\/#\\\/schema\\\/logo\\\/image\\\/\",\"url\":\"https:\\\/\\\/shop.uffizi.it\\\/wp-content\\\/uploads\\\/2025\\\/11\\\/uffizi_shop_logo.svg\",\"contentUrl\":\"https:\\\/\\\/shop.uffizi.it\\\/wp-content\\\/uploads\\\/2025\\\/11\\\/uffizi_shop_logo.svg\",\"width\":178,\"height\":37,\"caption\":\"Le Gallerie degli Uffizi Shop\"},\"image\":{\"@id\":\"https:\\\/\\\/shop.uffizi.it\\\/fr\\\/#\\\/schema\\\/logo\\\/image\\\/\"}}]}<\/script>\n<!-- \/ Yoast SEO plugin. -->","yoast_head_json":{"title":"PERSEE AVEC LA TETE DE MEDUSE - Le Gallerie degli Uffizi Shop","robots":{"index":"index","follow":"follow","max-snippet":"max-snippet:-1","max-image-preview":"max-image-preview:large","max-video-preview":"max-video-preview:-1"},"canonical":"https:\/\/shop.uffizi.it\/fr\/produits\/persee-avec-la-tete-de-meduse\/","og_locale":"fr_FR","og_type":"article","og_title":"PERSEE AVEC LA TETE DE MEDUSE - Le Gallerie degli Uffizi Shop","og_description":"Reproduction de la c\u00e9l\u00e8bre statue en bronze, \u0153uvre de Benvenuto Cellini, illustrant Pers\u00e9e tenant la t\u00eate de M\u00e9duse. Produit en r\u00e9sine bronz\u00e9e, avec socle en marbre, r\u00e9alis\u00e9e en Toscane et fini artisanalement. L'\u0153uvre originale est conserv\u00e9e sous la Loge des Lanzi, partie des Galeries des Offices.","og_url":"https:\/\/shop.uffizi.it\/fr\/produits\/persee-avec-la-tete-de-meduse\/","og_site_name":"Le Gallerie degli Uffizi Shop","article_modified_time":"2026-04-07T03:20:34+00:00","og_image":[{"width":850,"height":850,"url":"https:\/\/shop.uffizi.it\/wp-content\/uploads\/2021\/11\/PERSEO-BRONZATA-BASE-MARMO_1.jpg","type":"image\/jpeg"}],"twitter_card":"summary_large_image","schema":{"@context":"https:\/\/schema.org","@graph":[{"@type":"WebPage","@id":"https:\/\/shop.uffizi.it\/fr\/produits\/persee-avec-la-tete-de-meduse\/","url":"https:\/\/shop.uffizi.it\/fr\/produits\/persee-avec-la-tete-de-meduse\/","name":"PERSEE AVEC LA TETE DE MEDUSE - Le Gallerie degli Uffizi Shop","isPartOf":{"@id":"https:\/\/shop.uffizi.it\/fr\/#website"},"primaryImageOfPage":{"@id":"https:\/\/shop.uffizi.it\/fr\/produits\/persee-avec-la-tete-de-meduse\/#primaryimage"},"image":{"@id":"https:\/\/shop.uffizi.it\/fr\/produits\/persee-avec-la-tete-de-meduse\/#primaryimage"},"thumbnailUrl":"https:\/\/shop.uffizi.it\/wp-content\/uploads\/2021\/11\/PERSEO-BRONZATA-BASE-MARMO_1.jpg","datePublished":"2026-03-17T08:48:28+00:00","dateModified":"2026-04-07T03:20:34+00:00","breadcrumb":{"@id":"https:\/\/shop.uffizi.it\/fr\/produits\/persee-avec-la-tete-de-meduse\/#breadcrumb"},"inLanguage":"fr-FR","potentialAction":[{"@type":"ReadAction","target":["https:\/\/shop.uffizi.it\/fr\/produits\/persee-avec-la-tete-de-meduse\/"]}]},{"@type":"ImageObject","inLanguage":"fr-FR","@id":"https:\/\/shop.uffizi.it\/fr\/produits\/persee-avec-la-tete-de-meduse\/#primaryimage","url":"https:\/\/shop.uffizi.it\/wp-content\/uploads\/2021\/11\/PERSEO-BRONZATA-BASE-MARMO_1.jpg","contentUrl":"https:\/\/shop.uffizi.it\/wp-content\/uploads\/2021\/11\/PERSEO-BRONZATA-BASE-MARMO_1.jpg","width":850,"height":850},{"@type":"BreadcrumbList","@id":"https:\/\/shop.uffizi.it\/fr\/produits\/persee-avec-la-tete-de-meduse\/#breadcrumb","itemListElement":[{"@type":"ListItem","position":1,"name":"Home","item":"https:\/\/shop.uffizi.it\/fr\/"},{"@type":"ListItem","position":2,"name":"Tous les produits","item":"https:\/\/shop.uffizi.it\/fr\/shop\/"},{"@type":"ListItem","position":3,"name":"PERSEE AVEC LA TETE DE MEDUSE"}]},{"@type":"WebSite","@id":"https:\/\/shop.uffizi.it\/fr\/#website","url":"https:\/\/shop.uffizi.it\/fr\/","name":"Le Gallerie degli Uffizi Shop","description":"","publisher":{"@id":"https:\/\/shop.uffizi.it\/fr\/#organization"},"potentialAction":[{"@type":"SearchAction","target":{"@type":"EntryPoint","urlTemplate":"https:\/\/shop.uffizi.it\/fr\/?s={search_term_string}"},"query-input":{"@type":"PropertyValueSpecification","valueRequired":true,"valueName":"search_term_string"}}],"inLanguage":"fr-FR"},{"@type":"Organization","@id":"https:\/\/shop.uffizi.it\/fr\/#organization","name":"Le Gallerie degli Uffizi Shop","url":"https:\/\/shop.uffizi.it\/fr\/","logo":{"@type":"ImageObject","inLanguage":"fr-FR","@id":"https:\/\/shop.uffizi.it\/fr\/#\/schema\/logo\/image\/","url":"https:\/\/shop.uffizi.it\/wp-content\/uploads\/2025\/11\/uffizi_shop_logo.svg","contentUrl":"https:\/\/shop.uffizi.it\/wp-content\/uploads\/2025\/11\/uffizi_shop_logo.svg","width":178,"height":37,"caption":"Le Gallerie degli Uffizi Shop"},"image":{"@id":"https:\/\/shop.uffizi.it\/fr\/#\/schema\/logo\/image\/"}}]}},"_links":{"self":[{"href":"https:\/\/shop.uffizi.it\/fr\/wp-json\/wp\/v2\/product\/33258","targetHints":{"allow":["GET"]}}],"collection":[{"href":"https:\/\/shop.uffizi.it\/fr\/wp-json\/wp\/v2\/product"}],"about":[{"href":"https:\/\/shop.uffizi.it\/fr\/wp-json\/wp\/v2\/types\/product"}],"wp:featuredmedia":[{"embeddable":true,"href":"https:\/\/shop.uffizi.it\/fr\/wp-json\/wp\/v2\/media\/1760"}],"wp:attachment":[{"href":"https:\/\/shop.uffizi.it\/fr\/wp-json\/wp\/v2\/media?parent=33258"}],"wp:term":[{"taxonomy":"product_brand","embeddable":true,"href":"https:\/\/shop.uffizi.it\/fr\/wp-json\/wp\/v2\/product_brand?post=33258"},{"taxonomy":"product_cat","embeddable":true,"href":"https:\/\/shop.uffizi.it\/fr\/wp-json\/wp\/v2\/product_cat?post=33258"},{"taxonomy":"product_tag","embeddable":true,"href":"https:\/\/shop.uffizi.it\/fr\/wp-json\/wp\/v2\/product_tag?post=33258"}],"curies":[{"name":"wp","href":"https:\/\/api.w.org\/{rel}","templated":true}]}}