{"id":33239,"date":"2026-03-17T09:44:48","date_gmt":"2026-03-17T08:44:48","guid":{"rendered":"https:\/\/shop.uffizi.it\/prodotti\/leonard-de-vinci\/"},"modified":"2026-04-07T05:19:41","modified_gmt":"2026-04-07T03:19:41","slug":"leonard-de-vinci","status":"publish","type":"product","link":"https:\/\/shop.uffizi.it\/fr\/produits\/leonard-de-vinci\/","title":{"rendered":"LEONARD DE VINCI"},"content":{"rendered":"<p>Mat\u00e9riau : r\u00e9sine et poudre de marbre, socle en bois<br \/>\nDimensions : 15 cm<br \/>\nPoids : 450 g<\/p>\n","protected":false},"excerpt":{"rendered":"<p>Reproduction du buste de L\u00e9onard de Vinci.<br \/>\nProduit en r\u00e9sine blanche et poudre de marbre, avec socle en bois, r\u00e9alis\u00e9 en Toscane et fini artisanalement.<\/p>\n","protected":false},"featured_media":3759,"template":"","meta":{"_acf_changed":false,"site-sidebar-layout":"default","site-content-layout":"","ast-site-content-layout":"default","site-content-style":"default","site-sidebar-style":"default","ast-global-header-display":"","ast-banner-title-visibility":"","ast-main-header-display":"","ast-hfb-above-header-display":"","ast-hfb-below-header-display":"","ast-hfb-mobile-header-display":"","site-post-title":"","ast-breadcrumbs-content":"","ast-featured-img":"","footer-sml-layout":"","ast-disable-related-posts":"","theme-transparent-header-meta":"default","adv-header-id-meta":"","stick-header-meta":"default","header-above-stick-meta":"","header-main-stick-meta":"","header-below-stick-meta":"","astra-migrate-meta-layouts":"default","ast-page-background-enabled":"default","ast-page-background-meta":{"desktop":{"background-color":"","background-image":"","background-repeat":"repeat","background-position":"center center","background-size":"auto","background-attachment":"scroll","background-type":"","background-media":"","overlay-type":"","overlay-color":"","overlay-opacity":"","overlay-gradient":""},"tablet":{"background-color":"","background-image":"","background-repeat":"repeat","background-position":"center center","background-size":"auto","background-attachment":"scroll","background-type":"","background-media":"","overlay-type":"","overlay-color":"","overlay-opacity":"","overlay-gradient":""},"mobile":{"background-color":"","background-image":"","background-repeat":"repeat","background-position":"center center","background-size":"auto","background-attachment":"scroll","background-type":"","background-media":"","overlay-type":"","overlay-color":"","overlay-opacity":"","overlay-gradient":""}},"ast-content-background-meta":{"desktop":{"background-color":"var(--ast-global-color-5)","background-image":"","background-repeat":"repeat","background-position":"center center","background-size":"auto","background-attachment":"scroll","background-type":"","background-media":"","overlay-type":"","overlay-color":"","overlay-opacity":"","overlay-gradient":""},"tablet":{"background-color":"var(--ast-global-color-5)","background-image":"","background-repeat":"repeat","background-position":"center center","background-size":"auto","background-attachment":"scroll","background-type":"","background-media":"","overlay-type":"","overlay-color":"","overlay-opacity":"","overlay-gradient":""},"mobile":{"background-color":"var(--ast-global-color-5)","background-image":"","background-repeat":"repeat","background-position":"center center","background-size":"auto","background-attachment":"scroll","background-type":"","background-media":"","overlay-type":"","overlay-color":"","overlay-opacity":"","overlay-gradient":""}}},"product_brand":[],"product_cat":[1399,1400,1401,1398],"product_tag":[],"class_list":{"0":"post-33239","1":"product","2":"type-product","3":"status-publish","4":"has-post-thumbnail","6":"product_cat-bustes","7":"product_cat-cadeaux","8":"product_cat-objets-de-collection","10":"desktop-align-left","11":"tablet-align-left","12":"mobile-align-left","13":"ast-product-gallery-layout-horizontal","14":"ast-product-tabs-layout-horizontal","15":"ast-qv-on-image","17":"first","18":"instock","19":"taxable","20":"shipping-taxable","21":"purchasable","22":"product-type-simple"},"acf":[],"yoast_head":"<!-- This site is optimized with the Yoast SEO plugin v27.3 - https:\/\/yoast.com\/product\/yoast-seo-wordpress\/ -->\n<title>LEONARD DE VINCI - Le Gallerie degli Uffizi Shop<\/title>\n<meta name=\"robots\" content=\"index, follow, max-snippet:-1, max-image-preview:large, max-video-preview:-1\" \/>\n<link rel=\"canonical\" href=\"https:\/\/shop.uffizi.it\/fr\/produits\/leonard-de-vinci\/\" \/>\n<meta property=\"og:locale\" content=\"fr_FR\" \/>\n<meta property=\"og:type\" content=\"article\" \/>\n<meta property=\"og:title\" content=\"LEONARD DE VINCI - Le Gallerie degli Uffizi Shop\" \/>\n<meta property=\"og:description\" content=\"Reproduction du buste de L\u00e9onard de Vinci. Produit en r\u00e9sine blanche et poudre de marbre, avec socle en bois, r\u00e9alis\u00e9 en Toscane et fini artisanalement.\" \/>\n<meta property=\"og:url\" content=\"https:\/\/shop.uffizi.it\/fr\/produits\/leonard-de-vinci\/\" \/>\n<meta property=\"og:site_name\" content=\"Le Gallerie degli Uffizi Shop\" \/>\n<meta property=\"article:modified_time\" content=\"2026-04-07T03:19:41+00:00\" \/>\n<meta property=\"og:image\" content=\"https:\/\/shop.uffizi.it\/wp-content\/uploads\/2021\/11\/LEONARDO_01.jpg\" \/>\n\t<meta property=\"og:image:width\" content=\"850\" \/>\n\t<meta property=\"og:image:height\" content=\"850\" \/>\n\t<meta property=\"og:image:type\" content=\"image\/jpeg\" \/>\n<meta name=\"twitter:card\" content=\"summary_large_image\" \/>\n<script type=\"application\/ld+json\" class=\"yoast-schema-graph\">{\"@context\":\"https:\\\/\\\/schema.org\",\"@graph\":[{\"@type\":\"WebPage\",\"@id\":\"https:\\\/\\\/shop.uffizi.it\\\/fr\\\/produits\\\/leonard-de-vinci\\\/\",\"url\":\"https:\\\/\\\/shop.uffizi.it\\\/fr\\\/produits\\\/leonard-de-vinci\\\/\",\"name\":\"LEONARD DE VINCI - Le Gallerie degli Uffizi Shop\",\"isPartOf\":{\"@id\":\"https:\\\/\\\/shop.uffizi.it\\\/fr\\\/#website\"},\"primaryImageOfPage\":{\"@id\":\"https:\\\/\\\/shop.uffizi.it\\\/fr\\\/produits\\\/leonard-de-vinci\\\/#primaryimage\"},\"image\":{\"@id\":\"https:\\\/\\\/shop.uffizi.it\\\/fr\\\/produits\\\/leonard-de-vinci\\\/#primaryimage\"},\"thumbnailUrl\":\"https:\\\/\\\/shop.uffizi.it\\\/wp-content\\\/uploads\\\/2021\\\/11\\\/LEONARDO_01.jpg\",\"datePublished\":\"2026-03-17T08:44:48+00:00\",\"dateModified\":\"2026-04-07T03:19:41+00:00\",\"breadcrumb\":{\"@id\":\"https:\\\/\\\/shop.uffizi.it\\\/fr\\\/produits\\\/leonard-de-vinci\\\/#breadcrumb\"},\"inLanguage\":\"fr-FR\",\"potentialAction\":[{\"@type\":\"ReadAction\",\"target\":[\"https:\\\/\\\/shop.uffizi.it\\\/fr\\\/produits\\\/leonard-de-vinci\\\/\"]}]},{\"@type\":\"ImageObject\",\"inLanguage\":\"fr-FR\",\"@id\":\"https:\\\/\\\/shop.uffizi.it\\\/fr\\\/produits\\\/leonard-de-vinci\\\/#primaryimage\",\"url\":\"https:\\\/\\\/shop.uffizi.it\\\/wp-content\\\/uploads\\\/2021\\\/11\\\/LEONARDO_01.jpg\",\"contentUrl\":\"https:\\\/\\\/shop.uffizi.it\\\/wp-content\\\/uploads\\\/2021\\\/11\\\/LEONARDO_01.jpg\",\"width\":850,\"height\":850},{\"@type\":\"BreadcrumbList\",\"@id\":\"https:\\\/\\\/shop.uffizi.it\\\/fr\\\/produits\\\/leonard-de-vinci\\\/#breadcrumb\",\"itemListElement\":[{\"@type\":\"ListItem\",\"position\":1,\"name\":\"Home\",\"item\":\"https:\\\/\\\/shop.uffizi.it\\\/fr\\\/\"},{\"@type\":\"ListItem\",\"position\":2,\"name\":\"Tous les produits\",\"item\":\"https:\\\/\\\/shop.uffizi.it\\\/fr\\\/shop\\\/\"},{\"@type\":\"ListItem\",\"position\":3,\"name\":\"LEONARD DE VINCI\"}]},{\"@type\":\"WebSite\",\"@id\":\"https:\\\/\\\/shop.uffizi.it\\\/fr\\\/#website\",\"url\":\"https:\\\/\\\/shop.uffizi.it\\\/fr\\\/\",\"name\":\"Le Gallerie degli Uffizi Shop\",\"description\":\"\",\"publisher\":{\"@id\":\"https:\\\/\\\/shop.uffizi.it\\\/fr\\\/#organization\"},\"potentialAction\":[{\"@type\":\"SearchAction\",\"target\":{\"@type\":\"EntryPoint\",\"urlTemplate\":\"https:\\\/\\\/shop.uffizi.it\\\/fr\\\/?s={search_term_string}\"},\"query-input\":{\"@type\":\"PropertyValueSpecification\",\"valueRequired\":true,\"valueName\":\"search_term_string\"}}],\"inLanguage\":\"fr-FR\"},{\"@type\":\"Organization\",\"@id\":\"https:\\\/\\\/shop.uffizi.it\\\/fr\\\/#organization\",\"name\":\"Le Gallerie degli Uffizi Shop\",\"url\":\"https:\\\/\\\/shop.uffizi.it\\\/fr\\\/\",\"logo\":{\"@type\":\"ImageObject\",\"inLanguage\":\"fr-FR\",\"@id\":\"https:\\\/\\\/shop.uffizi.it\\\/fr\\\/#\\\/schema\\\/logo\\\/image\\\/\",\"url\":\"https:\\\/\\\/shop.uffizi.it\\\/wp-content\\\/uploads\\\/2025\\\/11\\\/uffizi_shop_logo.svg\",\"contentUrl\":\"https:\\\/\\\/shop.uffizi.it\\\/wp-content\\\/uploads\\\/2025\\\/11\\\/uffizi_shop_logo.svg\",\"width\":178,\"height\":37,\"caption\":\"Le Gallerie degli Uffizi Shop\"},\"image\":{\"@id\":\"https:\\\/\\\/shop.uffizi.it\\\/fr\\\/#\\\/schema\\\/logo\\\/image\\\/\"}}]}<\/script>\n<!-- \/ Yoast SEO plugin. -->","yoast_head_json":{"title":"LEONARD DE VINCI - Le Gallerie degli Uffizi Shop","robots":{"index":"index","follow":"follow","max-snippet":"max-snippet:-1","max-image-preview":"max-image-preview:large","max-video-preview":"max-video-preview:-1"},"canonical":"https:\/\/shop.uffizi.it\/fr\/produits\/leonard-de-vinci\/","og_locale":"fr_FR","og_type":"article","og_title":"LEONARD DE VINCI - Le Gallerie degli Uffizi Shop","og_description":"Reproduction du buste de L\u00e9onard de Vinci. Produit en r\u00e9sine blanche et poudre de marbre, avec socle en bois, r\u00e9alis\u00e9 en Toscane et fini artisanalement.","og_url":"https:\/\/shop.uffizi.it\/fr\/produits\/leonard-de-vinci\/","og_site_name":"Le Gallerie degli Uffizi Shop","article_modified_time":"2026-04-07T03:19:41+00:00","og_image":[{"width":850,"height":850,"url":"https:\/\/shop.uffizi.it\/wp-content\/uploads\/2021\/11\/LEONARDO_01.jpg","type":"image\/jpeg"}],"twitter_card":"summary_large_image","schema":{"@context":"https:\/\/schema.org","@graph":[{"@type":"WebPage","@id":"https:\/\/shop.uffizi.it\/fr\/produits\/leonard-de-vinci\/","url":"https:\/\/shop.uffizi.it\/fr\/produits\/leonard-de-vinci\/","name":"LEONARD DE VINCI - Le Gallerie degli Uffizi Shop","isPartOf":{"@id":"https:\/\/shop.uffizi.it\/fr\/#website"},"primaryImageOfPage":{"@id":"https:\/\/shop.uffizi.it\/fr\/produits\/leonard-de-vinci\/#primaryimage"},"image":{"@id":"https:\/\/shop.uffizi.it\/fr\/produits\/leonard-de-vinci\/#primaryimage"},"thumbnailUrl":"https:\/\/shop.uffizi.it\/wp-content\/uploads\/2021\/11\/LEONARDO_01.jpg","datePublished":"2026-03-17T08:44:48+00:00","dateModified":"2026-04-07T03:19:41+00:00","breadcrumb":{"@id":"https:\/\/shop.uffizi.it\/fr\/produits\/leonard-de-vinci\/#breadcrumb"},"inLanguage":"fr-FR","potentialAction":[{"@type":"ReadAction","target":["https:\/\/shop.uffizi.it\/fr\/produits\/leonard-de-vinci\/"]}]},{"@type":"ImageObject","inLanguage":"fr-FR","@id":"https:\/\/shop.uffizi.it\/fr\/produits\/leonard-de-vinci\/#primaryimage","url":"https:\/\/shop.uffizi.it\/wp-content\/uploads\/2021\/11\/LEONARDO_01.jpg","contentUrl":"https:\/\/shop.uffizi.it\/wp-content\/uploads\/2021\/11\/LEONARDO_01.jpg","width":850,"height":850},{"@type":"BreadcrumbList","@id":"https:\/\/shop.uffizi.it\/fr\/produits\/leonard-de-vinci\/#breadcrumb","itemListElement":[{"@type":"ListItem","position":1,"name":"Home","item":"https:\/\/shop.uffizi.it\/fr\/"},{"@type":"ListItem","position":2,"name":"Tous les produits","item":"https:\/\/shop.uffizi.it\/fr\/shop\/"},{"@type":"ListItem","position":3,"name":"LEONARD DE VINCI"}]},{"@type":"WebSite","@id":"https:\/\/shop.uffizi.it\/fr\/#website","url":"https:\/\/shop.uffizi.it\/fr\/","name":"Le Gallerie degli Uffizi Shop","description":"","publisher":{"@id":"https:\/\/shop.uffizi.it\/fr\/#organization"},"potentialAction":[{"@type":"SearchAction","target":{"@type":"EntryPoint","urlTemplate":"https:\/\/shop.uffizi.it\/fr\/?s={search_term_string}"},"query-input":{"@type":"PropertyValueSpecification","valueRequired":true,"valueName":"search_term_string"}}],"inLanguage":"fr-FR"},{"@type":"Organization","@id":"https:\/\/shop.uffizi.it\/fr\/#organization","name":"Le Gallerie degli Uffizi Shop","url":"https:\/\/shop.uffizi.it\/fr\/","logo":{"@type":"ImageObject","inLanguage":"fr-FR","@id":"https:\/\/shop.uffizi.it\/fr\/#\/schema\/logo\/image\/","url":"https:\/\/shop.uffizi.it\/wp-content\/uploads\/2025\/11\/uffizi_shop_logo.svg","contentUrl":"https:\/\/shop.uffizi.it\/wp-content\/uploads\/2025\/11\/uffizi_shop_logo.svg","width":178,"height":37,"caption":"Le Gallerie degli Uffizi Shop"},"image":{"@id":"https:\/\/shop.uffizi.it\/fr\/#\/schema\/logo\/image\/"}}]}},"_links":{"self":[{"href":"https:\/\/shop.uffizi.it\/fr\/wp-json\/wp\/v2\/product\/33239","targetHints":{"allow":["GET"]}}],"collection":[{"href":"https:\/\/shop.uffizi.it\/fr\/wp-json\/wp\/v2\/product"}],"about":[{"href":"https:\/\/shop.uffizi.it\/fr\/wp-json\/wp\/v2\/types\/product"}],"wp:featuredmedia":[{"embeddable":true,"href":"https:\/\/shop.uffizi.it\/fr\/wp-json\/wp\/v2\/media\/3759"}],"wp:attachment":[{"href":"https:\/\/shop.uffizi.it\/fr\/wp-json\/wp\/v2\/media?parent=33239"}],"wp:term":[{"taxonomy":"product_brand","embeddable":true,"href":"https:\/\/shop.uffizi.it\/fr\/wp-json\/wp\/v2\/product_brand?post=33239"},{"taxonomy":"product_cat","embeddable":true,"href":"https:\/\/shop.uffizi.it\/fr\/wp-json\/wp\/v2\/product_cat?post=33239"},{"taxonomy":"product_tag","embeddable":true,"href":"https:\/\/shop.uffizi.it\/fr\/wp-json\/wp\/v2\/product_tag?post=33239"}],"curies":[{"name":"wp","href":"https:\/\/api.w.org\/{rel}","templated":true}]}}