{"id":30401,"date":"2025-11-27T13:44:09","date_gmt":"2025-11-27T12:44:09","guid":{"rendered":"https:\/\/shop.uffizi.it\/?page_id=30401"},"modified":"2025-12-17T16:56:08","modified_gmt":"2025-12-17T15:56:08","slug":"museo-opificio-delle-pietre-dure","status":"publish","type":"page","link":"https:\/\/shop.uffizi.it\/fr\/museo-opificio-delle-pietre-dure\/","title":{"rendered":"Museo Opificio delle Pietre Dure"},"content":{"rendered":"\t\t<div data-elementor-type=\"wp-page\" data-elementor-id=\"30401\" class=\"elementor elementor-30401 elementor-28892\" data-elementor-post-type=\"page\">\n\t\t\t\t\t\t<section class=\"elementor-section elementor-top-section elementor-element elementor-element-c409dda elementor-section-boxed elementor-section-height-default elementor-section-height-default\" data-id=\"c409dda\" data-element_type=\"section\" data-e-type=\"section\">\n\t\t\t\t\t\t<div class=\"elementor-container elementor-column-gap-default\">\n\t\t\t\t\t<div class=\"elementor-column elementor-col-100 elementor-top-column elementor-element elementor-element-c66aa7c\" data-id=\"c66aa7c\" data-element_type=\"column\" data-e-type=\"column\">\n\t\t\t<div class=\"elementor-widget-wrap elementor-element-populated\">\n\t\t\t\t\t\t<div class=\"elementor-element elementor-element-2e6f805 elementor-widget elementor-widget-image\" data-id=\"2e6f805\" data-element_type=\"widget\" data-e-type=\"widget\" data-widget_type=\"image.default\">\n\t\t\t\t<div class=\"elementor-widget-container\">\n\t\t\t\t\t\t\t\t\t\t\t\t\t\t\t<img decoding=\"async\" width=\"111\" height=\"146\" src=\"https:\/\/shop.uffizi.it\/wp-content\/uploads\/2025\/11\/opificio.png\" class=\"attachment-full size-full wp-image-30402\" alt=\"\" \/>\t\t\t\t\t\t\t\t\t\t\t\t\t\t\t<\/div>\n\t\t\t\t<\/div>\n\t\t\t\t<div class=\"elementor-element elementor-element-0a6495c elementor-widget elementor-widget-heading\" data-id=\"0a6495c\" data-element_type=\"widget\" data-e-type=\"widget\" data-widget_type=\"heading.default\">\n\t\t\t\t<div class=\"elementor-widget-container\">\n\t\t\t\t\t<h2 class=\"elementor-heading-title elementor-size-default\">MUSEO DELL'OPIFICIO DELLE PIETRE DURE<\/h2>\t\t\t\t<\/div>\n\t\t\t\t<\/div>\n\t\t\t\t<div class=\"elementor-element elementor-element-780f4eb elementor-widget elementor-widget-text-editor\" data-id=\"780f4eb\" data-element_type=\"widget\" data-e-type=\"widget\" data-widget_type=\"text-editor.default\">\n\t\t\t\t<div class=\"elementor-widget-container\">\n\t\t\t\t\t\t\t\t\t<p>Via degli Alfani, 78<\/p>\t\t\t\t\t\t\t\t<\/div>\n\t\t\t\t<\/div>\n\t\t\t\t<div class=\"elementor-element elementor-element-ed1f913 elementor-widget elementor-widget-text-editor\" data-id=\"ed1f913\" data-element_type=\"widget\" data-e-type=\"widget\" data-widget_type=\"text-editor.default\">\n\t\t\t\t<div class=\"elementor-widget-container\">\n\t\t\t\t\t\t\t\t\t<p>Le Mus\u00e9e annex\u00e9 \u00e0 l\u2019Opificio delle Pietre Dure, aujourd\u2019hui centre sp\u00e9cialis\u00e9 dans la restauration, est l\u2019h\u00e9ritier direct de la <strong>Manifattura di corte<\/strong>, fond\u00e9e officiellement en 1588 par <b>Ferdinando I de\u2019 Medici<\/b>, o\u00f9 s\u2019effectuait le travail des pierres dures.<br \/>La physionomie du Mus\u00e9e, fond\u00e9 en 1882, ne r\u00e9pond pas \u00e0 une intention de collection pr\u00e9cise, mais refl\u00e8te plut\u00f4t la vie et l\u2019histoire de l\u2019activit\u00e9 productive s\u00e9culaire. Les cr\u00e9ations les plus prestigieuses, souvent offertes en cadeau par les grands-ducs de Florence, sont conserv\u00e9es dans les r\u00e9sidences royales et dans les mus\u00e9es de toute l\u2019Europe, tandis que dans les ateliers de production du mus\u00e9e sont rest\u00e9es des \u0153uvres inachev\u00e9es, des pi\u00e8ces modifi\u00e9es ou d\u00e9mont\u00e9es dans le temps, ainsi que ce qui a surv\u00e9cu aux dispersions du XIXe si\u00e8cle. La collection, compos\u00e9e de pi\u00e8ces de grande suggestion et raffinement, suffit n\u00e9anmoins \u00e0 retracer le parcours historique de la manufacture qui s\u2019\u00e9tend sur trois si\u00e8cles. On y conserve \u00e9galement un important ensemble de marbres anciens et de pierres dures.<br \/>Le Mus\u00e9e a \u00e9t\u00e9 r\u00e9nov\u00e9 en 1995, sur un projet de <b>Adolfo Natalini<\/b>. Le r\u00e9am\u00e9nagement de la collection, dirig\u00e9 par <b>Anna Maria Giusti<\/b>, suit un crit\u00e8re th\u00e9matique : dans les salles issues du grand salon sont pr\u00e9sent\u00e9es les productions du p\u00e9riode grand-ducale m\u00e9dic\u00e9enne et lorraine, tandis que dans les petites salles du XIXe si\u00e8cle sont expos\u00e9es celles de la p\u00e9riode post-unitaire. Le niveau sup\u00e9rieur du salon est d\u00e9di\u00e9 aux techniques de travail : du riche \u00e9chantillonnage lapidaire, aux \u00e9tablis, aux outils, jusqu\u2019\u00e0 l\u2019illustration didactique de certaines phases de la production d\u2019incrustations et de sculptures. On peut ainsi retracer le processus complet, de l\u2019id\u00e9e jusqu\u2019\u00e0 l\u2019\u0153uvre achev\u00e9e, et d\u00e9couvrir les m\u00e9canismes les plus intimes d\u2019un chapitre fascinant de l\u2019histoire artistique florentine.<\/p>\t\t\t\t\t\t\t\t<\/div>\n\t\t\t\t<\/div>\n\t\t\t\t\t<\/div>\n\t\t<\/div>\n\t\t\t\t\t<\/div>\n\t\t<\/section>\n\t\t\t\t<\/div>\n\t\t","protected":false},"excerpt":{"rendered":"<p>MUSEO DELL&rsquo;OPIFICIO DELLE PIETRE DURE Via degli Alfani, 78 Le Mus\u00e9e annex\u00e9 \u00e0 l\u2019Opificio delle Pietre Dure, aujourd\u2019hui centre sp\u00e9cialis\u00e9 dans la restauration, est l\u2019h\u00e9ritier direct de la Manifattura di corte, fond\u00e9e officiellement en 1588 par Ferdinando I de\u2019 Medici, o\u00f9 s\u2019effectuait le travail des pierres dures.La physionomie du Mus\u00e9e, fond\u00e9 en 1882, ne r\u00e9pond [&hellip;]<\/p>\n","protected":false},"author":922,"featured_media":0,"parent":0,"menu_order":0,"comment_status":"closed","ping_status":"closed","template":"","meta":{"_acf_changed":false,"site-sidebar-layout":"no-sidebar","site-content-layout":"page-builder","ast-site-content-layout":"full-width-container","site-content-style":"default","site-sidebar-style":"default","ast-global-header-display":"","ast-banner-title-visibility":"","ast-main-header-display":"","ast-hfb-above-header-display":"","ast-hfb-below-header-display":"","ast-hfb-mobile-header-display":"","site-post-title":"disabled","ast-breadcrumbs-content":"","ast-featured-img":"disabled","footer-sml-layout":"","ast-disable-related-posts":"","theme-transparent-header-meta":"","adv-header-id-meta":"","stick-header-meta":"","header-above-stick-meta":"","header-main-stick-meta":"","header-below-stick-meta":"","astra-migrate-meta-layouts":"default","ast-page-background-enabled":"default","ast-page-background-meta":{"desktop":{"background-color":"","background-image":"","background-repeat":"repeat","background-position":"center center","background-size":"auto","background-attachment":"scroll","background-type":"","background-media":"","overlay-type":"","overlay-color":"","overlay-opacity":"","overlay-gradient":""},"tablet":{"background-color":"","background-image":"","background-repeat":"repeat","background-position":"center center","background-size":"auto","background-attachment":"scroll","background-type":"","background-media":"","overlay-type":"","overlay-color":"","overlay-opacity":"","overlay-gradient":""},"mobile":{"background-color":"","background-image":"","background-repeat":"repeat","background-position":"center center","background-size":"auto","background-attachment":"scroll","background-type":"","background-media":"","overlay-type":"","overlay-color":"","overlay-opacity":"","overlay-gradient":""}},"ast-content-background-meta":{"desktop":{"background-color":"var(--ast-global-color-5)","background-image":"","background-repeat":"repeat","background-position":"center center","background-size":"auto","background-attachment":"scroll","background-type":"","background-media":"","overlay-type":"","overlay-color":"","overlay-opacity":"","overlay-gradient":""},"tablet":{"background-color":"var(--ast-global-color-5)","background-image":"","background-repeat":"repeat","background-position":"center center","background-size":"auto","background-attachment":"scroll","background-type":"","background-media":"","overlay-type":"","overlay-color":"","overlay-opacity":"","overlay-gradient":""},"mobile":{"background-color":"var(--ast-global-color-5)","background-image":"","background-repeat":"repeat","background-position":"center center","background-size":"auto","background-attachment":"scroll","background-type":"","background-media":"","overlay-type":"","overlay-color":"","overlay-opacity":"","overlay-gradient":""}},"footnotes":""},"class_list":["post-30401","page","type-page","status-publish","hentry"],"acf":[],"yoast_head":"<!-- This site is optimized with the Yoast SEO plugin v27.3 - https:\/\/yoast.com\/product\/yoast-seo-wordpress\/ -->\n<title>Museo Opificio delle Pietre Dure - Le Gallerie degli Uffizi Shop<\/title>\n<meta name=\"robots\" content=\"index, follow, max-snippet:-1, max-image-preview:large, max-video-preview:-1\" \/>\n<link rel=\"canonical\" href=\"https:\/\/shop.uffizi.it\/fr\/museo-opificio-delle-pietre-dure\/\" \/>\n<meta property=\"og:locale\" content=\"fr_FR\" \/>\n<meta property=\"og:type\" content=\"article\" \/>\n<meta property=\"og:title\" content=\"Museo Opificio delle Pietre Dure - Le Gallerie degli Uffizi Shop\" \/>\n<meta property=\"og:description\" content=\"MUSEO DELL&rsquo;OPIFICIO DELLE PIETRE DURE Via degli Alfani, 78 Le Mus\u00e9e annex\u00e9 \u00e0 l\u2019Opificio delle Pietre Dure, aujourd\u2019hui centre sp\u00e9cialis\u00e9 dans la restauration, est l\u2019h\u00e9ritier direct de la Manifattura di corte, fond\u00e9e officiellement en 1588 par Ferdinando I de\u2019 Medici, o\u00f9 s\u2019effectuait le travail des pierres dures.La physionomie du Mus\u00e9e, fond\u00e9 en 1882, ne r\u00e9pond [&hellip;]\" \/>\n<meta property=\"og:url\" content=\"https:\/\/shop.uffizi.it\/fr\/museo-opificio-delle-pietre-dure\/\" \/>\n<meta property=\"og:site_name\" content=\"Le Gallerie degli Uffizi Shop\" \/>\n<meta property=\"article:modified_time\" content=\"2025-12-17T15:56:08+00:00\" \/>\n<meta property=\"og:image\" content=\"https:\/\/shop.uffizi.it\/wp-content\/uploads\/2025\/11\/opificio.png\" \/>\n\t<meta property=\"og:image:width\" content=\"111\" \/>\n\t<meta property=\"og:image:height\" content=\"146\" \/>\n\t<meta property=\"og:image:type\" content=\"image\/png\" \/>\n<meta name=\"twitter:card\" content=\"summary_large_image\" \/>\n<meta name=\"twitter:label1\" content=\"Dur\u00e9e de lecture estim\u00e9e\" \/>\n\t<meta name=\"twitter:data1\" content=\"2 minutes\" \/>\n<script type=\"application\/ld+json\" class=\"yoast-schema-graph\">{\"@context\":\"https:\\\/\\\/schema.org\",\"@graph\":[{\"@type\":\"WebPage\",\"@id\":\"https:\\\/\\\/shop.uffizi.it\\\/fr\\\/museo-opificio-delle-pietre-dure\\\/\",\"url\":\"https:\\\/\\\/shop.uffizi.it\\\/fr\\\/museo-opificio-delle-pietre-dure\\\/\",\"name\":\"Museo Opificio delle Pietre Dure - Le Gallerie degli Uffizi Shop\",\"isPartOf\":{\"@id\":\"https:\\\/\\\/shop.uffizi.it\\\/fr\\\/#website\"},\"primaryImageOfPage\":{\"@id\":\"https:\\\/\\\/shop.uffizi.it\\\/fr\\\/museo-opificio-delle-pietre-dure\\\/#primaryimage\"},\"image\":{\"@id\":\"https:\\\/\\\/shop.uffizi.it\\\/fr\\\/museo-opificio-delle-pietre-dure\\\/#primaryimage\"},\"thumbnailUrl\":\"https:\\\/\\\/shop.uffizi.it\\\/wp-content\\\/uploads\\\/2025\\\/11\\\/opificio.png\",\"datePublished\":\"2025-11-27T12:44:09+00:00\",\"dateModified\":\"2025-12-17T15:56:08+00:00\",\"breadcrumb\":{\"@id\":\"https:\\\/\\\/shop.uffizi.it\\\/fr\\\/museo-opificio-delle-pietre-dure\\\/#breadcrumb\"},\"inLanguage\":\"fr-FR\",\"potentialAction\":[{\"@type\":\"ReadAction\",\"target\":[\"https:\\\/\\\/shop.uffizi.it\\\/fr\\\/museo-opificio-delle-pietre-dure\\\/\"]}]},{\"@type\":\"ImageObject\",\"inLanguage\":\"fr-FR\",\"@id\":\"https:\\\/\\\/shop.uffizi.it\\\/fr\\\/museo-opificio-delle-pietre-dure\\\/#primaryimage\",\"url\":\"https:\\\/\\\/shop.uffizi.it\\\/wp-content\\\/uploads\\\/2025\\\/11\\\/opificio.png\",\"contentUrl\":\"https:\\\/\\\/shop.uffizi.it\\\/wp-content\\\/uploads\\\/2025\\\/11\\\/opificio.png\"},{\"@type\":\"BreadcrumbList\",\"@id\":\"https:\\\/\\\/shop.uffizi.it\\\/fr\\\/museo-opificio-delle-pietre-dure\\\/#breadcrumb\",\"itemListElement\":[{\"@type\":\"ListItem\",\"position\":1,\"name\":\"Home\",\"item\":\"https:\\\/\\\/shop.uffizi.it\\\/fr\\\/\"},{\"@type\":\"ListItem\",\"position\":2,\"name\":\"Museo Opificio delle Pietre Dure\"}]},{\"@type\":\"WebSite\",\"@id\":\"https:\\\/\\\/shop.uffizi.it\\\/fr\\\/#website\",\"url\":\"https:\\\/\\\/shop.uffizi.it\\\/fr\\\/\",\"name\":\"Le Gallerie degli Uffizi Shop\",\"description\":\"\",\"publisher\":{\"@id\":\"https:\\\/\\\/shop.uffizi.it\\\/fr\\\/#organization\"},\"potentialAction\":[{\"@type\":\"SearchAction\",\"target\":{\"@type\":\"EntryPoint\",\"urlTemplate\":\"https:\\\/\\\/shop.uffizi.it\\\/fr\\\/?s={search_term_string}\"},\"query-input\":{\"@type\":\"PropertyValueSpecification\",\"valueRequired\":true,\"valueName\":\"search_term_string\"}}],\"inLanguage\":\"fr-FR\"},{\"@type\":\"Organization\",\"@id\":\"https:\\\/\\\/shop.uffizi.it\\\/fr\\\/#organization\",\"name\":\"Le Gallerie degli Uffizi Shop\",\"url\":\"https:\\\/\\\/shop.uffizi.it\\\/fr\\\/\",\"logo\":{\"@type\":\"ImageObject\",\"inLanguage\":\"fr-FR\",\"@id\":\"https:\\\/\\\/shop.uffizi.it\\\/fr\\\/#\\\/schema\\\/logo\\\/image\\\/\",\"url\":\"https:\\\/\\\/shop.uffizi.it\\\/wp-content\\\/uploads\\\/2025\\\/11\\\/uffizi_shop_logo.svg\",\"contentUrl\":\"https:\\\/\\\/shop.uffizi.it\\\/wp-content\\\/uploads\\\/2025\\\/11\\\/uffizi_shop_logo.svg\",\"width\":178,\"height\":37,\"caption\":\"Le Gallerie degli Uffizi Shop\"},\"image\":{\"@id\":\"https:\\\/\\\/shop.uffizi.it\\\/fr\\\/#\\\/schema\\\/logo\\\/image\\\/\"}}]}<\/script>\n<!-- \/ Yoast SEO plugin. -->","yoast_head_json":{"title":"Museo Opificio delle Pietre Dure - Le Gallerie degli Uffizi Shop","robots":{"index":"index","follow":"follow","max-snippet":"max-snippet:-1","max-image-preview":"max-image-preview:large","max-video-preview":"max-video-preview:-1"},"canonical":"https:\/\/shop.uffizi.it\/fr\/museo-opificio-delle-pietre-dure\/","og_locale":"fr_FR","og_type":"article","og_title":"Museo Opificio delle Pietre Dure - Le Gallerie degli Uffizi Shop","og_description":"MUSEO DELL&rsquo;OPIFICIO DELLE PIETRE DURE Via degli Alfani, 78 Le Mus\u00e9e annex\u00e9 \u00e0 l\u2019Opificio delle Pietre Dure, aujourd\u2019hui centre sp\u00e9cialis\u00e9 dans la restauration, est l\u2019h\u00e9ritier direct de la Manifattura di corte, fond\u00e9e officiellement en 1588 par Ferdinando I de\u2019 Medici, o\u00f9 s\u2019effectuait le travail des pierres dures.La physionomie du Mus\u00e9e, fond\u00e9 en 1882, ne r\u00e9pond [&hellip;]","og_url":"https:\/\/shop.uffizi.it\/fr\/museo-opificio-delle-pietre-dure\/","og_site_name":"Le Gallerie degli Uffizi Shop","article_modified_time":"2025-12-17T15:56:08+00:00","og_image":[{"width":111,"height":146,"url":"https:\/\/shop.uffizi.it\/wp-content\/uploads\/2025\/11\/opificio.png","type":"image\/png"}],"twitter_card":"summary_large_image","twitter_misc":{"Dur\u00e9e de lecture estim\u00e9e":"2 minutes"},"schema":{"@context":"https:\/\/schema.org","@graph":[{"@type":"WebPage","@id":"https:\/\/shop.uffizi.it\/fr\/museo-opificio-delle-pietre-dure\/","url":"https:\/\/shop.uffizi.it\/fr\/museo-opificio-delle-pietre-dure\/","name":"Museo Opificio delle Pietre Dure - Le Gallerie degli Uffizi Shop","isPartOf":{"@id":"https:\/\/shop.uffizi.it\/fr\/#website"},"primaryImageOfPage":{"@id":"https:\/\/shop.uffizi.it\/fr\/museo-opificio-delle-pietre-dure\/#primaryimage"},"image":{"@id":"https:\/\/shop.uffizi.it\/fr\/museo-opificio-delle-pietre-dure\/#primaryimage"},"thumbnailUrl":"https:\/\/shop.uffizi.it\/wp-content\/uploads\/2025\/11\/opificio.png","datePublished":"2025-11-27T12:44:09+00:00","dateModified":"2025-12-17T15:56:08+00:00","breadcrumb":{"@id":"https:\/\/shop.uffizi.it\/fr\/museo-opificio-delle-pietre-dure\/#breadcrumb"},"inLanguage":"fr-FR","potentialAction":[{"@type":"ReadAction","target":["https:\/\/shop.uffizi.it\/fr\/museo-opificio-delle-pietre-dure\/"]}]},{"@type":"ImageObject","inLanguage":"fr-FR","@id":"https:\/\/shop.uffizi.it\/fr\/museo-opificio-delle-pietre-dure\/#primaryimage","url":"https:\/\/shop.uffizi.it\/wp-content\/uploads\/2025\/11\/opificio.png","contentUrl":"https:\/\/shop.uffizi.it\/wp-content\/uploads\/2025\/11\/opificio.png"},{"@type":"BreadcrumbList","@id":"https:\/\/shop.uffizi.it\/fr\/museo-opificio-delle-pietre-dure\/#breadcrumb","itemListElement":[{"@type":"ListItem","position":1,"name":"Home","item":"https:\/\/shop.uffizi.it\/fr\/"},{"@type":"ListItem","position":2,"name":"Museo Opificio delle Pietre Dure"}]},{"@type":"WebSite","@id":"https:\/\/shop.uffizi.it\/fr\/#website","url":"https:\/\/shop.uffizi.it\/fr\/","name":"Le Gallerie degli Uffizi Shop","description":"","publisher":{"@id":"https:\/\/shop.uffizi.it\/fr\/#organization"},"potentialAction":[{"@type":"SearchAction","target":{"@type":"EntryPoint","urlTemplate":"https:\/\/shop.uffizi.it\/fr\/?s={search_term_string}"},"query-input":{"@type":"PropertyValueSpecification","valueRequired":true,"valueName":"search_term_string"}}],"inLanguage":"fr-FR"},{"@type":"Organization","@id":"https:\/\/shop.uffizi.it\/fr\/#organization","name":"Le Gallerie degli Uffizi Shop","url":"https:\/\/shop.uffizi.it\/fr\/","logo":{"@type":"ImageObject","inLanguage":"fr-FR","@id":"https:\/\/shop.uffizi.it\/fr\/#\/schema\/logo\/image\/","url":"https:\/\/shop.uffizi.it\/wp-content\/uploads\/2025\/11\/uffizi_shop_logo.svg","contentUrl":"https:\/\/shop.uffizi.it\/wp-content\/uploads\/2025\/11\/uffizi_shop_logo.svg","width":178,"height":37,"caption":"Le Gallerie degli Uffizi Shop"},"image":{"@id":"https:\/\/shop.uffizi.it\/fr\/#\/schema\/logo\/image\/"}}]}},"_links":{"self":[{"href":"https:\/\/shop.uffizi.it\/fr\/wp-json\/wp\/v2\/pages\/30401","targetHints":{"allow":["GET"]}}],"collection":[{"href":"https:\/\/shop.uffizi.it\/fr\/wp-json\/wp\/v2\/pages"}],"about":[{"href":"https:\/\/shop.uffizi.it\/fr\/wp-json\/wp\/v2\/types\/page"}],"author":[{"embeddable":true,"href":"https:\/\/shop.uffizi.it\/fr\/wp-json\/wp\/v2\/users\/922"}],"replies":[{"embeddable":true,"href":"https:\/\/shop.uffizi.it\/fr\/wp-json\/wp\/v2\/comments?post=30401"}],"version-history":[{"count":9,"href":"https:\/\/shop.uffizi.it\/fr\/wp-json\/wp\/v2\/pages\/30401\/revisions"}],"predecessor-version":[{"id":31829,"href":"https:\/\/shop.uffizi.it\/fr\/wp-json\/wp\/v2\/pages\/30401\/revisions\/31829"}],"wp:attachment":[{"href":"https:\/\/shop.uffizi.it\/fr\/wp-json\/wp\/v2\/media?parent=30401"}],"curies":[{"name":"wp","href":"https:\/\/api.w.org\/{rel}","templated":true}]}}