{"id":30372,"date":"2025-11-27T13:31:47","date_gmt":"2025-11-27T12:31:47","guid":{"rendered":"https:\/\/shop.uffizi.it\/?page_id=30372"},"modified":"2025-12-17T16:56:12","modified_gmt":"2025-12-17T15:56:12","slug":"ville-medicee","status":"publish","type":"page","link":"https:\/\/shop.uffizi.it\/fr\/ville-medicee\/","title":{"rendered":"Ville Medicee"},"content":{"rendered":"\t\t<div data-elementor-type=\"wp-page\" data-elementor-id=\"30372\" class=\"elementor elementor-30372 elementor-28918\" data-elementor-post-type=\"page\">\n\t\t\t\t\t\t<section class=\"elementor-section elementor-top-section elementor-element elementor-element-01efaf5 elementor-section-boxed elementor-section-height-default elementor-section-height-default\" data-id=\"01efaf5\" data-element_type=\"section\" data-e-type=\"section\">\n\t\t\t\t\t\t<div class=\"elementor-container elementor-column-gap-default\">\n\t\t\t\t\t<div class=\"elementor-column elementor-col-100 elementor-top-column elementor-element elementor-element-83c887f\" data-id=\"83c887f\" data-element_type=\"column\" data-e-type=\"column\">\n\t\t\t<div class=\"elementor-widget-wrap elementor-element-populated\">\n\t\t\t\t\t\t<div class=\"elementor-element elementor-element-11fbea5 elementor-widget elementor-widget-heading\" data-id=\"11fbea5\" data-element_type=\"widget\" data-e-type=\"widget\" data-widget_type=\"heading.default\">\n\t\t\t\t<div class=\"elementor-widget-container\">\n\t\t\t\t\t<h2 class=\"elementor-heading-title elementor-size-default\">VILLE MEDICEE<\/h2>\t\t\t\t<\/div>\n\t\t\t\t<\/div>\n\t\t\t\t<div class=\"elementor-element elementor-element-1151145 elementor-widget elementor-widget-text-editor\" data-id=\"1151145\" data-element_type=\"widget\" data-e-type=\"widget\" data-widget_type=\"text-editor.default\">\n\t\t\t\t<div class=\"elementor-widget-container\">\n\t\t\t\t\t\t\t\t\t<p>Les villas et jardins m\u00e9dic\u00e9ens repr\u00e9sentent un t\u00e9moignage exceptionnel du m\u00e9c\u00e9nat culturel et artistique d\u00e9velopp\u00e9 par les M\u00e9dicis. Avec les paysages toscans dont ils font partie, ils ont apport\u00e9 une contribution d\u00e9cisive et pionni\u00e8re \u00e0 la naissance d\u2019une nouvelle esth\u00e9tique et d\u2019un nouveau mode de vie.<br \/>Ils constitu\u00e8rent une s\u00e9rie de lieux cl\u00e9s o\u00f9 \u00e9merg\u00e8rent les id\u00e9aux et tendances propres \u00e0 la Renaissance italienne, qui se diffus\u00e8rent ensuite dans toute l\u2019Europe.<br \/>Depuis 2013, le site en s\u00e9rie \u00ab Villas et jardins m\u00e9dic\u00e9ens de Toscane \u00bb, compos\u00e9 de 14 villas et jardins de la famille M\u00e9dicis situ\u00e9s dans la r\u00e9gion, est inscrit sur la Liste du Patrimoine Mondial Culturel et Naturel de l\u2019UNESCO.<\/p><p><strong>Liste des villas et jardins m\u00e9dic\u00e9ens de Toscane :<\/strong><\/p><ul><li>Palazzo mediceo di Seravezza<\/li><li>Villa medicea di Cerreto Guidi<\/li><li>Villa medicea di Artimino<\/li><li>Villa medicea di Poggio a Caiano<\/li><li>Ville medicea del Trebbio<\/li><li>Villa Medicea di Cafaggiolo<\/li><li>Giardino mediceo di Pratolino<\/li><li>Villa medicea di Castello<\/li><li>Villa medicea della Petraia<\/li><li>Villa medicea di Careggi<\/li><li>Villa medicea a Fiesole<\/li><li>Villa medicea di Poggio Imperiale<\/li><li>Giardino di Boboli<\/li><li>Villa medicea la Magia<\/li><\/ul>\t\t\t\t\t\t\t\t<\/div>\n\t\t\t\t<\/div>\n\t\t\t\t\t<\/div>\n\t\t<\/div>\n\t\t\t\t\t<\/div>\n\t\t<\/section>\n\t\t\t\t<\/div>\n\t\t","protected":false},"excerpt":{"rendered":"<p>VILLE MEDICEE Les villas et jardins m\u00e9dic\u00e9ens repr\u00e9sentent un t\u00e9moignage exceptionnel du m\u00e9c\u00e9nat culturel et artistique d\u00e9velopp\u00e9 par les M\u00e9dicis. Avec les paysages toscans dont ils font partie, ils ont apport\u00e9 une contribution d\u00e9cisive et pionni\u00e8re \u00e0 la naissance d\u2019une nouvelle esth\u00e9tique et d\u2019un nouveau mode de vie.Ils constitu\u00e8rent une s\u00e9rie de lieux cl\u00e9s o\u00f9 [&hellip;]<\/p>\n","protected":false},"author":922,"featured_media":0,"parent":0,"menu_order":0,"comment_status":"closed","ping_status":"closed","template":"","meta":{"_acf_changed":false,"site-sidebar-layout":"no-sidebar","site-content-layout":"page-builder","ast-site-content-layout":"full-width-container","site-content-style":"default","site-sidebar-style":"default","ast-global-header-display":"","ast-banner-title-visibility":"","ast-main-header-display":"","ast-hfb-above-header-display":"","ast-hfb-below-header-display":"","ast-hfb-mobile-header-display":"","site-post-title":"disabled","ast-breadcrumbs-content":"","ast-featured-img":"disabled","footer-sml-layout":"","ast-disable-related-posts":"","theme-transparent-header-meta":"","adv-header-id-meta":"","stick-header-meta":"","header-above-stick-meta":"","header-main-stick-meta":"","header-below-stick-meta":"","astra-migrate-meta-layouts":"set","ast-page-background-enabled":"default","ast-page-background-meta":{"desktop":{"background-color":"","background-image":"","background-repeat":"repeat","background-position":"center center","background-size":"auto","background-attachment":"scroll","background-type":"","background-media":"","overlay-type":"","overlay-color":"","overlay-opacity":"","overlay-gradient":""},"tablet":{"background-color":"","background-image":"","background-repeat":"repeat","background-position":"center center","background-size":"auto","background-attachment":"scroll","background-type":"","background-media":"","overlay-type":"","overlay-color":"","overlay-opacity":"","overlay-gradient":""},"mobile":{"background-color":"","background-image":"","background-repeat":"repeat","background-position":"center center","background-size":"auto","background-attachment":"scroll","background-type":"","background-media":"","overlay-type":"","overlay-color":"","overlay-opacity":"","overlay-gradient":""}},"ast-content-background-meta":{"desktop":{"background-color":"var(--ast-global-color-5)","background-image":"","background-repeat":"repeat","background-position":"center center","background-size":"auto","background-attachment":"scroll","background-type":"","background-media":"","overlay-type":"","overlay-color":"","overlay-opacity":"","overlay-gradient":""},"tablet":{"background-color":"var(--ast-global-color-5)","background-image":"","background-repeat":"repeat","background-position":"center center","background-size":"auto","background-attachment":"scroll","background-type":"","background-media":"","overlay-type":"","overlay-color":"","overlay-opacity":"","overlay-gradient":""},"mobile":{"background-color":"var(--ast-global-color-5)","background-image":"","background-repeat":"repeat","background-position":"center center","background-size":"auto","background-attachment":"scroll","background-type":"","background-media":"","overlay-type":"","overlay-color":"","overlay-opacity":"","overlay-gradient":""}},"footnotes":""},"class_list":["post-30372","page","type-page","status-publish","hentry"],"acf":[],"yoast_head":"<!-- This site is optimized with the Yoast SEO plugin v27.3 - https:\/\/yoast.com\/product\/yoast-seo-wordpress\/ -->\n<title>Ville Medicee - Le Gallerie degli Uffizi Shop<\/title>\n<meta name=\"robots\" content=\"index, follow, max-snippet:-1, max-image-preview:large, max-video-preview:-1\" \/>\n<link rel=\"canonical\" href=\"https:\/\/shop.uffizi.it\/fr\/ville-medicee\/\" \/>\n<meta property=\"og:locale\" content=\"fr_FR\" \/>\n<meta property=\"og:type\" content=\"article\" \/>\n<meta property=\"og:title\" content=\"Ville Medicee - Le Gallerie degli Uffizi Shop\" \/>\n<meta property=\"og:description\" content=\"VILLE MEDICEE Les villas et jardins m\u00e9dic\u00e9ens repr\u00e9sentent un t\u00e9moignage exceptionnel du m\u00e9c\u00e9nat culturel et artistique d\u00e9velopp\u00e9 par les M\u00e9dicis. Avec les paysages toscans dont ils font partie, ils ont apport\u00e9 une contribution d\u00e9cisive et pionni\u00e8re \u00e0 la naissance d\u2019une nouvelle esth\u00e9tique et d\u2019un nouveau mode de vie.Ils constitu\u00e8rent une s\u00e9rie de lieux cl\u00e9s o\u00f9 [&hellip;]\" \/>\n<meta property=\"og:url\" content=\"https:\/\/shop.uffizi.it\/fr\/ville-medicee\/\" \/>\n<meta property=\"og:site_name\" content=\"Le Gallerie degli Uffizi Shop\" \/>\n<meta property=\"article:modified_time\" content=\"2025-12-17T15:56:12+00:00\" \/>\n<meta name=\"twitter:card\" content=\"summary_large_image\" \/>\n<meta name=\"twitter:label1\" content=\"Dur\u00e9e de lecture estim\u00e9e\" \/>\n\t<meta name=\"twitter:data1\" content=\"1 minute\" \/>\n<script type=\"application\/ld+json\" class=\"yoast-schema-graph\">{\"@context\":\"https:\\\/\\\/schema.org\",\"@graph\":[{\"@type\":\"WebPage\",\"@id\":\"https:\\\/\\\/shop.uffizi.it\\\/fr\\\/ville-medicee\\\/\",\"url\":\"https:\\\/\\\/shop.uffizi.it\\\/fr\\\/ville-medicee\\\/\",\"name\":\"Ville Medicee - Le Gallerie degli Uffizi Shop\",\"isPartOf\":{\"@id\":\"https:\\\/\\\/shop.uffizi.it\\\/fr\\\/#website\"},\"datePublished\":\"2025-11-27T12:31:47+00:00\",\"dateModified\":\"2025-12-17T15:56:12+00:00\",\"breadcrumb\":{\"@id\":\"https:\\\/\\\/shop.uffizi.it\\\/fr\\\/ville-medicee\\\/#breadcrumb\"},\"inLanguage\":\"fr-FR\",\"potentialAction\":[{\"@type\":\"ReadAction\",\"target\":[\"https:\\\/\\\/shop.uffizi.it\\\/fr\\\/ville-medicee\\\/\"]}]},{\"@type\":\"BreadcrumbList\",\"@id\":\"https:\\\/\\\/shop.uffizi.it\\\/fr\\\/ville-medicee\\\/#breadcrumb\",\"itemListElement\":[{\"@type\":\"ListItem\",\"position\":1,\"name\":\"Home\",\"item\":\"https:\\\/\\\/shop.uffizi.it\\\/fr\\\/\"},{\"@type\":\"ListItem\",\"position\":2,\"name\":\"Ville Medicee\"}]},{\"@type\":\"WebSite\",\"@id\":\"https:\\\/\\\/shop.uffizi.it\\\/fr\\\/#website\",\"url\":\"https:\\\/\\\/shop.uffizi.it\\\/fr\\\/\",\"name\":\"Le Gallerie degli Uffizi Shop\",\"description\":\"\",\"publisher\":{\"@id\":\"https:\\\/\\\/shop.uffizi.it\\\/fr\\\/#organization\"},\"potentialAction\":[{\"@type\":\"SearchAction\",\"target\":{\"@type\":\"EntryPoint\",\"urlTemplate\":\"https:\\\/\\\/shop.uffizi.it\\\/fr\\\/?s={search_term_string}\"},\"query-input\":{\"@type\":\"PropertyValueSpecification\",\"valueRequired\":true,\"valueName\":\"search_term_string\"}}],\"inLanguage\":\"fr-FR\"},{\"@type\":\"Organization\",\"@id\":\"https:\\\/\\\/shop.uffizi.it\\\/fr\\\/#organization\",\"name\":\"Le Gallerie degli Uffizi Shop\",\"url\":\"https:\\\/\\\/shop.uffizi.it\\\/fr\\\/\",\"logo\":{\"@type\":\"ImageObject\",\"inLanguage\":\"fr-FR\",\"@id\":\"https:\\\/\\\/shop.uffizi.it\\\/fr\\\/#\\\/schema\\\/logo\\\/image\\\/\",\"url\":\"https:\\\/\\\/shop.uffizi.it\\\/wp-content\\\/uploads\\\/2025\\\/11\\\/uffizi_shop_logo.svg\",\"contentUrl\":\"https:\\\/\\\/shop.uffizi.it\\\/wp-content\\\/uploads\\\/2025\\\/11\\\/uffizi_shop_logo.svg\",\"width\":178,\"height\":37,\"caption\":\"Le Gallerie degli Uffizi Shop\"},\"image\":{\"@id\":\"https:\\\/\\\/shop.uffizi.it\\\/fr\\\/#\\\/schema\\\/logo\\\/image\\\/\"}}]}<\/script>\n<!-- \/ Yoast SEO plugin. -->","yoast_head_json":{"title":"Ville Medicee - Le Gallerie degli Uffizi Shop","robots":{"index":"index","follow":"follow","max-snippet":"max-snippet:-1","max-image-preview":"max-image-preview:large","max-video-preview":"max-video-preview:-1"},"canonical":"https:\/\/shop.uffizi.it\/fr\/ville-medicee\/","og_locale":"fr_FR","og_type":"article","og_title":"Ville Medicee - Le Gallerie degli Uffizi Shop","og_description":"VILLE MEDICEE Les villas et jardins m\u00e9dic\u00e9ens repr\u00e9sentent un t\u00e9moignage exceptionnel du m\u00e9c\u00e9nat culturel et artistique d\u00e9velopp\u00e9 par les M\u00e9dicis. Avec les paysages toscans dont ils font partie, ils ont apport\u00e9 une contribution d\u00e9cisive et pionni\u00e8re \u00e0 la naissance d\u2019une nouvelle esth\u00e9tique et d\u2019un nouveau mode de vie.Ils constitu\u00e8rent une s\u00e9rie de lieux cl\u00e9s o\u00f9 [&hellip;]","og_url":"https:\/\/shop.uffizi.it\/fr\/ville-medicee\/","og_site_name":"Le Gallerie degli Uffizi Shop","article_modified_time":"2025-12-17T15:56:12+00:00","twitter_card":"summary_large_image","twitter_misc":{"Dur\u00e9e de lecture estim\u00e9e":"1 minute"},"schema":{"@context":"https:\/\/schema.org","@graph":[{"@type":"WebPage","@id":"https:\/\/shop.uffizi.it\/fr\/ville-medicee\/","url":"https:\/\/shop.uffizi.it\/fr\/ville-medicee\/","name":"Ville Medicee - Le Gallerie degli Uffizi Shop","isPartOf":{"@id":"https:\/\/shop.uffizi.it\/fr\/#website"},"datePublished":"2025-11-27T12:31:47+00:00","dateModified":"2025-12-17T15:56:12+00:00","breadcrumb":{"@id":"https:\/\/shop.uffizi.it\/fr\/ville-medicee\/#breadcrumb"},"inLanguage":"fr-FR","potentialAction":[{"@type":"ReadAction","target":["https:\/\/shop.uffizi.it\/fr\/ville-medicee\/"]}]},{"@type":"BreadcrumbList","@id":"https:\/\/shop.uffizi.it\/fr\/ville-medicee\/#breadcrumb","itemListElement":[{"@type":"ListItem","position":1,"name":"Home","item":"https:\/\/shop.uffizi.it\/fr\/"},{"@type":"ListItem","position":2,"name":"Ville Medicee"}]},{"@type":"WebSite","@id":"https:\/\/shop.uffizi.it\/fr\/#website","url":"https:\/\/shop.uffizi.it\/fr\/","name":"Le Gallerie degli Uffizi Shop","description":"","publisher":{"@id":"https:\/\/shop.uffizi.it\/fr\/#organization"},"potentialAction":[{"@type":"SearchAction","target":{"@type":"EntryPoint","urlTemplate":"https:\/\/shop.uffizi.it\/fr\/?s={search_term_string}"},"query-input":{"@type":"PropertyValueSpecification","valueRequired":true,"valueName":"search_term_string"}}],"inLanguage":"fr-FR"},{"@type":"Organization","@id":"https:\/\/shop.uffizi.it\/fr\/#organization","name":"Le Gallerie degli Uffizi Shop","url":"https:\/\/shop.uffizi.it\/fr\/","logo":{"@type":"ImageObject","inLanguage":"fr-FR","@id":"https:\/\/shop.uffizi.it\/fr\/#\/schema\/logo\/image\/","url":"https:\/\/shop.uffizi.it\/wp-content\/uploads\/2025\/11\/uffizi_shop_logo.svg","contentUrl":"https:\/\/shop.uffizi.it\/wp-content\/uploads\/2025\/11\/uffizi_shop_logo.svg","width":178,"height":37,"caption":"Le Gallerie degli Uffizi Shop"},"image":{"@id":"https:\/\/shop.uffizi.it\/fr\/#\/schema\/logo\/image\/"}}]}},"_links":{"self":[{"href":"https:\/\/shop.uffizi.it\/fr\/wp-json\/wp\/v2\/pages\/30372","targetHints":{"allow":["GET"]}}],"collection":[{"href":"https:\/\/shop.uffizi.it\/fr\/wp-json\/wp\/v2\/pages"}],"about":[{"href":"https:\/\/shop.uffizi.it\/fr\/wp-json\/wp\/v2\/types\/page"}],"author":[{"embeddable":true,"href":"https:\/\/shop.uffizi.it\/fr\/wp-json\/wp\/v2\/users\/922"}],"replies":[{"embeddable":true,"href":"https:\/\/shop.uffizi.it\/fr\/wp-json\/wp\/v2\/comments?post=30372"}],"version-history":[{"count":10,"href":"https:\/\/shop.uffizi.it\/fr\/wp-json\/wp\/v2\/pages\/30372\/revisions"}],"predecessor-version":[{"id":31832,"href":"https:\/\/shop.uffizi.it\/fr\/wp-json\/wp\/v2\/pages\/30372\/revisions\/31832"}],"wp:attachment":[{"href":"https:\/\/shop.uffizi.it\/fr\/wp-json\/wp\/v2\/media?parent=30372"}],"curies":[{"name":"wp","href":"https:\/\/api.w.org\/{rel}","templated":true}]}}