{"id":30317,"date":"2025-11-26T16:10:34","date_gmt":"2025-11-26T15:10:34","guid":{"rendered":"https:\/\/shop.uffizi.it\/?page_id=30317"},"modified":"2026-01-20T15:35:18","modified_gmt":"2026-01-20T14:35:18","slug":"garantie-et-restitutions","status":"publish","type":"page","link":"https:\/\/shop.uffizi.it\/fr\/garantie-et-restitutions\/","title":{"rendered":"Garantie et restitutions"},"content":{"rendered":"\t\t<div data-elementor-type=\"wp-page\" data-elementor-id=\"30317\" class=\"elementor elementor-30317 elementor-1383\" data-elementor-post-type=\"page\">\n\t\t\t\t\t\t<section class=\"elementor-section elementor-top-section elementor-element elementor-element-badca13 elementor-section-boxed elementor-section-height-default elementor-section-height-default\" data-id=\"badca13\" data-element_type=\"section\" data-e-type=\"section\">\n\t\t\t\t\t\t<div class=\"elementor-container elementor-column-gap-default\">\n\t\t\t\t\t<div class=\"elementor-column elementor-col-100 elementor-top-column elementor-element elementor-element-4bc7d5d\" data-id=\"4bc7d5d\" data-element_type=\"column\" data-e-type=\"column\">\n\t\t\t<div class=\"elementor-widget-wrap elementor-element-populated\">\n\t\t\t\t\t\t<div class=\"elementor-element elementor-element-46322d9 elementor-widget elementor-widget-text-editor\" data-id=\"46322d9\" data-element_type=\"widget\" data-e-type=\"widget\" data-widget_type=\"text-editor.default\">\n\t\t\t\t<div class=\"elementor-widget-container\">\n\t\t\t\t\t\t\t\t\t<p>Si les produits et les services b\u00e9n\u00e9ficient d&rsquo;une garantie conventionnelle reconnue par le fabricant, tout vice, d\u00e9faut ou difformit\u00e9 devra etre signal\u00e9 directement au fabricant comme indiqu\u00e9 sur l&#8217;emballage du produit. Sauf dispositions imp\u00e9ratives de la loi, shop.uffizi.it d\u00e9clare qu&rsquo;il n&rsquo;a aucune responsabilit\u00e9 en ce qui concerne les vices, d\u00e9fauts ou non-conformit\u00e9s du produit. Ceci est sans pr\u00e9judice de la garantie pour le consommateur en vertu du D. lgs. 206\/2005.<br \/>Le consommateur dans ce cas devra, sous peine de d\u00e9ch\u00e9ance de la garantie, signaler \u00e0 shop.uffizi.it le d\u00e9faut constat\u00e9 en \u00e9crivant un email \u00e0 l&rsquo;adresse <u><a id=\"OWA0e1963fc-45d8-62df-9799-10f409abea29\" title=\"mailto:helpshopuffizi@orbital-cultura.com\" href=\"mailto:helpshopuffizi@orbital-cultura.com\" data-linkindex=\"0\" data-olk-copy-source=\"MessageBody\">helpshopuffizi@orbital-cultura.com<\/a><\/u> dans un d\u00e9lai de 2 (deux) mois \u00e0 compter de la date de d\u00e9couverte du d\u00e9faut ou de la difformit\u00e9.<br \/>shop.uffizi.it fera tous les efforts raisonnables pour remplacer, \u00e0 ses frais et dans un d\u00e9lai raisonnable, le produit d\u00e9fectueux. Si cela s&rsquo;av\u00e9rait impossible, ou s&rsquo;av\u00e9rait trop on\u00e9reux pour Firenzemuseistore.com, le consommateur aura le droit de r\u00e9silier le contrat de vente et, par cons\u00e9quent, d&rsquo;obtenir le remboursement des sommes pay\u00e9es pour l&rsquo;achat et l&rsquo;exp\u00e9dition du produit, excluant toute autre responsabilit\u00e9 de shop.uffizi.it, \u00e0 quelque titre et pour quelque raison que ce soit.<br \/>Si le client remarque des diff\u00e9rences entre ce qu&rsquo;il a command\u00e9 et ce qu&rsquo;il a re\u00e7u, et en particulier, si il rencontre des probl\u00e8mes concernant l&rsquo;int\u00e9grit\u00e9, la correspondance ou la compl\u00e9tude des produits re\u00e7us, il devra en informer imm\u00e9diatement le service Assistance Clients de shop.uffizi.it. Le service clients fournira les indications n\u00e9cessaires \u00e0 la r\u00e9solution du probl\u00e8me et, si possible, \u00e0 l&rsquo;exp\u00e9dition des articles manquantes, au remplacement des articles d\u00e9fectueux ou \u00e0 leur remboursement. En aucun cas le client ne sera tenu de retourner \u00e0 ses frais des articles d\u00e9fectueux ou re\u00e7us par erreur.<br \/>En cas de pr\u00e9sence de d\u00e9fauts, le client est invit\u00e9 \u00e0 signaler l&rsquo;anomalie du produit re\u00e7u, en \u00e9crivant et en demandant l&rsquo;autorisation pour sa restitution \u00e0 l&rsquo;adresse de courrier \u00e9lectronique <u><a id=\"OWA0e1963fc-45d8-62df-9799-10f409abea29\" title=\"mailto:helpshopuffizi@orbital-cultura.com\" href=\"mailto:helpshopuffizi@orbital-cultura.com\" data-linkindex=\"0\" data-olk-copy-source=\"MessageBody\">helpshopuffizi@orbital-cultura.com<\/a><\/u>.<\/p><p>\u2022 le bien n&rsquo;est pas idoine \u00e0 l&rsquo;usage auquel servent habituellement les biens du m\u00eame type;<br \/>\u2022 le bien n&rsquo;est pas conforme \u00e0 la description faite par le vendeur et ne poss\u00e8de pas les qualit\u00e9s du bien que le vendeur a pr\u00e9sent\u00e9 au consommateur comme \u00e9chantillon ou mod\u00e8le;<br \/>\u2022 le bien ne pr\u00e9sente pas la qualit\u00e9 et les performances habituelles d&rsquo;un bien du m\u00eame type que le consommateur peut raisonnablement attendre compte tenu de la nature du bien et, le cas \u00e9ch\u00e9ant, des d\u00e9clarations publiques sur les caract\u00e9ristiques sp\u00e9cifiques des biens, notamment la publicit\u00e9 ou l&rsquo;\u00e9tiquetage;<br \/>\u2022 le bien n&rsquo;est en outre pas idoine \u00e0 l&rsquo;usage particulier voulu par le consommateur, et port\u00e9 par celui-ci \u00e0 la connaissance du vendeur au moment de la conclusion du contrat.<br \/>Si la demande de restitution (retour) est autoris\u00e9e, le client est invit\u00e9 \u00e0 exp\u00e9dier el produit d\u00e9fectueux, en utilisant \u00e0 son choix un transporteur ou la Poste, \u00e0 shop.uffizi.it. Il devra le remballer soigneusement dans son emballage d&rsquo;origine, y ins\u00e9rant le \u00ab\u00a0formulaire de remplacement des produits d\u00e9fectueux\u00a0\u00bb correctement rempli, ainsi que la copie de la facture d&rsquo;achat.<br \/>Le produit de remplacement ne sera exp\u00e9di\u00e9 par shop.uffizi.it qu&rsquo;apr\u00e8s r\u00e9ception du produit d\u00e9fectueux et des documents requis ci-dessus correctement remplis.<br \/>La demande de remboursement doit \u00eatre re\u00e7ue dans les 60 jours ouvrables \u00e0 compter de la date de livraison de la commande.<br \/>Si le produit n&rsquo;est plus disponible, shop.uffizi.it proc\u00e8dera, par virement bancaire, au remboursement de la somme indiqu\u00e9e dans la commande d&rsquo;achat et des frais de livraison, dans les 14 jours ouvrables suivant la r\u00e9ception du produit d\u00e9fectueux.<br \/>Le produit devra \u00eatre dans le m\u00eame \u00e9tat que celui dans lequel il a \u00e9t\u00e9 livr\u00e9 et conserver, dans la mesure du possible, son emballage et l&rsquo;\u00e9tiquette d&rsquo;origine. Dans le cas o\u00f9 l&#8217;emballage d&rsquo;origine ne serait pas disponible, le client devra renvoyer le produit convenablement emball\u00e9 de fa\u00e7on \u00e0 pr\u00e9server son int\u00e9grit\u00e9.<br \/>Le paquet devra \u00eatre envoy\u00e9 \u00e0 l&rsquo;adresse indiqu\u00e9e dans l&#8217;email d&rsquo;autorisation. Nous n&rsquo;accepterons pas les retours envoy\u00e9s \u00e0 des adresses diff\u00e9rentes, y compris \u00e0 l&rsquo;adresse de shop.uffizi.it ou du partenaire commercial qui a effectu\u00e9 la livraison.<\/p>\t\t\t\t\t\t\t\t<\/div>\n\t\t\t\t<\/div>\n\t\t\t\t<div class=\"elementor-element elementor-element-9521a02 elementor-widget elementor-widget-heading\" data-id=\"9521a02\" data-element_type=\"widget\" data-e-type=\"widget\" data-widget_type=\"heading.default\">\n\t\t\t\t<div class=\"elementor-widget-container\">\n\t\t\t\t\t<h3 class=\"elementor-heading-title elementor-size-default\">Droit de r\u00e9tractation<\/h3>\t\t\t\t<\/div>\n\t\t\t\t<\/div>\n\t\t\t\t<div class=\"elementor-element elementor-element-6657e76 elementor-widget elementor-widget-text-editor\" data-id=\"6657e76\" data-element_type=\"widget\" data-e-type=\"widget\" data-widget_type=\"text-editor.default\">\n\t\t\t\t<div class=\"elementor-widget-container\">\n\t\t\t\t\t\t\t\t\t<p>Conform\u00e9ment aux articles 64 et suivants du D\u00e9cret l\u00e9gislatif n\u00b0 206\/05, le Client peut exercer son droit de r\u00e9tractation sans aucune p\u00e9nalit\u00e9 et sans avoir \u00e0 en indiquer le motif.<br \/><span style=\"font-style: inherit; font-weight: inherit; font-family: -apple-system, BlinkMacSystemFont, 'Segoe UI', Roboto, Oxygen, Ubuntu, Cantarell, 'Fira Sans', 'Droid Sans', 'Helvetica Neue', sans-serif;\">Pour exercer ce droit, le Client devra envoyer \u00e0 <\/span><a style=\"font-style: inherit; font-weight: inherit; background-color: #ffffff; font-family: -apple-system, BlinkMacSystemFont, 'Segoe UI', Roboto, Oxygen, Ubuntu, Cantarell, 'Fira Sans', 'Droid Sans', 'Helvetica Neue', sans-serif;\" href=\"https:\/\/shop.uffizi.it\">Shop.uffizi.it<\/a><span style=\"font-style: inherit; font-weight: inherit; font-family: -apple-system, BlinkMacSystemFont, 'Segoe UI', Roboto, Oxygen, Ubuntu, Cantarell, 'Fira Sans', 'Droid Sans', 'Helvetica Neue', sans-serif;\"> une communication \u00e9crite par e-mail dans un d\u00e9lai de 14 jours ouvrables \u00e0 compter de la r\u00e9ception des marchandises. Cette communication devra \u00eatre envoy\u00e9e \u00e0 : <u><a id=\"OWA0e1963fc-45d8-62df-9799-10f409abea29\" title=\"mailto:helpshopuffizi@orbital-cultura.com\" href=\"mailto:helpshopuffizi@orbital-cultura.com\" data-linkindex=\"0\" data-olk-copy-source=\"MessageBody\">helpshopuffizi@orbital-cultura.com.<\/a><\/u><\/span><\/p><p>Le retour des Produits faisant l\u2019objet de la r\u00e9tractation devra \u00eatre effectu\u00e9 par le Consommateur, \u00e0 ses frais et sous sa responsabilit\u00e9, via le transporteur de son choix.<br \/>Apr\u00e8s v\u00e9rification de l\u2019int\u00e9grit\u00e9 du produit retourn\u00e9, shop.uffizi.it proc\u00e9dera au remboursement du montant total pay\u00e9, \u00e0 l\u2019exclusion des frais de livraison.<br \/>Le remboursement sera effectu\u00e9 selon le m\u00eame mode de paiement que celui utilis\u00e9 lors de la commande, dans un d\u00e9lai de 30 jours calendaires \u00e0 compter de la r\u00e9ception dans les locaux de shop.uffizi.it.<\/p><p>Le droit de r\u00e9tractation sera nul si le produit retourn\u00e9 n\u2019est pas intact, si l\u2019emballage d\u2019origine est manquant, si des \u00e9l\u00e9ments essentiels du produit sont absents ou si le produit est endommag\u00e9 pour des causes autres que le transport.<br \/>Pour toute information ou clarification concernant les conditions de vente et les produits, le Client peut \u00e9crire \u00e0 <u><a id=\"OWA0e1963fc-45d8-62df-9799-10f409abea29\" title=\"mailto:helpshopuffizi@orbital-cultura.com\" href=\"mailto:helpshopuffizi@orbital-cultura.com\" data-linkindex=\"0\" data-olk-copy-source=\"MessageBody\">helpshopuffizi@orbital-cultura.com<\/a><\/u>.<\/p><p>Le contrat entre shop.uffizi.it et le Client est r\u00e9gi par le droit italien.<\/p>\t\t\t\t\t\t\t\t<\/div>\n\t\t\t\t<\/div>\n\t\t\t\t\t<\/div>\n\t\t<\/div>\n\t\t\t\t\t<\/div>\n\t\t<\/section>\n\t\t\t\t<\/div>\n\t\t","protected":false},"excerpt":{"rendered":"<p>Si les produits et les services b\u00e9n\u00e9ficient d&rsquo;une garantie conventionnelle reconnue par le fabricant, tout vice, d\u00e9faut ou difformit\u00e9 devra etre signal\u00e9 directement au fabricant comme indiqu\u00e9 sur l&#8217;emballage du produit. Sauf dispositions imp\u00e9ratives de la loi, shop.uffizi.it d\u00e9clare qu&rsquo;il n&rsquo;a aucune responsabilit\u00e9 en ce qui concerne les vices, d\u00e9fauts ou non-conformit\u00e9s du produit. Ceci [&hellip;]<\/p>\n","protected":false},"author":922,"featured_media":0,"parent":0,"menu_order":0,"comment_status":"closed","ping_status":"closed","template":"","meta":{"_acf_changed":false,"site-sidebar-layout":"no-sidebar","site-content-layout":"page-builder","ast-site-content-layout":"default","site-content-style":"default","site-sidebar-style":"default","ast-global-header-display":"","ast-banner-title-visibility":"","ast-main-header-display":"","ast-hfb-above-header-display":"","ast-hfb-below-header-display":"","ast-hfb-mobile-header-display":"","site-post-title":"disabled","ast-breadcrumbs-content":"","ast-featured-img":"disabled","footer-sml-layout":"","ast-disable-related-posts":"","theme-transparent-header-meta":"default","adv-header-id-meta":"","stick-header-meta":"default","header-above-stick-meta":"","header-main-stick-meta":"","header-below-stick-meta":"","astra-migrate-meta-layouts":"default","ast-page-background-enabled":"default","ast-page-background-meta":{"desktop":{"background-color":"","background-image":"","background-repeat":"repeat","background-position":"center center","background-size":"auto","background-attachment":"scroll","background-type":"","background-media":"","overlay-type":"","overlay-color":"","overlay-opacity":"","overlay-gradient":""},"tablet":{"background-color":"","background-image":"","background-repeat":"repeat","background-position":"center center","background-size":"auto","background-attachment":"scroll","background-type":"","background-media":"","overlay-type":"","overlay-color":"","overlay-opacity":"","overlay-gradient":""},"mobile":{"background-color":"","background-image":"","background-repeat":"repeat","background-position":"center center","background-size":"auto","background-attachment":"scroll","background-type":"","background-media":"","overlay-type":"","overlay-color":"","overlay-opacity":"","overlay-gradient":""}},"ast-content-background-meta":{"desktop":{"background-color":"var(--ast-global-color-5)","background-image":"","background-repeat":"repeat","background-position":"center center","background-size":"auto","background-attachment":"scroll","background-type":"","background-media":"","overlay-type":"","overlay-color":"","overlay-opacity":"","overlay-gradient":""},"tablet":{"background-color":"var(--ast-global-color-5)","background-image":"","background-repeat":"repeat","background-position":"center center","background-size":"auto","background-attachment":"scroll","background-type":"","background-media":"","overlay-type":"","overlay-color":"","overlay-opacity":"","overlay-gradient":""},"mobile":{"background-color":"var(--ast-global-color-5)","background-image":"","background-repeat":"repeat","background-position":"center center","background-size":"auto","background-attachment":"scroll","background-type":"","background-media":"","overlay-type":"","overlay-color":"","overlay-opacity":"","overlay-gradient":""}},"footnotes":""},"class_list":["post-30317","page","type-page","status-publish","hentry"],"acf":[],"yoast_head":"<!-- This site is optimized with the Yoast SEO plugin v27.3 - https:\/\/yoast.com\/product\/yoast-seo-wordpress\/ -->\n<title>Garantie et restitutions - Le Gallerie degli Uffizi Shop<\/title>\n<meta name=\"robots\" content=\"index, follow, max-snippet:-1, max-image-preview:large, max-video-preview:-1\" \/>\n<link rel=\"canonical\" href=\"https:\/\/shop.uffizi.it\/fr\/garantie-et-restitutions\/\" \/>\n<meta property=\"og:locale\" content=\"fr_FR\" \/>\n<meta property=\"og:type\" content=\"article\" \/>\n<meta property=\"og:title\" content=\"Garantie et restitutions - Le Gallerie degli Uffizi Shop\" \/>\n<meta property=\"og:description\" content=\"Si les produits et les services b\u00e9n\u00e9ficient d&rsquo;une garantie conventionnelle reconnue par le fabricant, tout vice, d\u00e9faut ou difformit\u00e9 devra etre signal\u00e9 directement au fabricant comme indiqu\u00e9 sur l&#8217;emballage du produit. Sauf dispositions imp\u00e9ratives de la loi, shop.uffizi.it d\u00e9clare qu&rsquo;il n&rsquo;a aucune responsabilit\u00e9 en ce qui concerne les vices, d\u00e9fauts ou non-conformit\u00e9s du produit. Ceci [&hellip;]\" \/>\n<meta property=\"og:url\" content=\"https:\/\/shop.uffizi.it\/fr\/garantie-et-restitutions\/\" \/>\n<meta property=\"og:site_name\" content=\"Le Gallerie degli Uffizi Shop\" \/>\n<meta property=\"article:modified_time\" content=\"2026-01-20T14:35:18+00:00\" \/>\n<meta name=\"twitter:card\" content=\"summary_large_image\" \/>\n<meta name=\"twitter:label1\" content=\"Dur\u00e9e de lecture estim\u00e9e\" \/>\n\t<meta name=\"twitter:data1\" content=\"5 minutes\" \/>\n<script type=\"application\/ld+json\" class=\"yoast-schema-graph\">{\"@context\":\"https:\\\/\\\/schema.org\",\"@graph\":[{\"@type\":\"WebPage\",\"@id\":\"https:\\\/\\\/shop.uffizi.it\\\/fr\\\/garantie-et-restitutions\\\/\",\"url\":\"https:\\\/\\\/shop.uffizi.it\\\/fr\\\/garantie-et-restitutions\\\/\",\"name\":\"Garantie et restitutions - Le Gallerie degli Uffizi Shop\",\"isPartOf\":{\"@id\":\"https:\\\/\\\/shop.uffizi.it\\\/fr\\\/#website\"},\"datePublished\":\"2025-11-26T15:10:34+00:00\",\"dateModified\":\"2026-01-20T14:35:18+00:00\",\"breadcrumb\":{\"@id\":\"https:\\\/\\\/shop.uffizi.it\\\/fr\\\/garantie-et-restitutions\\\/#breadcrumb\"},\"inLanguage\":\"fr-FR\",\"potentialAction\":[{\"@type\":\"ReadAction\",\"target\":[\"https:\\\/\\\/shop.uffizi.it\\\/fr\\\/garantie-et-restitutions\\\/\"]}]},{\"@type\":\"BreadcrumbList\",\"@id\":\"https:\\\/\\\/shop.uffizi.it\\\/fr\\\/garantie-et-restitutions\\\/#breadcrumb\",\"itemListElement\":[{\"@type\":\"ListItem\",\"position\":1,\"name\":\"Home\",\"item\":\"https:\\\/\\\/shop.uffizi.it\\\/fr\\\/\"},{\"@type\":\"ListItem\",\"position\":2,\"name\":\"Garantie et restitutions\"}]},{\"@type\":\"WebSite\",\"@id\":\"https:\\\/\\\/shop.uffizi.it\\\/fr\\\/#website\",\"url\":\"https:\\\/\\\/shop.uffizi.it\\\/fr\\\/\",\"name\":\"Le Gallerie degli Uffizi Shop\",\"description\":\"\",\"publisher\":{\"@id\":\"https:\\\/\\\/shop.uffizi.it\\\/fr\\\/#organization\"},\"potentialAction\":[{\"@type\":\"SearchAction\",\"target\":{\"@type\":\"EntryPoint\",\"urlTemplate\":\"https:\\\/\\\/shop.uffizi.it\\\/fr\\\/?s={search_term_string}\"},\"query-input\":{\"@type\":\"PropertyValueSpecification\",\"valueRequired\":true,\"valueName\":\"search_term_string\"}}],\"inLanguage\":\"fr-FR\"},{\"@type\":\"Organization\",\"@id\":\"https:\\\/\\\/shop.uffizi.it\\\/fr\\\/#organization\",\"name\":\"Le Gallerie degli Uffizi Shop\",\"url\":\"https:\\\/\\\/shop.uffizi.it\\\/fr\\\/\",\"logo\":{\"@type\":\"ImageObject\",\"inLanguage\":\"fr-FR\",\"@id\":\"https:\\\/\\\/shop.uffizi.it\\\/fr\\\/#\\\/schema\\\/logo\\\/image\\\/\",\"url\":\"https:\\\/\\\/shop.uffizi.it\\\/wp-content\\\/uploads\\\/2025\\\/11\\\/uffizi_shop_logo.svg\",\"contentUrl\":\"https:\\\/\\\/shop.uffizi.it\\\/wp-content\\\/uploads\\\/2025\\\/11\\\/uffizi_shop_logo.svg\",\"width\":178,\"height\":37,\"caption\":\"Le Gallerie degli Uffizi Shop\"},\"image\":{\"@id\":\"https:\\\/\\\/shop.uffizi.it\\\/fr\\\/#\\\/schema\\\/logo\\\/image\\\/\"}}]}<\/script>\n<!-- \/ Yoast SEO plugin. -->","yoast_head_json":{"title":"Garantie et restitutions - Le Gallerie degli Uffizi Shop","robots":{"index":"index","follow":"follow","max-snippet":"max-snippet:-1","max-image-preview":"max-image-preview:large","max-video-preview":"max-video-preview:-1"},"canonical":"https:\/\/shop.uffizi.it\/fr\/garantie-et-restitutions\/","og_locale":"fr_FR","og_type":"article","og_title":"Garantie et restitutions - Le Gallerie degli Uffizi Shop","og_description":"Si les produits et les services b\u00e9n\u00e9ficient d&rsquo;une garantie conventionnelle reconnue par le fabricant, tout vice, d\u00e9faut ou difformit\u00e9 devra etre signal\u00e9 directement au fabricant comme indiqu\u00e9 sur l&#8217;emballage du produit. Sauf dispositions imp\u00e9ratives de la loi, shop.uffizi.it d\u00e9clare qu&rsquo;il n&rsquo;a aucune responsabilit\u00e9 en ce qui concerne les vices, d\u00e9fauts ou non-conformit\u00e9s du produit. Ceci [&hellip;]","og_url":"https:\/\/shop.uffizi.it\/fr\/garantie-et-restitutions\/","og_site_name":"Le Gallerie degli Uffizi Shop","article_modified_time":"2026-01-20T14:35:18+00:00","twitter_card":"summary_large_image","twitter_misc":{"Dur\u00e9e de lecture estim\u00e9e":"5 minutes"},"schema":{"@context":"https:\/\/schema.org","@graph":[{"@type":"WebPage","@id":"https:\/\/shop.uffizi.it\/fr\/garantie-et-restitutions\/","url":"https:\/\/shop.uffizi.it\/fr\/garantie-et-restitutions\/","name":"Garantie et restitutions - Le Gallerie degli Uffizi Shop","isPartOf":{"@id":"https:\/\/shop.uffizi.it\/fr\/#website"},"datePublished":"2025-11-26T15:10:34+00:00","dateModified":"2026-01-20T14:35:18+00:00","breadcrumb":{"@id":"https:\/\/shop.uffizi.it\/fr\/garantie-et-restitutions\/#breadcrumb"},"inLanguage":"fr-FR","potentialAction":[{"@type":"ReadAction","target":["https:\/\/shop.uffizi.it\/fr\/garantie-et-restitutions\/"]}]},{"@type":"BreadcrumbList","@id":"https:\/\/shop.uffizi.it\/fr\/garantie-et-restitutions\/#breadcrumb","itemListElement":[{"@type":"ListItem","position":1,"name":"Home","item":"https:\/\/shop.uffizi.it\/fr\/"},{"@type":"ListItem","position":2,"name":"Garantie et restitutions"}]},{"@type":"WebSite","@id":"https:\/\/shop.uffizi.it\/fr\/#website","url":"https:\/\/shop.uffizi.it\/fr\/","name":"Le Gallerie degli Uffizi Shop","description":"","publisher":{"@id":"https:\/\/shop.uffizi.it\/fr\/#organization"},"potentialAction":[{"@type":"SearchAction","target":{"@type":"EntryPoint","urlTemplate":"https:\/\/shop.uffizi.it\/fr\/?s={search_term_string}"},"query-input":{"@type":"PropertyValueSpecification","valueRequired":true,"valueName":"search_term_string"}}],"inLanguage":"fr-FR"},{"@type":"Organization","@id":"https:\/\/shop.uffizi.it\/fr\/#organization","name":"Le Gallerie degli Uffizi Shop","url":"https:\/\/shop.uffizi.it\/fr\/","logo":{"@type":"ImageObject","inLanguage":"fr-FR","@id":"https:\/\/shop.uffizi.it\/fr\/#\/schema\/logo\/image\/","url":"https:\/\/shop.uffizi.it\/wp-content\/uploads\/2025\/11\/uffizi_shop_logo.svg","contentUrl":"https:\/\/shop.uffizi.it\/wp-content\/uploads\/2025\/11\/uffizi_shop_logo.svg","width":178,"height":37,"caption":"Le Gallerie degli Uffizi Shop"},"image":{"@id":"https:\/\/shop.uffizi.it\/fr\/#\/schema\/logo\/image\/"}}]}},"_links":{"self":[{"href":"https:\/\/shop.uffizi.it\/fr\/wp-json\/wp\/v2\/pages\/30317","targetHints":{"allow":["GET"]}}],"collection":[{"href":"https:\/\/shop.uffizi.it\/fr\/wp-json\/wp\/v2\/pages"}],"about":[{"href":"https:\/\/shop.uffizi.it\/fr\/wp-json\/wp\/v2\/types\/page"}],"author":[{"embeddable":true,"href":"https:\/\/shop.uffizi.it\/fr\/wp-json\/wp\/v2\/users\/922"}],"replies":[{"embeddable":true,"href":"https:\/\/shop.uffizi.it\/fr\/wp-json\/wp\/v2\/comments?post=30317"}],"version-history":[{"count":25,"href":"https:\/\/shop.uffizi.it\/fr\/wp-json\/wp\/v2\/pages\/30317\/revisions"}],"predecessor-version":[{"id":32751,"href":"https:\/\/shop.uffizi.it\/fr\/wp-json\/wp\/v2\/pages\/30317\/revisions\/32751"}],"wp:attachment":[{"href":"https:\/\/shop.uffizi.it\/fr\/wp-json\/wp\/v2\/media?parent=30317"}],"curies":[{"name":"wp","href":"https:\/\/api.w.org\/{rel}","templated":true}]}}