{"id":29900,"date":"2025-11-25T14:06:26","date_gmt":"2025-11-25T13:06:26","guid":{"rendered":"https:\/\/shop.uffizi.it\/?page_id=29900"},"modified":"2025-11-25T14:47:16","modified_gmt":"2025-11-25T13:47:16","slug":"politique-des-cookies","status":"publish","type":"page","link":"https:\/\/shop.uffizi.it\/fr\/politique-des-cookies\/","title":{"rendered":"Politique des cookies"},"content":{"rendered":"\t\t<div data-elementor-type=\"wp-page\" data-elementor-id=\"29900\" class=\"elementor elementor-29900 elementor-4976\" data-elementor-post-type=\"page\">\n\t\t\t\t\t\t<section class=\"elementor-section elementor-top-section elementor-element elementor-element-68f65a6 elementor-section-boxed elementor-section-height-default elementor-section-height-default\" data-id=\"68f65a6\" data-element_type=\"section\" data-e-type=\"section\">\n\t\t\t\t\t\t<div class=\"elementor-container elementor-column-gap-default\">\n\t\t\t\t\t<div class=\"elementor-column elementor-col-100 elementor-top-column elementor-element elementor-element-d794bbf\" data-id=\"d794bbf\" data-element_type=\"column\" data-e-type=\"column\">\n\t\t\t<div class=\"elementor-widget-wrap elementor-element-populated\">\n\t\t\t\t\t\t<div class=\"elementor-element elementor-element-f5e9772 elementor-widget elementor-widget-text-editor\" data-id=\"f5e9772\" data-element_type=\"widget\" data-e-type=\"widget\" data-widget_type=\"text-editor.default\">\n\t\t\t\t<div class=\"elementor-widget-container\">\n\t\t\t\t\t\t\t\t\t<p>Cette page d\u00e9crit les <strong>cookies<\/strong> utilis\u00e9s dans le site web <strong>shop.uffizi.it<\/strong> conform\u00e9ment au traitement des <strong>donn\u00e9es personnelles<\/strong> des utilisateurs qui le consultent.<\/p>\n\n<p>La pr\u00e9sente note d&rsquo;information est fournie conform\u00e9ment \u00e0 la <strong>l\u00e9gislation en vigueur<\/strong> sur la protection des donn\u00e9es personnelles, tel que pr\u00e9vu par l\u2019art. 13 du <strong>R\u00e8glement UE 2016\/679<\/strong> du 27 avril 2016 et par la d\u00e9cision du <strong>Garante Privacy<\/strong> italien du 8 mai 2014 concernant la gestion et l&rsquo;utilisation des cookies. Elle s\u2019adresse aux sujets qui interagissent avec les services web de l\u2019<strong>ATI<\/strong>, accessibles par voie t\u00e9l\u00e9matique \u00e0 l\u2019adresse : <strong>https:\/\/shop.uffizi.it\/<\/strong><\/p>\n\n<p>L\u2019information est fournie uniquement pour ce site et non pour d\u2019autres sites web \u00e9ventuellement consult\u00e9s par l\u2019utilisateur via des liens.<\/p>\n\n<p><strong>CE QUE SONT LES COOKIES<\/strong><\/p>\n\n<p>Les <strong>cookies<\/strong> sont de petits fichiers texte que les sites visit\u00e9s envoient au navigateur de l\u2019utilisateur, dans lequel ils sont stock\u00e9s pour \u00eatre ensuite renvoy\u00e9s aux m\u00eames sites lors d\u2019une visite ult\u00e9rieure du m\u00eame utilisateur. De cette fa\u00e7on, le site web ou le serveur reconna\u00eet le navigateur et se souvient des <strong>pr\u00e9f\u00e9rences<\/strong> exprim\u00e9es par l\u2019utilisateur ainsi que d\u2019autres informations utiles pour faciliter sa navigation.<\/p>\n\n<p>Les cookies diff\u00e8rent les uns des autres selon les <strong>finalit\u00e9s<\/strong> poursuivies par ceux qui les utilisent.<\/p>\n\n<p><em><u>COOKIES PROPRI\u00c9TAIRES ET DE TIERS<\/u><\/em><\/p>\n\n<p>Selon l\u2019entit\u00e9 sp\u00e9cifique qui installe les cookies sur le terminal de l\u2019utilisateur, ils peuvent \u00eatre distingu\u00e9s en :<\/p>\n\n<ul>\n  <li><em><strong>Cookies propri\u00e9taires<\/strong><\/em> : D\u00e9finis par les sites eux-m\u00eames (m\u00eame domaine que celui indiqu\u00e9 dans la barre d\u2019adresse du navigateur) et lisibles uniquement par ces sites.<\/li>\n  <li><em><strong>Cookies de tiers<\/strong><\/em> : D\u00e9finis par des domaines autres que celui indiqu\u00e9 dans la barre d\u2019adresse du navigateur, c\u2019est-\u00e0-dire par des organisations qui ne correspondent pas aux propri\u00e9taires des sites web. Ils sont utilis\u00e9s, par exemple, pour collecter des informations \u00e0 des fins <strong>publicitaires<\/strong>, de <strong>personnalisation de contenu<\/strong> ou pour <strong>suivre les visites<\/strong> du site.<\/li>\n<\/ul>\n\n<p><em><u>COOKIES TECHNIQUES ET DE PROFILAGE<\/u><\/em><\/p>\n\n<p>Les cookies peuvent \u00e9galement \u00eatre distingu\u00e9s en :<\/p>\n\n<ul>\n  <li><em><strong>Cookies techniques<\/strong><\/em> : Indispensables pour assurer le fonctionnement correct d\u2019un site web ou d\u2019une application. Sans eux, certaines fonctionnalit\u00e9s du site pourraient \u00eatre compromises. Leur installation ne requiert pas de <strong>consentement<\/strong> pr\u00e9alable.<\/li>\n  <li><em><strong>Cookies de profilage<\/strong><\/em> : Servent \u00e0 collecter et stocker des informations sur le visiteur (pages visit\u00e9es, recherches effectu\u00e9es, etc.) afin d\u2019offrir des <strong>publicit\u00e9s cibl\u00e9es<\/strong> conformes \u00e0 ses centres d\u2019int\u00e9r\u00eat. Leur utilisation n\u00e9cessite le consentement de l\u2019utilisateur. Dans le cas de cookies tiers, le site n\u2019a aucun contr\u00f4le direct sur ceux-ci (il ne peut ni les installer ni les supprimer). L\u2019utilisateur peut n\u00e9anmoins les g\u00e9rer via les param\u00e8tres du <strong>navigateur<\/strong> (voir section \u00ab Comment \u00e9liminer les cookies de son ordinateur \u00bb), ou via les services indiqu\u00e9s dans la section \u00ab Comment s&rsquo;opposer aux cookies de tiers \u00bb.<\/li>\n<\/ul>\n\n<p><em><u>COOKIES TEMPORAIRES ET PERMANENTS<\/u><\/em><\/p>\n\n<p>Les cookies ont une <strong>dur\u00e9e<\/strong> \u00e9tablie par leur date d\u2019expiration (ou par une action sp\u00e9cifique comme la fermeture du navigateur) d\u00e9finie lors de leur installation. Ils peuvent \u00eatre class\u00e9s en :<\/p>\n\n<ul>\n  <li><em><strong>Cookies temporaires ou de session<\/strong><\/em> : Stock\u00e9s temporairement pendant la visite d\u2019un site (par exemple pour garder en m\u00e9moire la langue choisie). Ils sont supprim\u00e9s \u00e0 la fermeture du navigateur.<\/li>\n  <li><em><strong>Cookies permanents<\/strong><\/em> : Reste sur l\u2019ordinateur pendant une longue p\u00e9riode selon la dur\u00e9e d\u00e9finie lors de leur cr\u00e9ation. Ils permettent de conserver des informations lors des visites successives, comme les identifiants de connexion.<\/li>\n<\/ul>\n\n<p><strong>TYPOLOGIE DE COOKIES UTILIS\u00c9S PAR CE SITE<\/strong><\/p>\n\n<p>Ce site utilise les <strong>cookies<\/strong> suivants :<\/p>\n\n<ul>\n  <li><em><strong>Cookies de navigation\/session<\/strong><\/em> : Essentiels pour naviguer dans le site et utiliser toutes ses fonctionnalit\u00e9s. Sans eux, il serait impossible de fournir certains <strong>services<\/strong>. Ils ne collectent pas d\u2019informations \u00e0 des fins commerciales.<\/li>\n  <li><em><strong>Cookies analytiques de tiers<\/strong><\/em> : Collectent et analysent sous forme anonyme et\/ou agr\u00e9g\u00e9e des informations sur l\u2019utilisation du site (pages visit\u00e9es, etc.) afin d\u2019offrir une <strong>meilleure exp\u00e9rience de navigation<\/strong>. Ils ne permettent pas d\u2019identifier les utilisateurs.<\/li>\n<\/ul>\n\n<p>Pour plus d\u2019informations sur les <strong>cookies de tiers<\/strong> et pour s\u2019y opposer, consultez les politiques indiqu\u00e9es ci-dessous :<\/p>\n\n<p><strong>Google Analytics (Google Ireland Limited)<\/strong><br>\nGoogle Analytics est un service d\u2019<strong>analyse web<\/strong> fourni par <strong>Google Ireland Limited<\/strong>. Il analyse l\u2019utilisation du site, g\u00e9n\u00e8re des rapports et partage ces donn\u00e9es avec d\u2019autres services Google.<\/p>\n\n<p><strong>Google Tag Manager (Google Ireland Limited)<\/strong><br>\nService de <strong>gestion de balises<\/strong> fourni par <strong>Google Ireland Limited<\/strong>.<\/p>\n\n<p><strong>Font Awesome (Fonticons, Inc.)<\/strong><br>\nService permettant l\u2019affichage de <strong>jeux de polices<\/strong> g\u00e9r\u00e9 par <strong>Fonticons, Inc.<\/strong><\/p>\n\n<p><strong>Google Fonts (Google Ireland Limited)<\/strong><br>\nService d\u2019affichage de <strong>polices de caract\u00e8res<\/strong> g\u00e9r\u00e9 par <strong>Google Ireland Limited<\/strong>.<\/p>\n\n<p><strong>COMMENT \u00c9LIMINER LES COOKIES DE SON ORDINATEUR<\/strong><\/p>\n\n<p>Les cookies peuvent \u00eatre <strong>limit\u00e9s ou bloqu\u00e9s<\/strong> en modifiant les param\u00e8tres du navigateur.<\/p>\n\n<p>Les liens suivants fournissent des instructions pour supprimer les cookies selon les navigateurs les plus utilis\u00e9s :<\/p>\n\n<ul>\n  <li><strong><em>Mozilla Firefox<\/em><\/strong> : Pour plus d&rsquo;informations, veuillez visiter la page d\u00e9di\u00e9e.<\/li>\n  <li><strong><em>Microsoft Internet Explorer<\/em><\/strong> : Pour plus d&rsquo;informations, veuillez visiter la page d\u00e9di\u00e9e.<\/li>\n  <li><strong><em>Chrome<\/em><\/strong> : Pour plus d&rsquo;informations, veuillez visiter la page d\u00e9di\u00e9e.<\/li>\n  <li><strong><em>Opera<\/em><\/strong> : Pour plus d&rsquo;informations, veuillez visiter la page d\u00e9di\u00e9e.<\/li>\n  <li><strong><em>Safari iOS<\/em><\/strong> : Pour plus d&rsquo;informations, veuillez visiter la page d\u00e9di\u00e9e.<\/li>\n<\/ul>\n\n<p>La <strong>d\u00e9sactivation<\/strong> de certains cookies peut <strong>limiter les fonctionnalit\u00e9s<\/strong> du site.<\/p>\n\t\t\t\t\t\t\t\t<\/div>\n\t\t\t\t<\/div>\n\t\t\t\t\t<\/div>\n\t\t<\/div>\n\t\t\t\t\t<\/div>\n\t\t<\/section>\n\t\t\t\t<\/div>\n\t\t","protected":false},"excerpt":{"rendered":"<p>Cette page d\u00e9crit les cookies utilis\u00e9s dans le site web shop.uffizi.it conform\u00e9ment au traitement des donn\u00e9es personnelles des utilisateurs qui le consultent. La pr\u00e9sente note d&rsquo;information est fournie conform\u00e9ment \u00e0 la l\u00e9gislation en vigueur sur la protection des donn\u00e9es personnelles, tel que pr\u00e9vu par l\u2019art. 13 du R\u00e8glement UE 2016\/679 du 27 avril 2016 et [&hellip;]<\/p>\n","protected":false},"author":922,"featured_media":0,"parent":0,"menu_order":0,"comment_status":"closed","ping_status":"closed","template":"","meta":{"_acf_changed":false,"site-sidebar-layout":"default","site-content-layout":"","ast-site-content-layout":"default","site-content-style":"default","site-sidebar-style":"default","ast-global-header-display":"","ast-banner-title-visibility":"","ast-main-header-display":"","ast-hfb-above-header-display":"","ast-hfb-below-header-display":"","ast-hfb-mobile-header-display":"","site-post-title":"disabled","ast-breadcrumbs-content":"","ast-featured-img":"","footer-sml-layout":"","ast-disable-related-posts":"","theme-transparent-header-meta":"","adv-header-id-meta":"","stick-header-meta":"","header-above-stick-meta":"","header-main-stick-meta":"","header-below-stick-meta":"","astra-migrate-meta-layouts":"set","ast-page-background-enabled":"default","ast-page-background-meta":{"desktop":{"background-color":"","background-image":"","background-repeat":"repeat","background-position":"center center","background-size":"auto","background-attachment":"scroll","background-type":"","background-media":"","overlay-type":"","overlay-color":"","overlay-opacity":"","overlay-gradient":""},"tablet":{"background-color":"","background-image":"","background-repeat":"repeat","background-position":"center center","background-size":"auto","background-attachment":"scroll","background-type":"","background-media":"","overlay-type":"","overlay-color":"","overlay-opacity":"","overlay-gradient":""},"mobile":{"background-color":"","background-image":"","background-repeat":"repeat","background-position":"center center","background-size":"auto","background-attachment":"scroll","background-type":"","background-media":"","overlay-type":"","overlay-color":"","overlay-opacity":"","overlay-gradient":""}},"ast-content-background-meta":{"desktop":{"background-color":"var(--ast-global-color-5)","background-image":"","background-repeat":"repeat","background-position":"center center","background-size":"auto","background-attachment":"scroll","background-type":"","background-media":"","overlay-type":"","overlay-color":"","overlay-opacity":"","overlay-gradient":""},"tablet":{"background-color":"var(--ast-global-color-5)","background-image":"","background-repeat":"repeat","background-position":"center center","background-size":"auto","background-attachment":"scroll","background-type":"","background-media":"","overlay-type":"","overlay-color":"","overlay-opacity":"","overlay-gradient":""},"mobile":{"background-color":"var(--ast-global-color-5)","background-image":"","background-repeat":"repeat","background-position":"center center","background-size":"auto","background-attachment":"scroll","background-type":"","background-media":"","overlay-type":"","overlay-color":"","overlay-opacity":"","overlay-gradient":""}},"footnotes":""},"class_list":["post-29900","page","type-page","status-publish","hentry"],"acf":[],"yoast_head":"<!-- This site is optimized with the Yoast SEO plugin v27.3 - https:\/\/yoast.com\/product\/yoast-seo-wordpress\/ -->\n<title>Politique des cookies - Le Gallerie degli Uffizi Shop<\/title>\n<meta name=\"robots\" content=\"index, follow, max-snippet:-1, max-image-preview:large, max-video-preview:-1\" \/>\n<link rel=\"canonical\" href=\"https:\/\/shop.uffizi.it\/fr\/politique-des-cookies\/\" \/>\n<meta property=\"og:locale\" content=\"fr_FR\" \/>\n<meta property=\"og:type\" content=\"article\" \/>\n<meta property=\"og:title\" content=\"Politique des cookies - Le Gallerie degli Uffizi Shop\" \/>\n<meta property=\"og:description\" content=\"Cette page d\u00e9crit les cookies utilis\u00e9s dans le site web shop.uffizi.it conform\u00e9ment au traitement des donn\u00e9es personnelles des utilisateurs qui le consultent. La pr\u00e9sente note d&rsquo;information est fournie conform\u00e9ment \u00e0 la l\u00e9gislation en vigueur sur la protection des donn\u00e9es personnelles, tel que pr\u00e9vu par l\u2019art. 13 du R\u00e8glement UE 2016\/679 du 27 avril 2016 et [&hellip;]\" \/>\n<meta property=\"og:url\" content=\"https:\/\/shop.uffizi.it\/fr\/politique-des-cookies\/\" \/>\n<meta property=\"og:site_name\" content=\"Le Gallerie degli Uffizi Shop\" \/>\n<meta property=\"article:modified_time\" content=\"2025-11-25T13:47:16+00:00\" \/>\n<meta name=\"twitter:card\" content=\"summary_large_image\" \/>\n<meta name=\"twitter:label1\" content=\"Dur\u00e9e de lecture estim\u00e9e\" \/>\n\t<meta name=\"twitter:data1\" content=\"5 minutes\" \/>\n<script type=\"application\/ld+json\" class=\"yoast-schema-graph\">{\"@context\":\"https:\\\/\\\/schema.org\",\"@graph\":[{\"@type\":\"WebPage\",\"@id\":\"https:\\\/\\\/shop.uffizi.it\\\/fr\\\/politique-des-cookies\\\/\",\"url\":\"https:\\\/\\\/shop.uffizi.it\\\/fr\\\/politique-des-cookies\\\/\",\"name\":\"Politique des cookies - Le Gallerie degli Uffizi Shop\",\"isPartOf\":{\"@id\":\"https:\\\/\\\/shop.uffizi.it\\\/fr\\\/#website\"},\"datePublished\":\"2025-11-25T13:06:26+00:00\",\"dateModified\":\"2025-11-25T13:47:16+00:00\",\"breadcrumb\":{\"@id\":\"https:\\\/\\\/shop.uffizi.it\\\/fr\\\/politique-des-cookies\\\/#breadcrumb\"},\"inLanguage\":\"fr-FR\",\"potentialAction\":[{\"@type\":\"ReadAction\",\"target\":[\"https:\\\/\\\/shop.uffizi.it\\\/fr\\\/politique-des-cookies\\\/\"]}]},{\"@type\":\"BreadcrumbList\",\"@id\":\"https:\\\/\\\/shop.uffizi.it\\\/fr\\\/politique-des-cookies\\\/#breadcrumb\",\"itemListElement\":[{\"@type\":\"ListItem\",\"position\":1,\"name\":\"Home\",\"item\":\"https:\\\/\\\/shop.uffizi.it\\\/fr\\\/\"},{\"@type\":\"ListItem\",\"position\":2,\"name\":\"Politique des cookies\"}]},{\"@type\":\"WebSite\",\"@id\":\"https:\\\/\\\/shop.uffizi.it\\\/fr\\\/#website\",\"url\":\"https:\\\/\\\/shop.uffizi.it\\\/fr\\\/\",\"name\":\"Le Gallerie degli Uffizi Shop\",\"description\":\"\",\"publisher\":{\"@id\":\"https:\\\/\\\/shop.uffizi.it\\\/fr\\\/#organization\"},\"potentialAction\":[{\"@type\":\"SearchAction\",\"target\":{\"@type\":\"EntryPoint\",\"urlTemplate\":\"https:\\\/\\\/shop.uffizi.it\\\/fr\\\/?s={search_term_string}\"},\"query-input\":{\"@type\":\"PropertyValueSpecification\",\"valueRequired\":true,\"valueName\":\"search_term_string\"}}],\"inLanguage\":\"fr-FR\"},{\"@type\":\"Organization\",\"@id\":\"https:\\\/\\\/shop.uffizi.it\\\/fr\\\/#organization\",\"name\":\"Le Gallerie degli Uffizi Shop\",\"url\":\"https:\\\/\\\/shop.uffizi.it\\\/fr\\\/\",\"logo\":{\"@type\":\"ImageObject\",\"inLanguage\":\"fr-FR\",\"@id\":\"https:\\\/\\\/shop.uffizi.it\\\/fr\\\/#\\\/schema\\\/logo\\\/image\\\/\",\"url\":\"https:\\\/\\\/shop.uffizi.it\\\/wp-content\\\/uploads\\\/2025\\\/11\\\/uffizi_shop_logo.svg\",\"contentUrl\":\"https:\\\/\\\/shop.uffizi.it\\\/wp-content\\\/uploads\\\/2025\\\/11\\\/uffizi_shop_logo.svg\",\"width\":178,\"height\":37,\"caption\":\"Le Gallerie degli Uffizi Shop\"},\"image\":{\"@id\":\"https:\\\/\\\/shop.uffizi.it\\\/fr\\\/#\\\/schema\\\/logo\\\/image\\\/\"}}]}<\/script>\n<!-- \/ Yoast SEO plugin. -->","yoast_head_json":{"title":"Politique des cookies - Le Gallerie degli Uffizi Shop","robots":{"index":"index","follow":"follow","max-snippet":"max-snippet:-1","max-image-preview":"max-image-preview:large","max-video-preview":"max-video-preview:-1"},"canonical":"https:\/\/shop.uffizi.it\/fr\/politique-des-cookies\/","og_locale":"fr_FR","og_type":"article","og_title":"Politique des cookies - Le Gallerie degli Uffizi Shop","og_description":"Cette page d\u00e9crit les cookies utilis\u00e9s dans le site web shop.uffizi.it conform\u00e9ment au traitement des donn\u00e9es personnelles des utilisateurs qui le consultent. La pr\u00e9sente note d&rsquo;information est fournie conform\u00e9ment \u00e0 la l\u00e9gislation en vigueur sur la protection des donn\u00e9es personnelles, tel que pr\u00e9vu par l\u2019art. 13 du R\u00e8glement UE 2016\/679 du 27 avril 2016 et [&hellip;]","og_url":"https:\/\/shop.uffizi.it\/fr\/politique-des-cookies\/","og_site_name":"Le Gallerie degli Uffizi Shop","article_modified_time":"2025-11-25T13:47:16+00:00","twitter_card":"summary_large_image","twitter_misc":{"Dur\u00e9e de lecture estim\u00e9e":"5 minutes"},"schema":{"@context":"https:\/\/schema.org","@graph":[{"@type":"WebPage","@id":"https:\/\/shop.uffizi.it\/fr\/politique-des-cookies\/","url":"https:\/\/shop.uffizi.it\/fr\/politique-des-cookies\/","name":"Politique des cookies - Le Gallerie degli Uffizi Shop","isPartOf":{"@id":"https:\/\/shop.uffizi.it\/fr\/#website"},"datePublished":"2025-11-25T13:06:26+00:00","dateModified":"2025-11-25T13:47:16+00:00","breadcrumb":{"@id":"https:\/\/shop.uffizi.it\/fr\/politique-des-cookies\/#breadcrumb"},"inLanguage":"fr-FR","potentialAction":[{"@type":"ReadAction","target":["https:\/\/shop.uffizi.it\/fr\/politique-des-cookies\/"]}]},{"@type":"BreadcrumbList","@id":"https:\/\/shop.uffizi.it\/fr\/politique-des-cookies\/#breadcrumb","itemListElement":[{"@type":"ListItem","position":1,"name":"Home","item":"https:\/\/shop.uffizi.it\/fr\/"},{"@type":"ListItem","position":2,"name":"Politique des cookies"}]},{"@type":"WebSite","@id":"https:\/\/shop.uffizi.it\/fr\/#website","url":"https:\/\/shop.uffizi.it\/fr\/","name":"Le Gallerie degli Uffizi Shop","description":"","publisher":{"@id":"https:\/\/shop.uffizi.it\/fr\/#organization"},"potentialAction":[{"@type":"SearchAction","target":{"@type":"EntryPoint","urlTemplate":"https:\/\/shop.uffizi.it\/fr\/?s={search_term_string}"},"query-input":{"@type":"PropertyValueSpecification","valueRequired":true,"valueName":"search_term_string"}}],"inLanguage":"fr-FR"},{"@type":"Organization","@id":"https:\/\/shop.uffizi.it\/fr\/#organization","name":"Le Gallerie degli Uffizi Shop","url":"https:\/\/shop.uffizi.it\/fr\/","logo":{"@type":"ImageObject","inLanguage":"fr-FR","@id":"https:\/\/shop.uffizi.it\/fr\/#\/schema\/logo\/image\/","url":"https:\/\/shop.uffizi.it\/wp-content\/uploads\/2025\/11\/uffizi_shop_logo.svg","contentUrl":"https:\/\/shop.uffizi.it\/wp-content\/uploads\/2025\/11\/uffizi_shop_logo.svg","width":178,"height":37,"caption":"Le Gallerie degli Uffizi Shop"},"image":{"@id":"https:\/\/shop.uffizi.it\/fr\/#\/schema\/logo\/image\/"}}]}},"_links":{"self":[{"href":"https:\/\/shop.uffizi.it\/fr\/wp-json\/wp\/v2\/pages\/29900","targetHints":{"allow":["GET"]}}],"collection":[{"href":"https:\/\/shop.uffizi.it\/fr\/wp-json\/wp\/v2\/pages"}],"about":[{"href":"https:\/\/shop.uffizi.it\/fr\/wp-json\/wp\/v2\/types\/page"}],"author":[{"embeddable":true,"href":"https:\/\/shop.uffizi.it\/fr\/wp-json\/wp\/v2\/users\/922"}],"replies":[{"embeddable":true,"href":"https:\/\/shop.uffizi.it\/fr\/wp-json\/wp\/v2\/comments?post=29900"}],"version-history":[{"count":11,"href":"https:\/\/shop.uffizi.it\/fr\/wp-json\/wp\/v2\/pages\/29900\/revisions"}],"predecessor-version":[{"id":29960,"href":"https:\/\/shop.uffizi.it\/fr\/wp-json\/wp\/v2\/pages\/29900\/revisions\/29960"}],"wp:attachment":[{"href":"https:\/\/shop.uffizi.it\/fr\/wp-json\/wp\/v2\/media?parent=29900"}],"curies":[{"name":"wp","href":"https:\/\/api.w.org\/{rel}","templated":true}]}}