{"id":29819,"date":"2025-11-21T14:22:19","date_gmt":"2025-11-21T13:22:19","guid":{"rendered":"https:\/\/shop.uffizi.it\/?page_id=29819"},"modified":"2025-11-26T13:03:11","modified_gmt":"2025-11-26T12:03:11","slug":"privacy-policy","status":"publish","type":"page","link":"https:\/\/shop.uffizi.it\/fr\/privacy-policy\/","title":{"rendered":"Politique de confidentialit\u00e9"},"content":{"rendered":"\t\t<div data-elementor-type=\"wp-page\" data-elementor-id=\"29819\" class=\"elementor elementor-29819 elementor-3176\" data-elementor-post-type=\"page\">\n\t\t\t\t\t\t<section class=\"elementor-section elementor-top-section elementor-element elementor-element-4a031b0 elementor-section-boxed elementor-section-height-default elementor-section-height-default\" data-id=\"4a031b0\" data-element_type=\"section\" data-e-type=\"section\">\n\t\t\t\t\t\t<div class=\"elementor-container elementor-column-gap-default\">\n\t\t\t\t\t<div class=\"elementor-column elementor-col-100 elementor-top-column elementor-element elementor-element-b07121b\" data-id=\"b07121b\" data-element_type=\"column\" data-e-type=\"column\">\n\t\t\t<div class=\"elementor-widget-wrap elementor-element-populated\">\n\t\t\t\t\t\t<div class=\"elementor-element elementor-element-73416b1 elementor-widget elementor-widget-heading\" data-id=\"73416b1\" data-element_type=\"widget\" data-e-type=\"widget\" data-widget_type=\"heading.default\">\n\t\t\t\t<div class=\"elementor-widget-container\">\n\t\t\t\t\t<h1 class=\"elementor-heading-title elementor-size-default\">Politique de confidentialit\u00e9<\/h1>\t\t\t\t<\/div>\n\t\t\t\t<\/div>\n\t\t\t\t<div class=\"elementor-element elementor-element-71157f6 elementor-widget elementor-widget-text-editor\" data-id=\"71157f6\" data-element_type=\"widget\" data-e-type=\"widget\" data-widget_type=\"text-editor.default\">\n\t\t\t\t<div class=\"elementor-widget-container\">\n\t\t\t\t\t\t\t\t\t<p>La soci\u00e9t\u00e9 Orbital Cultura, en qualit\u00e9 de responsable du traitement des donn\u00e9es personnelles (ci-apr\u00e8s, \u201cOrbital Cultura\u201d ou la \u201cSoci\u00e9t\u00e9\u201d), vous informe, conform\u00e9ment aux articles 13 et 14 du R\u00e8glement (UE) 2016\/679 (le \u201cRGPD\u201d), que vos donn\u00e9es personnelles seront trait\u00e9es selon les modalit\u00e9s et pour les finalit\u00e9s indiqu\u00e9es ci-dessous.<\/p>\n\n<h3>1. Responsable du traitement<\/h3>\n\n<p>Le responsable du traitement est Orbital Cultura s.r.l. (C.F. 04766270484 et num\u00e9ro de TVA 10542790968), dont le si\u00e8ge social est situ\u00e9 \u00e0 Florence \u2013 Via Policarpo Petrocchi 24.<\/p>\n\n<p>Le D\u00e9l\u00e9gu\u00e9 \u00e0 la Protection des Donn\u00e9es (Data Protection Officer), aupr\u00e8s de Nexi Payments SpA, est joignable \u00e0 l\u2019adresse \u00e9lectronique suivante :\n<a href=\"mailto:dpo@nexigroup.com\">dpo@nexigroup.com<\/a>.<\/p>\n\n<h3>2. Finalit\u00e9s et bases juridiques du traitement, types de donn\u00e9es trait\u00e9es<\/h3>\n\n<p>Les donn\u00e9es collect\u00e9es sont trait\u00e9es au moyen d\u2019outils manuels et automatis\u00e9s pour :<\/p>\n\n<ul>\n  <li>l\u2019enregistrement sur le site Orbital Cultura, n\u00e9cessaire pour b\u00e9n\u00e9ficier des services propos\u00e9s, y compris d\u2019\u00e9ventuelles demandes d\u2019assistance et la gestion des r\u00e9clamations ;<\/li>\n  <li>des finalit\u00e9s administratives et comptables ;<\/li>\n  <li>le respect correct des obligations pr\u00e9vues par la loi ou par les r\u00e9glementations en vigueur (par exemple, en mati\u00e8re fiscale).<\/li>\n<\/ul>\n\n<p><strong>La base juridique du traitement r\u00e9side dans le respect des obligations l\u00e9gales auxquelles Orbital Cultura est soumise, ainsi que dans la n\u00e9cessit\u00e9 d\u2019ex\u00e9cuter la relation contractuelle et\/ou pr\u00e9contractuelle.<\/strong><\/p>\n\n<p>Les donn\u00e9es collect\u00e9es peuvent \u00e9galement \u00eatre trait\u00e9es par Orbital Cultura pour :<\/p>\n\n<ul>\n  <li>l\u2019envoi de communications (newsletter) visant \u00e0 promouvoir nos activit\u00e9s.<\/li>\n<\/ul>\n\n<p><strong>Cette activit\u00e9 ne peut \u00eatre effectu\u00e9e qu\u2019apr\u00e8s inscription au service \u201cNewsletter\u201d.<\/strong><\/p>\n\n<p>La r\u00e9alisation des finalit\u00e9s ci-dessus implique le traitement des donn\u00e9es personnelles suivantes :<\/p>\n\n<ul>\n  <li>donn\u00e9es d\u2019identification (nom, pr\u00e9nom, date de naissance, nationalit\u00e9, sexe, code fiscal, num\u00e9ro de TVA) ;<\/li>\n  <li>donn\u00e9es de contact (e-mail, num\u00e9ro de t\u00e9l\u00e9phone, adresse).<\/li>\n<\/ul>\n\n<h3>3. Cat\u00e9gories de destinataires des donn\u00e9es<\/h3>\n\n<p>Les donn\u00e9es peuvent \u00eatre trait\u00e9es par les employ\u00e9s et\/ou collaborateurs d\u2019Orbital Cultura charg\u00e9s de poursuivre les finalit\u00e9s indiqu\u00e9es ci-dessus, d\u00fbment autoris\u00e9s et form\u00e9s conform\u00e9ment aux articles 29 du RGPD et 2-quaterdecies du D\u00e9cret l\u00e9gislatif 196\/2003, tel que modifi\u00e9 par le D\u00e9cret l\u00e9gislatif 101\/2018.<\/p>\n\n<p>Les donn\u00e9es peuvent \u00eatre communiqu\u00e9es \u00e0 des sujets agissant en tant que responsables autonomes du traitement, tels que les autorit\u00e9s de contr\u00f4le, les organismes de surveillance, ainsi que, en g\u00e9n\u00e9ral, \u00e0 tout sujet public ou priv\u00e9 habilit\u00e9 \u00e0 en faire la demande.<\/p>\n\n<p>Les donn\u00e9es peuvent \u00e9galement \u00eatre trait\u00e9es, pour le compte d\u2019Orbital Cultura, par des sujets d\u00e9sign\u00e9s comme responsables du traitement conform\u00e9ment \u00e0 l\u2019article 28 du RGPD (par exemple des soci\u00e9t\u00e9s fournissant un support technique pour la gestion du site ou des syst\u00e8mes de billetterie).<\/p>\n\n<h3>4. Transfert de donn\u00e9es \u00e0 l\u2019\u00e9tranger<\/h3>\n\n<p>Les donn\u00e9es collect\u00e9es ne font l\u2019objet d\u2019aucun transfert en dehors de l\u2019Union europ\u00e9enne.<\/p>\n\n<h3>5. Dur\u00e9e de conservation des donn\u00e9es<\/h3>\n\n<p>Vos donn\u00e9es personnelles seront conserv\u00e9es uniquement pendant la dur\u00e9e n\u00e9cessaire \u00e0 la prestation correcte des services propos\u00e9s et, le cas \u00e9ch\u00e9ant, jusqu\u2019\u00e0 l\u2019accomplissement des obligations l\u00e9gales et contractuelles (en g\u00e9n\u00e9ral, pour les besoins fiscaux, les donn\u00e9es sont conserv\u00e9es pendant 10 ans).<\/p>\n\n<h3>6. Droits des personnes concern\u00e9es<\/h3>\n\n<p>En contactant \u00e0 tout moment le DPO \u00e0 l\u2019adresse <a href=\"mailto:dpo@nexigroup.com\">dpo@nexigroup.com<\/a>, les personnes concern\u00e9es peuvent demander l\u2019acc\u00e8s \u00e0 leurs donn\u00e9es, leur rectification, leur mise \u00e0 jour ou leur suppression, la limitation du traitement dans les cas pr\u00e9vus par l\u2019article 18 du RGPD, ainsi que s\u2019opposer au traitement conform\u00e9ment \u00e0 l\u2019article 21 du RGPD.<\/p>\n\n<p>Les personnes concern\u00e9es peuvent \u00e9galement exercer le droit \u00e0 la portabilit\u00e9 des donn\u00e9es conform\u00e9ment \u00e0 l\u2019article 20 du RGPD, \u00e0 savoir le droit de recevoir leurs donn\u00e9es dans un format structur\u00e9, couramment utilis\u00e9 et lisible par machine, ainsi que de les transmettre \u00e0 un autre responsable du traitement si cela est techniquement possible.<\/p>\n\n<p>Enfin, les personnes concern\u00e9es ont le droit d\u2019introduire une r\u00e9clamation aupr\u00e8s de l\u2019Autorit\u00e9 de Protection des Donn\u00e9es (CNIL).<\/p>\n\t\t\t\t\t\t\t\t<\/div>\n\t\t\t\t<\/div>\n\t\t\t\t\t<\/div>\n\t\t<\/div>\n\t\t\t\t\t<\/div>\n\t\t<\/section>\n\t\t\t\t<\/div>\n\t\t","protected":false},"excerpt":{"rendered":"<p>La soci\u00e9t\u00e9 Orbital Cultura, en qualit\u00e9 de responsable du traitement des donn\u00e9es personnelles (ci-apr\u00e8s, \u201cOrbital Cultura\u201d ou la \u201cSoci\u00e9t\u00e9\u201d), vous informe, conform\u00e9ment aux articles 13 et 14 du R\u00e8glement (UE) 2016\/679 (le \u201cRGPD\u201d), que vos donn\u00e9es personnelles seront trait\u00e9es selon les modalit\u00e9s et pour les finalit\u00e9s indiqu\u00e9es ci-dessous. 1. Responsable du traitement Le responsable du [&hellip;]<\/p>\n","protected":false},"author":922,"featured_media":0,"parent":0,"menu_order":0,"comment_status":"closed","ping_status":"open","template":"","meta":{"_acf_changed":false,"site-sidebar-layout":"default","site-content-layout":"","ast-site-content-layout":"default","site-content-style":"default","site-sidebar-style":"default","ast-global-header-display":"","ast-banner-title-visibility":"","ast-main-header-display":"","ast-hfb-above-header-display":"","ast-hfb-below-header-display":"","ast-hfb-mobile-header-display":"","site-post-title":"disabled","ast-breadcrumbs-content":"","ast-featured-img":"","footer-sml-layout":"","ast-disable-related-posts":"","theme-transparent-header-meta":"","adv-header-id-meta":"","stick-header-meta":"","header-above-stick-meta":"","header-main-stick-meta":"","header-below-stick-meta":"","astra-migrate-meta-layouts":"set","ast-page-background-enabled":"default","ast-page-background-meta":{"desktop":{"background-color":"","background-image":"","background-repeat":"repeat","background-position":"center center","background-size":"auto","background-attachment":"scroll","background-type":"","background-media":"","overlay-type":"","overlay-color":"","overlay-opacity":"","overlay-gradient":""},"tablet":{"background-color":"","background-image":"","background-repeat":"repeat","background-position":"center center","background-size":"auto","background-attachment":"scroll","background-type":"","background-media":"","overlay-type":"","overlay-color":"","overlay-opacity":"","overlay-gradient":""},"mobile":{"background-color":"","background-image":"","background-repeat":"repeat","background-position":"center center","background-size":"auto","background-attachment":"scroll","background-type":"","background-media":"","overlay-type":"","overlay-color":"","overlay-opacity":"","overlay-gradient":""}},"ast-content-background-meta":{"desktop":{"background-color":"var(--ast-global-color-5)","background-image":"","background-repeat":"repeat","background-position":"center center","background-size":"auto","background-attachment":"scroll","background-type":"","background-media":"","overlay-type":"","overlay-color":"","overlay-opacity":"","overlay-gradient":""},"tablet":{"background-color":"var(--ast-global-color-5)","background-image":"","background-repeat":"repeat","background-position":"center center","background-size":"auto","background-attachment":"scroll","background-type":"","background-media":"","overlay-type":"","overlay-color":"","overlay-opacity":"","overlay-gradient":""},"mobile":{"background-color":"var(--ast-global-color-5)","background-image":"","background-repeat":"repeat","background-position":"center center","background-size":"auto","background-attachment":"scroll","background-type":"","background-media":"","overlay-type":"","overlay-color":"","overlay-opacity":"","overlay-gradient":""}},"footnotes":""},"class_list":["post-29819","page","type-page","status-publish","hentry"],"acf":[],"yoast_head":"<!-- This site is optimized with the Yoast SEO plugin v27.3 - https:\/\/yoast.com\/product\/yoast-seo-wordpress\/ -->\n<title>Politique de confidentialit\u00e9 - Le Gallerie degli Uffizi Shop<\/title>\n<meta name=\"robots\" content=\"index, follow, max-snippet:-1, max-image-preview:large, max-video-preview:-1\" \/>\n<link rel=\"canonical\" href=\"https:\/\/shop.uffizi.it\/fr\/privacy-policy\/\" \/>\n<meta property=\"og:locale\" content=\"fr_FR\" \/>\n<meta property=\"og:type\" content=\"article\" \/>\n<meta property=\"og:title\" content=\"Politique de confidentialit\u00e9 - Le Gallerie degli Uffizi Shop\" \/>\n<meta property=\"og:description\" content=\"La soci\u00e9t\u00e9 Orbital Cultura, en qualit\u00e9 de responsable du traitement des donn\u00e9es personnelles (ci-apr\u00e8s, \u201cOrbital Cultura\u201d ou la \u201cSoci\u00e9t\u00e9\u201d), vous informe, conform\u00e9ment aux articles 13 et 14 du R\u00e8glement (UE) 2016\/679 (le \u201cRGPD\u201d), que vos donn\u00e9es personnelles seront trait\u00e9es selon les modalit\u00e9s et pour les finalit\u00e9s indiqu\u00e9es ci-dessous. 1. Responsable du traitement Le responsable du [&hellip;]\" \/>\n<meta property=\"og:url\" content=\"https:\/\/shop.uffizi.it\/fr\/privacy-policy\/\" \/>\n<meta property=\"og:site_name\" content=\"Le Gallerie degli Uffizi Shop\" \/>\n<meta property=\"article:modified_time\" content=\"2025-11-26T12:03:11+00:00\" \/>\n<meta name=\"twitter:card\" content=\"summary_large_image\" \/>\n<meta name=\"twitter:label1\" content=\"Dur\u00e9e de lecture estim\u00e9e\" \/>\n\t<meta name=\"twitter:data1\" content=\"4 minutes\" \/>\n<script type=\"application\/ld+json\" class=\"yoast-schema-graph\">{\"@context\":\"https:\\\/\\\/schema.org\",\"@graph\":[{\"@type\":\"WebPage\",\"@id\":\"https:\\\/\\\/shop.uffizi.it\\\/fr\\\/privacy-policy\\\/\",\"url\":\"https:\\\/\\\/shop.uffizi.it\\\/fr\\\/privacy-policy\\\/\",\"name\":\"Politique de confidentialit\u00e9 - Le Gallerie degli Uffizi Shop\",\"isPartOf\":{\"@id\":\"https:\\\/\\\/shop.uffizi.it\\\/fr\\\/#website\"},\"datePublished\":\"2025-11-21T13:22:19+00:00\",\"dateModified\":\"2025-11-26T12:03:11+00:00\",\"breadcrumb\":{\"@id\":\"https:\\\/\\\/shop.uffizi.it\\\/fr\\\/privacy-policy\\\/#breadcrumb\"},\"inLanguage\":\"fr-FR\",\"potentialAction\":[{\"@type\":\"ReadAction\",\"target\":[\"https:\\\/\\\/shop.uffizi.it\\\/fr\\\/privacy-policy\\\/\"]}]},{\"@type\":\"BreadcrumbList\",\"@id\":\"https:\\\/\\\/shop.uffizi.it\\\/fr\\\/privacy-policy\\\/#breadcrumb\",\"itemListElement\":[{\"@type\":\"ListItem\",\"position\":1,\"name\":\"Home\",\"item\":\"https:\\\/\\\/shop.uffizi.it\\\/fr\\\/\"},{\"@type\":\"ListItem\",\"position\":2,\"name\":\"Politique de confidentialit\u00e9\"}]},{\"@type\":\"WebSite\",\"@id\":\"https:\\\/\\\/shop.uffizi.it\\\/fr\\\/#website\",\"url\":\"https:\\\/\\\/shop.uffizi.it\\\/fr\\\/\",\"name\":\"Le Gallerie degli Uffizi Shop\",\"description\":\"\",\"publisher\":{\"@id\":\"https:\\\/\\\/shop.uffizi.it\\\/fr\\\/#organization\"},\"potentialAction\":[{\"@type\":\"SearchAction\",\"target\":{\"@type\":\"EntryPoint\",\"urlTemplate\":\"https:\\\/\\\/shop.uffizi.it\\\/fr\\\/?s={search_term_string}\"},\"query-input\":{\"@type\":\"PropertyValueSpecification\",\"valueRequired\":true,\"valueName\":\"search_term_string\"}}],\"inLanguage\":\"fr-FR\"},{\"@type\":\"Organization\",\"@id\":\"https:\\\/\\\/shop.uffizi.it\\\/fr\\\/#organization\",\"name\":\"Le Gallerie degli Uffizi Shop\",\"url\":\"https:\\\/\\\/shop.uffizi.it\\\/fr\\\/\",\"logo\":{\"@type\":\"ImageObject\",\"inLanguage\":\"fr-FR\",\"@id\":\"https:\\\/\\\/shop.uffizi.it\\\/fr\\\/#\\\/schema\\\/logo\\\/image\\\/\",\"url\":\"https:\\\/\\\/shop.uffizi.it\\\/wp-content\\\/uploads\\\/2025\\\/11\\\/uffizi_shop_logo.svg\",\"contentUrl\":\"https:\\\/\\\/shop.uffizi.it\\\/wp-content\\\/uploads\\\/2025\\\/11\\\/uffizi_shop_logo.svg\",\"width\":178,\"height\":37,\"caption\":\"Le Gallerie degli Uffizi Shop\"},\"image\":{\"@id\":\"https:\\\/\\\/shop.uffizi.it\\\/fr\\\/#\\\/schema\\\/logo\\\/image\\\/\"}}]}<\/script>\n<!-- \/ Yoast SEO plugin. -->","yoast_head_json":{"title":"Politique de confidentialit\u00e9 - Le Gallerie degli Uffizi Shop","robots":{"index":"index","follow":"follow","max-snippet":"max-snippet:-1","max-image-preview":"max-image-preview:large","max-video-preview":"max-video-preview:-1"},"canonical":"https:\/\/shop.uffizi.it\/fr\/privacy-policy\/","og_locale":"fr_FR","og_type":"article","og_title":"Politique de confidentialit\u00e9 - Le Gallerie degli Uffizi Shop","og_description":"La soci\u00e9t\u00e9 Orbital Cultura, en qualit\u00e9 de responsable du traitement des donn\u00e9es personnelles (ci-apr\u00e8s, \u201cOrbital Cultura\u201d ou la \u201cSoci\u00e9t\u00e9\u201d), vous informe, conform\u00e9ment aux articles 13 et 14 du R\u00e8glement (UE) 2016\/679 (le \u201cRGPD\u201d), que vos donn\u00e9es personnelles seront trait\u00e9es selon les modalit\u00e9s et pour les finalit\u00e9s indiqu\u00e9es ci-dessous. 1. Responsable du traitement Le responsable du [&hellip;]","og_url":"https:\/\/shop.uffizi.it\/fr\/privacy-policy\/","og_site_name":"Le Gallerie degli Uffizi Shop","article_modified_time":"2025-11-26T12:03:11+00:00","twitter_card":"summary_large_image","twitter_misc":{"Dur\u00e9e de lecture estim\u00e9e":"4 minutes"},"schema":{"@context":"https:\/\/schema.org","@graph":[{"@type":"WebPage","@id":"https:\/\/shop.uffizi.it\/fr\/privacy-policy\/","url":"https:\/\/shop.uffizi.it\/fr\/privacy-policy\/","name":"Politique de confidentialit\u00e9 - Le Gallerie degli Uffizi Shop","isPartOf":{"@id":"https:\/\/shop.uffizi.it\/fr\/#website"},"datePublished":"2025-11-21T13:22:19+00:00","dateModified":"2025-11-26T12:03:11+00:00","breadcrumb":{"@id":"https:\/\/shop.uffizi.it\/fr\/privacy-policy\/#breadcrumb"},"inLanguage":"fr-FR","potentialAction":[{"@type":"ReadAction","target":["https:\/\/shop.uffizi.it\/fr\/privacy-policy\/"]}]},{"@type":"BreadcrumbList","@id":"https:\/\/shop.uffizi.it\/fr\/privacy-policy\/#breadcrumb","itemListElement":[{"@type":"ListItem","position":1,"name":"Home","item":"https:\/\/shop.uffizi.it\/fr\/"},{"@type":"ListItem","position":2,"name":"Politique de confidentialit\u00e9"}]},{"@type":"WebSite","@id":"https:\/\/shop.uffizi.it\/fr\/#website","url":"https:\/\/shop.uffizi.it\/fr\/","name":"Le Gallerie degli Uffizi Shop","description":"","publisher":{"@id":"https:\/\/shop.uffizi.it\/fr\/#organization"},"potentialAction":[{"@type":"SearchAction","target":{"@type":"EntryPoint","urlTemplate":"https:\/\/shop.uffizi.it\/fr\/?s={search_term_string}"},"query-input":{"@type":"PropertyValueSpecification","valueRequired":true,"valueName":"search_term_string"}}],"inLanguage":"fr-FR"},{"@type":"Organization","@id":"https:\/\/shop.uffizi.it\/fr\/#organization","name":"Le Gallerie degli Uffizi Shop","url":"https:\/\/shop.uffizi.it\/fr\/","logo":{"@type":"ImageObject","inLanguage":"fr-FR","@id":"https:\/\/shop.uffizi.it\/fr\/#\/schema\/logo\/image\/","url":"https:\/\/shop.uffizi.it\/wp-content\/uploads\/2025\/11\/uffizi_shop_logo.svg","contentUrl":"https:\/\/shop.uffizi.it\/wp-content\/uploads\/2025\/11\/uffizi_shop_logo.svg","width":178,"height":37,"caption":"Le Gallerie degli Uffizi Shop"},"image":{"@id":"https:\/\/shop.uffizi.it\/fr\/#\/schema\/logo\/image\/"}}]}},"_links":{"self":[{"href":"https:\/\/shop.uffizi.it\/fr\/wp-json\/wp\/v2\/pages\/29819","targetHints":{"allow":["GET"]}}],"collection":[{"href":"https:\/\/shop.uffizi.it\/fr\/wp-json\/wp\/v2\/pages"}],"about":[{"href":"https:\/\/shop.uffizi.it\/fr\/wp-json\/wp\/v2\/types\/page"}],"author":[{"embeddable":true,"href":"https:\/\/shop.uffizi.it\/fr\/wp-json\/wp\/v2\/users\/922"}],"replies":[{"embeddable":true,"href":"https:\/\/shop.uffizi.it\/fr\/wp-json\/wp\/v2\/comments?post=29819"}],"version-history":[{"count":11,"href":"https:\/\/shop.uffizi.it\/fr\/wp-json\/wp\/v2\/pages\/29819\/revisions"}],"predecessor-version":[{"id":30150,"href":"https:\/\/shop.uffizi.it\/fr\/wp-json\/wp\/v2\/pages\/29819\/revisions\/30150"}],"wp:attachment":[{"href":"https:\/\/shop.uffizi.it\/fr\/wp-json\/wp\/v2\/media?parent=29819"}],"curies":[{"name":"wp","href":"https:\/\/api.w.org\/{rel}","templated":true}]}}