{"id":33427,"date":"2026-03-17T09:58:29","date_gmt":"2026-03-17T08:58:29","guid":{"rendered":"https:\/\/shop.uffizi.it\/prodotti\/enano-morgante-amuleto-de-la-suerte\/"},"modified":"2026-04-07T05:20:19","modified_gmt":"2026-04-07T03:20:19","slug":"enano-morgante-amuleto-de-la-suerte","status":"publish","type":"product","link":"https:\/\/shop.uffizi.it\/es\/productos\/enano-morgante-amuleto-de-la-suerte\/","title":{"rendered":"ENANO MORGANTE AMULETO DE LA SUERTE"},"content":{"rendered":"<p>Material: resina y polvo de m\u00e1rmol<\/p>\n","protected":false},"excerpt":{"rendered":"<p>Reproducci\u00f3n a escala reducida de la estatua del Enano Morgante, el m\u00e1s famoso y popular de los enanos de la corte de Cosme I de M\u00e9dici.<br \/>\nFabricado en resina blanca y polvo de m\u00e1rmol, realizado en Toscana y acabado artesanalmente.<br \/>\nLa estatua original se encuentra en el Jard\u00edn de B\u00f3boli.<\/p>\n","protected":false},"featured_media":6604,"template":"","meta":{"_acf_changed":false,"site-sidebar-layout":"default","site-content-layout":"","ast-site-content-layout":"default","site-content-style":"default","site-sidebar-style":"default","ast-global-header-display":"","ast-banner-title-visibility":"","ast-main-header-display":"","ast-hfb-above-header-display":"","ast-hfb-below-header-display":"","ast-hfb-mobile-header-display":"","site-post-title":"","ast-breadcrumbs-content":"","ast-featured-img":"","footer-sml-layout":"","ast-disable-related-posts":"","theme-transparent-header-meta":"default","adv-header-id-meta":"","stick-header-meta":"default","header-above-stick-meta":"","header-main-stick-meta":"","header-below-stick-meta":"","astra-migrate-meta-layouts":"default","ast-page-background-enabled":"default","ast-page-background-meta":{"desktop":{"background-color":"","background-image":"","background-repeat":"repeat","background-position":"center center","background-size":"auto","background-attachment":"scroll","background-type":"","background-media":"","overlay-type":"","overlay-color":"","overlay-opacity":"","overlay-gradient":""},"tablet":{"background-color":"","background-image":"","background-repeat":"repeat","background-position":"center center","background-size":"auto","background-attachment":"scroll","background-type":"","background-media":"","overlay-type":"","overlay-color":"","overlay-opacity":"","overlay-gradient":""},"mobile":{"background-color":"","background-image":"","background-repeat":"repeat","background-position":"center center","background-size":"auto","background-attachment":"scroll","background-type":"","background-media":"","overlay-type":"","overlay-color":"","overlay-opacity":"","overlay-gradient":""}},"ast-content-background-meta":{"desktop":{"background-color":"var(--ast-global-color-5)","background-image":"","background-repeat":"repeat","background-position":"center center","background-size":"auto","background-attachment":"scroll","background-type":"","background-media":"","overlay-type":"","overlay-color":"","overlay-opacity":"","overlay-gradient":""},"tablet":{"background-color":"var(--ast-global-color-5)","background-image":"","background-repeat":"repeat","background-position":"center center","background-size":"auto","background-attachment":"scroll","background-type":"","background-media":"","overlay-type":"","overlay-color":"","overlay-opacity":"","overlay-gradient":""},"mobile":{"background-color":"var(--ast-global-color-5)","background-image":"","background-repeat":"repeat","background-position":"center center","background-size":"auto","background-attachment":"scroll","background-type":"","background-media":"","overlay-type":"","overlay-color":"","overlay-opacity":"","overlay-gradient":""}}},"product_brand":[],"product_cat":[1409,1413,1419,1412],"product_tag":[],"class_list":{"0":"post-33427","1":"product","2":"type-product","3":"status-publish","4":"has-post-thumbnail","6":"product_cat-coleccionismo","8":"product_cat-esculturas","9":"product_cat-regalos","10":"desktop-align-left","11":"tablet-align-left","12":"mobile-align-left","13":"ast-product-gallery-layout-horizontal","14":"ast-product-single-variable","15":"ast-product-tabs-layout-horizontal","16":"ast-qv-on-image","18":"first","19":"instock","20":"taxable","21":"shipping-taxable","22":"purchasable","23":"product-type-variable"},"acf":[],"yoast_head":"<!-- This site is optimized with the Yoast SEO plugin v27.3 - https:\/\/yoast.com\/product\/yoast-seo-wordpress\/ -->\n<title>ENANO MORGANTE AMULETO DE LA SUERTE - Le Gallerie degli Uffizi Shop<\/title>\n<meta name=\"robots\" content=\"index, follow, max-snippet:-1, max-image-preview:large, max-video-preview:-1\" \/>\n<link rel=\"canonical\" href=\"https:\/\/shop.uffizi.it\/es\/productos\/enano-morgante-amuleto-de-la-suerte\/\" \/>\n<meta property=\"og:locale\" content=\"es_ES\" \/>\n<meta property=\"og:type\" content=\"article\" \/>\n<meta property=\"og:title\" content=\"ENANO MORGANTE AMULETO DE LA SUERTE - Le Gallerie degli Uffizi Shop\" \/>\n<meta property=\"og:description\" content=\"Reproducci\u00f3n a escala reducida de la estatua del Enano Morgante, el m\u00e1s famoso y popular de los enanos de la corte de Cosme I de M\u00e9dici. Fabricado en resina blanca y polvo de m\u00e1rmol, realizado en Toscana y acabado artesanalmente. La estatua original se encuentra en el Jard\u00edn de B\u00f3boli.\" \/>\n<meta property=\"og:url\" content=\"https:\/\/shop.uffizi.it\/es\/productos\/enano-morgante-amuleto-de-la-suerte\/\" \/>\n<meta property=\"og:site_name\" content=\"Le Gallerie degli Uffizi Shop\" \/>\n<meta property=\"article:modified_time\" content=\"2026-04-07T03:20:19+00:00\" \/>\n<meta property=\"og:image\" content=\"https:\/\/shop.uffizi.it\/wp-content\/uploads\/2022\/03\/BACCO_BIANCO.jpg\" \/>\n\t<meta property=\"og:image:width\" content=\"850\" \/>\n\t<meta property=\"og:image:height\" content=\"850\" \/>\n\t<meta property=\"og:image:type\" content=\"image\/jpeg\" \/>\n<meta name=\"twitter:card\" content=\"summary_large_image\" \/>\n<script type=\"application\/ld+json\" class=\"yoast-schema-graph\">{\"@context\":\"https:\\\/\\\/schema.org\",\"@graph\":[{\"@type\":\"WebPage\",\"@id\":\"https:\\\/\\\/shop.uffizi.it\\\/es\\\/productos\\\/enano-morgante-amuleto-de-la-suerte\\\/\",\"url\":\"https:\\\/\\\/shop.uffizi.it\\\/es\\\/productos\\\/enano-morgante-amuleto-de-la-suerte\\\/\",\"name\":\"ENANO MORGANTE AMULETO DE LA SUERTE - Le Gallerie degli Uffizi Shop\",\"isPartOf\":{\"@id\":\"https:\\\/\\\/shop.uffizi.it\\\/es\\\/#website\"},\"primaryImageOfPage\":{\"@id\":\"https:\\\/\\\/shop.uffizi.it\\\/es\\\/productos\\\/enano-morgante-amuleto-de-la-suerte\\\/#primaryimage\"},\"image\":{\"@id\":\"https:\\\/\\\/shop.uffizi.it\\\/es\\\/productos\\\/enano-morgante-amuleto-de-la-suerte\\\/#primaryimage\"},\"thumbnailUrl\":\"https:\\\/\\\/shop.uffizi.it\\\/wp-content\\\/uploads\\\/2022\\\/03\\\/BACCO_BIANCO.jpg\",\"datePublished\":\"2026-03-17T08:58:29+00:00\",\"dateModified\":\"2026-04-07T03:20:19+00:00\",\"breadcrumb\":{\"@id\":\"https:\\\/\\\/shop.uffizi.it\\\/es\\\/productos\\\/enano-morgante-amuleto-de-la-suerte\\\/#breadcrumb\"},\"inLanguage\":\"es\",\"potentialAction\":[{\"@type\":\"ReadAction\",\"target\":[\"https:\\\/\\\/shop.uffizi.it\\\/es\\\/productos\\\/enano-morgante-amuleto-de-la-suerte\\\/\"]}]},{\"@type\":\"ImageObject\",\"inLanguage\":\"es\",\"@id\":\"https:\\\/\\\/shop.uffizi.it\\\/es\\\/productos\\\/enano-morgante-amuleto-de-la-suerte\\\/#primaryimage\",\"url\":\"https:\\\/\\\/shop.uffizi.it\\\/wp-content\\\/uploads\\\/2022\\\/03\\\/BACCO_BIANCO.jpg\",\"contentUrl\":\"https:\\\/\\\/shop.uffizi.it\\\/wp-content\\\/uploads\\\/2022\\\/03\\\/BACCO_BIANCO.jpg\",\"width\":850,\"height\":850},{\"@type\":\"BreadcrumbList\",\"@id\":\"https:\\\/\\\/shop.uffizi.it\\\/es\\\/productos\\\/enano-morgante-amuleto-de-la-suerte\\\/#breadcrumb\",\"itemListElement\":[{\"@type\":\"ListItem\",\"position\":1,\"name\":\"Home\",\"item\":\"https:\\\/\\\/shop.uffizi.it\\\/es\\\/\"},{\"@type\":\"ListItem\",\"position\":2,\"name\":\"Todos los productos\",\"item\":\"https:\\\/\\\/shop.uffizi.it\\\/es\\\/shop\\\/\"},{\"@type\":\"ListItem\",\"position\":3,\"name\":\"ENANO MORGANTE AMULETO DE LA SUERTE\"}]},{\"@type\":\"WebSite\",\"@id\":\"https:\\\/\\\/shop.uffizi.it\\\/es\\\/#website\",\"url\":\"https:\\\/\\\/shop.uffizi.it\\\/es\\\/\",\"name\":\"Le Gallerie degli Uffizi Shop\",\"description\":\"\",\"publisher\":{\"@id\":\"https:\\\/\\\/shop.uffizi.it\\\/es\\\/#organization\"},\"potentialAction\":[{\"@type\":\"SearchAction\",\"target\":{\"@type\":\"EntryPoint\",\"urlTemplate\":\"https:\\\/\\\/shop.uffizi.it\\\/es\\\/?s={search_term_string}\"},\"query-input\":{\"@type\":\"PropertyValueSpecification\",\"valueRequired\":true,\"valueName\":\"search_term_string\"}}],\"inLanguage\":\"es\"},{\"@type\":\"Organization\",\"@id\":\"https:\\\/\\\/shop.uffizi.it\\\/es\\\/#organization\",\"name\":\"Le Gallerie degli Uffizi Shop\",\"url\":\"https:\\\/\\\/shop.uffizi.it\\\/es\\\/\",\"logo\":{\"@type\":\"ImageObject\",\"inLanguage\":\"es\",\"@id\":\"https:\\\/\\\/shop.uffizi.it\\\/es\\\/#\\\/schema\\\/logo\\\/image\\\/\",\"url\":\"https:\\\/\\\/shop.uffizi.it\\\/wp-content\\\/uploads\\\/2025\\\/11\\\/uffizi_shop_logo.svg\",\"contentUrl\":\"https:\\\/\\\/shop.uffizi.it\\\/wp-content\\\/uploads\\\/2025\\\/11\\\/uffizi_shop_logo.svg\",\"caption\":\"Le Gallerie degli Uffizi Shop\"},\"image\":{\"@id\":\"https:\\\/\\\/shop.uffizi.it\\\/es\\\/#\\\/schema\\\/logo\\\/image\\\/\"}}]}<\/script>\n<!-- \/ Yoast SEO plugin. -->","yoast_head_json":{"title":"ENANO MORGANTE AMULETO DE LA SUERTE - Le Gallerie degli Uffizi Shop","robots":{"index":"index","follow":"follow","max-snippet":"max-snippet:-1","max-image-preview":"max-image-preview:large","max-video-preview":"max-video-preview:-1"},"canonical":"https:\/\/shop.uffizi.it\/es\/productos\/enano-morgante-amuleto-de-la-suerte\/","og_locale":"es_ES","og_type":"article","og_title":"ENANO MORGANTE AMULETO DE LA SUERTE - Le Gallerie degli Uffizi Shop","og_description":"Reproducci\u00f3n a escala reducida de la estatua del Enano Morgante, el m\u00e1s famoso y popular de los enanos de la corte de Cosme I de M\u00e9dici. Fabricado en resina blanca y polvo de m\u00e1rmol, realizado en Toscana y acabado artesanalmente. La estatua original se encuentra en el Jard\u00edn de B\u00f3boli.","og_url":"https:\/\/shop.uffizi.it\/es\/productos\/enano-morgante-amuleto-de-la-suerte\/","og_site_name":"Le Gallerie degli Uffizi Shop","article_modified_time":"2026-04-07T03:20:19+00:00","og_image":[{"width":850,"height":850,"url":"https:\/\/shop.uffizi.it\/wp-content\/uploads\/2022\/03\/BACCO_BIANCO.jpg","type":"image\/jpeg"}],"twitter_card":"summary_large_image","schema":{"@context":"https:\/\/schema.org","@graph":[{"@type":"WebPage","@id":"https:\/\/shop.uffizi.it\/es\/productos\/enano-morgante-amuleto-de-la-suerte\/","url":"https:\/\/shop.uffizi.it\/es\/productos\/enano-morgante-amuleto-de-la-suerte\/","name":"ENANO MORGANTE AMULETO DE LA SUERTE - Le Gallerie degli Uffizi Shop","isPartOf":{"@id":"https:\/\/shop.uffizi.it\/es\/#website"},"primaryImageOfPage":{"@id":"https:\/\/shop.uffizi.it\/es\/productos\/enano-morgante-amuleto-de-la-suerte\/#primaryimage"},"image":{"@id":"https:\/\/shop.uffizi.it\/es\/productos\/enano-morgante-amuleto-de-la-suerte\/#primaryimage"},"thumbnailUrl":"https:\/\/shop.uffizi.it\/wp-content\/uploads\/2022\/03\/BACCO_BIANCO.jpg","datePublished":"2026-03-17T08:58:29+00:00","dateModified":"2026-04-07T03:20:19+00:00","breadcrumb":{"@id":"https:\/\/shop.uffizi.it\/es\/productos\/enano-morgante-amuleto-de-la-suerte\/#breadcrumb"},"inLanguage":"es","potentialAction":[{"@type":"ReadAction","target":["https:\/\/shop.uffizi.it\/es\/productos\/enano-morgante-amuleto-de-la-suerte\/"]}]},{"@type":"ImageObject","inLanguage":"es","@id":"https:\/\/shop.uffizi.it\/es\/productos\/enano-morgante-amuleto-de-la-suerte\/#primaryimage","url":"https:\/\/shop.uffizi.it\/wp-content\/uploads\/2022\/03\/BACCO_BIANCO.jpg","contentUrl":"https:\/\/shop.uffizi.it\/wp-content\/uploads\/2022\/03\/BACCO_BIANCO.jpg","width":850,"height":850},{"@type":"BreadcrumbList","@id":"https:\/\/shop.uffizi.it\/es\/productos\/enano-morgante-amuleto-de-la-suerte\/#breadcrumb","itemListElement":[{"@type":"ListItem","position":1,"name":"Home","item":"https:\/\/shop.uffizi.it\/es\/"},{"@type":"ListItem","position":2,"name":"Todos los productos","item":"https:\/\/shop.uffizi.it\/es\/shop\/"},{"@type":"ListItem","position":3,"name":"ENANO MORGANTE AMULETO DE LA SUERTE"}]},{"@type":"WebSite","@id":"https:\/\/shop.uffizi.it\/es\/#website","url":"https:\/\/shop.uffizi.it\/es\/","name":"Le Gallerie degli Uffizi Shop","description":"","publisher":{"@id":"https:\/\/shop.uffizi.it\/es\/#organization"},"potentialAction":[{"@type":"SearchAction","target":{"@type":"EntryPoint","urlTemplate":"https:\/\/shop.uffizi.it\/es\/?s={search_term_string}"},"query-input":{"@type":"PropertyValueSpecification","valueRequired":true,"valueName":"search_term_string"}}],"inLanguage":"es"},{"@type":"Organization","@id":"https:\/\/shop.uffizi.it\/es\/#organization","name":"Le Gallerie degli Uffizi Shop","url":"https:\/\/shop.uffizi.it\/es\/","logo":{"@type":"ImageObject","inLanguage":"es","@id":"https:\/\/shop.uffizi.it\/es\/#\/schema\/logo\/image\/","url":"https:\/\/shop.uffizi.it\/wp-content\/uploads\/2025\/11\/uffizi_shop_logo.svg","contentUrl":"https:\/\/shop.uffizi.it\/wp-content\/uploads\/2025\/11\/uffizi_shop_logo.svg","caption":"Le Gallerie degli Uffizi Shop"},"image":{"@id":"https:\/\/shop.uffizi.it\/es\/#\/schema\/logo\/image\/"}}]}},"_links":{"self":[{"href":"https:\/\/shop.uffizi.it\/es\/wp-json\/wp\/v2\/product\/33427","targetHints":{"allow":["GET"]}}],"collection":[{"href":"https:\/\/shop.uffizi.it\/es\/wp-json\/wp\/v2\/product"}],"about":[{"href":"https:\/\/shop.uffizi.it\/es\/wp-json\/wp\/v2\/types\/product"}],"wp:featuredmedia":[{"embeddable":true,"href":"https:\/\/shop.uffizi.it\/es\/wp-json\/wp\/v2\/media\/6604"}],"wp:attachment":[{"href":"https:\/\/shop.uffizi.it\/es\/wp-json\/wp\/v2\/media?parent=33427"}],"wp:term":[{"taxonomy":"product_brand","embeddable":true,"href":"https:\/\/shop.uffizi.it\/es\/wp-json\/wp\/v2\/product_brand?post=33427"},{"taxonomy":"product_cat","embeddable":true,"href":"https:\/\/shop.uffizi.it\/es\/wp-json\/wp\/v2\/product_cat?post=33427"},{"taxonomy":"product_tag","embeddable":true,"href":"https:\/\/shop.uffizi.it\/es\/wp-json\/wp\/v2\/product_tag?post=33427"}],"curies":[{"name":"wp","href":"https:\/\/api.w.org\/{rel}","templated":true}]}}