{"id":30418,"date":"2025-11-27T13:51:05","date_gmt":"2025-11-27T12:51:05","guid":{"rendered":"https:\/\/shop.uffizi.it\/?page_id=30418"},"modified":"2025-12-17T16:56:44","modified_gmt":"2025-12-17T15:56:44","slug":"museo-opificio-delle-pietre-dure","status":"publish","type":"page","link":"https:\/\/shop.uffizi.it\/es\/museo-opificio-delle-pietre-dure\/","title":{"rendered":"Museo Opificio delle Pietre Dure"},"content":{"rendered":"\t\t<div data-elementor-type=\"wp-page\" data-elementor-id=\"30418\" class=\"elementor elementor-30418 elementor-28892\" data-elementor-post-type=\"page\">\n\t\t\t\t\t\t<section class=\"elementor-section elementor-top-section elementor-element elementor-element-5137256 elementor-section-boxed elementor-section-height-default elementor-section-height-default\" data-id=\"5137256\" data-element_type=\"section\" data-e-type=\"section\">\n\t\t\t\t\t\t<div class=\"elementor-container elementor-column-gap-default\">\n\t\t\t\t\t<div class=\"elementor-column elementor-col-100 elementor-top-column elementor-element elementor-element-c404dd8\" data-id=\"c404dd8\" data-element_type=\"column\" data-e-type=\"column\">\n\t\t\t<div class=\"elementor-widget-wrap elementor-element-populated\">\n\t\t\t\t\t\t<div class=\"elementor-element elementor-element-d467708 elementor-widget elementor-widget-image\" data-id=\"d467708\" data-element_type=\"widget\" data-e-type=\"widget\" data-widget_type=\"image.default\">\n\t\t\t\t<div class=\"elementor-widget-container\">\n\t\t\t\t\t\t\t\t\t\t\t\t\t\t\t<img decoding=\"async\" width=\"111\" height=\"146\" src=\"https:\/\/shop.uffizi.it\/wp-content\/uploads\/2025\/11\/opificio-1.png\" class=\"attachment-full size-full wp-image-28927\" alt=\"\" \/>\t\t\t\t\t\t\t\t\t\t\t\t\t\t\t<\/div>\n\t\t\t\t<\/div>\n\t\t\t\t<div class=\"elementor-element elementor-element-593a1e9 elementor-widget elementor-widget-heading\" data-id=\"593a1e9\" data-element_type=\"widget\" data-e-type=\"widget\" data-widget_type=\"heading.default\">\n\t\t\t\t<div class=\"elementor-widget-container\">\n\t\t\t\t\t<h2 class=\"elementor-heading-title elementor-size-default\">MUSEO DELL'OPIFICIO DELLE PIETRE DURE<\/h2>\t\t\t\t<\/div>\n\t\t\t\t<\/div>\n\t\t\t\t<div class=\"elementor-element elementor-element-87b9781 elementor-widget elementor-widget-text-editor\" data-id=\"87b9781\" data-element_type=\"widget\" data-e-type=\"widget\" data-widget_type=\"text-editor.default\">\n\t\t\t\t<div class=\"elementor-widget-container\">\n\t\t\t\t\t\t\t\t\t<p>Via degli Alfani, 78<\/p>\t\t\t\t\t\t\t\t<\/div>\n\t\t\t\t<\/div>\n\t\t\t\t<div class=\"elementor-element elementor-element-dbe1b40 elementor-widget elementor-widget-text-editor\" data-id=\"dbe1b40\" data-element_type=\"widget\" data-e-type=\"widget\" data-widget_type=\"text-editor.default\">\n\t\t\t\t<div class=\"elementor-widget-container\">\n\t\t\t\t\t\t\t\t\tEl Museo anexo al Opificio delle Pietre Dure, hoy centro especializado en restauraci\u00f3n, es la derivaci\u00f3n directa de la <strong>Manifattura di corte<\/strong>, fundada oficialmente en 1588 por <b>Ferdinando I de\u2019 Medici<\/b>, donde se realizaba el trabajo en piedras duras.\nLa fisonom\u00eda del Museo, fundado en 1882, no responde a una voluntad coleccionista espec\u00edfica, sino que refleja la vida y el desarrollo de la actividad productiva secular. Las creaciones m\u00e1s prestigiosas, a menudo ofrecidas como obsequio por los grandes duques florentinos, se conservan hoy en residencias reales y museos de toda Europa, mientras que en los talleres del museo permanecen obras inacabadas, piezas modificadas o desmontadas con el tiempo y lo que sobrevivi\u00f3 a las dispersiones del siglo XIX. La colecci\u00f3n, que incluye piezas de gran encanto y refinamiento, es suficiente para delinear el desarrollo hist\u00f3rico de la manufactura a lo largo de tres siglos. Tambi\u00e9n se conserva un importante conjunto de m\u00e1rmoles antiguos y piedras duras.\nEl Museo fue renovado en 1995 bajo el proyecto de <b>Adolfo Natalini<\/b>. La reorganizaci\u00f3n de la colecci\u00f3n, a cargo de <b>Anna Maria Giusti<\/b>, sigue un criterio tem\u00e1tico: en las salas obtenidas del gran sal\u00f3n se documentan las producciones del per\u00edodo granducal mediceo y lorense, mientras que en las salas decimon\u00f3nicas se exponen las de la \u00e9poca postunitaria. El entresuelo del sal\u00f3n est\u00e1 dedicado a las t\u00e9cnicas de elaboraci\u00f3n: desde la rica muestra lap\u00eddea, hasta los bancos de trabajo, herramientas y la explicaci\u00f3n did\u00e1ctica de las fases de producci\u00f3n de tarsias y tallas. De este modo, es posible reconstruir el proceso completo, desde la concepci\u00f3n de la obra hasta su finalizaci\u00f3n, y descubrir los mecanismos internos de un fascinante cap\u00edtulo del arte florentino.\n\t\t\t\t\t\t\t\t<\/div>\n\t\t\t\t<\/div>\n\t\t\t\t\t<\/div>\n\t\t<\/div>\n\t\t\t\t\t<\/div>\n\t\t<\/section>\n\t\t\t\t<\/div>\n\t\t","protected":false},"excerpt":{"rendered":"<p>MUSEO DELL&#8217;OPIFICIO DELLE PIETRE DURE Via degli Alfani, 78 El Museo anexo al Opificio delle Pietre Dure, hoy centro especializado en restauraci\u00f3n, es la derivaci\u00f3n directa de la Manifattura di corte, fundada oficialmente en 1588 por Ferdinando I de\u2019 Medici, donde se realizaba el trabajo en piedras duras. La fisonom\u00eda del Museo, fundado en 1882, [&hellip;]<\/p>\n","protected":false},"author":922,"featured_media":0,"parent":0,"menu_order":0,"comment_status":"closed","ping_status":"closed","template":"","meta":{"_acf_changed":false,"site-sidebar-layout":"no-sidebar","site-content-layout":"page-builder","ast-site-content-layout":"full-width-container","site-content-style":"default","site-sidebar-style":"default","ast-global-header-display":"","ast-banner-title-visibility":"","ast-main-header-display":"","ast-hfb-above-header-display":"","ast-hfb-below-header-display":"","ast-hfb-mobile-header-display":"","site-post-title":"disabled","ast-breadcrumbs-content":"","ast-featured-img":"disabled","footer-sml-layout":"","ast-disable-related-posts":"","theme-transparent-header-meta":"","adv-header-id-meta":"","stick-header-meta":"","header-above-stick-meta":"","header-main-stick-meta":"","header-below-stick-meta":"","astra-migrate-meta-layouts":"set","ast-page-background-enabled":"default","ast-page-background-meta":{"desktop":{"background-color":"","background-image":"","background-repeat":"repeat","background-position":"center center","background-size":"auto","background-attachment":"scroll","background-type":"","background-media":"","overlay-type":"","overlay-color":"","overlay-opacity":"","overlay-gradient":""},"tablet":{"background-color":"","background-image":"","background-repeat":"repeat","background-position":"center center","background-size":"auto","background-attachment":"scroll","background-type":"","background-media":"","overlay-type":"","overlay-color":"","overlay-opacity":"","overlay-gradient":""},"mobile":{"background-color":"","background-image":"","background-repeat":"repeat","background-position":"center center","background-size":"auto","background-attachment":"scroll","background-type":"","background-media":"","overlay-type":"","overlay-color":"","overlay-opacity":"","overlay-gradient":""}},"ast-content-background-meta":{"desktop":{"background-color":"var(--ast-global-color-5)","background-image":"","background-repeat":"repeat","background-position":"center center","background-size":"auto","background-attachment":"scroll","background-type":"","background-media":"","overlay-type":"","overlay-color":"","overlay-opacity":"","overlay-gradient":""},"tablet":{"background-color":"var(--ast-global-color-5)","background-image":"","background-repeat":"repeat","background-position":"center center","background-size":"auto","background-attachment":"scroll","background-type":"","background-media":"","overlay-type":"","overlay-color":"","overlay-opacity":"","overlay-gradient":""},"mobile":{"background-color":"var(--ast-global-color-5)","background-image":"","background-repeat":"repeat","background-position":"center center","background-size":"auto","background-attachment":"scroll","background-type":"","background-media":"","overlay-type":"","overlay-color":"","overlay-opacity":"","overlay-gradient":""}},"footnotes":""},"class_list":["post-30418","page","type-page","status-publish","hentry"],"acf":[],"yoast_head":"<!-- This site is optimized with the Yoast SEO plugin v27.3 - https:\/\/yoast.com\/product\/yoast-seo-wordpress\/ -->\n<title>Museo Opificio delle Pietre Dure - Le Gallerie degli Uffizi Shop<\/title>\n<meta name=\"robots\" content=\"index, follow, max-snippet:-1, max-image-preview:large, max-video-preview:-1\" \/>\n<link rel=\"canonical\" href=\"https:\/\/shop.uffizi.it\/es\/museo-opificio-delle-pietre-dure\/\" \/>\n<meta property=\"og:locale\" content=\"es_ES\" \/>\n<meta property=\"og:type\" content=\"article\" \/>\n<meta property=\"og:title\" content=\"Museo Opificio delle Pietre Dure - Le Gallerie degli Uffizi Shop\" \/>\n<meta property=\"og:description\" content=\"MUSEO DELL&#8217;OPIFICIO DELLE PIETRE DURE Via degli Alfani, 78 El Museo anexo al Opificio delle Pietre Dure, hoy centro especializado en restauraci\u00f3n, es la derivaci\u00f3n directa de la Manifattura di corte, fundada oficialmente en 1588 por Ferdinando I de\u2019 Medici, donde se realizaba el trabajo en piedras duras. La fisonom\u00eda del Museo, fundado en 1882, [&hellip;]\" \/>\n<meta property=\"og:url\" content=\"https:\/\/shop.uffizi.it\/es\/museo-opificio-delle-pietre-dure\/\" \/>\n<meta property=\"og:site_name\" content=\"Le Gallerie degli Uffizi Shop\" \/>\n<meta property=\"article:modified_time\" content=\"2025-12-17T15:56:44+00:00\" \/>\n<meta property=\"og:image\" content=\"https:\/\/shop.uffizi.it\/wp-content\/uploads\/2025\/11\/opificio-1.png\" \/>\n\t<meta property=\"og:image:width\" content=\"111\" \/>\n\t<meta property=\"og:image:height\" content=\"146\" \/>\n\t<meta property=\"og:image:type\" content=\"image\/png\" \/>\n<meta name=\"twitter:card\" content=\"summary_large_image\" \/>\n<meta name=\"twitter:label1\" content=\"Tiempo de lectura\" \/>\n\t<meta name=\"twitter:data1\" content=\"2 minutos\" \/>\n<script type=\"application\/ld+json\" class=\"yoast-schema-graph\">{\"@context\":\"https:\\\/\\\/schema.org\",\"@graph\":[{\"@type\":\"WebPage\",\"@id\":\"https:\\\/\\\/shop.uffizi.it\\\/es\\\/museo-opificio-delle-pietre-dure\\\/\",\"url\":\"https:\\\/\\\/shop.uffizi.it\\\/es\\\/museo-opificio-delle-pietre-dure\\\/\",\"name\":\"Museo Opificio delle Pietre Dure - Le Gallerie degli Uffizi Shop\",\"isPartOf\":{\"@id\":\"https:\\\/\\\/shop.uffizi.it\\\/es\\\/#website\"},\"primaryImageOfPage\":{\"@id\":\"https:\\\/\\\/shop.uffizi.it\\\/es\\\/museo-opificio-delle-pietre-dure\\\/#primaryimage\"},\"image\":{\"@id\":\"https:\\\/\\\/shop.uffizi.it\\\/es\\\/museo-opificio-delle-pietre-dure\\\/#primaryimage\"},\"thumbnailUrl\":\"https:\\\/\\\/shop.uffizi.it\\\/wp-content\\\/uploads\\\/2025\\\/11\\\/opificio-1.png\",\"datePublished\":\"2025-11-27T12:51:05+00:00\",\"dateModified\":\"2025-12-17T15:56:44+00:00\",\"breadcrumb\":{\"@id\":\"https:\\\/\\\/shop.uffizi.it\\\/es\\\/museo-opificio-delle-pietre-dure\\\/#breadcrumb\"},\"inLanguage\":\"es\",\"potentialAction\":[{\"@type\":\"ReadAction\",\"target\":[\"https:\\\/\\\/shop.uffizi.it\\\/es\\\/museo-opificio-delle-pietre-dure\\\/\"]}]},{\"@type\":\"ImageObject\",\"inLanguage\":\"es\",\"@id\":\"https:\\\/\\\/shop.uffizi.it\\\/es\\\/museo-opificio-delle-pietre-dure\\\/#primaryimage\",\"url\":\"https:\\\/\\\/shop.uffizi.it\\\/wp-content\\\/uploads\\\/2025\\\/11\\\/opificio-1.png\",\"contentUrl\":\"https:\\\/\\\/shop.uffizi.it\\\/wp-content\\\/uploads\\\/2025\\\/11\\\/opificio-1.png\"},{\"@type\":\"BreadcrumbList\",\"@id\":\"https:\\\/\\\/shop.uffizi.it\\\/es\\\/museo-opificio-delle-pietre-dure\\\/#breadcrumb\",\"itemListElement\":[{\"@type\":\"ListItem\",\"position\":1,\"name\":\"Home\",\"item\":\"https:\\\/\\\/shop.uffizi.it\\\/es\\\/\"},{\"@type\":\"ListItem\",\"position\":2,\"name\":\"Museo Opificio delle Pietre Dure\"}]},{\"@type\":\"WebSite\",\"@id\":\"https:\\\/\\\/shop.uffizi.it\\\/es\\\/#website\",\"url\":\"https:\\\/\\\/shop.uffizi.it\\\/es\\\/\",\"name\":\"Le Gallerie degli Uffizi Shop\",\"description\":\"\",\"publisher\":{\"@id\":\"https:\\\/\\\/shop.uffizi.it\\\/es\\\/#organization\"},\"potentialAction\":[{\"@type\":\"SearchAction\",\"target\":{\"@type\":\"EntryPoint\",\"urlTemplate\":\"https:\\\/\\\/shop.uffizi.it\\\/es\\\/?s={search_term_string}\"},\"query-input\":{\"@type\":\"PropertyValueSpecification\",\"valueRequired\":true,\"valueName\":\"search_term_string\"}}],\"inLanguage\":\"es\"},{\"@type\":\"Organization\",\"@id\":\"https:\\\/\\\/shop.uffizi.it\\\/es\\\/#organization\",\"name\":\"Le Gallerie degli Uffizi Shop\",\"url\":\"https:\\\/\\\/shop.uffizi.it\\\/es\\\/\",\"logo\":{\"@type\":\"ImageObject\",\"inLanguage\":\"es\",\"@id\":\"https:\\\/\\\/shop.uffizi.it\\\/es\\\/#\\\/schema\\\/logo\\\/image\\\/\",\"url\":\"https:\\\/\\\/shop.uffizi.it\\\/wp-content\\\/uploads\\\/2025\\\/11\\\/uffizi_shop_logo.svg\",\"contentUrl\":\"https:\\\/\\\/shop.uffizi.it\\\/wp-content\\\/uploads\\\/2025\\\/11\\\/uffizi_shop_logo.svg\",\"caption\":\"Le Gallerie degli Uffizi Shop\"},\"image\":{\"@id\":\"https:\\\/\\\/shop.uffizi.it\\\/es\\\/#\\\/schema\\\/logo\\\/image\\\/\"}}]}<\/script>\n<!-- \/ Yoast SEO plugin. -->","yoast_head_json":{"title":"Museo Opificio delle Pietre Dure - Le Gallerie degli Uffizi Shop","robots":{"index":"index","follow":"follow","max-snippet":"max-snippet:-1","max-image-preview":"max-image-preview:large","max-video-preview":"max-video-preview:-1"},"canonical":"https:\/\/shop.uffizi.it\/es\/museo-opificio-delle-pietre-dure\/","og_locale":"es_ES","og_type":"article","og_title":"Museo Opificio delle Pietre Dure - Le Gallerie degli Uffizi Shop","og_description":"MUSEO DELL&#8217;OPIFICIO DELLE PIETRE DURE Via degli Alfani, 78 El Museo anexo al Opificio delle Pietre Dure, hoy centro especializado en restauraci\u00f3n, es la derivaci\u00f3n directa de la Manifattura di corte, fundada oficialmente en 1588 por Ferdinando I de\u2019 Medici, donde se realizaba el trabajo en piedras duras. La fisonom\u00eda del Museo, fundado en 1882, [&hellip;]","og_url":"https:\/\/shop.uffizi.it\/es\/museo-opificio-delle-pietre-dure\/","og_site_name":"Le Gallerie degli Uffizi Shop","article_modified_time":"2025-12-17T15:56:44+00:00","og_image":[{"width":111,"height":146,"url":"https:\/\/shop.uffizi.it\/wp-content\/uploads\/2025\/11\/opificio-1.png","type":"image\/png"}],"twitter_card":"summary_large_image","twitter_misc":{"Tiempo de lectura":"2 minutos"},"schema":{"@context":"https:\/\/schema.org","@graph":[{"@type":"WebPage","@id":"https:\/\/shop.uffizi.it\/es\/museo-opificio-delle-pietre-dure\/","url":"https:\/\/shop.uffizi.it\/es\/museo-opificio-delle-pietre-dure\/","name":"Museo Opificio delle Pietre Dure - Le Gallerie degli Uffizi Shop","isPartOf":{"@id":"https:\/\/shop.uffizi.it\/es\/#website"},"primaryImageOfPage":{"@id":"https:\/\/shop.uffizi.it\/es\/museo-opificio-delle-pietre-dure\/#primaryimage"},"image":{"@id":"https:\/\/shop.uffizi.it\/es\/museo-opificio-delle-pietre-dure\/#primaryimage"},"thumbnailUrl":"https:\/\/shop.uffizi.it\/wp-content\/uploads\/2025\/11\/opificio-1.png","datePublished":"2025-11-27T12:51:05+00:00","dateModified":"2025-12-17T15:56:44+00:00","breadcrumb":{"@id":"https:\/\/shop.uffizi.it\/es\/museo-opificio-delle-pietre-dure\/#breadcrumb"},"inLanguage":"es","potentialAction":[{"@type":"ReadAction","target":["https:\/\/shop.uffizi.it\/es\/museo-opificio-delle-pietre-dure\/"]}]},{"@type":"ImageObject","inLanguage":"es","@id":"https:\/\/shop.uffizi.it\/es\/museo-opificio-delle-pietre-dure\/#primaryimage","url":"https:\/\/shop.uffizi.it\/wp-content\/uploads\/2025\/11\/opificio-1.png","contentUrl":"https:\/\/shop.uffizi.it\/wp-content\/uploads\/2025\/11\/opificio-1.png"},{"@type":"BreadcrumbList","@id":"https:\/\/shop.uffizi.it\/es\/museo-opificio-delle-pietre-dure\/#breadcrumb","itemListElement":[{"@type":"ListItem","position":1,"name":"Home","item":"https:\/\/shop.uffizi.it\/es\/"},{"@type":"ListItem","position":2,"name":"Museo Opificio delle Pietre Dure"}]},{"@type":"WebSite","@id":"https:\/\/shop.uffizi.it\/es\/#website","url":"https:\/\/shop.uffizi.it\/es\/","name":"Le Gallerie degli Uffizi Shop","description":"","publisher":{"@id":"https:\/\/shop.uffizi.it\/es\/#organization"},"potentialAction":[{"@type":"SearchAction","target":{"@type":"EntryPoint","urlTemplate":"https:\/\/shop.uffizi.it\/es\/?s={search_term_string}"},"query-input":{"@type":"PropertyValueSpecification","valueRequired":true,"valueName":"search_term_string"}}],"inLanguage":"es"},{"@type":"Organization","@id":"https:\/\/shop.uffizi.it\/es\/#organization","name":"Le Gallerie degli Uffizi Shop","url":"https:\/\/shop.uffizi.it\/es\/","logo":{"@type":"ImageObject","inLanguage":"es","@id":"https:\/\/shop.uffizi.it\/es\/#\/schema\/logo\/image\/","url":"https:\/\/shop.uffizi.it\/wp-content\/uploads\/2025\/11\/uffizi_shop_logo.svg","contentUrl":"https:\/\/shop.uffizi.it\/wp-content\/uploads\/2025\/11\/uffizi_shop_logo.svg","caption":"Le Gallerie degli Uffizi Shop"},"image":{"@id":"https:\/\/shop.uffizi.it\/es\/#\/schema\/logo\/image\/"}}]}},"_links":{"self":[{"href":"https:\/\/shop.uffizi.it\/es\/wp-json\/wp\/v2\/pages\/30418","targetHints":{"allow":["GET"]}}],"collection":[{"href":"https:\/\/shop.uffizi.it\/es\/wp-json\/wp\/v2\/pages"}],"about":[{"href":"https:\/\/shop.uffizi.it\/es\/wp-json\/wp\/v2\/types\/page"}],"author":[{"embeddable":true,"href":"https:\/\/shop.uffizi.it\/es\/wp-json\/wp\/v2\/users\/922"}],"replies":[{"embeddable":true,"href":"https:\/\/shop.uffizi.it\/es\/wp-json\/wp\/v2\/comments?post=30418"}],"version-history":[{"count":10,"href":"https:\/\/shop.uffizi.it\/es\/wp-json\/wp\/v2\/pages\/30418\/revisions"}],"predecessor-version":[{"id":31844,"href":"https:\/\/shop.uffizi.it\/es\/wp-json\/wp\/v2\/pages\/30418\/revisions\/31844"}],"wp:attachment":[{"href":"https:\/\/shop.uffizi.it\/es\/wp-json\/wp\/v2\/media?parent=30418"}],"curies":[{"name":"wp","href":"https:\/\/api.w.org\/{rel}","templated":true}]}}