{"id":30385,"date":"2025-11-27T13:35:25","date_gmt":"2025-11-27T12:35:25","guid":{"rendered":"https:\/\/shop.uffizi.it\/?page_id=30385"},"modified":"2025-12-17T16:56:48","modified_gmt":"2025-12-17T15:56:48","slug":"ville-medicee","status":"publish","type":"page","link":"https:\/\/shop.uffizi.it\/es\/ville-medicee\/","title":{"rendered":"Ville Medicee"},"content":{"rendered":"\t\t<div data-elementor-type=\"wp-page\" data-elementor-id=\"30385\" class=\"elementor elementor-30385 elementor-28918\" data-elementor-post-type=\"page\">\n\t\t\t\t\t\t<section class=\"elementor-section elementor-top-section elementor-element elementor-element-1442b9d elementor-section-boxed elementor-section-height-default elementor-section-height-default\" data-id=\"1442b9d\" data-element_type=\"section\" data-e-type=\"section\">\n\t\t\t\t\t\t<div class=\"elementor-container elementor-column-gap-default\">\n\t\t\t\t\t<div class=\"elementor-column elementor-col-100 elementor-top-column elementor-element elementor-element-4fb9d88\" data-id=\"4fb9d88\" data-element_type=\"column\" data-e-type=\"column\">\n\t\t\t<div class=\"elementor-widget-wrap elementor-element-populated\">\n\t\t\t\t\t\t<div class=\"elementor-element elementor-element-0494ecb elementor-widget elementor-widget-heading\" data-id=\"0494ecb\" data-element_type=\"widget\" data-e-type=\"widget\" data-widget_type=\"heading.default\">\n\t\t\t\t<div class=\"elementor-widget-container\">\n\t\t\t\t\t<h2 class=\"elementor-heading-title elementor-size-default\">VILLE MEDICEE<\/h2>\t\t\t\t<\/div>\n\t\t\t\t<\/div>\n\t\t\t\t<div class=\"elementor-element elementor-element-546b97b elementor-widget elementor-widget-text-editor\" data-id=\"546b97b\" data-element_type=\"widget\" data-e-type=\"widget\" data-widget_type=\"text-editor.default\">\n\t\t\t\t<div class=\"elementor-widget-container\">\n\t\t\t\t\t\t\t\t\t<p>Las villas y jardines mediceos representan un testimonio excepcional del mecenazgo cultural y art\u00edstico desarrollado por los M\u00e9dici. Junto con los paisajes toscanos de los que forman parte, dieron una contribuci\u00f3n temprana y decisiva al nacimiento de una nueva est\u00e9tica y estilo de vida.<br \/>Constituyeron una serie de lugares clave donde surgieron ideales y tendencias propias del Renacimiento italiano, que posteriormente se difundieron por toda Europa.<br \/>Desde 2013, el sitio serial \u00abVillas y jardines mediceos de la Toscana\u00bb, compuesto por 14 villas y jardines de la familia M\u00e9dici situados en la regi\u00f3n, est\u00e1 inscrito en la Lista del Patrimonio Mundial Cultural y Natural de la UNESCO.<\/p><p><strong>Lista de las Villas y Jardines Mediceos de la Toscana:<\/strong><\/p><ul><li>Palazzo mediceo di Seravezza<\/li><li>Villa medicea di Cerreto Guidi<\/li><li>Villa medicea di Artimino<\/li><li>Villa medicea di Poggio a Caiano<\/li><li>Ville medicea del Trebbio<\/li><li>Villa Medicea di Cafaggiolo<\/li><li>Giardino mediceo di Pratolino<\/li><li>Villa medicea di Castello<\/li><li>Villa medicea della Petraia<\/li><li>Villa medicea di Careggi<\/li><li>Villa medicea a Fiesole<\/li><li>Villa medicea di Poggio Imperiale<\/li><li>Giardino di Boboli<\/li><li>Villa medicea la Magia<\/li><\/ul>\t\t\t\t\t\t\t\t<\/div>\n\t\t\t\t<\/div>\n\t\t\t\t\t<\/div>\n\t\t<\/div>\n\t\t\t\t\t<\/div>\n\t\t<\/section>\n\t\t\t\t<\/div>\n\t\t","protected":false},"excerpt":{"rendered":"<p>VILLE MEDICEE Las villas y jardines mediceos representan un testimonio excepcional del mecenazgo cultural y art\u00edstico desarrollado por los M\u00e9dici. Junto con los paisajes toscanos de los que forman parte, dieron una contribuci\u00f3n temprana y decisiva al nacimiento de una nueva est\u00e9tica y estilo de vida.Constituyeron una serie de lugares clave donde surgieron ideales y [&hellip;]<\/p>\n","protected":false},"author":922,"featured_media":0,"parent":0,"menu_order":0,"comment_status":"closed","ping_status":"closed","template":"","meta":{"_acf_changed":false,"site-sidebar-layout":"no-sidebar","site-content-layout":"page-builder","ast-site-content-layout":"full-width-container","site-content-style":"default","site-sidebar-style":"default","ast-global-header-display":"","ast-banner-title-visibility":"","ast-main-header-display":"","ast-hfb-above-header-display":"","ast-hfb-below-header-display":"","ast-hfb-mobile-header-display":"","site-post-title":"disabled","ast-breadcrumbs-content":"","ast-featured-img":"disabled","footer-sml-layout":"","ast-disable-related-posts":"","theme-transparent-header-meta":"","adv-header-id-meta":"","stick-header-meta":"","header-above-stick-meta":"","header-main-stick-meta":"","header-below-stick-meta":"","astra-migrate-meta-layouts":"set","ast-page-background-enabled":"default","ast-page-background-meta":{"desktop":{"background-color":"","background-image":"","background-repeat":"repeat","background-position":"center center","background-size":"auto","background-attachment":"scroll","background-type":"","background-media":"","overlay-type":"","overlay-color":"","overlay-opacity":"","overlay-gradient":""},"tablet":{"background-color":"","background-image":"","background-repeat":"repeat","background-position":"center center","background-size":"auto","background-attachment":"scroll","background-type":"","background-media":"","overlay-type":"","overlay-color":"","overlay-opacity":"","overlay-gradient":""},"mobile":{"background-color":"","background-image":"","background-repeat":"repeat","background-position":"center center","background-size":"auto","background-attachment":"scroll","background-type":"","background-media":"","overlay-type":"","overlay-color":"","overlay-opacity":"","overlay-gradient":""}},"ast-content-background-meta":{"desktop":{"background-color":"var(--ast-global-color-5)","background-image":"","background-repeat":"repeat","background-position":"center center","background-size":"auto","background-attachment":"scroll","background-type":"","background-media":"","overlay-type":"","overlay-color":"","overlay-opacity":"","overlay-gradient":""},"tablet":{"background-color":"var(--ast-global-color-5)","background-image":"","background-repeat":"repeat","background-position":"center center","background-size":"auto","background-attachment":"scroll","background-type":"","background-media":"","overlay-type":"","overlay-color":"","overlay-opacity":"","overlay-gradient":""},"mobile":{"background-color":"var(--ast-global-color-5)","background-image":"","background-repeat":"repeat","background-position":"center center","background-size":"auto","background-attachment":"scroll","background-type":"","background-media":"","overlay-type":"","overlay-color":"","overlay-opacity":"","overlay-gradient":""}},"footnotes":""},"class_list":["post-30385","page","type-page","status-publish","hentry"],"acf":[],"yoast_head":"<!-- This site is optimized with the Yoast SEO plugin v27.3 - https:\/\/yoast.com\/product\/yoast-seo-wordpress\/ -->\n<title>Ville Medicee - Le Gallerie degli Uffizi Shop<\/title>\n<meta name=\"robots\" content=\"index, follow, max-snippet:-1, max-image-preview:large, max-video-preview:-1\" \/>\n<link rel=\"canonical\" href=\"https:\/\/shop.uffizi.it\/es\/ville-medicee\/\" \/>\n<meta property=\"og:locale\" content=\"es_ES\" \/>\n<meta property=\"og:type\" content=\"article\" \/>\n<meta property=\"og:title\" content=\"Ville Medicee - Le Gallerie degli Uffizi Shop\" \/>\n<meta property=\"og:description\" content=\"VILLE MEDICEE Las villas y jardines mediceos representan un testimonio excepcional del mecenazgo cultural y art\u00edstico desarrollado por los M\u00e9dici. Junto con los paisajes toscanos de los que forman parte, dieron una contribuci\u00f3n temprana y decisiva al nacimiento de una nueva est\u00e9tica y estilo de vida.Constituyeron una serie de lugares clave donde surgieron ideales y [&hellip;]\" \/>\n<meta property=\"og:url\" content=\"https:\/\/shop.uffizi.it\/es\/ville-medicee\/\" \/>\n<meta property=\"og:site_name\" content=\"Le Gallerie degli Uffizi Shop\" \/>\n<meta property=\"article:modified_time\" content=\"2025-12-17T15:56:48+00:00\" \/>\n<meta name=\"twitter:card\" content=\"summary_large_image\" \/>\n<meta name=\"twitter:label1\" content=\"Tiempo de lectura\" \/>\n\t<meta name=\"twitter:data1\" content=\"1 minuto\" \/>\n<script type=\"application\/ld+json\" class=\"yoast-schema-graph\">{\"@context\":\"https:\\\/\\\/schema.org\",\"@graph\":[{\"@type\":\"WebPage\",\"@id\":\"https:\\\/\\\/shop.uffizi.it\\\/es\\\/ville-medicee\\\/\",\"url\":\"https:\\\/\\\/shop.uffizi.it\\\/es\\\/ville-medicee\\\/\",\"name\":\"Ville Medicee - Le Gallerie degli Uffizi Shop\",\"isPartOf\":{\"@id\":\"https:\\\/\\\/shop.uffizi.it\\\/es\\\/#website\"},\"datePublished\":\"2025-11-27T12:35:25+00:00\",\"dateModified\":\"2025-12-17T15:56:48+00:00\",\"breadcrumb\":{\"@id\":\"https:\\\/\\\/shop.uffizi.it\\\/es\\\/ville-medicee\\\/#breadcrumb\"},\"inLanguage\":\"es\",\"potentialAction\":[{\"@type\":\"ReadAction\",\"target\":[\"https:\\\/\\\/shop.uffizi.it\\\/es\\\/ville-medicee\\\/\"]}]},{\"@type\":\"BreadcrumbList\",\"@id\":\"https:\\\/\\\/shop.uffizi.it\\\/es\\\/ville-medicee\\\/#breadcrumb\",\"itemListElement\":[{\"@type\":\"ListItem\",\"position\":1,\"name\":\"Home\",\"item\":\"https:\\\/\\\/shop.uffizi.it\\\/es\\\/\"},{\"@type\":\"ListItem\",\"position\":2,\"name\":\"Ville Medicee\"}]},{\"@type\":\"WebSite\",\"@id\":\"https:\\\/\\\/shop.uffizi.it\\\/es\\\/#website\",\"url\":\"https:\\\/\\\/shop.uffizi.it\\\/es\\\/\",\"name\":\"Le Gallerie degli Uffizi Shop\",\"description\":\"\",\"publisher\":{\"@id\":\"https:\\\/\\\/shop.uffizi.it\\\/es\\\/#organization\"},\"potentialAction\":[{\"@type\":\"SearchAction\",\"target\":{\"@type\":\"EntryPoint\",\"urlTemplate\":\"https:\\\/\\\/shop.uffizi.it\\\/es\\\/?s={search_term_string}\"},\"query-input\":{\"@type\":\"PropertyValueSpecification\",\"valueRequired\":true,\"valueName\":\"search_term_string\"}}],\"inLanguage\":\"es\"},{\"@type\":\"Organization\",\"@id\":\"https:\\\/\\\/shop.uffizi.it\\\/es\\\/#organization\",\"name\":\"Le Gallerie degli Uffizi Shop\",\"url\":\"https:\\\/\\\/shop.uffizi.it\\\/es\\\/\",\"logo\":{\"@type\":\"ImageObject\",\"inLanguage\":\"es\",\"@id\":\"https:\\\/\\\/shop.uffizi.it\\\/es\\\/#\\\/schema\\\/logo\\\/image\\\/\",\"url\":\"https:\\\/\\\/shop.uffizi.it\\\/wp-content\\\/uploads\\\/2025\\\/11\\\/uffizi_shop_logo.svg\",\"contentUrl\":\"https:\\\/\\\/shop.uffizi.it\\\/wp-content\\\/uploads\\\/2025\\\/11\\\/uffizi_shop_logo.svg\",\"caption\":\"Le Gallerie degli Uffizi Shop\"},\"image\":{\"@id\":\"https:\\\/\\\/shop.uffizi.it\\\/es\\\/#\\\/schema\\\/logo\\\/image\\\/\"}}]}<\/script>\n<!-- \/ Yoast SEO plugin. -->","yoast_head_json":{"title":"Ville Medicee - Le Gallerie degli Uffizi Shop","robots":{"index":"index","follow":"follow","max-snippet":"max-snippet:-1","max-image-preview":"max-image-preview:large","max-video-preview":"max-video-preview:-1"},"canonical":"https:\/\/shop.uffizi.it\/es\/ville-medicee\/","og_locale":"es_ES","og_type":"article","og_title":"Ville Medicee - Le Gallerie degli Uffizi Shop","og_description":"VILLE MEDICEE Las villas y jardines mediceos representan un testimonio excepcional del mecenazgo cultural y art\u00edstico desarrollado por los M\u00e9dici. Junto con los paisajes toscanos de los que forman parte, dieron una contribuci\u00f3n temprana y decisiva al nacimiento de una nueva est\u00e9tica y estilo de vida.Constituyeron una serie de lugares clave donde surgieron ideales y [&hellip;]","og_url":"https:\/\/shop.uffizi.it\/es\/ville-medicee\/","og_site_name":"Le Gallerie degli Uffizi Shop","article_modified_time":"2025-12-17T15:56:48+00:00","twitter_card":"summary_large_image","twitter_misc":{"Tiempo de lectura":"1 minuto"},"schema":{"@context":"https:\/\/schema.org","@graph":[{"@type":"WebPage","@id":"https:\/\/shop.uffizi.it\/es\/ville-medicee\/","url":"https:\/\/shop.uffizi.it\/es\/ville-medicee\/","name":"Ville Medicee - Le Gallerie degli Uffizi Shop","isPartOf":{"@id":"https:\/\/shop.uffizi.it\/es\/#website"},"datePublished":"2025-11-27T12:35:25+00:00","dateModified":"2025-12-17T15:56:48+00:00","breadcrumb":{"@id":"https:\/\/shop.uffizi.it\/es\/ville-medicee\/#breadcrumb"},"inLanguage":"es","potentialAction":[{"@type":"ReadAction","target":["https:\/\/shop.uffizi.it\/es\/ville-medicee\/"]}]},{"@type":"BreadcrumbList","@id":"https:\/\/shop.uffizi.it\/es\/ville-medicee\/#breadcrumb","itemListElement":[{"@type":"ListItem","position":1,"name":"Home","item":"https:\/\/shop.uffizi.it\/es\/"},{"@type":"ListItem","position":2,"name":"Ville Medicee"}]},{"@type":"WebSite","@id":"https:\/\/shop.uffizi.it\/es\/#website","url":"https:\/\/shop.uffizi.it\/es\/","name":"Le Gallerie degli Uffizi Shop","description":"","publisher":{"@id":"https:\/\/shop.uffizi.it\/es\/#organization"},"potentialAction":[{"@type":"SearchAction","target":{"@type":"EntryPoint","urlTemplate":"https:\/\/shop.uffizi.it\/es\/?s={search_term_string}"},"query-input":{"@type":"PropertyValueSpecification","valueRequired":true,"valueName":"search_term_string"}}],"inLanguage":"es"},{"@type":"Organization","@id":"https:\/\/shop.uffizi.it\/es\/#organization","name":"Le Gallerie degli Uffizi Shop","url":"https:\/\/shop.uffizi.it\/es\/","logo":{"@type":"ImageObject","inLanguage":"es","@id":"https:\/\/shop.uffizi.it\/es\/#\/schema\/logo\/image\/","url":"https:\/\/shop.uffizi.it\/wp-content\/uploads\/2025\/11\/uffizi_shop_logo.svg","contentUrl":"https:\/\/shop.uffizi.it\/wp-content\/uploads\/2025\/11\/uffizi_shop_logo.svg","caption":"Le Gallerie degli Uffizi Shop"},"image":{"@id":"https:\/\/shop.uffizi.it\/es\/#\/schema\/logo\/image\/"}}]}},"_links":{"self":[{"href":"https:\/\/shop.uffizi.it\/es\/wp-json\/wp\/v2\/pages\/30385","targetHints":{"allow":["GET"]}}],"collection":[{"href":"https:\/\/shop.uffizi.it\/es\/wp-json\/wp\/v2\/pages"}],"about":[{"href":"https:\/\/shop.uffizi.it\/es\/wp-json\/wp\/v2\/types\/page"}],"author":[{"embeddable":true,"href":"https:\/\/shop.uffizi.it\/es\/wp-json\/wp\/v2\/users\/922"}],"replies":[{"embeddable":true,"href":"https:\/\/shop.uffizi.it\/es\/wp-json\/wp\/v2\/comments?post=30385"}],"version-history":[{"count":10,"href":"https:\/\/shop.uffizi.it\/es\/wp-json\/wp\/v2\/pages\/30385\/revisions"}],"predecessor-version":[{"id":31847,"href":"https:\/\/shop.uffizi.it\/es\/wp-json\/wp\/v2\/pages\/30385\/revisions\/31847"}],"wp:attachment":[{"href":"https:\/\/shop.uffizi.it\/es\/wp-json\/wp\/v2\/media?parent=30385"}],"curies":[{"name":"wp","href":"https:\/\/api.w.org\/{rel}","templated":true}]}}