{"id":30342,"date":"2025-11-26T16:25:13","date_gmt":"2025-11-26T15:25:13","guid":{"rendered":"https:\/\/shop.uffizi.it\/?page_id=30342"},"modified":"2026-01-20T15:34:11","modified_gmt":"2026-01-20T14:34:11","slug":"garantia-y-devolucion","status":"publish","type":"page","link":"https:\/\/shop.uffizi.it\/es\/garantia-y-devolucion\/","title":{"rendered":"Garant\u00eda y devoluci\u00f3n"},"content":{"rendered":"\t\t<div data-elementor-type=\"wp-page\" data-elementor-id=\"30342\" class=\"elementor elementor-30342 elementor-1383\" data-elementor-post-type=\"page\">\n\t\t\t\t\t\t<section class=\"elementor-section elementor-top-section elementor-element elementor-element-91ab96e elementor-section-boxed elementor-section-height-default elementor-section-height-default\" data-id=\"91ab96e\" data-element_type=\"section\" data-e-type=\"section\">\n\t\t\t\t\t\t<div class=\"elementor-container elementor-column-gap-default\">\n\t\t\t\t\t<div class=\"elementor-column elementor-col-100 elementor-top-column elementor-element elementor-element-f1e2695\" data-id=\"f1e2695\" data-element_type=\"column\" data-e-type=\"column\">\n\t\t\t<div class=\"elementor-widget-wrap elementor-element-populated\">\n\t\t\t\t\t\t<div class=\"elementor-element elementor-element-3db7cbe elementor-widget elementor-widget-text-editor\" data-id=\"3db7cbe\" data-element_type=\"widget\" data-e-type=\"widget\" data-widget_type=\"text-editor.default\">\n\t\t\t\t<div class=\"elementor-widget-container\">\n\t\t\t\t\t\t\t\t\t<p>Si los Productos o Servicios gozan de una garant\u00eda convencional reconocida por el fabricante, cualquier vicio, defecto o disconformidad deber\u00e1 ser denunciado directamente al fabricante, tal y como se indica en el embalaje del Producto. Salvo disposiciones legales imperativas, shop.uffizi.it declara no tener ninguna responsabilidad en relaci\u00f3n con vicios, defectos o disconformidades del producto. Queda reservada la garant\u00eda para el Consumidor en virtud del Decreto Legislativo 206\/2005. En tal caso, el Consumidor deber\u00e1, so pena de caducidad, denunciar el defecto detectado a shop.uffizi.it enviando un correo electr\u00f3nico a <u><a id=\"OWA0e1963fc-45d8-62df-9799-10f409abea29\" title=\"mailto:helpshopuffizi@orbital-cultura.com\" href=\"mailto:helpshopuffizi@orbital-cultura.com\" data-linkindex=\"0\" data-olk-copy-source=\"MessageBody\">helpshopuffizi@orbital-cultura.com<\/a><\/u> en un plazo de 2 (dos) meses a partir de la fecha de descubrimiento del defecto o discrepancia. shop.uffizi.it har\u00e1 todo lo posible por sustituir, a su cargo y en un plazo razonable, el producto defectuoso. Si esto no fuera posible o resultar\u00e1 excesivamente oneroso para Frenzemuseistore.com, el Consumidor tendr\u00e1 derecho a rescindir el Contrato de Venta y, en consecuencia, a obtener el reembolso de las cantidades pagadas por la compra y el env\u00edo del Producto, quedando excluida cualquier otra responsabilidad de shop.uffizi.it, por cualquier motivo y por cualquier raz\u00f3n.<br \/>Si el Cliente detecta alguna discrepancia entre lo pedido y lo recibido y, en particular, encuentra alg\u00fan problema relacionado con la integridad f\u00edsica, la correspondencia o la integridad de los productos recibidos, deber\u00e1 informar inmediatamente al servicio de Atenci\u00f3n al Cliente de shop.uffizi.it. El servicio de atenci\u00f3n al cliente le proporcionar\u00e1 las indicaciones necesarias para resolver el problema y, cuando sea posible, le enviar\u00e1 los art\u00edculos que faltan, le sustituir\u00e1 los art\u00edculos defectuosos o le reembolsar\u00e1 su importe. En ning\u00fan caso se le pedir\u00e1 al cliente que devuelva por su cuenta los art\u00edculos defectuosos o recibidos por error. En caso de defectos, se invita al cliente a informar de la anomal\u00eda del producto recibido, escribiendo y solicitando la autorizaci\u00f3n para la devoluci\u00f3n a la direcci\u00f3n de correo electr\u00f3nico <u><a id=\"OWA0e1963fc-45d8-62df-9799-10f409abea29\" title=\"mailto:helpshopuffizi@orbital-cultura.com\" href=\"mailto:helpshopuffizi@orbital-cultura.com\" data-linkindex=\"0\" data-olk-copy-source=\"MessageBody\">helpshopuffizi@orbital-cultura.com<\/a><\/u>.<\/p><p>\u2022 el bien no es apto para el uso al que suelen destinarse los bienes del mismo tipo;<br \/>\u2022 el bien no se ajusta a la descripci\u00f3n dada por el vendedor y no posee las cualidades del bien que el vendedor ha presentado al consumidor como muestra o modelo;<br \/>\u2022 el bien no presenta la calidad y el rendimiento habituales de un bien del mismo tipo que el consumidor puede esperar razonablemente, teniendo en cuenta la naturaleza del bien y, en su caso, las declaraciones p\u00fablicas sobre las caracter\u00edsticas espec\u00edficas de los bienes, en particular en la publicidad o en el etiquetado;<br \/>\u2022 el bien tampoco es apto para el uso particular deseado por el consumidor, que este ha comunicado al vendedor en el momento de la celebraci\u00f3n del contrato.<br \/>Si se autoriza la solicitud de devoluci\u00f3n, se invita al Cliente a enviar el producto defectuoso, utilizando, a su elecci\u00f3n, un servicio de mensajer\u00eda o el servicio postal italiano, a shop.uffizi.it, embal\u00e1ndolo cuidadosamente en el embalaje original del producto e incluyendo en su interior el \u00abformulario de sustituci\u00f3n de productos defectuosos\u00bb debidamente cumplimentado, adem\u00e1s de una copia de la factura de compra.<br \/>El producto de sustituci\u00f3n ser\u00e1 enviado por shop.uffizi.it solo despu\u00e9s de recibir el producto defectuoso y los documentos anteriormente mencionados debidamente cumplimentados.<br \/>La solicitud de reembolso debe recibirse en un plazo de 60 d\u00edas h\u00e1biles a partir de la fecha de entrega del pedido.<br \/>En caso de que el producto ya no est\u00e9 disponible, shop.uffizi.it proceder\u00e1, mediante transferencia bancaria, al reembolso del coste indicado en el pedido de compra y de los gastos de env\u00edo, en un plazo de 14 d\u00edas h\u00e1biles a partir de la recepci\u00f3n del producto defectuoso.<br \/>El producto debe encontrarse en el mismo estado en que se entreg\u00f3 y debe conservar, en la medida de lo posible, su embalaje y etiqueta originales.<br \/>El producto deber\u00e1 enviarse utilizando el embalaje original. En caso de que este no est\u00e9 disponible, deber\u00e1 devolver el producto debidamente embalado para preservar su integridad.<br \/>El paquete deber\u00e1 enviarse a la direcci\u00f3n indicada en el correo electr\u00f3nico de autorizaci\u00f3n. No se aceptar\u00e1n devoluciones enviadas a direcciones diferentes, incluida la direcci\u00f3n de shop.uffizi.it o del socio que haya realizado el env\u00edo.<\/p>\t\t\t\t\t\t\t\t<\/div>\n\t\t\t\t<\/div>\n\t\t\t\t<div class=\"elementor-element elementor-element-9b3bd53 elementor-widget elementor-widget-heading\" data-id=\"9b3bd53\" data-element_type=\"widget\" data-e-type=\"widget\" data-widget_type=\"heading.default\">\n\t\t\t\t<div class=\"elementor-widget-container\">\n\t\t\t\t\t<h3 class=\"elementor-heading-title elementor-size-default\">Derecho de desistimiento.<\/h3>\t\t\t\t<\/div>\n\t\t\t\t<\/div>\n\t\t\t\t<div class=\"elementor-element elementor-element-a1a6c00 elementor-widget elementor-widget-text-editor\" data-id=\"a1a6c00\" data-element_type=\"widget\" data-e-type=\"widget\" data-widget_type=\"text-editor.default\">\n\t\t\t\t<div class=\"elementor-widget-container\">\n\t\t\t\t\t\t\t\t\t<p>De conformidad con los art\u00edculos 64 y siguientes del Decreto Legislativo n.\u00ba 206\/05, el Cliente podr\u00e1 ejercer el derecho de desistimiento sin penalizaci\u00f3n alguna y sin necesidad de indicar el motivo.<br \/><span style=\"font-style: inherit; font-weight: inherit; font-family: -apple-system, BlinkMacSystemFont, 'Segoe UI', Roboto, Oxygen, Ubuntu, Cantarell, 'Fira Sans', 'Droid Sans', 'Helvetica Neue', sans-serif;\">Para ejercer dicho derecho, el Cliente deber\u00e1 enviar a <\/span><a style=\"font-style: inherit; font-weight: inherit; background-color: #ffffff; font-family: -apple-system, BlinkMacSystemFont, 'Segoe UI', Roboto, Oxygen, Ubuntu, Cantarell, 'Fira Sans', 'Droid Sans', 'Helvetica Neue', sans-serif;\" href=\"https:\/\/shop.uffizi.it\">Shop.uffizi.it<\/a><span style=\"font-style: inherit; font-weight: inherit; font-family: -apple-system, BlinkMacSystemFont, 'Segoe UI', Roboto, Oxygen, Ubuntu, Cantarell, 'Fira Sans', 'Droid Sans', 'Helvetica Neue', sans-serif;\"> una comunicaci\u00f3n escrita por correo electr\u00f3nico dentro de los 14 d\u00edas h\u00e1biles desde la recepci\u00f3n de la mercanc\u00eda. Dicha comunicaci\u00f3n deber\u00e1 enviarse a: <u><a id=\"OWA0e1963fc-45d8-62df-9799-10f409abea29\" title=\"mailto:helpshopuffizi@orbital-cultura.com\" href=\"mailto:helpshopuffizi@orbital-cultura.com\" data-linkindex=\"0\" data-olk-copy-source=\"MessageBody\">helpshopuffizi@orbital-cultura.com.<\/a><\/u><\/span><\/p><p>La devoluci\u00f3n de los Productos objeto de desistimiento deber\u00e1 realizarse por cuenta y cargo del Consumidor, mediante el transportista que elija.<br \/>Una vez verificada la integridad del producto devuelto, shop.uffizi.it reembolsar\u00e1 al Consumidor el importe total abonado, excluidos los gastos de env\u00edo.<br \/>El reembolso se efectuar\u00e1 mediante el mismo m\u00e9todo de pago utilizado para el pedido dentro de los 30 d\u00edas naturales siguientes a la recepci\u00f3n en la sede de shop.uffizi.it.<\/p><p>El derecho de desistimiento no ser\u00e1 v\u00e1lido si el producto devuelto no est\u00e1 intacto, si falta el embalaje original, si faltan componentes esenciales del producto o si el producto ha sufrido da\u00f1os por causas distintas del transporte.<br \/>Para informaci\u00f3n o aclaraciones sobre las condiciones de venta y los productos, el Cliente podr\u00e1 escribir a <u><a id=\"OWA0e1963fc-45d8-62df-9799-10f409abea29\" title=\"mailto:helpshopuffizi@orbital-cultura.com\" href=\"mailto:helpshopuffizi@orbital-cultura.com\" data-linkindex=\"0\" data-olk-copy-source=\"MessageBody\">helpshopuffizi@orbital-cultura.com<\/a><\/u>.<br \/>El contrato entre shop.uffizi.it y el Cliente se rige por la legislaci\u00f3n italiana.<\/p>\t\t\t\t\t\t\t\t<\/div>\n\t\t\t\t<\/div>\n\t\t\t\t\t<\/div>\n\t\t<\/div>\n\t\t\t\t\t<\/div>\n\t\t<\/section>\n\t\t\t\t<\/div>\n\t\t","protected":false},"excerpt":{"rendered":"<p>Si los Productos o Servicios gozan de una garant\u00eda convencional reconocida por el fabricante, cualquier vicio, defecto o disconformidad deber\u00e1 ser denunciado directamente al fabricante, tal y como se indica en el embalaje del Producto. Salvo disposiciones legales imperativas, shop.uffizi.it declara no tener ninguna responsabilidad en relaci\u00f3n con vicios, defectos o disconformidades del producto. Queda [&hellip;]<\/p>\n","protected":false},"author":922,"featured_media":0,"parent":0,"menu_order":0,"comment_status":"closed","ping_status":"closed","template":"","meta":{"_acf_changed":false,"site-sidebar-layout":"no-sidebar","site-content-layout":"page-builder","ast-site-content-layout":"default","site-content-style":"default","site-sidebar-style":"default","ast-global-header-display":"","ast-banner-title-visibility":"","ast-main-header-display":"","ast-hfb-above-header-display":"","ast-hfb-below-header-display":"","ast-hfb-mobile-header-display":"","site-post-title":"disabled","ast-breadcrumbs-content":"","ast-featured-img":"disabled","footer-sml-layout":"","ast-disable-related-posts":"","theme-transparent-header-meta":"default","adv-header-id-meta":"","stick-header-meta":"default","header-above-stick-meta":"","header-main-stick-meta":"","header-below-stick-meta":"","astra-migrate-meta-layouts":"set","ast-page-background-enabled":"default","ast-page-background-meta":{"desktop":{"background-color":"","background-image":"","background-repeat":"repeat","background-position":"center center","background-size":"auto","background-attachment":"scroll","background-type":"","background-media":"","overlay-type":"","overlay-color":"","overlay-opacity":"","overlay-gradient":""},"tablet":{"background-color":"","background-image":"","background-repeat":"repeat","background-position":"center center","background-size":"auto","background-attachment":"scroll","background-type":"","background-media":"","overlay-type":"","overlay-color":"","overlay-opacity":"","overlay-gradient":""},"mobile":{"background-color":"","background-image":"","background-repeat":"repeat","background-position":"center center","background-size":"auto","background-attachment":"scroll","background-type":"","background-media":"","overlay-type":"","overlay-color":"","overlay-opacity":"","overlay-gradient":""}},"ast-content-background-meta":{"desktop":{"background-color":"var(--ast-global-color-5)","background-image":"","background-repeat":"repeat","background-position":"center center","background-size":"auto","background-attachment":"scroll","background-type":"","background-media":"","overlay-type":"","overlay-color":"","overlay-opacity":"","overlay-gradient":""},"tablet":{"background-color":"var(--ast-global-color-5)","background-image":"","background-repeat":"repeat","background-position":"center center","background-size":"auto","background-attachment":"scroll","background-type":"","background-media":"","overlay-type":"","overlay-color":"","overlay-opacity":"","overlay-gradient":""},"mobile":{"background-color":"var(--ast-global-color-5)","background-image":"","background-repeat":"repeat","background-position":"center center","background-size":"auto","background-attachment":"scroll","background-type":"","background-media":"","overlay-type":"","overlay-color":"","overlay-opacity":"","overlay-gradient":""}},"footnotes":""},"class_list":["post-30342","page","type-page","status-publish","hentry"],"acf":[],"yoast_head":"<!-- This site is optimized with the Yoast SEO plugin v27.3 - https:\/\/yoast.com\/product\/yoast-seo-wordpress\/ -->\n<title>Garant\u00eda y devoluci\u00f3n - Le Gallerie degli Uffizi Shop<\/title>\n<meta name=\"robots\" content=\"index, follow, max-snippet:-1, max-image-preview:large, max-video-preview:-1\" \/>\n<link rel=\"canonical\" href=\"https:\/\/shop.uffizi.it\/es\/garantia-y-devolucion\/\" \/>\n<meta property=\"og:locale\" content=\"es_ES\" \/>\n<meta property=\"og:type\" content=\"article\" \/>\n<meta property=\"og:title\" content=\"Garant\u00eda y devoluci\u00f3n - Le Gallerie degli Uffizi Shop\" \/>\n<meta property=\"og:description\" content=\"Si los Productos o Servicios gozan de una garant\u00eda convencional reconocida por el fabricante, cualquier vicio, defecto o disconformidad deber\u00e1 ser denunciado directamente al fabricante, tal y como se indica en el embalaje del Producto. Salvo disposiciones legales imperativas, shop.uffizi.it declara no tener ninguna responsabilidad en relaci\u00f3n con vicios, defectos o disconformidades del producto. Queda [&hellip;]\" \/>\n<meta property=\"og:url\" content=\"https:\/\/shop.uffizi.it\/es\/garantia-y-devolucion\/\" \/>\n<meta property=\"og:site_name\" content=\"Le Gallerie degli Uffizi Shop\" \/>\n<meta property=\"article:modified_time\" content=\"2026-01-20T14:34:11+00:00\" \/>\n<meta name=\"twitter:card\" content=\"summary_large_image\" \/>\n<meta name=\"twitter:label1\" content=\"Tiempo de lectura\" \/>\n\t<meta name=\"twitter:data1\" content=\"5 minutos\" \/>\n<script type=\"application\/ld+json\" class=\"yoast-schema-graph\">{\"@context\":\"https:\\\/\\\/schema.org\",\"@graph\":[{\"@type\":\"WebPage\",\"@id\":\"https:\\\/\\\/shop.uffizi.it\\\/es\\\/garantia-y-devolucion\\\/\",\"url\":\"https:\\\/\\\/shop.uffizi.it\\\/es\\\/garantia-y-devolucion\\\/\",\"name\":\"Garant\u00eda y devoluci\u00f3n - Le Gallerie degli Uffizi Shop\",\"isPartOf\":{\"@id\":\"https:\\\/\\\/shop.uffizi.it\\\/es\\\/#website\"},\"datePublished\":\"2025-11-26T15:25:13+00:00\",\"dateModified\":\"2026-01-20T14:34:11+00:00\",\"breadcrumb\":{\"@id\":\"https:\\\/\\\/shop.uffizi.it\\\/es\\\/garantia-y-devolucion\\\/#breadcrumb\"},\"inLanguage\":\"es\",\"potentialAction\":[{\"@type\":\"ReadAction\",\"target\":[\"https:\\\/\\\/shop.uffizi.it\\\/es\\\/garantia-y-devolucion\\\/\"]}]},{\"@type\":\"BreadcrumbList\",\"@id\":\"https:\\\/\\\/shop.uffizi.it\\\/es\\\/garantia-y-devolucion\\\/#breadcrumb\",\"itemListElement\":[{\"@type\":\"ListItem\",\"position\":1,\"name\":\"Home\",\"item\":\"https:\\\/\\\/shop.uffizi.it\\\/es\\\/\"},{\"@type\":\"ListItem\",\"position\":2,\"name\":\"Garant\u00eda y devoluci\u00f3n\"}]},{\"@type\":\"WebSite\",\"@id\":\"https:\\\/\\\/shop.uffizi.it\\\/es\\\/#website\",\"url\":\"https:\\\/\\\/shop.uffizi.it\\\/es\\\/\",\"name\":\"Le Gallerie degli Uffizi Shop\",\"description\":\"\",\"publisher\":{\"@id\":\"https:\\\/\\\/shop.uffizi.it\\\/es\\\/#organization\"},\"potentialAction\":[{\"@type\":\"SearchAction\",\"target\":{\"@type\":\"EntryPoint\",\"urlTemplate\":\"https:\\\/\\\/shop.uffizi.it\\\/es\\\/?s={search_term_string}\"},\"query-input\":{\"@type\":\"PropertyValueSpecification\",\"valueRequired\":true,\"valueName\":\"search_term_string\"}}],\"inLanguage\":\"es\"},{\"@type\":\"Organization\",\"@id\":\"https:\\\/\\\/shop.uffizi.it\\\/es\\\/#organization\",\"name\":\"Le Gallerie degli Uffizi Shop\",\"url\":\"https:\\\/\\\/shop.uffizi.it\\\/es\\\/\",\"logo\":{\"@type\":\"ImageObject\",\"inLanguage\":\"es\",\"@id\":\"https:\\\/\\\/shop.uffizi.it\\\/es\\\/#\\\/schema\\\/logo\\\/image\\\/\",\"url\":\"https:\\\/\\\/shop.uffizi.it\\\/wp-content\\\/uploads\\\/2025\\\/11\\\/uffizi_shop_logo.svg\",\"contentUrl\":\"https:\\\/\\\/shop.uffizi.it\\\/wp-content\\\/uploads\\\/2025\\\/11\\\/uffizi_shop_logo.svg\",\"caption\":\"Le Gallerie degli Uffizi Shop\"},\"image\":{\"@id\":\"https:\\\/\\\/shop.uffizi.it\\\/es\\\/#\\\/schema\\\/logo\\\/image\\\/\"}}]}<\/script>\n<!-- \/ Yoast SEO plugin. -->","yoast_head_json":{"title":"Garant\u00eda y devoluci\u00f3n - Le Gallerie degli Uffizi Shop","robots":{"index":"index","follow":"follow","max-snippet":"max-snippet:-1","max-image-preview":"max-image-preview:large","max-video-preview":"max-video-preview:-1"},"canonical":"https:\/\/shop.uffizi.it\/es\/garantia-y-devolucion\/","og_locale":"es_ES","og_type":"article","og_title":"Garant\u00eda y devoluci\u00f3n - Le Gallerie degli Uffizi Shop","og_description":"Si los Productos o Servicios gozan de una garant\u00eda convencional reconocida por el fabricante, cualquier vicio, defecto o disconformidad deber\u00e1 ser denunciado directamente al fabricante, tal y como se indica en el embalaje del Producto. Salvo disposiciones legales imperativas, shop.uffizi.it declara no tener ninguna responsabilidad en relaci\u00f3n con vicios, defectos o disconformidades del producto. Queda [&hellip;]","og_url":"https:\/\/shop.uffizi.it\/es\/garantia-y-devolucion\/","og_site_name":"Le Gallerie degli Uffizi Shop","article_modified_time":"2026-01-20T14:34:11+00:00","twitter_card":"summary_large_image","twitter_misc":{"Tiempo de lectura":"5 minutos"},"schema":{"@context":"https:\/\/schema.org","@graph":[{"@type":"WebPage","@id":"https:\/\/shop.uffizi.it\/es\/garantia-y-devolucion\/","url":"https:\/\/shop.uffizi.it\/es\/garantia-y-devolucion\/","name":"Garant\u00eda y devoluci\u00f3n - Le Gallerie degli Uffizi Shop","isPartOf":{"@id":"https:\/\/shop.uffizi.it\/es\/#website"},"datePublished":"2025-11-26T15:25:13+00:00","dateModified":"2026-01-20T14:34:11+00:00","breadcrumb":{"@id":"https:\/\/shop.uffizi.it\/es\/garantia-y-devolucion\/#breadcrumb"},"inLanguage":"es","potentialAction":[{"@type":"ReadAction","target":["https:\/\/shop.uffizi.it\/es\/garantia-y-devolucion\/"]}]},{"@type":"BreadcrumbList","@id":"https:\/\/shop.uffizi.it\/es\/garantia-y-devolucion\/#breadcrumb","itemListElement":[{"@type":"ListItem","position":1,"name":"Home","item":"https:\/\/shop.uffizi.it\/es\/"},{"@type":"ListItem","position":2,"name":"Garant\u00eda y devoluci\u00f3n"}]},{"@type":"WebSite","@id":"https:\/\/shop.uffizi.it\/es\/#website","url":"https:\/\/shop.uffizi.it\/es\/","name":"Le Gallerie degli Uffizi Shop","description":"","publisher":{"@id":"https:\/\/shop.uffizi.it\/es\/#organization"},"potentialAction":[{"@type":"SearchAction","target":{"@type":"EntryPoint","urlTemplate":"https:\/\/shop.uffizi.it\/es\/?s={search_term_string}"},"query-input":{"@type":"PropertyValueSpecification","valueRequired":true,"valueName":"search_term_string"}}],"inLanguage":"es"},{"@type":"Organization","@id":"https:\/\/shop.uffizi.it\/es\/#organization","name":"Le Gallerie degli Uffizi Shop","url":"https:\/\/shop.uffizi.it\/es\/","logo":{"@type":"ImageObject","inLanguage":"es","@id":"https:\/\/shop.uffizi.it\/es\/#\/schema\/logo\/image\/","url":"https:\/\/shop.uffizi.it\/wp-content\/uploads\/2025\/11\/uffizi_shop_logo.svg","contentUrl":"https:\/\/shop.uffizi.it\/wp-content\/uploads\/2025\/11\/uffizi_shop_logo.svg","caption":"Le Gallerie degli Uffizi Shop"},"image":{"@id":"https:\/\/shop.uffizi.it\/es\/#\/schema\/logo\/image\/"}}]}},"_links":{"self":[{"href":"https:\/\/shop.uffizi.it\/es\/wp-json\/wp\/v2\/pages\/30342","targetHints":{"allow":["GET"]}}],"collection":[{"href":"https:\/\/shop.uffizi.it\/es\/wp-json\/wp\/v2\/pages"}],"about":[{"href":"https:\/\/shop.uffizi.it\/es\/wp-json\/wp\/v2\/types\/page"}],"author":[{"embeddable":true,"href":"https:\/\/shop.uffizi.it\/es\/wp-json\/wp\/v2\/users\/922"}],"replies":[{"embeddable":true,"href":"https:\/\/shop.uffizi.it\/es\/wp-json\/wp\/v2\/comments?post=30342"}],"version-history":[{"count":13,"href":"https:\/\/shop.uffizi.it\/es\/wp-json\/wp\/v2\/pages\/30342\/revisions"}],"predecessor-version":[{"id":32745,"href":"https:\/\/shop.uffizi.it\/es\/wp-json\/wp\/v2\/pages\/30342\/revisions\/32745"}],"wp:attachment":[{"href":"https:\/\/shop.uffizi.it\/es\/wp-json\/wp\/v2\/media?parent=30342"}],"curies":[{"name":"wp","href":"https:\/\/api.w.org\/{rel}","templated":true}]}}