{"id":30068,"date":"2025-11-25T16:12:46","date_gmt":"2025-11-25T15:12:46","guid":{"rendered":"https:\/\/shop.uffizi.it\/?page_id=30068"},"modified":"2025-12-17T16:56:56","modified_gmt":"2025-12-17T15:56:56","slug":"museo-archeologico-nazionale","status":"publish","type":"page","link":"https:\/\/shop.uffizi.it\/es\/museo-archeologico-nazionale\/","title":{"rendered":"MUSEO ARCHEOLOGICO NAZIONALE"},"content":{"rendered":"\t\t<div data-elementor-type=\"wp-page\" data-elementor-id=\"30068\" class=\"elementor elementor-30068 elementor-28846\" data-elementor-post-type=\"page\">\n\t\t\t\t\t\t<section class=\"elementor-section elementor-top-section elementor-element elementor-element-153ffc5 elementor-section-boxed elementor-section-height-default elementor-section-height-default\" data-id=\"153ffc5\" data-element_type=\"section\" data-e-type=\"section\">\n\t\t\t\t\t\t<div class=\"elementor-container elementor-column-gap-default\">\n\t\t\t\t\t<div class=\"elementor-column elementor-col-100 elementor-top-column elementor-element elementor-element-dd9a084\" data-id=\"dd9a084\" data-element_type=\"column\" data-e-type=\"column\">\n\t\t\t<div class=\"elementor-widget-wrap elementor-element-populated\">\n\t\t\t\t\t\t<div class=\"elementor-element elementor-element-456fa51 elementor-widget elementor-widget-image\" data-id=\"456fa51\" data-element_type=\"widget\" data-e-type=\"widget\" data-widget_type=\"image.default\">\n\t\t\t\t<div class=\"elementor-widget-container\">\n\t\t\t\t\t\t\t\t\t\t\t\t\t\t\t<img decoding=\"async\" width=\"111\" height=\"146\" src=\"https:\/\/shop.uffizi.it\/wp-content\/uploads\/2025\/11\/museo_archeologico_nazionale-1.png\" class=\"attachment-full size-full wp-image-28872\" alt=\"\" \/>\t\t\t\t\t\t\t\t\t\t\t\t\t\t\t<\/div>\n\t\t\t\t<\/div>\n\t\t\t\t<div class=\"elementor-element elementor-element-b841b44 elementor-widget elementor-widget-heading\" data-id=\"b841b44\" data-element_type=\"widget\" data-e-type=\"widget\" data-widget_type=\"heading.default\">\n\t\t\t\t<div class=\"elementor-widget-container\">\n\t\t\t\t\t<h2 class=\"elementor-heading-title elementor-size-default\">MUSEO ARCHEOLOGICO NAZIONALE<\/h2>\t\t\t\t<\/div>\n\t\t\t\t<\/div>\n\t\t\t\t<div class=\"elementor-element elementor-element-3a37818 elementor-widget elementor-widget-text-editor\" data-id=\"3a37818\" data-element_type=\"widget\" data-e-type=\"widget\" data-widget_type=\"text-editor.default\">\n\t\t\t\t<div class=\"elementor-widget-container\">\n\t\t\t\t\t\t\t\t\t<p>Piazza Santissima Annunziata, 1<\/p>\t\t\t\t\t\t\t\t<\/div>\n\t\t\t\t<\/div>\n\t\t\t\t<div class=\"elementor-element elementor-element-35b9416 elementor-widget elementor-widget-text-editor\" data-id=\"35b9416\" data-element_type=\"widget\" data-e-type=\"widget\" data-widget_type=\"text-editor.default\">\n\t\t\t\t<div class=\"elementor-widget-container\">\n\t\t\t\t\t\t\t\t\tEl museo fue inaugurado como Museo Etrusco en 1870 y <b>es uno de los museos arqueol\u00f3gicos m\u00e1s antiguos de Italia<\/b>. Inicialmente, su sede se encontraba en el Cen\u00e1culo de Fuligno y albergaba una colecci\u00f3n de hallazgos etruscos, griegos y romanos procedentes del desmantelamiento de las colecciones m\u00e9diceas y lorenas, antes conservadas en los Uffizi. En ese mismo lugar, en 1855, tambi\u00e9n se hab\u00eda instalado el Museo Egipcio. Los espacios del cen\u00e1culo pronto resultaron insuficientes para acoger las colecciones y, en 1880, el museo fue trasladado a su sede actual en el <b>Palazzo della Crocetta<\/b>.\n\nHoy, el Museo Arqueol\u00f3gico Nacional de Florencia incluye la Secci\u00f3n Etrusca, la Secci\u00f3n Romana, la Secci\u00f3n Griega, la Secci\u00f3n Egipcia \u2014tambi\u00e9n conocida como Museo Egipcio (la segunda colecci\u00f3n m\u00e1s importante de Italia despu\u00e9s de la de Tur\u00edn)\u2014, la Secci\u00f3n Numism\u00e1tica y otras m\u00e1s.\n\nEntre los hallazgos etruscos m\u00e1s importantes se encuentra la <b>Quimera<\/b>, una estatua votiva de bronce encontrada en Arezzo en 1533, que representa a un animal parte le\u00f3n, parte cabra y parte serpiente. Entre las principales obras conservadas aqu\u00ed tambi\u00e9n se encuentran las estatuas del <b>Orador<\/b> y de <b>Minerva<\/b>, las <b>urnas de terracota<\/b> y de <b>travertino de Volterra<\/b>, as\u00ed como los <b>vasos de cer\u00e1mica griega<\/b> de figuras negras.\t\t\t\t\t\t\t\t<\/div>\n\t\t\t\t<\/div>\n\t\t\t\t\t<\/div>\n\t\t<\/div>\n\t\t\t\t\t<\/div>\n\t\t<\/section>\n\t\t\t\t<\/div>\n\t\t","protected":false},"excerpt":{"rendered":"<p>MUSEO ARCHEOLOGICO NAZIONALE Piazza Santissima Annunziata, 1 El museo fue inaugurado como Museo Etrusco en 1870 y es uno de los museos arqueol\u00f3gicos m\u00e1s antiguos de Italia. Inicialmente, su sede se encontraba en el Cen\u00e1culo de Fuligno y albergaba una colecci\u00f3n de hallazgos etruscos, griegos y romanos procedentes del desmantelamiento de las colecciones m\u00e9diceas y [&hellip;]<\/p>\n","protected":false},"author":922,"featured_media":0,"parent":0,"menu_order":0,"comment_status":"closed","ping_status":"closed","template":"","meta":{"_acf_changed":false,"site-sidebar-layout":"no-sidebar","site-content-layout":"page-builder","ast-site-content-layout":"full-width-container","site-content-style":"default","site-sidebar-style":"default","ast-global-header-display":"","ast-banner-title-visibility":"","ast-main-header-display":"","ast-hfb-above-header-display":"","ast-hfb-below-header-display":"","ast-hfb-mobile-header-display":"","site-post-title":"disabled","ast-breadcrumbs-content":"","ast-featured-img":"disabled","footer-sml-layout":"","ast-disable-related-posts":"","theme-transparent-header-meta":"","adv-header-id-meta":"","stick-header-meta":"","header-above-stick-meta":"","header-main-stick-meta":"","header-below-stick-meta":"","astra-migrate-meta-layouts":"set","ast-page-background-enabled":"default","ast-page-background-meta":{"desktop":{"background-color":"","background-image":"","background-repeat":"repeat","background-position":"center center","background-size":"auto","background-attachment":"scroll","background-type":"","background-media":"","overlay-type":"","overlay-color":"","overlay-opacity":"","overlay-gradient":""},"tablet":{"background-color":"","background-image":"","background-repeat":"repeat","background-position":"center center","background-size":"auto","background-attachment":"scroll","background-type":"","background-media":"","overlay-type":"","overlay-color":"","overlay-opacity":"","overlay-gradient":""},"mobile":{"background-color":"","background-image":"","background-repeat":"repeat","background-position":"center center","background-size":"auto","background-attachment":"scroll","background-type":"","background-media":"","overlay-type":"","overlay-color":"","overlay-opacity":"","overlay-gradient":""}},"ast-content-background-meta":{"desktop":{"background-color":"var(--ast-global-color-5)","background-image":"","background-repeat":"repeat","background-position":"center center","background-size":"auto","background-attachment":"scroll","background-type":"","background-media":"","overlay-type":"","overlay-color":"","overlay-opacity":"","overlay-gradient":""},"tablet":{"background-color":"var(--ast-global-color-5)","background-image":"","background-repeat":"repeat","background-position":"center center","background-size":"auto","background-attachment":"scroll","background-type":"","background-media":"","overlay-type":"","overlay-color":"","overlay-opacity":"","overlay-gradient":""},"mobile":{"background-color":"var(--ast-global-color-5)","background-image":"","background-repeat":"repeat","background-position":"center center","background-size":"auto","background-attachment":"scroll","background-type":"","background-media":"","overlay-type":"","overlay-color":"","overlay-opacity":"","overlay-gradient":""}},"footnotes":""},"class_list":["post-30068","page","type-page","status-publish","hentry"],"acf":[],"yoast_head":"<!-- This site is optimized with the Yoast SEO plugin v27.3 - https:\/\/yoast.com\/product\/yoast-seo-wordpress\/ -->\n<title>MUSEO ARCHEOLOGICO NAZIONALE - Le Gallerie degli Uffizi Shop<\/title>\n<meta name=\"robots\" content=\"index, follow, max-snippet:-1, max-image-preview:large, max-video-preview:-1\" \/>\n<link rel=\"canonical\" href=\"https:\/\/shop.uffizi.it\/es\/museo-archeologico-nazionale\/\" \/>\n<meta property=\"og:locale\" content=\"es_ES\" \/>\n<meta property=\"og:type\" content=\"article\" \/>\n<meta property=\"og:title\" content=\"MUSEO ARCHEOLOGICO NAZIONALE - Le Gallerie degli Uffizi Shop\" \/>\n<meta property=\"og:description\" content=\"MUSEO ARCHEOLOGICO NAZIONALE Piazza Santissima Annunziata, 1 El museo fue inaugurado como Museo Etrusco en 1870 y es uno de los museos arqueol\u00f3gicos m\u00e1s antiguos de Italia. Inicialmente, su sede se encontraba en el Cen\u00e1culo de Fuligno y albergaba una colecci\u00f3n de hallazgos etruscos, griegos y romanos procedentes del desmantelamiento de las colecciones m\u00e9diceas y [&hellip;]\" \/>\n<meta property=\"og:url\" content=\"https:\/\/shop.uffizi.it\/es\/museo-archeologico-nazionale\/\" \/>\n<meta property=\"og:site_name\" content=\"Le Gallerie degli Uffizi Shop\" \/>\n<meta property=\"article:modified_time\" content=\"2025-12-17T15:56:56+00:00\" \/>\n<meta property=\"og:image\" content=\"https:\/\/shop.uffizi.it\/wp-content\/uploads\/2025\/11\/museo_archeologico_nazionale-1.png\" \/>\n\t<meta property=\"og:image:width\" content=\"111\" \/>\n\t<meta property=\"og:image:height\" content=\"146\" \/>\n\t<meta property=\"og:image:type\" content=\"image\/png\" \/>\n<meta name=\"twitter:card\" content=\"summary_large_image\" \/>\n<meta name=\"twitter:label1\" content=\"Tiempo de lectura\" \/>\n\t<meta name=\"twitter:data1\" content=\"2 minutos\" \/>\n<script type=\"application\/ld+json\" class=\"yoast-schema-graph\">{\"@context\":\"https:\\\/\\\/schema.org\",\"@graph\":[{\"@type\":\"WebPage\",\"@id\":\"https:\\\/\\\/shop.uffizi.it\\\/es\\\/museo-archeologico-nazionale\\\/\",\"url\":\"https:\\\/\\\/shop.uffizi.it\\\/es\\\/museo-archeologico-nazionale\\\/\",\"name\":\"MUSEO ARCHEOLOGICO NAZIONALE - Le Gallerie degli Uffizi Shop\",\"isPartOf\":{\"@id\":\"https:\\\/\\\/shop.uffizi.it\\\/es\\\/#website\"},\"primaryImageOfPage\":{\"@id\":\"https:\\\/\\\/shop.uffizi.it\\\/es\\\/museo-archeologico-nazionale\\\/#primaryimage\"},\"image\":{\"@id\":\"https:\\\/\\\/shop.uffizi.it\\\/es\\\/museo-archeologico-nazionale\\\/#primaryimage\"},\"thumbnailUrl\":\"https:\\\/\\\/shop.uffizi.it\\\/wp-content\\\/uploads\\\/2025\\\/11\\\/museo_archeologico_nazionale-1.png\",\"datePublished\":\"2025-11-25T15:12:46+00:00\",\"dateModified\":\"2025-12-17T15:56:56+00:00\",\"breadcrumb\":{\"@id\":\"https:\\\/\\\/shop.uffizi.it\\\/es\\\/museo-archeologico-nazionale\\\/#breadcrumb\"},\"inLanguage\":\"es\",\"potentialAction\":[{\"@type\":\"ReadAction\",\"target\":[\"https:\\\/\\\/shop.uffizi.it\\\/es\\\/museo-archeologico-nazionale\\\/\"]}]},{\"@type\":\"ImageObject\",\"inLanguage\":\"es\",\"@id\":\"https:\\\/\\\/shop.uffizi.it\\\/es\\\/museo-archeologico-nazionale\\\/#primaryimage\",\"url\":\"https:\\\/\\\/shop.uffizi.it\\\/wp-content\\\/uploads\\\/2025\\\/11\\\/museo_archeologico_nazionale-1.png\",\"contentUrl\":\"https:\\\/\\\/shop.uffizi.it\\\/wp-content\\\/uploads\\\/2025\\\/11\\\/museo_archeologico_nazionale-1.png\"},{\"@type\":\"BreadcrumbList\",\"@id\":\"https:\\\/\\\/shop.uffizi.it\\\/es\\\/museo-archeologico-nazionale\\\/#breadcrumb\",\"itemListElement\":[{\"@type\":\"ListItem\",\"position\":1,\"name\":\"Home\",\"item\":\"https:\\\/\\\/shop.uffizi.it\\\/es\\\/\"},{\"@type\":\"ListItem\",\"position\":2,\"name\":\"MUSEO ARCHEOLOGICO NAZIONALE\"}]},{\"@type\":\"WebSite\",\"@id\":\"https:\\\/\\\/shop.uffizi.it\\\/es\\\/#website\",\"url\":\"https:\\\/\\\/shop.uffizi.it\\\/es\\\/\",\"name\":\"Le Gallerie degli Uffizi Shop\",\"description\":\"\",\"publisher\":{\"@id\":\"https:\\\/\\\/shop.uffizi.it\\\/es\\\/#organization\"},\"potentialAction\":[{\"@type\":\"SearchAction\",\"target\":{\"@type\":\"EntryPoint\",\"urlTemplate\":\"https:\\\/\\\/shop.uffizi.it\\\/es\\\/?s={search_term_string}\"},\"query-input\":{\"@type\":\"PropertyValueSpecification\",\"valueRequired\":true,\"valueName\":\"search_term_string\"}}],\"inLanguage\":\"es\"},{\"@type\":\"Organization\",\"@id\":\"https:\\\/\\\/shop.uffizi.it\\\/es\\\/#organization\",\"name\":\"Le Gallerie degli Uffizi Shop\",\"url\":\"https:\\\/\\\/shop.uffizi.it\\\/es\\\/\",\"logo\":{\"@type\":\"ImageObject\",\"inLanguage\":\"es\",\"@id\":\"https:\\\/\\\/shop.uffizi.it\\\/es\\\/#\\\/schema\\\/logo\\\/image\\\/\",\"url\":\"https:\\\/\\\/shop.uffizi.it\\\/wp-content\\\/uploads\\\/2025\\\/11\\\/uffizi_shop_logo.svg\",\"contentUrl\":\"https:\\\/\\\/shop.uffizi.it\\\/wp-content\\\/uploads\\\/2025\\\/11\\\/uffizi_shop_logo.svg\",\"caption\":\"Le Gallerie degli Uffizi Shop\"},\"image\":{\"@id\":\"https:\\\/\\\/shop.uffizi.it\\\/es\\\/#\\\/schema\\\/logo\\\/image\\\/\"}}]}<\/script>\n<!-- \/ Yoast SEO plugin. -->","yoast_head_json":{"title":"MUSEO ARCHEOLOGICO NAZIONALE - Le Gallerie degli Uffizi Shop","robots":{"index":"index","follow":"follow","max-snippet":"max-snippet:-1","max-image-preview":"max-image-preview:large","max-video-preview":"max-video-preview:-1"},"canonical":"https:\/\/shop.uffizi.it\/es\/museo-archeologico-nazionale\/","og_locale":"es_ES","og_type":"article","og_title":"MUSEO ARCHEOLOGICO NAZIONALE - Le Gallerie degli Uffizi Shop","og_description":"MUSEO ARCHEOLOGICO NAZIONALE Piazza Santissima Annunziata, 1 El museo fue inaugurado como Museo Etrusco en 1870 y es uno de los museos arqueol\u00f3gicos m\u00e1s antiguos de Italia. Inicialmente, su sede se encontraba en el Cen\u00e1culo de Fuligno y albergaba una colecci\u00f3n de hallazgos etruscos, griegos y romanos procedentes del desmantelamiento de las colecciones m\u00e9diceas y [&hellip;]","og_url":"https:\/\/shop.uffizi.it\/es\/museo-archeologico-nazionale\/","og_site_name":"Le Gallerie degli Uffizi Shop","article_modified_time":"2025-12-17T15:56:56+00:00","og_image":[{"width":111,"height":146,"url":"https:\/\/shop.uffizi.it\/wp-content\/uploads\/2025\/11\/museo_archeologico_nazionale-1.png","type":"image\/png"}],"twitter_card":"summary_large_image","twitter_misc":{"Tiempo de lectura":"2 minutos"},"schema":{"@context":"https:\/\/schema.org","@graph":[{"@type":"WebPage","@id":"https:\/\/shop.uffizi.it\/es\/museo-archeologico-nazionale\/","url":"https:\/\/shop.uffizi.it\/es\/museo-archeologico-nazionale\/","name":"MUSEO ARCHEOLOGICO NAZIONALE - Le Gallerie degli Uffizi Shop","isPartOf":{"@id":"https:\/\/shop.uffizi.it\/es\/#website"},"primaryImageOfPage":{"@id":"https:\/\/shop.uffizi.it\/es\/museo-archeologico-nazionale\/#primaryimage"},"image":{"@id":"https:\/\/shop.uffizi.it\/es\/museo-archeologico-nazionale\/#primaryimage"},"thumbnailUrl":"https:\/\/shop.uffizi.it\/wp-content\/uploads\/2025\/11\/museo_archeologico_nazionale-1.png","datePublished":"2025-11-25T15:12:46+00:00","dateModified":"2025-12-17T15:56:56+00:00","breadcrumb":{"@id":"https:\/\/shop.uffizi.it\/es\/museo-archeologico-nazionale\/#breadcrumb"},"inLanguage":"es","potentialAction":[{"@type":"ReadAction","target":["https:\/\/shop.uffizi.it\/es\/museo-archeologico-nazionale\/"]}]},{"@type":"ImageObject","inLanguage":"es","@id":"https:\/\/shop.uffizi.it\/es\/museo-archeologico-nazionale\/#primaryimage","url":"https:\/\/shop.uffizi.it\/wp-content\/uploads\/2025\/11\/museo_archeologico_nazionale-1.png","contentUrl":"https:\/\/shop.uffizi.it\/wp-content\/uploads\/2025\/11\/museo_archeologico_nazionale-1.png"},{"@type":"BreadcrumbList","@id":"https:\/\/shop.uffizi.it\/es\/museo-archeologico-nazionale\/#breadcrumb","itemListElement":[{"@type":"ListItem","position":1,"name":"Home","item":"https:\/\/shop.uffizi.it\/es\/"},{"@type":"ListItem","position":2,"name":"MUSEO ARCHEOLOGICO NAZIONALE"}]},{"@type":"WebSite","@id":"https:\/\/shop.uffizi.it\/es\/#website","url":"https:\/\/shop.uffizi.it\/es\/","name":"Le Gallerie degli Uffizi Shop","description":"","publisher":{"@id":"https:\/\/shop.uffizi.it\/es\/#organization"},"potentialAction":[{"@type":"SearchAction","target":{"@type":"EntryPoint","urlTemplate":"https:\/\/shop.uffizi.it\/es\/?s={search_term_string}"},"query-input":{"@type":"PropertyValueSpecification","valueRequired":true,"valueName":"search_term_string"}}],"inLanguage":"es"},{"@type":"Organization","@id":"https:\/\/shop.uffizi.it\/es\/#organization","name":"Le Gallerie degli Uffizi Shop","url":"https:\/\/shop.uffizi.it\/es\/","logo":{"@type":"ImageObject","inLanguage":"es","@id":"https:\/\/shop.uffizi.it\/es\/#\/schema\/logo\/image\/","url":"https:\/\/shop.uffizi.it\/wp-content\/uploads\/2025\/11\/uffizi_shop_logo.svg","contentUrl":"https:\/\/shop.uffizi.it\/wp-content\/uploads\/2025\/11\/uffizi_shop_logo.svg","caption":"Le Gallerie degli Uffizi Shop"},"image":{"@id":"https:\/\/shop.uffizi.it\/es\/#\/schema\/logo\/image\/"}}]}},"_links":{"self":[{"href":"https:\/\/shop.uffizi.it\/es\/wp-json\/wp\/v2\/pages\/30068","targetHints":{"allow":["GET"]}}],"collection":[{"href":"https:\/\/shop.uffizi.it\/es\/wp-json\/wp\/v2\/pages"}],"about":[{"href":"https:\/\/shop.uffizi.it\/es\/wp-json\/wp\/v2\/types\/page"}],"author":[{"embeddable":true,"href":"https:\/\/shop.uffizi.it\/es\/wp-json\/wp\/v2\/users\/922"}],"replies":[{"embeddable":true,"href":"https:\/\/shop.uffizi.it\/es\/wp-json\/wp\/v2\/comments?post=30068"}],"version-history":[{"count":10,"href":"https:\/\/shop.uffizi.it\/es\/wp-json\/wp\/v2\/pages\/30068\/revisions"}],"predecessor-version":[{"id":31853,"href":"https:\/\/shop.uffizi.it\/es\/wp-json\/wp\/v2\/pages\/30068\/revisions\/31853"}],"wp:attachment":[{"href":"https:\/\/shop.uffizi.it\/es\/wp-json\/wp\/v2\/media?parent=30068"}],"curies":[{"name":"wp","href":"https:\/\/api.w.org\/{rel}","templated":true}]}}