{"id":29908,"date":"2025-11-25T14:07:01","date_gmt":"2025-11-25T13:07:01","guid":{"rendered":"https:\/\/shop.uffizi.it\/?page_id=29908"},"modified":"2025-11-25T14:48:36","modified_gmt":"2025-11-25T13:48:36","slug":"politica-de-cookies","status":"publish","type":"page","link":"https:\/\/shop.uffizi.it\/es\/politica-de-cookies\/","title":{"rendered":"Pol\u00edtica de cookies"},"content":{"rendered":"\t\t<div data-elementor-type=\"wp-page\" data-elementor-id=\"29908\" class=\"elementor elementor-29908 elementor-4976\" data-elementor-post-type=\"page\">\n\t\t\t\t\t\t<section class=\"elementor-section elementor-top-section elementor-element elementor-element-d69edc3 elementor-section-boxed elementor-section-height-default elementor-section-height-default\" data-id=\"d69edc3\" data-element_type=\"section\" data-e-type=\"section\">\n\t\t\t\t\t\t<div class=\"elementor-container elementor-column-gap-default\">\n\t\t\t\t\t<div class=\"elementor-column elementor-col-100 elementor-top-column elementor-element elementor-element-a05dec0\" data-id=\"a05dec0\" data-element_type=\"column\" data-e-type=\"column\">\n\t\t\t<div class=\"elementor-widget-wrap elementor-element-populated\">\n\t\t\t\t\t\t<div class=\"elementor-element elementor-element-6cb9caf elementor-widget elementor-widget-text-editor\" data-id=\"6cb9caf\" data-element_type=\"widget\" data-e-type=\"widget\" data-widget_type=\"text-editor.default\">\n\t\t\t\t<div class=\"elementor-widget-container\">\n\t\t\t\t\t\t\t\t\t<p>En esta p\u00e1gina se describen las <strong>cookies<\/strong> utilizadas en el sitio web <strong>shop.uffizi.it<\/strong> en relaci\u00f3n con el tratamiento de los <strong>datos personales<\/strong> de los usuarios que lo consultan.<\/p>\n\n<p>La presente informaci\u00f3n se proporciona de conformidad con la <strong>normativa vigente<\/strong> en materia de protecci\u00f3n de datos personales, lo dispuesto en el art\u00edculo 13 del <strong>Reglamento UE 2016\/679<\/strong>, de 27 de abril de 2016, y lo dispuesto en la resoluci\u00f3n del <strong>Garante de la Privacidad<\/strong>, de 8 de mayo de 2014, en materia de gesti\u00f3n y uso de cookies. Est\u00e1 dirigida a quienes interact\u00faan con los servicios web de la <strong>ATI<\/strong>, accesibles por v\u00eda telem\u00e1tica desde la direcci\u00f3n: <strong>https:\/\/shop.uffizi.it\/<\/strong><\/p>\n\n<p>La informaci\u00f3n se proporciona \u00fanicamente para este sitio web y no para otros sitios web que el usuario pueda consultar a trav\u00e9s de enlaces.<\/p>\n\n<p><strong>QU\u00c9 SON LAS COOKIES<\/strong><\/p>\n\n<p>Las <strong>cookies<\/strong> son peque\u00f1os archivos de texto que los sitios web visitados env\u00edan al navegador del usuario, donde se almacenan para luego ser transmitidos a los mismos sitios web en la siguiente visita del mismo usuario. De esta manera, el sitio web o el servidor reconoce el navegador y recuerda las <strong>preferencias<\/strong> del usuario, junto con otra informaci\u00f3n \u00fatil para facilitar su navegaci\u00f3n.<\/p>\n\n<p>Las cookies se diferencian entre s\u00ed en funci\u00f3n de los <strong>fines<\/strong> que persiguen quienes las utilizan.<\/p>\n\n<p><em><u>COOKIES PROPIAS Y DE TERCEROS<\/u><\/em><\/p>\n\n<p>Dependiendo de la entidad espec\u00edfica que instala las cookies en el terminal del usuario, las cookies se pueden clasificar en:<\/p>\n<ul>\n  <li><em><strong>Cookies propias<\/strong><\/em>: Son establecidas por los propios sitios web (con un dominio igual al indicado en la barra de direcciones del navegador) y solo pueden ser le\u00eddas por dichos sitios web.<\/li>\n  <li><em><strong>Cookies de terceros<\/strong><\/em>: Son establecidas por dominios distintos al indicado en la barra de direcciones del navegador, es decir, por organizaciones que no corresponden a los propietarios de los sitios web. Estas cookies se utilizan, por ejemplo, para recopilar informaci\u00f3n con fines <strong>publicitarios<\/strong>, para la <strong>personalizaci\u00f3n de los contenidos<\/strong> y para el <strong>seguimiento de las visitas<\/strong> al sitio web.<\/li>\n<\/ul>\n\n<p><em><u>COOKIES T\u00c9CNICAS Y DE PERFILADO<\/u><\/em><\/p>\n\n<p>Las cookies tambi\u00e9n se pueden clasificar en:<\/p>\n<ul>\n  <li><em><strong>Cookies t\u00e9cnicas<\/strong><\/em>: Indispensables para el correcto funcionamiento de un sitio web o una aplicaci\u00f3n. Sin este tipo de cookies, el sitio podr\u00eda no funcionar correctamente o impedir por completo algunas funciones. Para la instalaci\u00f3n de estas cookies no se requiere el <strong>consentimiento<\/strong> previo de los usuarios.<\/li>\n  <li><em><strong>Cookies de perfilado<\/strong><\/em>: Recopilan y almacenan informaci\u00f3n sobre el visitante (por ejemplo, p\u00e1ginas visitadas, b\u00fasquedas realizadas, etc.) con el fin de ofrecer <strong>mensajes publicitarios personalizados<\/strong> y acordes a sus intereses. Para su utilizaci\u00f3n se requiere el consentimiento del interesado. En el caso de cookies de terceros, el sitio web no tiene control directo sobre ellas (no puede instalarlas directamente ni eliminarlas). No obstante, el usuario puede gestionarlas mediante la configuraci\u00f3n del <strong>navegador<\/strong> (v\u00e9ase la secci\u00f3n \u201c<em>C\u00f3mo eliminar las cookies de su ordenador<\/em>\u201d) o a trav\u00e9s de los sitios indicados en la secci\u00f3n \u201c<em>C\u00f3mo oponerse a las cookies de terceros<\/em>\u201d.<\/li>\n<\/ul>\n\n<p><em><u>COOKIES TEMPORALES Y PERMANENTES<\/u><\/em><\/p>\n\n<p>Las cookies tienen una <strong>duraci\u00f3n<\/strong> establecida por la fecha de caducidad (o por una acci\u00f3n espec\u00edfica como cerrar el navegador) definida en el momento de su instalaci\u00f3n. En este sentido, se clasifican en:<\/p>\n<ul>\n  <li><em><strong>Cookies temporales o de sesi\u00f3n<\/strong><\/em> (session cookie): Se almacenan temporalmente en la memoria del ordenador mientras el usuario visita un sitio web (por ejemplo, para recordar el idioma seleccionado). Se eliminan al cerrar el navegador.<\/li>\n  <li><em><strong>Cookies permanentes<\/strong><\/em> (persistent cookie): Permanecen en el ordenador del usuario durante un periodo prolongado, dependiendo de la fecha de caducidad establecida. Permiten mantener informaci\u00f3n \u00fatil durante visitas posteriores, evitando por ejemplo volver a introducir credenciales.<\/li>\n<\/ul>\n\n<p><strong>TIPOS DE COOKIES UTILIZADAS POR ESTE SITIO WEB<\/strong><\/p>\n\n<p>Este sitio utiliza los siguientes <strong>cookies<\/strong>:<\/p>\n<ul>\n  <li><em><strong>Cookies de navegaci\u00f3n\/sesi\u00f3n<\/strong><\/em>: Fundamentales para navegar por el sitio web utilizando todas sus funciones. No recopilan informaci\u00f3n para fines comerciales.<\/li>\n  <li><em><strong>Cookies anal\u00edticas de terceros<\/strong><\/em>: Recopilan y analizan informaci\u00f3n de forma an\u00f3nima y\/o agregada sobre el uso del sitio (p\u00e1ginas visitadas, etc.) para ofrecer al usuario una <strong>mejor experiencia de navegaci\u00f3n<\/strong>. No recopilan informaci\u00f3n que pueda identificar al usuario.<\/li>\n<\/ul>\n\n<p>Para m\u00e1s informaci\u00f3n sobre <strong>cookies de terceros<\/strong> y para oponerse a ellas, a continuaci\u00f3n se incluyen las pol\u00edticas de sus respectivos titulares:<\/p>\n\n<p><strong>Google Analytics (Google Ireland Limited)<\/strong><br>\nGoogle Analytics es un servicio de <strong>an\u00e1lisis web<\/strong> prestado por <strong>Google Ireland Limited<\/strong>. Google utiliza informaci\u00f3n recopilada de los usuarios para analizar el uso de la aplicaci\u00f3n, generar informes y compartirlos con otros servicios de Google.<\/p>\n\n<p><strong>Google Tag Manager (Google Ireland Limited)<\/strong><br>\nServicio de <strong>gesti\u00f3n de etiquetas<\/strong> proporcionado por Google Ireland Limited.<\/p>\n\n<p><strong>Font Awesome (Fonticons, Inc.)<\/strong><br>\nServicio de <strong>visualizaci\u00f3n de estilos tipogr\u00e1ficos<\/strong> gestionado por Fonticons, Inc.<\/p>\n\n<p><strong>Google Fonts (Google Ireland Limited)<\/strong><br>\nServicio de <strong>visualizaci\u00f3n de fuentes<\/strong> gestionado por Google Ireland Limited.<\/p>\n\n<p><strong>C\u00d3MO ELIMINAR LAS COOKIES DE SU ORDENADOR<\/strong><\/p>\n\n<p>Las cookies pueden <strong>limitarse o bloquearse<\/strong> modificando la configuraci\u00f3n del navegador.<\/p>\n\n<p>A continuaci\u00f3n se incluyen enlaces con instrucciones para eliminar las cookies ya instaladas:<\/p>\n<ul>\n  <li><strong><em>Mozilla Firefox<\/em><\/strong>: Para m\u00e1s informaci\u00f3n, visite la p\u00e1gina dedicada.<\/li>\n  <li><strong><em>Microsoft Internet Explorer<\/em><\/strong>: Para m\u00e1s informaci\u00f3n, visite la p\u00e1gina dedicada.<\/li>\n  <li><strong><em>Chrome<\/em><\/strong>: Para m\u00e1s informaci\u00f3n, visite la p\u00e1gina dedicada.<\/li>\n  <li><strong><em>Opera<\/em><\/strong>: Para m\u00e1s informaci\u00f3n, visite la p\u00e1gina dedicada.<\/li>\n  <li><strong><em>Safari iOS<\/em><\/strong>: Para m\u00e1s informaci\u00f3n, visite la p\u00e1gina dedicada.<\/li>\n<\/ul>\n\n<p>La <strong>desactivaci\u00f3n<\/strong> de algunas cookies podr\u00eda <strong>limitar la funcionalidad<\/strong> del sitio web.<\/p>\n\t\t\t\t\t\t\t\t<\/div>\n\t\t\t\t<\/div>\n\t\t\t\t\t<\/div>\n\t\t<\/div>\n\t\t\t\t\t<\/div>\n\t\t<\/section>\n\t\t\t\t<\/div>\n\t\t","protected":false},"excerpt":{"rendered":"<p>En esta p\u00e1gina se describen las cookies utilizadas en el sitio web shop.uffizi.it en relaci\u00f3n con el tratamiento de los datos personales de los usuarios que lo consultan. La presente informaci\u00f3n se proporciona de conformidad con la normativa vigente en materia de protecci\u00f3n de datos personales, lo dispuesto en el art\u00edculo 13 del Reglamento UE [&hellip;]<\/p>\n","protected":false},"author":922,"featured_media":0,"parent":0,"menu_order":0,"comment_status":"closed","ping_status":"closed","template":"","meta":{"_acf_changed":false,"site-sidebar-layout":"default","site-content-layout":"","ast-site-content-layout":"default","site-content-style":"default","site-sidebar-style":"default","ast-global-header-display":"","ast-banner-title-visibility":"","ast-main-header-display":"","ast-hfb-above-header-display":"","ast-hfb-below-header-display":"","ast-hfb-mobile-header-display":"","site-post-title":"disabled","ast-breadcrumbs-content":"","ast-featured-img":"","footer-sml-layout":"","ast-disable-related-posts":"","theme-transparent-header-meta":"","adv-header-id-meta":"","stick-header-meta":"","header-above-stick-meta":"","header-main-stick-meta":"","header-below-stick-meta":"","astra-migrate-meta-layouts":"set","ast-page-background-enabled":"default","ast-page-background-meta":{"desktop":{"background-color":"","background-image":"","background-repeat":"repeat","background-position":"center center","background-size":"auto","background-attachment":"scroll","background-type":"","background-media":"","overlay-type":"","overlay-color":"","overlay-opacity":"","overlay-gradient":""},"tablet":{"background-color":"","background-image":"","background-repeat":"repeat","background-position":"center center","background-size":"auto","background-attachment":"scroll","background-type":"","background-media":"","overlay-type":"","overlay-color":"","overlay-opacity":"","overlay-gradient":""},"mobile":{"background-color":"","background-image":"","background-repeat":"repeat","background-position":"center center","background-size":"auto","background-attachment":"scroll","background-type":"","background-media":"","overlay-type":"","overlay-color":"","overlay-opacity":"","overlay-gradient":""}},"ast-content-background-meta":{"desktop":{"background-color":"var(--ast-global-color-5)","background-image":"","background-repeat":"repeat","background-position":"center center","background-size":"auto","background-attachment":"scroll","background-type":"","background-media":"","overlay-type":"","overlay-color":"","overlay-opacity":"","overlay-gradient":""},"tablet":{"background-color":"var(--ast-global-color-5)","background-image":"","background-repeat":"repeat","background-position":"center center","background-size":"auto","background-attachment":"scroll","background-type":"","background-media":"","overlay-type":"","overlay-color":"","overlay-opacity":"","overlay-gradient":""},"mobile":{"background-color":"var(--ast-global-color-5)","background-image":"","background-repeat":"repeat","background-position":"center center","background-size":"auto","background-attachment":"scroll","background-type":"","background-media":"","overlay-type":"","overlay-color":"","overlay-opacity":"","overlay-gradient":""}},"footnotes":""},"class_list":["post-29908","page","type-page","status-publish","hentry"],"acf":[],"yoast_head":"<!-- This site is optimized with the Yoast SEO plugin v27.3 - https:\/\/yoast.com\/product\/yoast-seo-wordpress\/ -->\n<title>Pol\u00edtica de cookies - Le Gallerie degli Uffizi Shop<\/title>\n<meta name=\"robots\" content=\"index, follow, max-snippet:-1, max-image-preview:large, max-video-preview:-1\" \/>\n<link rel=\"canonical\" href=\"https:\/\/shop.uffizi.it\/es\/politica-de-cookies\/\" \/>\n<meta property=\"og:locale\" content=\"es_ES\" \/>\n<meta property=\"og:type\" content=\"article\" \/>\n<meta property=\"og:title\" content=\"Pol\u00edtica de cookies - Le Gallerie degli Uffizi Shop\" \/>\n<meta property=\"og:description\" content=\"En esta p\u00e1gina se describen las cookies utilizadas en el sitio web shop.uffizi.it en relaci\u00f3n con el tratamiento de los datos personales de los usuarios que lo consultan. La presente informaci\u00f3n se proporciona de conformidad con la normativa vigente en materia de protecci\u00f3n de datos personales, lo dispuesto en el art\u00edculo 13 del Reglamento UE [&hellip;]\" \/>\n<meta property=\"og:url\" content=\"https:\/\/shop.uffizi.it\/es\/politica-de-cookies\/\" \/>\n<meta property=\"og:site_name\" content=\"Le Gallerie degli Uffizi Shop\" \/>\n<meta property=\"article:modified_time\" content=\"2025-11-25T13:48:36+00:00\" \/>\n<meta name=\"twitter:card\" content=\"summary_large_image\" \/>\n<meta name=\"twitter:label1\" content=\"Tiempo de lectura\" \/>\n\t<meta name=\"twitter:data1\" content=\"4 minutos\" \/>\n<script type=\"application\/ld+json\" class=\"yoast-schema-graph\">{\"@context\":\"https:\\\/\\\/schema.org\",\"@graph\":[{\"@type\":\"WebPage\",\"@id\":\"https:\\\/\\\/shop.uffizi.it\\\/es\\\/politica-de-cookies\\\/\",\"url\":\"https:\\\/\\\/shop.uffizi.it\\\/es\\\/politica-de-cookies\\\/\",\"name\":\"Pol\u00edtica de cookies - Le Gallerie degli Uffizi Shop\",\"isPartOf\":{\"@id\":\"https:\\\/\\\/shop.uffizi.it\\\/es\\\/#website\"},\"datePublished\":\"2025-11-25T13:07:01+00:00\",\"dateModified\":\"2025-11-25T13:48:36+00:00\",\"breadcrumb\":{\"@id\":\"https:\\\/\\\/shop.uffizi.it\\\/es\\\/politica-de-cookies\\\/#breadcrumb\"},\"inLanguage\":\"es\",\"potentialAction\":[{\"@type\":\"ReadAction\",\"target\":[\"https:\\\/\\\/shop.uffizi.it\\\/es\\\/politica-de-cookies\\\/\"]}]},{\"@type\":\"BreadcrumbList\",\"@id\":\"https:\\\/\\\/shop.uffizi.it\\\/es\\\/politica-de-cookies\\\/#breadcrumb\",\"itemListElement\":[{\"@type\":\"ListItem\",\"position\":1,\"name\":\"Home\",\"item\":\"https:\\\/\\\/shop.uffizi.it\\\/es\\\/\"},{\"@type\":\"ListItem\",\"position\":2,\"name\":\"Pol\u00edtica de cookies\"}]},{\"@type\":\"WebSite\",\"@id\":\"https:\\\/\\\/shop.uffizi.it\\\/es\\\/#website\",\"url\":\"https:\\\/\\\/shop.uffizi.it\\\/es\\\/\",\"name\":\"Le Gallerie degli Uffizi Shop\",\"description\":\"\",\"publisher\":{\"@id\":\"https:\\\/\\\/shop.uffizi.it\\\/es\\\/#organization\"},\"potentialAction\":[{\"@type\":\"SearchAction\",\"target\":{\"@type\":\"EntryPoint\",\"urlTemplate\":\"https:\\\/\\\/shop.uffizi.it\\\/es\\\/?s={search_term_string}\"},\"query-input\":{\"@type\":\"PropertyValueSpecification\",\"valueRequired\":true,\"valueName\":\"search_term_string\"}}],\"inLanguage\":\"es\"},{\"@type\":\"Organization\",\"@id\":\"https:\\\/\\\/shop.uffizi.it\\\/es\\\/#organization\",\"name\":\"Le Gallerie degli Uffizi Shop\",\"url\":\"https:\\\/\\\/shop.uffizi.it\\\/es\\\/\",\"logo\":{\"@type\":\"ImageObject\",\"inLanguage\":\"es\",\"@id\":\"https:\\\/\\\/shop.uffizi.it\\\/es\\\/#\\\/schema\\\/logo\\\/image\\\/\",\"url\":\"https:\\\/\\\/shop.uffizi.it\\\/wp-content\\\/uploads\\\/2025\\\/11\\\/uffizi_shop_logo.svg\",\"contentUrl\":\"https:\\\/\\\/shop.uffizi.it\\\/wp-content\\\/uploads\\\/2025\\\/11\\\/uffizi_shop_logo.svg\",\"caption\":\"Le Gallerie degli Uffizi Shop\"},\"image\":{\"@id\":\"https:\\\/\\\/shop.uffizi.it\\\/es\\\/#\\\/schema\\\/logo\\\/image\\\/\"}}]}<\/script>\n<!-- \/ Yoast SEO plugin. -->","yoast_head_json":{"title":"Pol\u00edtica de cookies - Le Gallerie degli Uffizi Shop","robots":{"index":"index","follow":"follow","max-snippet":"max-snippet:-1","max-image-preview":"max-image-preview:large","max-video-preview":"max-video-preview:-1"},"canonical":"https:\/\/shop.uffizi.it\/es\/politica-de-cookies\/","og_locale":"es_ES","og_type":"article","og_title":"Pol\u00edtica de cookies - Le Gallerie degli Uffizi Shop","og_description":"En esta p\u00e1gina se describen las cookies utilizadas en el sitio web shop.uffizi.it en relaci\u00f3n con el tratamiento de los datos personales de los usuarios que lo consultan. La presente informaci\u00f3n se proporciona de conformidad con la normativa vigente en materia de protecci\u00f3n de datos personales, lo dispuesto en el art\u00edculo 13 del Reglamento UE [&hellip;]","og_url":"https:\/\/shop.uffizi.it\/es\/politica-de-cookies\/","og_site_name":"Le Gallerie degli Uffizi Shop","article_modified_time":"2025-11-25T13:48:36+00:00","twitter_card":"summary_large_image","twitter_misc":{"Tiempo de lectura":"4 minutos"},"schema":{"@context":"https:\/\/schema.org","@graph":[{"@type":"WebPage","@id":"https:\/\/shop.uffizi.it\/es\/politica-de-cookies\/","url":"https:\/\/shop.uffizi.it\/es\/politica-de-cookies\/","name":"Pol\u00edtica de cookies - Le Gallerie degli Uffizi Shop","isPartOf":{"@id":"https:\/\/shop.uffizi.it\/es\/#website"},"datePublished":"2025-11-25T13:07:01+00:00","dateModified":"2025-11-25T13:48:36+00:00","breadcrumb":{"@id":"https:\/\/shop.uffizi.it\/es\/politica-de-cookies\/#breadcrumb"},"inLanguage":"es","potentialAction":[{"@type":"ReadAction","target":["https:\/\/shop.uffizi.it\/es\/politica-de-cookies\/"]}]},{"@type":"BreadcrumbList","@id":"https:\/\/shop.uffizi.it\/es\/politica-de-cookies\/#breadcrumb","itemListElement":[{"@type":"ListItem","position":1,"name":"Home","item":"https:\/\/shop.uffizi.it\/es\/"},{"@type":"ListItem","position":2,"name":"Pol\u00edtica de cookies"}]},{"@type":"WebSite","@id":"https:\/\/shop.uffizi.it\/es\/#website","url":"https:\/\/shop.uffizi.it\/es\/","name":"Le Gallerie degli Uffizi Shop","description":"","publisher":{"@id":"https:\/\/shop.uffizi.it\/es\/#organization"},"potentialAction":[{"@type":"SearchAction","target":{"@type":"EntryPoint","urlTemplate":"https:\/\/shop.uffizi.it\/es\/?s={search_term_string}"},"query-input":{"@type":"PropertyValueSpecification","valueRequired":true,"valueName":"search_term_string"}}],"inLanguage":"es"},{"@type":"Organization","@id":"https:\/\/shop.uffizi.it\/es\/#organization","name":"Le Gallerie degli Uffizi Shop","url":"https:\/\/shop.uffizi.it\/es\/","logo":{"@type":"ImageObject","inLanguage":"es","@id":"https:\/\/shop.uffizi.it\/es\/#\/schema\/logo\/image\/","url":"https:\/\/shop.uffizi.it\/wp-content\/uploads\/2025\/11\/uffizi_shop_logo.svg","contentUrl":"https:\/\/shop.uffizi.it\/wp-content\/uploads\/2025\/11\/uffizi_shop_logo.svg","caption":"Le Gallerie degli Uffizi Shop"},"image":{"@id":"https:\/\/shop.uffizi.it\/es\/#\/schema\/logo\/image\/"}}]}},"_links":{"self":[{"href":"https:\/\/shop.uffizi.it\/es\/wp-json\/wp\/v2\/pages\/29908","targetHints":{"allow":["GET"]}}],"collection":[{"href":"https:\/\/shop.uffizi.it\/es\/wp-json\/wp\/v2\/pages"}],"about":[{"href":"https:\/\/shop.uffizi.it\/es\/wp-json\/wp\/v2\/types\/page"}],"author":[{"embeddable":true,"href":"https:\/\/shop.uffizi.it\/es\/wp-json\/wp\/v2\/users\/922"}],"replies":[{"embeddable":true,"href":"https:\/\/shop.uffizi.it\/es\/wp-json\/wp\/v2\/comments?post=29908"}],"version-history":[{"count":11,"href":"https:\/\/shop.uffizi.it\/es\/wp-json\/wp\/v2\/pages\/29908\/revisions"}],"predecessor-version":[{"id":29962,"href":"https:\/\/shop.uffizi.it\/es\/wp-json\/wp\/v2\/pages\/29908\/revisions\/29962"}],"wp:attachment":[{"href":"https:\/\/shop.uffizi.it\/es\/wp-json\/wp\/v2\/media?parent=29908"}],"curies":[{"name":"wp","href":"https:\/\/api.w.org\/{rel}","templated":true}]}}