{"id":29827,"date":"2025-11-21T14:23:32","date_gmt":"2025-11-21T13:23:32","guid":{"rendered":"https:\/\/shop.uffizi.it\/?page_id=29827"},"modified":"2025-11-26T13:07:50","modified_gmt":"2025-11-26T12:07:50","slug":"privacy-policy-es","status":"publish","type":"page","link":"https:\/\/shop.uffizi.it\/es\/privacy-policy-es\/","title":{"rendered":"Pol\u00edtica de confidencialidad"},"content":{"rendered":"\t\t<div data-elementor-type=\"wp-page\" data-elementor-id=\"29827\" class=\"elementor elementor-29827 elementor-3176\" data-elementor-post-type=\"page\">\n\t\t\t\t\t\t<section class=\"elementor-section elementor-top-section elementor-element elementor-element-2fb25ac elementor-section-boxed elementor-section-height-default elementor-section-height-default\" data-id=\"2fb25ac\" data-element_type=\"section\" data-e-type=\"section\">\n\t\t\t\t\t\t<div class=\"elementor-container elementor-column-gap-default\">\n\t\t\t\t\t<div class=\"elementor-column elementor-col-100 elementor-top-column elementor-element elementor-element-264e3a5\" data-id=\"264e3a5\" data-element_type=\"column\" data-e-type=\"column\">\n\t\t\t<div class=\"elementor-widget-wrap elementor-element-populated\">\n\t\t\t\t\t\t<div class=\"elementor-element elementor-element-d4a3bbb elementor-widget elementor-widget-heading\" data-id=\"d4a3bbb\" data-element_type=\"widget\" data-e-type=\"widget\" data-widget_type=\"heading.default\">\n\t\t\t\t<div class=\"elementor-widget-container\">\n\t\t\t\t\t<h1 class=\"elementor-heading-title elementor-size-default\">Pol\u00edtica de confidencialidad<\/h1>\t\t\t\t<\/div>\n\t\t\t\t<\/div>\n\t\t\t\t<div class=\"elementor-element elementor-element-f7b3740 elementor-widget elementor-widget-text-editor\" data-id=\"f7b3740\" data-element_type=\"widget\" data-e-type=\"widget\" data-widget_type=\"text-editor.default\">\n\t\t\t\t<div class=\"elementor-widget-container\">\n\t\t\t\t\t\t\t\t\t<p>La empresa Orbital Cultura, en calidad de responsable del tratamiento de los datos personales (en adelante, \u201cOrbital Cultura\u201d o la \u201cEmpresa\u201d), le informa, conforme a los art\u00edculos 13 y 14 del Reglamento (UE) 2016\/679 (\u201cRGPD\u201d), que sus datos personales ser\u00e1n tratados seg\u00fan las modalidades y finalidades indicadas a continuaci\u00f3n.<\/p>\n\n<h3>1. Responsable del tratamiento<\/h3>\n\n<p>El responsable del tratamiento es Orbital Cultura s.r.l. (C.F. 04766270484 y NIF IVA 10542790968), con domicilio social en Florencia \u2013 Via Policarpo Petrocchi 24.<\/p>\n\n<p>El Delegado de Protecci\u00f3n de Datos (Data Protection Officer), en Nexi Payments SpA, puede ser contactado en la siguiente direcci\u00f3n de correo electr\u00f3nico:\n<a href=\"mailto:dpo@nexigroup.com\">dpo@nexigroup.com<\/a>.<\/p>\n\n<h3>2. Finalidades y bases jur\u00eddicas del tratamiento, tipos de datos tratados<\/h3>\n\n<p>Los datos recogidos se tratan mediante herramientas manuales y automatizadas para:<\/p>\n\n<ul>\n  <li>el registro en el sitio Orbital Cultura, necesario para utilizar los servicios ofrecidos, incluidas solicitudes de asistencia y la gesti\u00f3n de reclamaciones;<\/li>\n  <li>finalidades de tipo administrativo y contable;<\/li>\n  <li>cumplir correctamente con las obligaciones previstas por la ley o por los reglamentos vigentes (por ejemplo, en materia fiscal).<\/li>\n<\/ul>\n\n<p><strong>La base jur\u00eddica del tratamiento se encuentra en el cumplimiento de las obligaciones legales a las que est\u00e1 sujeta Orbital Cultura y en la necesidad de ejecutar la relaci\u00f3n contractual y\/o precontractual.<\/strong><\/p>\n\n<p>Adem\u00e1s, los datos podr\u00e1n ser tratados por Orbital Cultura para:<\/p>\n\n<ul>\n  <li>el env\u00edo de comunicaciones (newsletter) destinadas a promover nuestras actividades.<\/li>\n<\/ul>\n\n<p><strong>Dicha actividad solo podr\u00e1 realizarse previa suscripci\u00f3n al servicio de \u201cNewsletter\u201d.<\/strong><\/p>\n\n<p>La realizaci\u00f3n de las finalidades mencionadas implica el tratamiento de los siguientes datos personales:<\/p>\n\n<ul>\n  <li>datos de identificaci\u00f3n (nombre, apellidos, fecha de nacimiento, nacionalidad, sexo, c\u00f3digo fiscal, n\u00famero de IVA);<\/li>\n  <li>datos de contacto (correo electr\u00f3nico, n\u00famero de tel\u00e9fono, direcci\u00f3n).<\/li>\n<\/ul>\n\n<h3>3. Categor\u00edas de destinatarios a los que se pueden comunicar los datos<\/h3>\n\n<p>Los datos podr\u00e1n ser tratados por empleados y\/o colaboradores de Orbital Cultura encargados de cumplir las finalidades indicadas, debidamente autorizados y formados conforme a los art\u00edculos 29 del RGPD y 2-quaterdecies del Decreto Legislativo 196\/2003, modificado por el Decreto Legislativo 101\/2018.<\/p>\n\n<p>Los datos podr\u00e1n comunicarse a sujetos que act\u00faen como responsables aut\u00f3nomos del tratamiento, como autoridades y organismos de supervisi\u00f3n y control y, en general, a cualquier entidad p\u00fablica o privada legitimada para solicitarlos.<\/p>\n\n<p>Asimismo, los datos podr\u00e1n ser tratados, por cuenta de Orbital Cultura, por sujetos designados como encargados del tratamiento conforme al art\u00edculo 28 del RGPD (por ejemplo, empresas que prestan soporte t\u00e9cnico para la gesti\u00f3n del sitio o de los sistemas de venta de entradas).<\/p>\n\n<h3>4. Transferencia de datos al extranjero<\/h3>\n\n<p>Los datos recogidos no se transfieren fuera de la Uni\u00f3n Europea.<\/p>\n\n<h3>5. Per\u00edodo de conservaci\u00f3n de los datos<\/h3>\n\n<p>Sus datos personales se conservar\u00e1n \u00fanicamente durante el tiempo necesario para la correcta prestaci\u00f3n de los servicios ofrecidos y, en su caso, hasta la completa ejecuci\u00f3n de las obligaciones legales y contractuales (en general, por motivos fiscales, los datos se conservar\u00e1n durante 10 a\u00f1os).<\/p>\n\n<h3>6. Derechos de los interesados<\/h3>\n\n<p>Poni\u00e9ndose en contacto en cualquier momento con el DPO en la direcci\u00f3n <a href=\"mailto:dpo@nexigroup.com\">dpo@nexigroup.com<\/a>, los interesados pueden solicitar el acceso a sus datos, su rectificaci\u00f3n, actualizaci\u00f3n o supresi\u00f3n, la limitaci\u00f3n del tratamiento en los casos previstos por el art\u00edculo 18 del RGPD, as\u00ed como oponerse al tratamiento conforme al art\u00edculo 21 del RGPD.<\/p>\n\n<p>Los interesados tambi\u00e9n pueden ejercer el derecho a la portabilidad de los datos conforme al art\u00edculo 20 del RGPD, es decir, el derecho a recibir sus datos en un formato estructurado, de uso com\u00fan y lectura mec\u00e1nica, y a transmitirlos a otro responsable del tratamiento si es t\u00e9cnicamente posible.<\/p>\n\n<p>Finalmente, los interesados tienen derecho a presentar una reclamaci\u00f3n ante la Autoridad de Protecci\u00f3n de Datos correspondiente.<\/p>\n\t\t\t\t\t\t\t\t<\/div>\n\t\t\t\t<\/div>\n\t\t\t\t\t<\/div>\n\t\t<\/div>\n\t\t\t\t\t<\/div>\n\t\t<\/section>\n\t\t\t\t<\/div>\n\t\t","protected":false},"excerpt":{"rendered":"<p>La empresa Orbital Cultura, en calidad de responsable del tratamiento de los datos personales (en adelante, \u201cOrbital Cultura\u201d o la \u201cEmpresa\u201d), le informa, conforme a los art\u00edculos 13 y 14 del Reglamento (UE) 2016\/679 (\u201cRGPD\u201d), que sus datos personales ser\u00e1n tratados seg\u00fan las modalidades y finalidades indicadas a continuaci\u00f3n. 1. Responsable del tratamiento El responsable [&hellip;]<\/p>\n","protected":false},"author":922,"featured_media":0,"parent":0,"menu_order":0,"comment_status":"closed","ping_status":"open","template":"","meta":{"_acf_changed":false,"site-sidebar-layout":"default","site-content-layout":"","ast-site-content-layout":"default","site-content-style":"default","site-sidebar-style":"default","ast-global-header-display":"","ast-banner-title-visibility":"","ast-main-header-display":"","ast-hfb-above-header-display":"","ast-hfb-below-header-display":"","ast-hfb-mobile-header-display":"","site-post-title":"disabled","ast-breadcrumbs-content":"","ast-featured-img":"","footer-sml-layout":"","ast-disable-related-posts":"","theme-transparent-header-meta":"","adv-header-id-meta":"","stick-header-meta":"","header-above-stick-meta":"","header-main-stick-meta":"","header-below-stick-meta":"","astra-migrate-meta-layouts":"set","ast-page-background-enabled":"default","ast-page-background-meta":{"desktop":{"background-color":"","background-image":"","background-repeat":"repeat","background-position":"center center","background-size":"auto","background-attachment":"scroll","background-type":"","background-media":"","overlay-type":"","overlay-color":"","overlay-opacity":"","overlay-gradient":""},"tablet":{"background-color":"","background-image":"","background-repeat":"repeat","background-position":"center center","background-size":"auto","background-attachment":"scroll","background-type":"","background-media":"","overlay-type":"","overlay-color":"","overlay-opacity":"","overlay-gradient":""},"mobile":{"background-color":"","background-image":"","background-repeat":"repeat","background-position":"center center","background-size":"auto","background-attachment":"scroll","background-type":"","background-media":"","overlay-type":"","overlay-color":"","overlay-opacity":"","overlay-gradient":""}},"ast-content-background-meta":{"desktop":{"background-color":"var(--ast-global-color-5)","background-image":"","background-repeat":"repeat","background-position":"center center","background-size":"auto","background-attachment":"scroll","background-type":"","background-media":"","overlay-type":"","overlay-color":"","overlay-opacity":"","overlay-gradient":""},"tablet":{"background-color":"var(--ast-global-color-5)","background-image":"","background-repeat":"repeat","background-position":"center center","background-size":"auto","background-attachment":"scroll","background-type":"","background-media":"","overlay-type":"","overlay-color":"","overlay-opacity":"","overlay-gradient":""},"mobile":{"background-color":"var(--ast-global-color-5)","background-image":"","background-repeat":"repeat","background-position":"center center","background-size":"auto","background-attachment":"scroll","background-type":"","background-media":"","overlay-type":"","overlay-color":"","overlay-opacity":"","overlay-gradient":""}},"footnotes":""},"class_list":["post-29827","page","type-page","status-publish","hentry"],"acf":[],"yoast_head":"<!-- This site is optimized with the Yoast SEO plugin v27.3 - https:\/\/yoast.com\/product\/yoast-seo-wordpress\/ -->\n<title>Pol\u00edtica de confidencialidad - Le Gallerie degli Uffizi Shop<\/title>\n<meta name=\"robots\" content=\"index, follow, max-snippet:-1, max-image-preview:large, max-video-preview:-1\" \/>\n<link rel=\"canonical\" href=\"https:\/\/shop.uffizi.it\/es\/privacy-policy-es\/\" \/>\n<meta property=\"og:locale\" content=\"es_ES\" \/>\n<meta property=\"og:type\" content=\"article\" \/>\n<meta property=\"og:title\" content=\"Pol\u00edtica de confidencialidad - Le Gallerie degli Uffizi Shop\" \/>\n<meta property=\"og:description\" content=\"La empresa Orbital Cultura, en calidad de responsable del tratamiento de los datos personales (en adelante, \u201cOrbital Cultura\u201d o la \u201cEmpresa\u201d), le informa, conforme a los art\u00edculos 13 y 14 del Reglamento (UE) 2016\/679 (\u201cRGPD\u201d), que sus datos personales ser\u00e1n tratados seg\u00fan las modalidades y finalidades indicadas a continuaci\u00f3n. 1. Responsable del tratamiento El responsable [&hellip;]\" \/>\n<meta property=\"og:url\" content=\"https:\/\/shop.uffizi.it\/es\/privacy-policy-es\/\" \/>\n<meta property=\"og:site_name\" content=\"Le Gallerie degli Uffizi Shop\" \/>\n<meta property=\"article:modified_time\" content=\"2025-11-26T12:07:50+00:00\" \/>\n<meta name=\"twitter:card\" content=\"summary_large_image\" \/>\n<meta name=\"twitter:label1\" content=\"Tiempo de lectura\" \/>\n\t<meta name=\"twitter:data1\" content=\"3 minutos\" \/>\n<script type=\"application\/ld+json\" class=\"yoast-schema-graph\">{\"@context\":\"https:\\\/\\\/schema.org\",\"@graph\":[{\"@type\":\"WebPage\",\"@id\":\"https:\\\/\\\/shop.uffizi.it\\\/es\\\/privacy-policy-es\\\/\",\"url\":\"https:\\\/\\\/shop.uffizi.it\\\/es\\\/privacy-policy-es\\\/\",\"name\":\"Pol\u00edtica de confidencialidad - Le Gallerie degli Uffizi Shop\",\"isPartOf\":{\"@id\":\"https:\\\/\\\/shop.uffizi.it\\\/es\\\/#website\"},\"datePublished\":\"2025-11-21T13:23:32+00:00\",\"dateModified\":\"2025-11-26T12:07:50+00:00\",\"breadcrumb\":{\"@id\":\"https:\\\/\\\/shop.uffizi.it\\\/es\\\/privacy-policy-es\\\/#breadcrumb\"},\"inLanguage\":\"es\",\"potentialAction\":[{\"@type\":\"ReadAction\",\"target\":[\"https:\\\/\\\/shop.uffizi.it\\\/es\\\/privacy-policy-es\\\/\"]}]},{\"@type\":\"BreadcrumbList\",\"@id\":\"https:\\\/\\\/shop.uffizi.it\\\/es\\\/privacy-policy-es\\\/#breadcrumb\",\"itemListElement\":[{\"@type\":\"ListItem\",\"position\":1,\"name\":\"Home\",\"item\":\"https:\\\/\\\/shop.uffizi.it\\\/es\\\/\"},{\"@type\":\"ListItem\",\"position\":2,\"name\":\"Pol\u00edtica de confidencialidad\"}]},{\"@type\":\"WebSite\",\"@id\":\"https:\\\/\\\/shop.uffizi.it\\\/es\\\/#website\",\"url\":\"https:\\\/\\\/shop.uffizi.it\\\/es\\\/\",\"name\":\"Le Gallerie degli Uffizi Shop\",\"description\":\"\",\"publisher\":{\"@id\":\"https:\\\/\\\/shop.uffizi.it\\\/es\\\/#organization\"},\"potentialAction\":[{\"@type\":\"SearchAction\",\"target\":{\"@type\":\"EntryPoint\",\"urlTemplate\":\"https:\\\/\\\/shop.uffizi.it\\\/es\\\/?s={search_term_string}\"},\"query-input\":{\"@type\":\"PropertyValueSpecification\",\"valueRequired\":true,\"valueName\":\"search_term_string\"}}],\"inLanguage\":\"es\"},{\"@type\":\"Organization\",\"@id\":\"https:\\\/\\\/shop.uffizi.it\\\/es\\\/#organization\",\"name\":\"Le Gallerie degli Uffizi Shop\",\"url\":\"https:\\\/\\\/shop.uffizi.it\\\/es\\\/\",\"logo\":{\"@type\":\"ImageObject\",\"inLanguage\":\"es\",\"@id\":\"https:\\\/\\\/shop.uffizi.it\\\/es\\\/#\\\/schema\\\/logo\\\/image\\\/\",\"url\":\"https:\\\/\\\/shop.uffizi.it\\\/wp-content\\\/uploads\\\/2025\\\/11\\\/uffizi_shop_logo.svg\",\"contentUrl\":\"https:\\\/\\\/shop.uffizi.it\\\/wp-content\\\/uploads\\\/2025\\\/11\\\/uffizi_shop_logo.svg\",\"caption\":\"Le Gallerie degli Uffizi Shop\"},\"image\":{\"@id\":\"https:\\\/\\\/shop.uffizi.it\\\/es\\\/#\\\/schema\\\/logo\\\/image\\\/\"}}]}<\/script>\n<!-- \/ Yoast SEO plugin. -->","yoast_head_json":{"title":"Pol\u00edtica de confidencialidad - Le Gallerie degli Uffizi Shop","robots":{"index":"index","follow":"follow","max-snippet":"max-snippet:-1","max-image-preview":"max-image-preview:large","max-video-preview":"max-video-preview:-1"},"canonical":"https:\/\/shop.uffizi.it\/es\/privacy-policy-es\/","og_locale":"es_ES","og_type":"article","og_title":"Pol\u00edtica de confidencialidad - Le Gallerie degli Uffizi Shop","og_description":"La empresa Orbital Cultura, en calidad de responsable del tratamiento de los datos personales (en adelante, \u201cOrbital Cultura\u201d o la \u201cEmpresa\u201d), le informa, conforme a los art\u00edculos 13 y 14 del Reglamento (UE) 2016\/679 (\u201cRGPD\u201d), que sus datos personales ser\u00e1n tratados seg\u00fan las modalidades y finalidades indicadas a continuaci\u00f3n. 1. Responsable del tratamiento El responsable [&hellip;]","og_url":"https:\/\/shop.uffizi.it\/es\/privacy-policy-es\/","og_site_name":"Le Gallerie degli Uffizi Shop","article_modified_time":"2025-11-26T12:07:50+00:00","twitter_card":"summary_large_image","twitter_misc":{"Tiempo de lectura":"3 minutos"},"schema":{"@context":"https:\/\/schema.org","@graph":[{"@type":"WebPage","@id":"https:\/\/shop.uffizi.it\/es\/privacy-policy-es\/","url":"https:\/\/shop.uffizi.it\/es\/privacy-policy-es\/","name":"Pol\u00edtica de confidencialidad - Le Gallerie degli Uffizi Shop","isPartOf":{"@id":"https:\/\/shop.uffizi.it\/es\/#website"},"datePublished":"2025-11-21T13:23:32+00:00","dateModified":"2025-11-26T12:07:50+00:00","breadcrumb":{"@id":"https:\/\/shop.uffizi.it\/es\/privacy-policy-es\/#breadcrumb"},"inLanguage":"es","potentialAction":[{"@type":"ReadAction","target":["https:\/\/shop.uffizi.it\/es\/privacy-policy-es\/"]}]},{"@type":"BreadcrumbList","@id":"https:\/\/shop.uffizi.it\/es\/privacy-policy-es\/#breadcrumb","itemListElement":[{"@type":"ListItem","position":1,"name":"Home","item":"https:\/\/shop.uffizi.it\/es\/"},{"@type":"ListItem","position":2,"name":"Pol\u00edtica de confidencialidad"}]},{"@type":"WebSite","@id":"https:\/\/shop.uffizi.it\/es\/#website","url":"https:\/\/shop.uffizi.it\/es\/","name":"Le Gallerie degli Uffizi Shop","description":"","publisher":{"@id":"https:\/\/shop.uffizi.it\/es\/#organization"},"potentialAction":[{"@type":"SearchAction","target":{"@type":"EntryPoint","urlTemplate":"https:\/\/shop.uffizi.it\/es\/?s={search_term_string}"},"query-input":{"@type":"PropertyValueSpecification","valueRequired":true,"valueName":"search_term_string"}}],"inLanguage":"es"},{"@type":"Organization","@id":"https:\/\/shop.uffizi.it\/es\/#organization","name":"Le Gallerie degli Uffizi Shop","url":"https:\/\/shop.uffizi.it\/es\/","logo":{"@type":"ImageObject","inLanguage":"es","@id":"https:\/\/shop.uffizi.it\/es\/#\/schema\/logo\/image\/","url":"https:\/\/shop.uffizi.it\/wp-content\/uploads\/2025\/11\/uffizi_shop_logo.svg","contentUrl":"https:\/\/shop.uffizi.it\/wp-content\/uploads\/2025\/11\/uffizi_shop_logo.svg","caption":"Le Gallerie degli Uffizi Shop"},"image":{"@id":"https:\/\/shop.uffizi.it\/es\/#\/schema\/logo\/image\/"}}]}},"_links":{"self":[{"href":"https:\/\/shop.uffizi.it\/es\/wp-json\/wp\/v2\/pages\/29827","targetHints":{"allow":["GET"]}}],"collection":[{"href":"https:\/\/shop.uffizi.it\/es\/wp-json\/wp\/v2\/pages"}],"about":[{"href":"https:\/\/shop.uffizi.it\/es\/wp-json\/wp\/v2\/types\/page"}],"author":[{"embeddable":true,"href":"https:\/\/shop.uffizi.it\/es\/wp-json\/wp\/v2\/users\/922"}],"replies":[{"embeddable":true,"href":"https:\/\/shop.uffizi.it\/es\/wp-json\/wp\/v2\/comments?post=29827"}],"version-history":[{"count":9,"href":"https:\/\/shop.uffizi.it\/es\/wp-json\/wp\/v2\/pages\/29827\/revisions"}],"predecessor-version":[{"id":30151,"href":"https:\/\/shop.uffizi.it\/es\/wp-json\/wp\/v2\/pages\/29827\/revisions\/30151"}],"wp:attachment":[{"href":"https:\/\/shop.uffizi.it\/es\/wp-json\/wp\/v2\/media?parent=29827"}],"curies":[{"name":"wp","href":"https:\/\/api.w.org\/{rel}","templated":true}]}}