{"id":33572,"date":"2026-03-17T10:00:06","date_gmt":"2026-03-17T09:00:06","guid":{"rendered":"https:\/\/shop.uffizi.it\/prodotti\/turnbeutel-federico-da-montefeltro\/"},"modified":"2026-04-07T05:21:21","modified_gmt":"2026-04-07T03:21:21","slug":"turnbeutel-federico-da-montefeltro","status":"publish","type":"product","link":"https:\/\/shop.uffizi.it\/de\/produkte\/turnbeutel-federico-da-montefeltro\/","title":{"rendered":"TURNBEUTEL FEDERICO DA MONTEFELTRO"},"content":{"rendered":"<p>Turnbeutel aus 100\u00a0% Bio-Baumwolle, 135\u00a0g\/m2.<br \/>\nVerschluss mit Zugband<br \/>\nMa\u00dfe: in cm 38 x 42<br \/>\nNur einseitig bedruckt<br \/>\nZertifizierung: Global Organic Textile Standard (GOTS)<br \/>\nHergestellt von Promoteam srl, Largo Verdi 19, 20082 Binasco (MI), www.promoteam.it<br \/>\n<img decoding=\"async\" class=\"alignnone size-medium wp-image-15135\" src=\"https:\/\/shop.uffizi.it\/wp-content\/uploads\/2025\/11\/Lavaggio_Electa_UffiziShop.png\" alt=\"\" width=\"220\" \/>     <\/p>\n","protected":false},"excerpt":{"rendered":"<p>Die Motive der gro\u00dfen Maler der Kunstgeschichte werden zu Grafiken, die zeitgem\u00e4\u00df und ikonisch wirken und durch die flachen leuchtenden Farben Dynamik erhalten.<\/p>\n","protected":false},"featured_media":0,"template":"","meta":{"_acf_changed":false,"site-sidebar-layout":"default","site-content-layout":"","ast-site-content-layout":"default","site-content-style":"default","site-sidebar-style":"default","ast-global-header-display":"","ast-banner-title-visibility":"","ast-main-header-display":"","ast-hfb-above-header-display":"","ast-hfb-below-header-display":"","ast-hfb-mobile-header-display":"","site-post-title":"","ast-breadcrumbs-content":"","ast-featured-img":"","footer-sml-layout":"","ast-disable-related-posts":"","theme-transparent-header-meta":"default","adv-header-id-meta":"","stick-header-meta":"default","header-above-stick-meta":"","header-main-stick-meta":"","header-below-stick-meta":"","astra-migrate-meta-layouts":"default","ast-page-background-enabled":"default","ast-page-background-meta":{"desktop":{"background-color":"","background-image":"","background-repeat":"repeat","background-position":"center center","background-size":"auto","background-attachment":"scroll","background-type":"","background-media":"","overlay-type":"","overlay-color":"","overlay-opacity":"","overlay-gradient":""},"tablet":{"background-color":"","background-image":"","background-repeat":"repeat","background-position":"center center","background-size":"auto","background-attachment":"scroll","background-type":"","background-media":"","overlay-type":"","overlay-color":"","overlay-opacity":"","overlay-gradient":""},"mobile":{"background-color":"","background-image":"","background-repeat":"repeat","background-position":"center center","background-size":"auto","background-attachment":"scroll","background-type":"","background-media":"","overlay-type":"","overlay-color":"","overlay-opacity":"","overlay-gradient":""}},"ast-content-background-meta":{"desktop":{"background-color":"var(--ast-global-color-5)","background-image":"","background-repeat":"repeat","background-position":"center center","background-size":"auto","background-attachment":"scroll","background-type":"","background-media":"","overlay-type":"","overlay-color":"","overlay-opacity":"","overlay-gradient":""},"tablet":{"background-color":"var(--ast-global-color-5)","background-image":"","background-repeat":"repeat","background-position":"center center","background-size":"auto","background-attachment":"scroll","background-type":"","background-media":"","overlay-type":"","overlay-color":"","overlay-opacity":"","overlay-gradient":""},"mobile":{"background-color":"var(--ast-global-color-5)","background-image":"","background-repeat":"repeat","background-position":"center center","background-size":"auto","background-attachment":"scroll","background-type":"","background-media":"","overlay-type":"","overlay-color":"","overlay-opacity":"","overlay-gradient":""}}},"product_brand":[],"product_cat":[1427,1428,1423,1430],"product_tag":[],"class_list":{"0":"post-33572","1":"product","2":"type-product","3":"status-publish","5":"product_cat-kinder","6":"product_cat-kleidung-2","7":"product_cat-kleidung","8":"product_cat-taschen-und-accessoires","9":"desktop-align-left","10":"tablet-align-left","11":"mobile-align-left","12":"ast-product-gallery-layout-horizontal","13":"ast-product-gallery-with-no-image","14":"ast-product-tabs-layout-horizontal","15":"ast-qv-on-image","17":"first","18":"instock","19":"taxable","20":"shipping-taxable","21":"purchasable","22":"product-type-simple"},"acf":[],"yoast_head":"<!-- This site is optimized with the Yoast SEO plugin v27.3 - https:\/\/yoast.com\/product\/yoast-seo-wordpress\/ -->\n<title>TURNBEUTEL FEDERICO DA MONTEFELTRO - Le Gallerie degli Uffizi Shop<\/title>\n<meta name=\"robots\" content=\"index, follow, max-snippet:-1, max-image-preview:large, max-video-preview:-1\" \/>\n<link rel=\"canonical\" href=\"https:\/\/shop.uffizi.it\/de\/produkte\/turnbeutel-federico-da-montefeltro\/\" \/>\n<meta property=\"og:locale\" content=\"de_DE\" \/>\n<meta property=\"og:type\" content=\"article\" \/>\n<meta property=\"og:title\" content=\"TURNBEUTEL FEDERICO DA MONTEFELTRO - Le Gallerie degli Uffizi Shop\" \/>\n<meta property=\"og:description\" content=\"Die Motive der gro\u00dfen Maler der Kunstgeschichte werden zu Grafiken, die zeitgem\u00e4\u00df und ikonisch wirken und durch die flachen leuchtenden Farben Dynamik erhalten.\" \/>\n<meta property=\"og:url\" content=\"https:\/\/shop.uffizi.it\/de\/produkte\/turnbeutel-federico-da-montefeltro\/\" \/>\n<meta property=\"og:site_name\" content=\"Le Gallerie degli Uffizi Shop\" \/>\n<meta property=\"article:modified_time\" content=\"2026-04-07T03:21:21+00:00\" \/>\n<meta name=\"twitter:card\" content=\"summary_large_image\" \/>\n<script type=\"application\/ld+json\" class=\"yoast-schema-graph\">{\"@context\":\"https:\\\/\\\/schema.org\",\"@graph\":[{\"@type\":\"WebPage\",\"@id\":\"https:\\\/\\\/shop.uffizi.it\\\/de\\\/produkte\\\/turnbeutel-federico-da-montefeltro\\\/\",\"url\":\"https:\\\/\\\/shop.uffizi.it\\\/de\\\/produkte\\\/turnbeutel-federico-da-montefeltro\\\/\",\"name\":\"TURNBEUTEL FEDERICO DA MONTEFELTRO - Le Gallerie degli Uffizi Shop\",\"isPartOf\":{\"@id\":\"https:\\\/\\\/shop.uffizi.it\\\/de\\\/#website\"},\"primaryImageOfPage\":{\"@id\":\"https:\\\/\\\/shop.uffizi.it\\\/de\\\/produkte\\\/turnbeutel-federico-da-montefeltro\\\/#primaryimage\"},\"image\":{\"@id\":\"https:\\\/\\\/shop.uffizi.it\\\/de\\\/produkte\\\/turnbeutel-federico-da-montefeltro\\\/#primaryimage\"},\"thumbnailUrl\":\"https:\\\/\\\/shop.uffizi.it\\\/wp-content\\\/uploads\\\/2025\\\/11\\\/Lavaggio_Electa_UffiziShop.png\",\"datePublished\":\"2026-03-17T09:00:06+00:00\",\"dateModified\":\"2026-04-07T03:21:21+00:00\",\"breadcrumb\":{\"@id\":\"https:\\\/\\\/shop.uffizi.it\\\/de\\\/produkte\\\/turnbeutel-federico-da-montefeltro\\\/#breadcrumb\"},\"inLanguage\":\"de\",\"potentialAction\":[{\"@type\":\"ReadAction\",\"target\":[\"https:\\\/\\\/shop.uffizi.it\\\/de\\\/produkte\\\/turnbeutel-federico-da-montefeltro\\\/\"]}]},{\"@type\":\"ImageObject\",\"inLanguage\":\"de\",\"@id\":\"https:\\\/\\\/shop.uffizi.it\\\/de\\\/produkte\\\/turnbeutel-federico-da-montefeltro\\\/#primaryimage\",\"url\":\"https:\\\/\\\/shop.uffizi.it\\\/wp-content\\\/uploads\\\/2025\\\/11\\\/Lavaggio_Electa_UffiziShop.png\",\"contentUrl\":\"https:\\\/\\\/shop.uffizi.it\\\/wp-content\\\/uploads\\\/2025\\\/11\\\/Lavaggio_Electa_UffiziShop.png\"},{\"@type\":\"BreadcrumbList\",\"@id\":\"https:\\\/\\\/shop.uffizi.it\\\/de\\\/produkte\\\/turnbeutel-federico-da-montefeltro\\\/#breadcrumb\",\"itemListElement\":[{\"@type\":\"ListItem\",\"position\":1,\"name\":\"Home\",\"item\":\"https:\\\/\\\/shop.uffizi.it\\\/de\\\/\"},{\"@type\":\"ListItem\",\"position\":2,\"name\":\"Alle Produkte\",\"item\":\"https:\\\/\\\/shop.uffizi.it\\\/de\\\/shop\\\/\"},{\"@type\":\"ListItem\",\"position\":3,\"name\":\"TURNBEUTEL FEDERICO DA MONTEFELTRO\"}]},{\"@type\":\"WebSite\",\"@id\":\"https:\\\/\\\/shop.uffizi.it\\\/de\\\/#website\",\"url\":\"https:\\\/\\\/shop.uffizi.it\\\/de\\\/\",\"name\":\"Le Gallerie degli Uffizi Shop\",\"description\":\"\",\"publisher\":{\"@id\":\"https:\\\/\\\/shop.uffizi.it\\\/de\\\/#organization\"},\"potentialAction\":[{\"@type\":\"SearchAction\",\"target\":{\"@type\":\"EntryPoint\",\"urlTemplate\":\"https:\\\/\\\/shop.uffizi.it\\\/de\\\/?s={search_term_string}\"},\"query-input\":{\"@type\":\"PropertyValueSpecification\",\"valueRequired\":true,\"valueName\":\"search_term_string\"}}],\"inLanguage\":\"de\"},{\"@type\":\"Organization\",\"@id\":\"https:\\\/\\\/shop.uffizi.it\\\/de\\\/#organization\",\"name\":\"Le Gallerie degli Uffizi Shop\",\"url\":\"https:\\\/\\\/shop.uffizi.it\\\/de\\\/\",\"logo\":{\"@type\":\"ImageObject\",\"inLanguage\":\"de\",\"@id\":\"https:\\\/\\\/shop.uffizi.it\\\/de\\\/#\\\/schema\\\/logo\\\/image\\\/\",\"url\":\"https:\\\/\\\/shop.uffizi.it\\\/wp-content\\\/uploads\\\/2025\\\/11\\\/uffizi_shop_logo.svg\",\"contentUrl\":\"https:\\\/\\\/shop.uffizi.it\\\/wp-content\\\/uploads\\\/2025\\\/11\\\/uffizi_shop_logo.svg\",\"caption\":\"Le Gallerie degli Uffizi Shop\"},\"image\":{\"@id\":\"https:\\\/\\\/shop.uffizi.it\\\/de\\\/#\\\/schema\\\/logo\\\/image\\\/\"}}]}<\/script>\n<!-- \/ Yoast SEO plugin. -->","yoast_head_json":{"title":"TURNBEUTEL FEDERICO DA MONTEFELTRO - Le Gallerie degli Uffizi Shop","robots":{"index":"index","follow":"follow","max-snippet":"max-snippet:-1","max-image-preview":"max-image-preview:large","max-video-preview":"max-video-preview:-1"},"canonical":"https:\/\/shop.uffizi.it\/de\/produkte\/turnbeutel-federico-da-montefeltro\/","og_locale":"de_DE","og_type":"article","og_title":"TURNBEUTEL FEDERICO DA MONTEFELTRO - Le Gallerie degli Uffizi Shop","og_description":"Die Motive der gro\u00dfen Maler der Kunstgeschichte werden zu Grafiken, die zeitgem\u00e4\u00df und ikonisch wirken und durch die flachen leuchtenden Farben Dynamik erhalten.","og_url":"https:\/\/shop.uffizi.it\/de\/produkte\/turnbeutel-federico-da-montefeltro\/","og_site_name":"Le Gallerie degli Uffizi Shop","article_modified_time":"2026-04-07T03:21:21+00:00","twitter_card":"summary_large_image","schema":{"@context":"https:\/\/schema.org","@graph":[{"@type":"WebPage","@id":"https:\/\/shop.uffizi.it\/de\/produkte\/turnbeutel-federico-da-montefeltro\/","url":"https:\/\/shop.uffizi.it\/de\/produkte\/turnbeutel-federico-da-montefeltro\/","name":"TURNBEUTEL FEDERICO DA MONTEFELTRO - Le Gallerie degli Uffizi Shop","isPartOf":{"@id":"https:\/\/shop.uffizi.it\/de\/#website"},"primaryImageOfPage":{"@id":"https:\/\/shop.uffizi.it\/de\/produkte\/turnbeutel-federico-da-montefeltro\/#primaryimage"},"image":{"@id":"https:\/\/shop.uffizi.it\/de\/produkte\/turnbeutel-federico-da-montefeltro\/#primaryimage"},"thumbnailUrl":"https:\/\/shop.uffizi.it\/wp-content\/uploads\/2025\/11\/Lavaggio_Electa_UffiziShop.png","datePublished":"2026-03-17T09:00:06+00:00","dateModified":"2026-04-07T03:21:21+00:00","breadcrumb":{"@id":"https:\/\/shop.uffizi.it\/de\/produkte\/turnbeutel-federico-da-montefeltro\/#breadcrumb"},"inLanguage":"de","potentialAction":[{"@type":"ReadAction","target":["https:\/\/shop.uffizi.it\/de\/produkte\/turnbeutel-federico-da-montefeltro\/"]}]},{"@type":"ImageObject","inLanguage":"de","@id":"https:\/\/shop.uffizi.it\/de\/produkte\/turnbeutel-federico-da-montefeltro\/#primaryimage","url":"https:\/\/shop.uffizi.it\/wp-content\/uploads\/2025\/11\/Lavaggio_Electa_UffiziShop.png","contentUrl":"https:\/\/shop.uffizi.it\/wp-content\/uploads\/2025\/11\/Lavaggio_Electa_UffiziShop.png"},{"@type":"BreadcrumbList","@id":"https:\/\/shop.uffizi.it\/de\/produkte\/turnbeutel-federico-da-montefeltro\/#breadcrumb","itemListElement":[{"@type":"ListItem","position":1,"name":"Home","item":"https:\/\/shop.uffizi.it\/de\/"},{"@type":"ListItem","position":2,"name":"Alle Produkte","item":"https:\/\/shop.uffizi.it\/de\/shop\/"},{"@type":"ListItem","position":3,"name":"TURNBEUTEL FEDERICO DA MONTEFELTRO"}]},{"@type":"WebSite","@id":"https:\/\/shop.uffizi.it\/de\/#website","url":"https:\/\/shop.uffizi.it\/de\/","name":"Le Gallerie degli Uffizi Shop","description":"","publisher":{"@id":"https:\/\/shop.uffizi.it\/de\/#organization"},"potentialAction":[{"@type":"SearchAction","target":{"@type":"EntryPoint","urlTemplate":"https:\/\/shop.uffizi.it\/de\/?s={search_term_string}"},"query-input":{"@type":"PropertyValueSpecification","valueRequired":true,"valueName":"search_term_string"}}],"inLanguage":"de"},{"@type":"Organization","@id":"https:\/\/shop.uffizi.it\/de\/#organization","name":"Le Gallerie degli Uffizi Shop","url":"https:\/\/shop.uffizi.it\/de\/","logo":{"@type":"ImageObject","inLanguage":"de","@id":"https:\/\/shop.uffizi.it\/de\/#\/schema\/logo\/image\/","url":"https:\/\/shop.uffizi.it\/wp-content\/uploads\/2025\/11\/uffizi_shop_logo.svg","contentUrl":"https:\/\/shop.uffizi.it\/wp-content\/uploads\/2025\/11\/uffizi_shop_logo.svg","caption":"Le Gallerie degli Uffizi Shop"},"image":{"@id":"https:\/\/shop.uffizi.it\/de\/#\/schema\/logo\/image\/"}}]}},"_links":{"self":[{"href":"https:\/\/shop.uffizi.it\/de\/wp-json\/wp\/v2\/product\/33572","targetHints":{"allow":["GET"]}}],"collection":[{"href":"https:\/\/shop.uffizi.it\/de\/wp-json\/wp\/v2\/product"}],"about":[{"href":"https:\/\/shop.uffizi.it\/de\/wp-json\/wp\/v2\/types\/product"}],"wp:attachment":[{"href":"https:\/\/shop.uffizi.it\/de\/wp-json\/wp\/v2\/media?parent=33572"}],"wp:term":[{"taxonomy":"product_brand","embeddable":true,"href":"https:\/\/shop.uffizi.it\/de\/wp-json\/wp\/v2\/product_brand?post=33572"},{"taxonomy":"product_cat","embeddable":true,"href":"https:\/\/shop.uffizi.it\/de\/wp-json\/wp\/v2\/product_cat?post=33572"},{"taxonomy":"product_tag","embeddable":true,"href":"https:\/\/shop.uffizi.it\/de\/wp-json\/wp\/v2\/product_tag?post=33572"}],"curies":[{"name":"wp","href":"https:\/\/api.w.org\/{rel}","templated":true}]}}