{"id":33526,"date":"2026-03-17T09:59:37","date_gmt":"2026-03-17T08:59:37","guid":{"rendered":"https:\/\/shop.uffizi.it\/prodotti\/bleistiftkasten-skyline-florenz\/"},"modified":"2026-04-07T05:21:59","modified_gmt":"2026-04-07T03:21:59","slug":"bleistiftkasten-skyline-florenz","status":"publish","type":"product","link":"https:\/\/shop.uffizi.it\/de\/produkte\/bleistiftkasten-skyline-florenz\/","title":{"rendered":"BLEISTIFTKASTEN SKYLINE FLORENZ"},"content":{"rendered":"<p>Material der Schachtel: Zinn<br \/>\nMaterial der Bleistifte: Zedernholz<br \/>\nHergestellt von Ming Production S.L., Morabos, 4 Bajos, 08004 Barcelona (Spanien)<br \/>\nZur Verwendung unter direkter Aufsicht von Erwachsenen, nicht empfohlen f\u00fcr Kinder unter acht Jahren<\/p>\n","protected":false},"excerpt":{"rendered":"<p>Set aus 12 doppelfarbigen Bleistiften mit Metallschachtel, verziert mit den Profilen der ber\u00fchmtesten Bauwerke der Stadt Florenz. Praktisch und leicht, eine vollst\u00e4ndige Farbpalette, die Sie immer mitnehmen k\u00f6nnen. <\/p>\n","protected":false},"featured_media":22751,"template":"","meta":{"_acf_changed":false,"site-sidebar-layout":"default","site-content-layout":"","ast-site-content-layout":"default","site-content-style":"default","site-sidebar-style":"default","ast-global-header-display":"","ast-banner-title-visibility":"","ast-main-header-display":"","ast-hfb-above-header-display":"","ast-hfb-below-header-display":"","ast-hfb-mobile-header-display":"","site-post-title":"","ast-breadcrumbs-content":"","ast-featured-img":"","footer-sml-layout":"","ast-disable-related-posts":"","theme-transparent-header-meta":"default","adv-header-id-meta":"","stick-header-meta":"default","header-above-stick-meta":"","header-main-stick-meta":"","header-below-stick-meta":"","astra-migrate-meta-layouts":"default","ast-page-background-enabled":"default","ast-page-background-meta":{"desktop":{"background-color":"","background-image":"","background-repeat":"repeat","background-position":"center center","background-size":"auto","background-attachment":"scroll","background-type":"","background-media":"","overlay-type":"","overlay-color":"","overlay-opacity":"","overlay-gradient":""},"tablet":{"background-color":"","background-image":"","background-repeat":"repeat","background-position":"center center","background-size":"auto","background-attachment":"scroll","background-type":"","background-media":"","overlay-type":"","overlay-color":"","overlay-opacity":"","overlay-gradient":""},"mobile":{"background-color":"","background-image":"","background-repeat":"repeat","background-position":"center center","background-size":"auto","background-attachment":"scroll","background-type":"","background-media":"","overlay-type":"","overlay-color":"","overlay-opacity":"","overlay-gradient":""}},"ast-content-background-meta":{"desktop":{"background-color":"var(--ast-global-color-5)","background-image":"","background-repeat":"repeat","background-position":"center center","background-size":"auto","background-attachment":"scroll","background-type":"","background-media":"","overlay-type":"","overlay-color":"","overlay-opacity":"","overlay-gradient":""},"tablet":{"background-color":"var(--ast-global-color-5)","background-image":"","background-repeat":"repeat","background-position":"center center","background-size":"auto","background-attachment":"scroll","background-type":"","background-media":"","overlay-type":"","overlay-color":"","overlay-opacity":"","overlay-gradient":""},"mobile":{"background-color":"var(--ast-global-color-5)","background-image":"","background-repeat":"repeat","background-position":"center center","background-size":"auto","background-attachment":"scroll","background-type":"","background-media":"","overlay-type":"","overlay-color":"","overlay-opacity":"","overlay-gradient":""}}},"product_brand":[],"product_cat":[1411,1417],"product_tag":[],"class_list":{"0":"post-33526","1":"product","2":"type-product","3":"status-publish","4":"has-post-thumbnail","6":"product_cat-geschenke","7":"product_cat-schreibwaren","8":"desktop-align-left","9":"tablet-align-left","10":"mobile-align-left","11":"ast-product-gallery-layout-horizontal","12":"ast-product-tabs-layout-horizontal","13":"ast-qv-on-image","15":"first","16":"instock","17":"taxable","18":"shipping-taxable","19":"purchasable","20":"product-type-simple"},"acf":[],"yoast_head":"<!-- This site is optimized with the Yoast SEO plugin v27.3 - https:\/\/yoast.com\/product\/yoast-seo-wordpress\/ -->\n<title>BLEISTIFTKASTEN SKYLINE FLORENZ - Le Gallerie degli Uffizi Shop<\/title>\n<meta name=\"robots\" content=\"index, follow, max-snippet:-1, max-image-preview:large, max-video-preview:-1\" \/>\n<link rel=\"canonical\" href=\"https:\/\/shop.uffizi.it\/de\/produkte\/bleistiftkasten-skyline-florenz\/\" \/>\n<meta property=\"og:locale\" content=\"de_DE\" \/>\n<meta property=\"og:type\" content=\"article\" \/>\n<meta property=\"og:title\" content=\"BLEISTIFTKASTEN SKYLINE FLORENZ - Le Gallerie degli Uffizi Shop\" \/>\n<meta property=\"og:description\" content=\"Set aus 12 doppelfarbigen Bleistiften mit Metallschachtel, verziert mit den Profilen der ber\u00fchmtesten Bauwerke der Stadt Florenz. Praktisch und leicht, eine vollst\u00e4ndige Farbpalette, die Sie immer mitnehmen k\u00f6nnen.\" \/>\n<meta property=\"og:url\" content=\"https:\/\/shop.uffizi.it\/de\/produkte\/bleistiftkasten-skyline-florenz\/\" \/>\n<meta property=\"og:site_name\" content=\"Le Gallerie degli Uffizi Shop\" \/>\n<meta property=\"article:modified_time\" content=\"2026-04-07T03:21:59+00:00\" \/>\n<meta property=\"og:image\" content=\"https:\/\/shop.uffizi.it\/wp-content\/uploads\/2023\/07\/SCATOLA_MATITE_FIRENZE_001.jpg\" \/>\n\t<meta property=\"og:image:width\" content=\"850\" \/>\n\t<meta property=\"og:image:height\" content=\"850\" \/>\n\t<meta property=\"og:image:type\" content=\"image\/jpeg\" \/>\n<meta name=\"twitter:card\" content=\"summary_large_image\" \/>\n<script type=\"application\/ld+json\" class=\"yoast-schema-graph\">{\"@context\":\"https:\\\/\\\/schema.org\",\"@graph\":[{\"@type\":\"WebPage\",\"@id\":\"https:\\\/\\\/shop.uffizi.it\\\/de\\\/produkte\\\/bleistiftkasten-skyline-florenz\\\/\",\"url\":\"https:\\\/\\\/shop.uffizi.it\\\/de\\\/produkte\\\/bleistiftkasten-skyline-florenz\\\/\",\"name\":\"BLEISTIFTKASTEN SKYLINE FLORENZ - Le Gallerie degli Uffizi Shop\",\"isPartOf\":{\"@id\":\"https:\\\/\\\/shop.uffizi.it\\\/de\\\/#website\"},\"primaryImageOfPage\":{\"@id\":\"https:\\\/\\\/shop.uffizi.it\\\/de\\\/produkte\\\/bleistiftkasten-skyline-florenz\\\/#primaryimage\"},\"image\":{\"@id\":\"https:\\\/\\\/shop.uffizi.it\\\/de\\\/produkte\\\/bleistiftkasten-skyline-florenz\\\/#primaryimage\"},\"thumbnailUrl\":\"https:\\\/\\\/shop.uffizi.it\\\/wp-content\\\/uploads\\\/2023\\\/07\\\/SCATOLA_MATITE_FIRENZE_001.jpg\",\"datePublished\":\"2026-03-17T08:59:37+00:00\",\"dateModified\":\"2026-04-07T03:21:59+00:00\",\"breadcrumb\":{\"@id\":\"https:\\\/\\\/shop.uffizi.it\\\/de\\\/produkte\\\/bleistiftkasten-skyline-florenz\\\/#breadcrumb\"},\"inLanguage\":\"de\",\"potentialAction\":[{\"@type\":\"ReadAction\",\"target\":[\"https:\\\/\\\/shop.uffizi.it\\\/de\\\/produkte\\\/bleistiftkasten-skyline-florenz\\\/\"]}]},{\"@type\":\"ImageObject\",\"inLanguage\":\"de\",\"@id\":\"https:\\\/\\\/shop.uffizi.it\\\/de\\\/produkte\\\/bleistiftkasten-skyline-florenz\\\/#primaryimage\",\"url\":\"https:\\\/\\\/shop.uffizi.it\\\/wp-content\\\/uploads\\\/2023\\\/07\\\/SCATOLA_MATITE_FIRENZE_001.jpg\",\"contentUrl\":\"https:\\\/\\\/shop.uffizi.it\\\/wp-content\\\/uploads\\\/2023\\\/07\\\/SCATOLA_MATITE_FIRENZE_001.jpg\",\"width\":850,\"height\":850},{\"@type\":\"BreadcrumbList\",\"@id\":\"https:\\\/\\\/shop.uffizi.it\\\/de\\\/produkte\\\/bleistiftkasten-skyline-florenz\\\/#breadcrumb\",\"itemListElement\":[{\"@type\":\"ListItem\",\"position\":1,\"name\":\"Home\",\"item\":\"https:\\\/\\\/shop.uffizi.it\\\/de\\\/\"},{\"@type\":\"ListItem\",\"position\":2,\"name\":\"Alle Produkte\",\"item\":\"https:\\\/\\\/shop.uffizi.it\\\/de\\\/shop\\\/\"},{\"@type\":\"ListItem\",\"position\":3,\"name\":\"BLEISTIFTKASTEN SKYLINE FLORENZ\"}]},{\"@type\":\"WebSite\",\"@id\":\"https:\\\/\\\/shop.uffizi.it\\\/de\\\/#website\",\"url\":\"https:\\\/\\\/shop.uffizi.it\\\/de\\\/\",\"name\":\"Le Gallerie degli Uffizi Shop\",\"description\":\"\",\"publisher\":{\"@id\":\"https:\\\/\\\/shop.uffizi.it\\\/de\\\/#organization\"},\"potentialAction\":[{\"@type\":\"SearchAction\",\"target\":{\"@type\":\"EntryPoint\",\"urlTemplate\":\"https:\\\/\\\/shop.uffizi.it\\\/de\\\/?s={search_term_string}\"},\"query-input\":{\"@type\":\"PropertyValueSpecification\",\"valueRequired\":true,\"valueName\":\"search_term_string\"}}],\"inLanguage\":\"de\"},{\"@type\":\"Organization\",\"@id\":\"https:\\\/\\\/shop.uffizi.it\\\/de\\\/#organization\",\"name\":\"Le Gallerie degli Uffizi Shop\",\"url\":\"https:\\\/\\\/shop.uffizi.it\\\/de\\\/\",\"logo\":{\"@type\":\"ImageObject\",\"inLanguage\":\"de\",\"@id\":\"https:\\\/\\\/shop.uffizi.it\\\/de\\\/#\\\/schema\\\/logo\\\/image\\\/\",\"url\":\"https:\\\/\\\/shop.uffizi.it\\\/wp-content\\\/uploads\\\/2025\\\/11\\\/uffizi_shop_logo.svg\",\"contentUrl\":\"https:\\\/\\\/shop.uffizi.it\\\/wp-content\\\/uploads\\\/2025\\\/11\\\/uffizi_shop_logo.svg\",\"caption\":\"Le Gallerie degli Uffizi Shop\"},\"image\":{\"@id\":\"https:\\\/\\\/shop.uffizi.it\\\/de\\\/#\\\/schema\\\/logo\\\/image\\\/\"}}]}<\/script>\n<!-- \/ Yoast SEO plugin. -->","yoast_head_json":{"title":"BLEISTIFTKASTEN SKYLINE FLORENZ - Le Gallerie degli Uffizi Shop","robots":{"index":"index","follow":"follow","max-snippet":"max-snippet:-1","max-image-preview":"max-image-preview:large","max-video-preview":"max-video-preview:-1"},"canonical":"https:\/\/shop.uffizi.it\/de\/produkte\/bleistiftkasten-skyline-florenz\/","og_locale":"de_DE","og_type":"article","og_title":"BLEISTIFTKASTEN SKYLINE FLORENZ - Le Gallerie degli Uffizi Shop","og_description":"Set aus 12 doppelfarbigen Bleistiften mit Metallschachtel, verziert mit den Profilen der ber\u00fchmtesten Bauwerke der Stadt Florenz. Praktisch und leicht, eine vollst\u00e4ndige Farbpalette, die Sie immer mitnehmen k\u00f6nnen.","og_url":"https:\/\/shop.uffizi.it\/de\/produkte\/bleistiftkasten-skyline-florenz\/","og_site_name":"Le Gallerie degli Uffizi Shop","article_modified_time":"2026-04-07T03:21:59+00:00","og_image":[{"width":850,"height":850,"url":"https:\/\/shop.uffizi.it\/wp-content\/uploads\/2023\/07\/SCATOLA_MATITE_FIRENZE_001.jpg","type":"image\/jpeg"}],"twitter_card":"summary_large_image","schema":{"@context":"https:\/\/schema.org","@graph":[{"@type":"WebPage","@id":"https:\/\/shop.uffizi.it\/de\/produkte\/bleistiftkasten-skyline-florenz\/","url":"https:\/\/shop.uffizi.it\/de\/produkte\/bleistiftkasten-skyline-florenz\/","name":"BLEISTIFTKASTEN SKYLINE FLORENZ - Le Gallerie degli Uffizi Shop","isPartOf":{"@id":"https:\/\/shop.uffizi.it\/de\/#website"},"primaryImageOfPage":{"@id":"https:\/\/shop.uffizi.it\/de\/produkte\/bleistiftkasten-skyline-florenz\/#primaryimage"},"image":{"@id":"https:\/\/shop.uffizi.it\/de\/produkte\/bleistiftkasten-skyline-florenz\/#primaryimage"},"thumbnailUrl":"https:\/\/shop.uffizi.it\/wp-content\/uploads\/2023\/07\/SCATOLA_MATITE_FIRENZE_001.jpg","datePublished":"2026-03-17T08:59:37+00:00","dateModified":"2026-04-07T03:21:59+00:00","breadcrumb":{"@id":"https:\/\/shop.uffizi.it\/de\/produkte\/bleistiftkasten-skyline-florenz\/#breadcrumb"},"inLanguage":"de","potentialAction":[{"@type":"ReadAction","target":["https:\/\/shop.uffizi.it\/de\/produkte\/bleistiftkasten-skyline-florenz\/"]}]},{"@type":"ImageObject","inLanguage":"de","@id":"https:\/\/shop.uffizi.it\/de\/produkte\/bleistiftkasten-skyline-florenz\/#primaryimage","url":"https:\/\/shop.uffizi.it\/wp-content\/uploads\/2023\/07\/SCATOLA_MATITE_FIRENZE_001.jpg","contentUrl":"https:\/\/shop.uffizi.it\/wp-content\/uploads\/2023\/07\/SCATOLA_MATITE_FIRENZE_001.jpg","width":850,"height":850},{"@type":"BreadcrumbList","@id":"https:\/\/shop.uffizi.it\/de\/produkte\/bleistiftkasten-skyline-florenz\/#breadcrumb","itemListElement":[{"@type":"ListItem","position":1,"name":"Home","item":"https:\/\/shop.uffizi.it\/de\/"},{"@type":"ListItem","position":2,"name":"Alle Produkte","item":"https:\/\/shop.uffizi.it\/de\/shop\/"},{"@type":"ListItem","position":3,"name":"BLEISTIFTKASTEN SKYLINE FLORENZ"}]},{"@type":"WebSite","@id":"https:\/\/shop.uffizi.it\/de\/#website","url":"https:\/\/shop.uffizi.it\/de\/","name":"Le Gallerie degli Uffizi Shop","description":"","publisher":{"@id":"https:\/\/shop.uffizi.it\/de\/#organization"},"potentialAction":[{"@type":"SearchAction","target":{"@type":"EntryPoint","urlTemplate":"https:\/\/shop.uffizi.it\/de\/?s={search_term_string}"},"query-input":{"@type":"PropertyValueSpecification","valueRequired":true,"valueName":"search_term_string"}}],"inLanguage":"de"},{"@type":"Organization","@id":"https:\/\/shop.uffizi.it\/de\/#organization","name":"Le Gallerie degli Uffizi Shop","url":"https:\/\/shop.uffizi.it\/de\/","logo":{"@type":"ImageObject","inLanguage":"de","@id":"https:\/\/shop.uffizi.it\/de\/#\/schema\/logo\/image\/","url":"https:\/\/shop.uffizi.it\/wp-content\/uploads\/2025\/11\/uffizi_shop_logo.svg","contentUrl":"https:\/\/shop.uffizi.it\/wp-content\/uploads\/2025\/11\/uffizi_shop_logo.svg","caption":"Le Gallerie degli Uffizi Shop"},"image":{"@id":"https:\/\/shop.uffizi.it\/de\/#\/schema\/logo\/image\/"}}]}},"_links":{"self":[{"href":"https:\/\/shop.uffizi.it\/de\/wp-json\/wp\/v2\/product\/33526","targetHints":{"allow":["GET"]}}],"collection":[{"href":"https:\/\/shop.uffizi.it\/de\/wp-json\/wp\/v2\/product"}],"about":[{"href":"https:\/\/shop.uffizi.it\/de\/wp-json\/wp\/v2\/types\/product"}],"wp:featuredmedia":[{"embeddable":true,"href":"https:\/\/shop.uffizi.it\/de\/wp-json\/wp\/v2\/media\/22751"}],"wp:attachment":[{"href":"https:\/\/shop.uffizi.it\/de\/wp-json\/wp\/v2\/media?parent=33526"}],"wp:term":[{"taxonomy":"product_brand","embeddable":true,"href":"https:\/\/shop.uffizi.it\/de\/wp-json\/wp\/v2\/product_brand?post=33526"},{"taxonomy":"product_cat","embeddable":true,"href":"https:\/\/shop.uffizi.it\/de\/wp-json\/wp\/v2\/product_cat?post=33526"},{"taxonomy":"product_tag","embeddable":true,"href":"https:\/\/shop.uffizi.it\/de\/wp-json\/wp\/v2\/product_tag?post=33526"}],"curies":[{"name":"wp","href":"https:\/\/api.w.org\/{rel}","templated":true}]}}