{"id":33414,"date":"2026-03-17T09:58:15","date_gmt":"2026-03-17T08:58:15","guid":{"rendered":"https:\/\/shop.uffizi.it\/prodotti\/die-geburt-der-venus\/"},"modified":"2026-04-07T05:20:02","modified_gmt":"2026-04-07T03:20:02","slug":"die-geburt-der-venus","status":"publish","type":"product","link":"https:\/\/shop.uffizi.it\/de\/produkte\/die-geburt-der-venus\/","title":{"rendered":"DIE GEBURT DER VENUS"},"content":{"rendered":"<p>Material: Harz und Marmorpulver<\/p>\n","protected":false},"excerpt":{"rendered":"<p>Reproduktion nach dem Gem\u00e4lde \u201eDie Geburt der Venus\u201c von Sandro Botticelli, um 1485, das wahrscheinlich von der Familie Medici in Auftrag gegeben wurde.<br \/>\nHergestellt aus wei\u00dfem Harz und Marmorpulver, in der Toskana gefertigt und von Hand ausgef\u00fchrt.<br \/>\nDas Original des Gem\u00e4ldes wird in den Uffizien verwahrt.<\/p>\n","protected":false},"featured_media":3821,"template":"","meta":{"_acf_changed":false,"site-sidebar-layout":"default","site-content-layout":"","ast-site-content-layout":"default","site-content-style":"default","site-sidebar-style":"default","ast-global-header-display":"","ast-banner-title-visibility":"","ast-main-header-display":"","ast-hfb-above-header-display":"","ast-hfb-below-header-display":"","ast-hfb-mobile-header-display":"","site-post-title":"","ast-breadcrumbs-content":"","ast-featured-img":"","footer-sml-layout":"","ast-disable-related-posts":"","theme-transparent-header-meta":"default","adv-header-id-meta":"","stick-header-meta":"default","header-above-stick-meta":"","header-main-stick-meta":"","header-below-stick-meta":"","astra-migrate-meta-layouts":"default","ast-page-background-enabled":"default","ast-page-background-meta":{"desktop":{"background-color":"","background-image":"","background-repeat":"repeat","background-position":"center center","background-size":"auto","background-attachment":"scroll","background-type":"","background-media":"","overlay-type":"","overlay-color":"","overlay-opacity":"","overlay-gradient":""},"tablet":{"background-color":"","background-image":"","background-repeat":"repeat","background-position":"center center","background-size":"auto","background-attachment":"scroll","background-type":"","background-media":"","overlay-type":"","overlay-color":"","overlay-opacity":"","overlay-gradient":""},"mobile":{"background-color":"","background-image":"","background-repeat":"repeat","background-position":"center center","background-size":"auto","background-attachment":"scroll","background-type":"","background-media":"","overlay-type":"","overlay-color":"","overlay-opacity":"","overlay-gradient":""}},"ast-content-background-meta":{"desktop":{"background-color":"var(--ast-global-color-5)","background-image":"","background-repeat":"repeat","background-position":"center center","background-size":"auto","background-attachment":"scroll","background-type":"","background-media":"","overlay-type":"","overlay-color":"","overlay-opacity":"","overlay-gradient":""},"tablet":{"background-color":"var(--ast-global-color-5)","background-image":"","background-repeat":"repeat","background-position":"center center","background-size":"auto","background-attachment":"scroll","background-type":"","background-media":"","overlay-type":"","overlay-color":"","overlay-opacity":"","overlay-gradient":""},"mobile":{"background-color":"var(--ast-global-color-5)","background-image":"","background-repeat":"repeat","background-position":"center center","background-size":"auto","background-attachment":"scroll","background-type":"","background-media":"","overlay-type":"","overlay-color":"","overlay-opacity":"","overlay-gradient":""}}},"product_brand":[],"product_cat":[1411,1415,1418,1420],"product_tag":[],"class_list":{"0":"post-33414","1":"product","2":"type-product","3":"status-publish","4":"has-post-thumbnail","6":"product_cat-geschenke","7":"product_cat-sammlerstuecke","9":"product_cat-skulpturen","10":"desktop-align-left","11":"tablet-align-left","12":"mobile-align-left","13":"ast-product-gallery-layout-horizontal","14":"ast-product-single-variable","15":"ast-product-tabs-layout-horizontal","16":"ast-qv-on-image","18":"first","19":"instock","20":"taxable","21":"shipping-taxable","22":"purchasable","23":"product-type-variable"},"acf":[],"yoast_head":"<!-- This site is optimized with the Yoast SEO plugin v27.3 - https:\/\/yoast.com\/product\/yoast-seo-wordpress\/ -->\n<title>DIE GEBURT DER VENUS - Le Gallerie degli Uffizi Shop<\/title>\n<meta name=\"robots\" content=\"index, follow, max-snippet:-1, max-image-preview:large, max-video-preview:-1\" \/>\n<link rel=\"canonical\" href=\"https:\/\/shop.uffizi.it\/de\/produkte\/die-geburt-der-venus\/\" \/>\n<meta property=\"og:locale\" content=\"de_DE\" \/>\n<meta property=\"og:type\" content=\"article\" \/>\n<meta property=\"og:title\" content=\"DIE GEBURT DER VENUS - Le Gallerie degli Uffizi Shop\" \/>\n<meta property=\"og:description\" content=\"Reproduktion nach dem Gem\u00e4lde \u201eDie Geburt der Venus\u201c von Sandro Botticelli, um 1485, das wahrscheinlich von der Familie Medici in Auftrag gegeben wurde. Hergestellt aus wei\u00dfem Harz und Marmorpulver, in der Toskana gefertigt und von Hand ausgef\u00fchrt. Das Original des Gem\u00e4ldes wird in den Uffizien verwahrt.\" \/>\n<meta property=\"og:url\" content=\"https:\/\/shop.uffizi.it\/de\/produkte\/die-geburt-der-venus\/\" \/>\n<meta property=\"og:site_name\" content=\"Le Gallerie degli Uffizi Shop\" \/>\n<meta property=\"article:modified_time\" content=\"2026-04-07T03:20:02+00:00\" \/>\n<meta property=\"og:image\" content=\"https:\/\/shop.uffizi.it\/wp-content\/uploads\/2021\/11\/VENERE_01.jpg\" \/>\n\t<meta property=\"og:image:width\" content=\"850\" \/>\n\t<meta property=\"og:image:height\" content=\"850\" \/>\n\t<meta property=\"og:image:type\" content=\"image\/jpeg\" \/>\n<meta name=\"twitter:card\" content=\"summary_large_image\" \/>\n<script type=\"application\/ld+json\" class=\"yoast-schema-graph\">{\"@context\":\"https:\\\/\\\/schema.org\",\"@graph\":[{\"@type\":\"WebPage\",\"@id\":\"https:\\\/\\\/shop.uffizi.it\\\/de\\\/produkte\\\/die-geburt-der-venus\\\/\",\"url\":\"https:\\\/\\\/shop.uffizi.it\\\/de\\\/produkte\\\/die-geburt-der-venus\\\/\",\"name\":\"DIE GEBURT DER VENUS - Le Gallerie degli Uffizi Shop\",\"isPartOf\":{\"@id\":\"https:\\\/\\\/shop.uffizi.it\\\/de\\\/#website\"},\"primaryImageOfPage\":{\"@id\":\"https:\\\/\\\/shop.uffizi.it\\\/de\\\/produkte\\\/die-geburt-der-venus\\\/#primaryimage\"},\"image\":{\"@id\":\"https:\\\/\\\/shop.uffizi.it\\\/de\\\/produkte\\\/die-geburt-der-venus\\\/#primaryimage\"},\"thumbnailUrl\":\"https:\\\/\\\/shop.uffizi.it\\\/wp-content\\\/uploads\\\/2021\\\/11\\\/VENERE_01.jpg\",\"datePublished\":\"2026-03-17T08:58:15+00:00\",\"dateModified\":\"2026-04-07T03:20:02+00:00\",\"breadcrumb\":{\"@id\":\"https:\\\/\\\/shop.uffizi.it\\\/de\\\/produkte\\\/die-geburt-der-venus\\\/#breadcrumb\"},\"inLanguage\":\"de\",\"potentialAction\":[{\"@type\":\"ReadAction\",\"target\":[\"https:\\\/\\\/shop.uffizi.it\\\/de\\\/produkte\\\/die-geburt-der-venus\\\/\"]}]},{\"@type\":\"ImageObject\",\"inLanguage\":\"de\",\"@id\":\"https:\\\/\\\/shop.uffizi.it\\\/de\\\/produkte\\\/die-geburt-der-venus\\\/#primaryimage\",\"url\":\"https:\\\/\\\/shop.uffizi.it\\\/wp-content\\\/uploads\\\/2021\\\/11\\\/VENERE_01.jpg\",\"contentUrl\":\"https:\\\/\\\/shop.uffizi.it\\\/wp-content\\\/uploads\\\/2021\\\/11\\\/VENERE_01.jpg\",\"width\":850,\"height\":850},{\"@type\":\"BreadcrumbList\",\"@id\":\"https:\\\/\\\/shop.uffizi.it\\\/de\\\/produkte\\\/die-geburt-der-venus\\\/#breadcrumb\",\"itemListElement\":[{\"@type\":\"ListItem\",\"position\":1,\"name\":\"Home\",\"item\":\"https:\\\/\\\/shop.uffizi.it\\\/de\\\/\"},{\"@type\":\"ListItem\",\"position\":2,\"name\":\"Alle Produkte\",\"item\":\"https:\\\/\\\/shop.uffizi.it\\\/de\\\/shop\\\/\"},{\"@type\":\"ListItem\",\"position\":3,\"name\":\"DIE GEBURT DER VENUS\"}]},{\"@type\":\"WebSite\",\"@id\":\"https:\\\/\\\/shop.uffizi.it\\\/de\\\/#website\",\"url\":\"https:\\\/\\\/shop.uffizi.it\\\/de\\\/\",\"name\":\"Le Gallerie degli Uffizi Shop\",\"description\":\"\",\"publisher\":{\"@id\":\"https:\\\/\\\/shop.uffizi.it\\\/de\\\/#organization\"},\"potentialAction\":[{\"@type\":\"SearchAction\",\"target\":{\"@type\":\"EntryPoint\",\"urlTemplate\":\"https:\\\/\\\/shop.uffizi.it\\\/de\\\/?s={search_term_string}\"},\"query-input\":{\"@type\":\"PropertyValueSpecification\",\"valueRequired\":true,\"valueName\":\"search_term_string\"}}],\"inLanguage\":\"de\"},{\"@type\":\"Organization\",\"@id\":\"https:\\\/\\\/shop.uffizi.it\\\/de\\\/#organization\",\"name\":\"Le Gallerie degli Uffizi Shop\",\"url\":\"https:\\\/\\\/shop.uffizi.it\\\/de\\\/\",\"logo\":{\"@type\":\"ImageObject\",\"inLanguage\":\"de\",\"@id\":\"https:\\\/\\\/shop.uffizi.it\\\/de\\\/#\\\/schema\\\/logo\\\/image\\\/\",\"url\":\"https:\\\/\\\/shop.uffizi.it\\\/wp-content\\\/uploads\\\/2025\\\/11\\\/uffizi_shop_logo.svg\",\"contentUrl\":\"https:\\\/\\\/shop.uffizi.it\\\/wp-content\\\/uploads\\\/2025\\\/11\\\/uffizi_shop_logo.svg\",\"caption\":\"Le Gallerie degli Uffizi Shop\"},\"image\":{\"@id\":\"https:\\\/\\\/shop.uffizi.it\\\/de\\\/#\\\/schema\\\/logo\\\/image\\\/\"}}]}<\/script>\n<!-- \/ Yoast SEO plugin. -->","yoast_head_json":{"title":"DIE GEBURT DER VENUS - Le Gallerie degli Uffizi Shop","robots":{"index":"index","follow":"follow","max-snippet":"max-snippet:-1","max-image-preview":"max-image-preview:large","max-video-preview":"max-video-preview:-1"},"canonical":"https:\/\/shop.uffizi.it\/de\/produkte\/die-geburt-der-venus\/","og_locale":"de_DE","og_type":"article","og_title":"DIE GEBURT DER VENUS - Le Gallerie degli Uffizi Shop","og_description":"Reproduktion nach dem Gem\u00e4lde \u201eDie Geburt der Venus\u201c von Sandro Botticelli, um 1485, das wahrscheinlich von der Familie Medici in Auftrag gegeben wurde. Hergestellt aus wei\u00dfem Harz und Marmorpulver, in der Toskana gefertigt und von Hand ausgef\u00fchrt. Das Original des Gem\u00e4ldes wird in den Uffizien verwahrt.","og_url":"https:\/\/shop.uffizi.it\/de\/produkte\/die-geburt-der-venus\/","og_site_name":"Le Gallerie degli Uffizi Shop","article_modified_time":"2026-04-07T03:20:02+00:00","og_image":[{"width":850,"height":850,"url":"https:\/\/shop.uffizi.it\/wp-content\/uploads\/2021\/11\/VENERE_01.jpg","type":"image\/jpeg"}],"twitter_card":"summary_large_image","schema":{"@context":"https:\/\/schema.org","@graph":[{"@type":"WebPage","@id":"https:\/\/shop.uffizi.it\/de\/produkte\/die-geburt-der-venus\/","url":"https:\/\/shop.uffizi.it\/de\/produkte\/die-geburt-der-venus\/","name":"DIE GEBURT DER VENUS - Le Gallerie degli Uffizi Shop","isPartOf":{"@id":"https:\/\/shop.uffizi.it\/de\/#website"},"primaryImageOfPage":{"@id":"https:\/\/shop.uffizi.it\/de\/produkte\/die-geburt-der-venus\/#primaryimage"},"image":{"@id":"https:\/\/shop.uffizi.it\/de\/produkte\/die-geburt-der-venus\/#primaryimage"},"thumbnailUrl":"https:\/\/shop.uffizi.it\/wp-content\/uploads\/2021\/11\/VENERE_01.jpg","datePublished":"2026-03-17T08:58:15+00:00","dateModified":"2026-04-07T03:20:02+00:00","breadcrumb":{"@id":"https:\/\/shop.uffizi.it\/de\/produkte\/die-geburt-der-venus\/#breadcrumb"},"inLanguage":"de","potentialAction":[{"@type":"ReadAction","target":["https:\/\/shop.uffizi.it\/de\/produkte\/die-geburt-der-venus\/"]}]},{"@type":"ImageObject","inLanguage":"de","@id":"https:\/\/shop.uffizi.it\/de\/produkte\/die-geburt-der-venus\/#primaryimage","url":"https:\/\/shop.uffizi.it\/wp-content\/uploads\/2021\/11\/VENERE_01.jpg","contentUrl":"https:\/\/shop.uffizi.it\/wp-content\/uploads\/2021\/11\/VENERE_01.jpg","width":850,"height":850},{"@type":"BreadcrumbList","@id":"https:\/\/shop.uffizi.it\/de\/produkte\/die-geburt-der-venus\/#breadcrumb","itemListElement":[{"@type":"ListItem","position":1,"name":"Home","item":"https:\/\/shop.uffizi.it\/de\/"},{"@type":"ListItem","position":2,"name":"Alle Produkte","item":"https:\/\/shop.uffizi.it\/de\/shop\/"},{"@type":"ListItem","position":3,"name":"DIE GEBURT DER VENUS"}]},{"@type":"WebSite","@id":"https:\/\/shop.uffizi.it\/de\/#website","url":"https:\/\/shop.uffizi.it\/de\/","name":"Le Gallerie degli Uffizi Shop","description":"","publisher":{"@id":"https:\/\/shop.uffizi.it\/de\/#organization"},"potentialAction":[{"@type":"SearchAction","target":{"@type":"EntryPoint","urlTemplate":"https:\/\/shop.uffizi.it\/de\/?s={search_term_string}"},"query-input":{"@type":"PropertyValueSpecification","valueRequired":true,"valueName":"search_term_string"}}],"inLanguage":"de"},{"@type":"Organization","@id":"https:\/\/shop.uffizi.it\/de\/#organization","name":"Le Gallerie degli Uffizi Shop","url":"https:\/\/shop.uffizi.it\/de\/","logo":{"@type":"ImageObject","inLanguage":"de","@id":"https:\/\/shop.uffizi.it\/de\/#\/schema\/logo\/image\/","url":"https:\/\/shop.uffizi.it\/wp-content\/uploads\/2025\/11\/uffizi_shop_logo.svg","contentUrl":"https:\/\/shop.uffizi.it\/wp-content\/uploads\/2025\/11\/uffizi_shop_logo.svg","caption":"Le Gallerie degli Uffizi Shop"},"image":{"@id":"https:\/\/shop.uffizi.it\/de\/#\/schema\/logo\/image\/"}}]}},"_links":{"self":[{"href":"https:\/\/shop.uffizi.it\/de\/wp-json\/wp\/v2\/product\/33414","targetHints":{"allow":["GET"]}}],"collection":[{"href":"https:\/\/shop.uffizi.it\/de\/wp-json\/wp\/v2\/product"}],"about":[{"href":"https:\/\/shop.uffizi.it\/de\/wp-json\/wp\/v2\/types\/product"}],"wp:featuredmedia":[{"embeddable":true,"href":"https:\/\/shop.uffizi.it\/de\/wp-json\/wp\/v2\/media\/3821"}],"wp:attachment":[{"href":"https:\/\/shop.uffizi.it\/de\/wp-json\/wp\/v2\/media?parent=33414"}],"wp:term":[{"taxonomy":"product_brand","embeddable":true,"href":"https:\/\/shop.uffizi.it\/de\/wp-json\/wp\/v2\/product_brand?post=33414"},{"taxonomy":"product_cat","embeddable":true,"href":"https:\/\/shop.uffizi.it\/de\/wp-json\/wp\/v2\/product_cat?post=33414"},{"taxonomy":"product_tag","embeddable":true,"href":"https:\/\/shop.uffizi.it\/de\/wp-json\/wp\/v2\/product_tag?post=33414"}],"curies":[{"name":"wp","href":"https:\/\/api.w.org\/{rel}","templated":true}]}}