{"id":30409,"date":"2025-11-27T13:49:58","date_gmt":"2025-11-27T12:49:58","guid":{"rendered":"https:\/\/shop.uffizi.it\/?page_id=30409"},"modified":"2025-12-17T16:57:15","modified_gmt":"2025-12-17T15:57:15","slug":"museo-opificio-delle-pietre-dure-2","status":"publish","type":"page","link":"https:\/\/shop.uffizi.it\/de\/museo-opificio-delle-pietre-dure-2\/","title":{"rendered":"Museo Opificio delle Pietre Dure"},"content":{"rendered":"\t\t<div data-elementor-type=\"wp-page\" data-elementor-id=\"30409\" class=\"elementor elementor-30409 elementor-28892\" data-elementor-post-type=\"page\">\n\t\t\t\t\t\t<section class=\"elementor-section elementor-top-section elementor-element elementor-element-431cc5c elementor-section-boxed elementor-section-height-default elementor-section-height-default\" data-id=\"431cc5c\" data-element_type=\"section\" data-e-type=\"section\">\n\t\t\t\t\t\t<div class=\"elementor-container elementor-column-gap-default\">\n\t\t\t\t\t<div class=\"elementor-column elementor-col-100 elementor-top-column elementor-element elementor-element-99dee58\" data-id=\"99dee58\" data-element_type=\"column\" data-e-type=\"column\">\n\t\t\t<div class=\"elementor-widget-wrap elementor-element-populated\">\n\t\t\t\t\t\t<div class=\"elementor-element elementor-element-0dfb35a elementor-widget elementor-widget-image\" data-id=\"0dfb35a\" data-element_type=\"widget\" data-e-type=\"widget\" data-widget_type=\"image.default\">\n\t\t\t\t<div class=\"elementor-widget-container\">\n\t\t\t\t\t\t\t\t\t\t\t\t\t\t\t<img decoding=\"async\" width=\"111\" height=\"146\" src=\"https:\/\/shop.uffizi.it\/wp-content\/uploads\/2025\/11\/opificio-1.png\" class=\"attachment-full size-full wp-image-28927\" alt=\"\" \/>\t\t\t\t\t\t\t\t\t\t\t\t\t\t\t<\/div>\n\t\t\t\t<\/div>\n\t\t\t\t<div class=\"elementor-element elementor-element-9b10dc1 elementor-widget elementor-widget-heading\" data-id=\"9b10dc1\" data-element_type=\"widget\" data-e-type=\"widget\" data-widget_type=\"heading.default\">\n\t\t\t\t<div class=\"elementor-widget-container\">\n\t\t\t\t\t<h2 class=\"elementor-heading-title elementor-size-default\">MUSEO DELL'OPIFICIO DELLE PIETRE DURE<\/h2>\t\t\t\t<\/div>\n\t\t\t\t<\/div>\n\t\t\t\t<div class=\"elementor-element elementor-element-0518bf2 elementor-widget elementor-widget-text-editor\" data-id=\"0518bf2\" data-element_type=\"widget\" data-e-type=\"widget\" data-widget_type=\"text-editor.default\">\n\t\t\t\t<div class=\"elementor-widget-container\">\n\t\t\t\t\t\t\t\t\t<p>Via degli Alfani, 78<\/p>\t\t\t\t\t\t\t\t<\/div>\n\t\t\t\t<\/div>\n\t\t\t\t<div class=\"elementor-element elementor-element-1d106f0 elementor-widget elementor-widget-text-editor\" data-id=\"1d106f0\" data-element_type=\"widget\" data-e-type=\"widget\" data-widget_type=\"text-editor.default\">\n\t\t\t\t<div class=\"elementor-widget-container\">\n\t\t\t\t\t\t\t\t\tDas dem Opificio delle Pietre Dure angegliederte Museum, heute ein auf Restaurierung spezialisiertes Zentrum, geht direkt aus der <strong>Manifattura di corte<\/strong> hervor, die 1588 offiziell von <b>Ferdinando I de\u2019 Medici<\/b> gegr\u00fcndet wurde und sich der Verarbeitung von harten Steinen widmete.\nDas Erscheinungsbild des Museums, das 1882 gegr\u00fcndet wurde, entspricht keiner gezielten Sammlungspolitik, sondern spiegelt das Leben und die Geschichte der jahrhundertelangen Produktionsaktivit\u00e4t wider. Die prestigetr\u00e4chtigsten Werke, oft von den Gro\u00dfherz\u00f6gen von Florenz verschenkt, befinden sich heute in k\u00f6niglichen Residenzen und Museen in ganz Europa, w\u00e4hrend in den Werkst\u00e4tten des Museums unvollendete St\u00fccke, umgearbeitete oder sp\u00e4ter demontierte Werke sowie das erhalten geblieben ist, was im 19. Jahrhundert nicht zerstreut wurde. Die Sammlung, reich an faszinierenden und kunstvollen St\u00fccken, reicht aus, um die historische Entwicklung der Manufaktur \u00fcber drei Jahrhunderte nachzuzeichnen. Zudem wird ein bedeutendes Depot antiker Marmore und harter Steine aufbewahrt.\nDas Museum wurde 1995 nach einem Projekt von <b>Adolfo Natalini<\/b> restauriert. Die Neuordnung der Sammlung, betreut von <b>Anna Maria Giusti<\/b>, folgt einem thematischen Prinzip: In den aus dem gro\u00dfen Saal hervorgegangenen R\u00e4umen sind die Werke der mediceischen und lothringischen Gro\u00dfherzogszeit dokumentiert, in den R\u00e4umen des 19. Jahrhunderts jene der nachunitarischen Periode. Die Empore des Saals ist den Verarbeitungstechniken gewidmet: von der umfangreichen Steinmaterialsammlung \u00fcber Werkb\u00e4nke und Werkzeuge bis hin zur didaktischen Veranschaulichung verschiedener Herstellungsphasen von Intarsien und Schnitzarbeiten. So l\u00e4sst sich der gesamte Prozess von der Idee bis zum fertigen Werk nachvollziehen und die inneren Mechanismen eines faszinierenden Kapitels der florentinischen Kunstgeschichte entdecken.\n\t\t\t\t\t\t\t\t<\/div>\n\t\t\t\t<\/div>\n\t\t\t\t\t<\/div>\n\t\t<\/div>\n\t\t\t\t\t<\/div>\n\t\t<\/section>\n\t\t\t\t<\/div>\n\t\t","protected":false},"excerpt":{"rendered":"<p>MUSEO DELL&#8217;OPIFICIO DELLE PIETRE DURE Via degli Alfani, 78 Das dem Opificio delle Pietre Dure angegliederte Museum, heute ein auf Restaurierung spezialisiertes Zentrum, geht direkt aus der Manifattura di corte hervor, die 1588 offiziell von Ferdinando I de\u2019 Medici gegr\u00fcndet wurde und sich der Verarbeitung von harten Steinen widmete. Das Erscheinungsbild des Museums, das 1882 [&hellip;]<\/p>\n","protected":false},"author":922,"featured_media":0,"parent":0,"menu_order":0,"comment_status":"closed","ping_status":"closed","template":"","meta":{"_acf_changed":false,"site-sidebar-layout":"no-sidebar","site-content-layout":"page-builder","ast-site-content-layout":"full-width-container","site-content-style":"default","site-sidebar-style":"default","ast-global-header-display":"","ast-banner-title-visibility":"","ast-main-header-display":"","ast-hfb-above-header-display":"","ast-hfb-below-header-display":"","ast-hfb-mobile-header-display":"","site-post-title":"disabled","ast-breadcrumbs-content":"","ast-featured-img":"disabled","footer-sml-layout":"","ast-disable-related-posts":"","theme-transparent-header-meta":"","adv-header-id-meta":"","stick-header-meta":"","header-above-stick-meta":"","header-main-stick-meta":"","header-below-stick-meta":"","astra-migrate-meta-layouts":"set","ast-page-background-enabled":"default","ast-page-background-meta":{"desktop":{"background-color":"","background-image":"","background-repeat":"repeat","background-position":"center center","background-size":"auto","background-attachment":"scroll","background-type":"","background-media":"","overlay-type":"","overlay-color":"","overlay-opacity":"","overlay-gradient":""},"tablet":{"background-color":"","background-image":"","background-repeat":"repeat","background-position":"center center","background-size":"auto","background-attachment":"scroll","background-type":"","background-media":"","overlay-type":"","overlay-color":"","overlay-opacity":"","overlay-gradient":""},"mobile":{"background-color":"","background-image":"","background-repeat":"repeat","background-position":"center center","background-size":"auto","background-attachment":"scroll","background-type":"","background-media":"","overlay-type":"","overlay-color":"","overlay-opacity":"","overlay-gradient":""}},"ast-content-background-meta":{"desktop":{"background-color":"var(--ast-global-color-5)","background-image":"","background-repeat":"repeat","background-position":"center center","background-size":"auto","background-attachment":"scroll","background-type":"","background-media":"","overlay-type":"","overlay-color":"","overlay-opacity":"","overlay-gradient":""},"tablet":{"background-color":"var(--ast-global-color-5)","background-image":"","background-repeat":"repeat","background-position":"center center","background-size":"auto","background-attachment":"scroll","background-type":"","background-media":"","overlay-type":"","overlay-color":"","overlay-opacity":"","overlay-gradient":""},"mobile":{"background-color":"var(--ast-global-color-5)","background-image":"","background-repeat":"repeat","background-position":"center center","background-size":"auto","background-attachment":"scroll","background-type":"","background-media":"","overlay-type":"","overlay-color":"","overlay-opacity":"","overlay-gradient":""}},"footnotes":""},"class_list":["post-30409","page","type-page","status-publish","hentry"],"acf":[],"yoast_head":"<!-- This site is optimized with the Yoast SEO plugin v27.3 - https:\/\/yoast.com\/product\/yoast-seo-wordpress\/ -->\n<title>Museo Opificio delle Pietre Dure - Le Gallerie degli Uffizi Shop<\/title>\n<meta name=\"robots\" content=\"index, follow, max-snippet:-1, max-image-preview:large, max-video-preview:-1\" \/>\n<link rel=\"canonical\" href=\"https:\/\/shop.uffizi.it\/de\/museo-opificio-delle-pietre-dure-2\/\" \/>\n<meta property=\"og:locale\" content=\"de_DE\" \/>\n<meta property=\"og:type\" content=\"article\" \/>\n<meta property=\"og:title\" content=\"Museo Opificio delle Pietre Dure - Le Gallerie degli Uffizi Shop\" \/>\n<meta property=\"og:description\" content=\"MUSEO DELL&#8217;OPIFICIO DELLE PIETRE DURE Via degli Alfani, 78 Das dem Opificio delle Pietre Dure angegliederte Museum, heute ein auf Restaurierung spezialisiertes Zentrum, geht direkt aus der Manifattura di corte hervor, die 1588 offiziell von Ferdinando I de\u2019 Medici gegr\u00fcndet wurde und sich der Verarbeitung von harten Steinen widmete. Das Erscheinungsbild des Museums, das 1882 [&hellip;]\" \/>\n<meta property=\"og:url\" content=\"https:\/\/shop.uffizi.it\/de\/museo-opificio-delle-pietre-dure-2\/\" \/>\n<meta property=\"og:site_name\" content=\"Le Gallerie degli Uffizi Shop\" \/>\n<meta property=\"article:modified_time\" content=\"2025-12-17T15:57:15+00:00\" \/>\n<meta property=\"og:image\" content=\"https:\/\/shop.uffizi.it\/wp-content\/uploads\/2025\/11\/opificio-1.png\" \/>\n\t<meta property=\"og:image:width\" content=\"111\" \/>\n\t<meta property=\"og:image:height\" content=\"146\" \/>\n\t<meta property=\"og:image:type\" content=\"image\/png\" \/>\n<meta name=\"twitter:card\" content=\"summary_large_image\" \/>\n<meta name=\"twitter:label1\" content=\"Gesch\u00e4tzte Lesezeit\" \/>\n\t<meta name=\"twitter:data1\" content=\"2\u00a0Minuten\" \/>\n<script type=\"application\/ld+json\" class=\"yoast-schema-graph\">{\"@context\":\"https:\\\/\\\/schema.org\",\"@graph\":[{\"@type\":\"WebPage\",\"@id\":\"https:\\\/\\\/shop.uffizi.it\\\/de\\\/museo-opificio-delle-pietre-dure-2\\\/\",\"url\":\"https:\\\/\\\/shop.uffizi.it\\\/de\\\/museo-opificio-delle-pietre-dure-2\\\/\",\"name\":\"Museo Opificio delle Pietre Dure - Le Gallerie degli Uffizi Shop\",\"isPartOf\":{\"@id\":\"https:\\\/\\\/shop.uffizi.it\\\/de\\\/#website\"},\"primaryImageOfPage\":{\"@id\":\"https:\\\/\\\/shop.uffizi.it\\\/de\\\/museo-opificio-delle-pietre-dure-2\\\/#primaryimage\"},\"image\":{\"@id\":\"https:\\\/\\\/shop.uffizi.it\\\/de\\\/museo-opificio-delle-pietre-dure-2\\\/#primaryimage\"},\"thumbnailUrl\":\"https:\\\/\\\/shop.uffizi.it\\\/wp-content\\\/uploads\\\/2025\\\/11\\\/opificio-1.png\",\"datePublished\":\"2025-11-27T12:49:58+00:00\",\"dateModified\":\"2025-12-17T15:57:15+00:00\",\"breadcrumb\":{\"@id\":\"https:\\\/\\\/shop.uffizi.it\\\/de\\\/museo-opificio-delle-pietre-dure-2\\\/#breadcrumb\"},\"inLanguage\":\"de\",\"potentialAction\":[{\"@type\":\"ReadAction\",\"target\":[\"https:\\\/\\\/shop.uffizi.it\\\/de\\\/museo-opificio-delle-pietre-dure-2\\\/\"]}]},{\"@type\":\"ImageObject\",\"inLanguage\":\"de\",\"@id\":\"https:\\\/\\\/shop.uffizi.it\\\/de\\\/museo-opificio-delle-pietre-dure-2\\\/#primaryimage\",\"url\":\"https:\\\/\\\/shop.uffizi.it\\\/wp-content\\\/uploads\\\/2025\\\/11\\\/opificio-1.png\",\"contentUrl\":\"https:\\\/\\\/shop.uffizi.it\\\/wp-content\\\/uploads\\\/2025\\\/11\\\/opificio-1.png\"},{\"@type\":\"BreadcrumbList\",\"@id\":\"https:\\\/\\\/shop.uffizi.it\\\/de\\\/museo-opificio-delle-pietre-dure-2\\\/#breadcrumb\",\"itemListElement\":[{\"@type\":\"ListItem\",\"position\":1,\"name\":\"Home\",\"item\":\"https:\\\/\\\/shop.uffizi.it\\\/de\\\/\"},{\"@type\":\"ListItem\",\"position\":2,\"name\":\"Museo Opificio delle Pietre Dure\"}]},{\"@type\":\"WebSite\",\"@id\":\"https:\\\/\\\/shop.uffizi.it\\\/de\\\/#website\",\"url\":\"https:\\\/\\\/shop.uffizi.it\\\/de\\\/\",\"name\":\"Le Gallerie degli Uffizi Shop\",\"description\":\"\",\"publisher\":{\"@id\":\"https:\\\/\\\/shop.uffizi.it\\\/de\\\/#organization\"},\"potentialAction\":[{\"@type\":\"SearchAction\",\"target\":{\"@type\":\"EntryPoint\",\"urlTemplate\":\"https:\\\/\\\/shop.uffizi.it\\\/de\\\/?s={search_term_string}\"},\"query-input\":{\"@type\":\"PropertyValueSpecification\",\"valueRequired\":true,\"valueName\":\"search_term_string\"}}],\"inLanguage\":\"de\"},{\"@type\":\"Organization\",\"@id\":\"https:\\\/\\\/shop.uffizi.it\\\/de\\\/#organization\",\"name\":\"Le Gallerie degli Uffizi Shop\",\"url\":\"https:\\\/\\\/shop.uffizi.it\\\/de\\\/\",\"logo\":{\"@type\":\"ImageObject\",\"inLanguage\":\"de\",\"@id\":\"https:\\\/\\\/shop.uffizi.it\\\/de\\\/#\\\/schema\\\/logo\\\/image\\\/\",\"url\":\"https:\\\/\\\/shop.uffizi.it\\\/wp-content\\\/uploads\\\/2025\\\/11\\\/uffizi_shop_logo.svg\",\"contentUrl\":\"https:\\\/\\\/shop.uffizi.it\\\/wp-content\\\/uploads\\\/2025\\\/11\\\/uffizi_shop_logo.svg\",\"caption\":\"Le Gallerie degli Uffizi Shop\"},\"image\":{\"@id\":\"https:\\\/\\\/shop.uffizi.it\\\/de\\\/#\\\/schema\\\/logo\\\/image\\\/\"}}]}<\/script>\n<!-- \/ Yoast SEO plugin. -->","yoast_head_json":{"title":"Museo Opificio delle Pietre Dure - Le Gallerie degli Uffizi Shop","robots":{"index":"index","follow":"follow","max-snippet":"max-snippet:-1","max-image-preview":"max-image-preview:large","max-video-preview":"max-video-preview:-1"},"canonical":"https:\/\/shop.uffizi.it\/de\/museo-opificio-delle-pietre-dure-2\/","og_locale":"de_DE","og_type":"article","og_title":"Museo Opificio delle Pietre Dure - Le Gallerie degli Uffizi Shop","og_description":"MUSEO DELL&#8217;OPIFICIO DELLE PIETRE DURE Via degli Alfani, 78 Das dem Opificio delle Pietre Dure angegliederte Museum, heute ein auf Restaurierung spezialisiertes Zentrum, geht direkt aus der Manifattura di corte hervor, die 1588 offiziell von Ferdinando I de\u2019 Medici gegr\u00fcndet wurde und sich der Verarbeitung von harten Steinen widmete. Das Erscheinungsbild des Museums, das 1882 [&hellip;]","og_url":"https:\/\/shop.uffizi.it\/de\/museo-opificio-delle-pietre-dure-2\/","og_site_name":"Le Gallerie degli Uffizi Shop","article_modified_time":"2025-12-17T15:57:15+00:00","og_image":[{"width":111,"height":146,"url":"https:\/\/shop.uffizi.it\/wp-content\/uploads\/2025\/11\/opificio-1.png","type":"image\/png"}],"twitter_card":"summary_large_image","twitter_misc":{"Gesch\u00e4tzte Lesezeit":"2\u00a0Minuten"},"schema":{"@context":"https:\/\/schema.org","@graph":[{"@type":"WebPage","@id":"https:\/\/shop.uffizi.it\/de\/museo-opificio-delle-pietre-dure-2\/","url":"https:\/\/shop.uffizi.it\/de\/museo-opificio-delle-pietre-dure-2\/","name":"Museo Opificio delle Pietre Dure - Le Gallerie degli Uffizi Shop","isPartOf":{"@id":"https:\/\/shop.uffizi.it\/de\/#website"},"primaryImageOfPage":{"@id":"https:\/\/shop.uffizi.it\/de\/museo-opificio-delle-pietre-dure-2\/#primaryimage"},"image":{"@id":"https:\/\/shop.uffizi.it\/de\/museo-opificio-delle-pietre-dure-2\/#primaryimage"},"thumbnailUrl":"https:\/\/shop.uffizi.it\/wp-content\/uploads\/2025\/11\/opificio-1.png","datePublished":"2025-11-27T12:49:58+00:00","dateModified":"2025-12-17T15:57:15+00:00","breadcrumb":{"@id":"https:\/\/shop.uffizi.it\/de\/museo-opificio-delle-pietre-dure-2\/#breadcrumb"},"inLanguage":"de","potentialAction":[{"@type":"ReadAction","target":["https:\/\/shop.uffizi.it\/de\/museo-opificio-delle-pietre-dure-2\/"]}]},{"@type":"ImageObject","inLanguage":"de","@id":"https:\/\/shop.uffizi.it\/de\/museo-opificio-delle-pietre-dure-2\/#primaryimage","url":"https:\/\/shop.uffizi.it\/wp-content\/uploads\/2025\/11\/opificio-1.png","contentUrl":"https:\/\/shop.uffizi.it\/wp-content\/uploads\/2025\/11\/opificio-1.png"},{"@type":"BreadcrumbList","@id":"https:\/\/shop.uffizi.it\/de\/museo-opificio-delle-pietre-dure-2\/#breadcrumb","itemListElement":[{"@type":"ListItem","position":1,"name":"Home","item":"https:\/\/shop.uffizi.it\/de\/"},{"@type":"ListItem","position":2,"name":"Museo Opificio delle Pietre Dure"}]},{"@type":"WebSite","@id":"https:\/\/shop.uffizi.it\/de\/#website","url":"https:\/\/shop.uffizi.it\/de\/","name":"Le Gallerie degli Uffizi Shop","description":"","publisher":{"@id":"https:\/\/shop.uffizi.it\/de\/#organization"},"potentialAction":[{"@type":"SearchAction","target":{"@type":"EntryPoint","urlTemplate":"https:\/\/shop.uffizi.it\/de\/?s={search_term_string}"},"query-input":{"@type":"PropertyValueSpecification","valueRequired":true,"valueName":"search_term_string"}}],"inLanguage":"de"},{"@type":"Organization","@id":"https:\/\/shop.uffizi.it\/de\/#organization","name":"Le Gallerie degli Uffizi Shop","url":"https:\/\/shop.uffizi.it\/de\/","logo":{"@type":"ImageObject","inLanguage":"de","@id":"https:\/\/shop.uffizi.it\/de\/#\/schema\/logo\/image\/","url":"https:\/\/shop.uffizi.it\/wp-content\/uploads\/2025\/11\/uffizi_shop_logo.svg","contentUrl":"https:\/\/shop.uffizi.it\/wp-content\/uploads\/2025\/11\/uffizi_shop_logo.svg","caption":"Le Gallerie degli Uffizi Shop"},"image":{"@id":"https:\/\/shop.uffizi.it\/de\/#\/schema\/logo\/image\/"}}]}},"_links":{"self":[{"href":"https:\/\/shop.uffizi.it\/de\/wp-json\/wp\/v2\/pages\/30409","targetHints":{"allow":["GET"]}}],"collection":[{"href":"https:\/\/shop.uffizi.it\/de\/wp-json\/wp\/v2\/pages"}],"about":[{"href":"https:\/\/shop.uffizi.it\/de\/wp-json\/wp\/v2\/types\/page"}],"author":[{"embeddable":true,"href":"https:\/\/shop.uffizi.it\/de\/wp-json\/wp\/v2\/users\/922"}],"replies":[{"embeddable":true,"href":"https:\/\/shop.uffizi.it\/de\/wp-json\/wp\/v2\/comments?post=30409"}],"version-history":[{"count":10,"href":"https:\/\/shop.uffizi.it\/de\/wp-json\/wp\/v2\/pages\/30409\/revisions"}],"predecessor-version":[{"id":31859,"href":"https:\/\/shop.uffizi.it\/de\/wp-json\/wp\/v2\/pages\/30409\/revisions\/31859"}],"wp:attachment":[{"href":"https:\/\/shop.uffizi.it\/de\/wp-json\/wp\/v2\/media?parent=30409"}],"curies":[{"name":"wp","href":"https:\/\/api.w.org\/{rel}","templated":true}]}}