{"id":30374,"date":"2025-11-27T13:34:11","date_gmt":"2025-11-27T12:34:11","guid":{"rendered":"https:\/\/shop.uffizi.it\/?page_id=30374"},"modified":"2025-12-17T16:57:19","modified_gmt":"2025-12-17T15:57:19","slug":"museo-opificio-delle-pietre-dure","status":"publish","type":"page","link":"https:\/\/shop.uffizi.it\/de\/museo-opificio-delle-pietre-dure\/","title":{"rendered":"Museo Opificio delle Pietre Dure"},"content":{"rendered":"\t\t<div data-elementor-type=\"wp-page\" data-elementor-id=\"30374\" class=\"elementor elementor-30374 elementor-28918\" data-elementor-post-type=\"page\">\n\t\t\t\t\t\t<section class=\"elementor-section elementor-top-section elementor-element elementor-element-52cdd06 elementor-section-boxed elementor-section-height-default elementor-section-height-default\" data-id=\"52cdd06\" data-element_type=\"section\" data-e-type=\"section\">\n\t\t\t\t\t\t<div class=\"elementor-container elementor-column-gap-default\">\n\t\t\t\t\t<div class=\"elementor-column elementor-col-100 elementor-top-column elementor-element elementor-element-2cbd45f\" data-id=\"2cbd45f\" data-element_type=\"column\" data-e-type=\"column\">\n\t\t\t<div class=\"elementor-widget-wrap elementor-element-populated\">\n\t\t\t\t\t\t<div class=\"elementor-element elementor-element-92798cd elementor-widget elementor-widget-heading\" data-id=\"92798cd\" data-element_type=\"widget\" data-e-type=\"widget\" data-widget_type=\"heading.default\">\n\t\t\t\t<div class=\"elementor-widget-container\">\n\t\t\t\t\t<h2 class=\"elementor-heading-title elementor-size-default\">VILLE MEDICEE<\/h2>\t\t\t\t<\/div>\n\t\t\t\t<\/div>\n\t\t\t\t<div class=\"elementor-element elementor-element-052e65e elementor-widget elementor-widget-text-editor\" data-id=\"052e65e\" data-element_type=\"widget\" data-e-type=\"widget\" data-widget_type=\"text-editor.default\">\n\t\t\t\t<div class=\"elementor-widget-container\">\n\t\t\t\t\t\t\t\t\t<p>Die Medici-Villen und -G\u00e4rten sind ein herausragendes Zeugnis kultureller und k\u00fcnstlerischer F\u00f6rderung durch die Medici. Zusammen mit den toskanischen Landschaften, zu denen sie geh\u00f6ren, leisteten sie einen fr\u00fchen und entscheidenden Beitrag zur Entstehung einer neuen \u00c4sthetik und Lebensweise.<br \/>Sie bildeten eine Reihe von Schl\u00fcsselorten, an denen die Ideen und Str\u00f6mungen der italienischen Renaissance entstanden, welche sich sp\u00e4ter in ganz Europa verbreiteten.<br \/>Seit 2013 ist die serielle St\u00e4tte \u201eMedici-Villen und -G\u00e4rten in der Toskana\u201c, bestehend aus 14 Villen und G\u00e4rten der Medici-Familie in der Region, in die Liste des UNESCO-Weltkultur- und Naturerbes eingetragen.<\/p><p><strong>Liste der Medici-Villen und -G\u00e4rten in der Toskana:<\/strong><\/p><ul><li>Palazzo mediceo di Seravezza<\/li><li>Villa medicea di Cerreto Guidi<\/li><li>Villa medicea di Artimino<\/li><li>Villa medicea di Poggio a Caiano<\/li><li>Ville medicea del Trebbio<\/li><li>Villa Medicea di Cafaggiolo<\/li><li>Giardino mediceo di Pratolino<\/li><li>Villa medicea di Castello<\/li><li>Villa medicea della Petraia<\/li><li>Villa medicea di Careggi<\/li><li>Villa medicea a Fiesole<\/li><li>Villa medicea di Poggio Imperiale<\/li><li>Giardino di Boboli<\/li><li>Villa medicea la Magia<\/li><\/ul>\t\t\t\t\t\t\t\t<\/div>\n\t\t\t\t<\/div>\n\t\t\t\t\t<\/div>\n\t\t<\/div>\n\t\t\t\t\t<\/div>\n\t\t<\/section>\n\t\t\t\t<\/div>\n\t\t","protected":false},"excerpt":{"rendered":"<p>VILLE MEDICEE Die Medici-Villen und -G\u00e4rten sind ein herausragendes Zeugnis kultureller und k\u00fcnstlerischer F\u00f6rderung durch die Medici. Zusammen mit den toskanischen Landschaften, zu denen sie geh\u00f6ren, leisteten sie einen fr\u00fchen und entscheidenden Beitrag zur Entstehung einer neuen \u00c4sthetik und Lebensweise.Sie bildeten eine Reihe von Schl\u00fcsselorten, an denen die Ideen und Str\u00f6mungen der italienischen Renaissance entstanden, [&hellip;]<\/p>\n","protected":false},"author":922,"featured_media":0,"parent":0,"menu_order":0,"comment_status":"closed","ping_status":"closed","template":"","meta":{"_acf_changed":false,"site-sidebar-layout":"no-sidebar","site-content-layout":"page-builder","ast-site-content-layout":"full-width-container","site-content-style":"default","site-sidebar-style":"default","ast-global-header-display":"","ast-banner-title-visibility":"","ast-main-header-display":"","ast-hfb-above-header-display":"","ast-hfb-below-header-display":"","ast-hfb-mobile-header-display":"","site-post-title":"disabled","ast-breadcrumbs-content":"","ast-featured-img":"disabled","footer-sml-layout":"","ast-disable-related-posts":"","theme-transparent-header-meta":"","adv-header-id-meta":"","stick-header-meta":"","header-above-stick-meta":"","header-main-stick-meta":"","header-below-stick-meta":"","astra-migrate-meta-layouts":"set","ast-page-background-enabled":"default","ast-page-background-meta":{"desktop":{"background-color":"","background-image":"","background-repeat":"repeat","background-position":"center center","background-size":"auto","background-attachment":"scroll","background-type":"","background-media":"","overlay-type":"","overlay-color":"","overlay-opacity":"","overlay-gradient":""},"tablet":{"background-color":"","background-image":"","background-repeat":"repeat","background-position":"center center","background-size":"auto","background-attachment":"scroll","background-type":"","background-media":"","overlay-type":"","overlay-color":"","overlay-opacity":"","overlay-gradient":""},"mobile":{"background-color":"","background-image":"","background-repeat":"repeat","background-position":"center center","background-size":"auto","background-attachment":"scroll","background-type":"","background-media":"","overlay-type":"","overlay-color":"","overlay-opacity":"","overlay-gradient":""}},"ast-content-background-meta":{"desktop":{"background-color":"var(--ast-global-color-5)","background-image":"","background-repeat":"repeat","background-position":"center center","background-size":"auto","background-attachment":"scroll","background-type":"","background-media":"","overlay-type":"","overlay-color":"","overlay-opacity":"","overlay-gradient":""},"tablet":{"background-color":"var(--ast-global-color-5)","background-image":"","background-repeat":"repeat","background-position":"center center","background-size":"auto","background-attachment":"scroll","background-type":"","background-media":"","overlay-type":"","overlay-color":"","overlay-opacity":"","overlay-gradient":""},"mobile":{"background-color":"var(--ast-global-color-5)","background-image":"","background-repeat":"repeat","background-position":"center center","background-size":"auto","background-attachment":"scroll","background-type":"","background-media":"","overlay-type":"","overlay-color":"","overlay-opacity":"","overlay-gradient":""}},"footnotes":""},"class_list":["post-30374","page","type-page","status-publish","hentry"],"acf":[],"yoast_head":"<!-- This site is optimized with the Yoast SEO plugin v27.3 - https:\/\/yoast.com\/product\/yoast-seo-wordpress\/ -->\n<title>Museo Opificio delle Pietre Dure - Le Gallerie degli Uffizi Shop<\/title>\n<meta name=\"robots\" content=\"index, follow, max-snippet:-1, max-image-preview:large, max-video-preview:-1\" \/>\n<link rel=\"canonical\" href=\"https:\/\/shop.uffizi.it\/de\/museo-opificio-delle-pietre-dure\/\" \/>\n<meta property=\"og:locale\" content=\"de_DE\" \/>\n<meta property=\"og:type\" content=\"article\" \/>\n<meta property=\"og:title\" content=\"Museo Opificio delle Pietre Dure - Le Gallerie degli Uffizi Shop\" \/>\n<meta property=\"og:description\" content=\"VILLE MEDICEE Die Medici-Villen und -G\u00e4rten sind ein herausragendes Zeugnis kultureller und k\u00fcnstlerischer F\u00f6rderung durch die Medici. Zusammen mit den toskanischen Landschaften, zu denen sie geh\u00f6ren, leisteten sie einen fr\u00fchen und entscheidenden Beitrag zur Entstehung einer neuen \u00c4sthetik und Lebensweise.Sie bildeten eine Reihe von Schl\u00fcsselorten, an denen die Ideen und Str\u00f6mungen der italienischen Renaissance entstanden, [&hellip;]\" \/>\n<meta property=\"og:url\" content=\"https:\/\/shop.uffizi.it\/de\/museo-opificio-delle-pietre-dure\/\" \/>\n<meta property=\"og:site_name\" content=\"Le Gallerie degli Uffizi Shop\" \/>\n<meta property=\"article:modified_time\" content=\"2025-12-17T15:57:19+00:00\" \/>\n<meta name=\"twitter:card\" content=\"summary_large_image\" \/>\n<meta name=\"twitter:label1\" content=\"Gesch\u00e4tzte Lesezeit\" \/>\n\t<meta name=\"twitter:data1\" content=\"1\u00a0Minute\" \/>\n<script type=\"application\/ld+json\" class=\"yoast-schema-graph\">{\"@context\":\"https:\\\/\\\/schema.org\",\"@graph\":[{\"@type\":\"WebPage\",\"@id\":\"https:\\\/\\\/shop.uffizi.it\\\/de\\\/museo-opificio-delle-pietre-dure\\\/\",\"url\":\"https:\\\/\\\/shop.uffizi.it\\\/de\\\/museo-opificio-delle-pietre-dure\\\/\",\"name\":\"Museo Opificio delle Pietre Dure - Le Gallerie degli Uffizi Shop\",\"isPartOf\":{\"@id\":\"https:\\\/\\\/shop.uffizi.it\\\/de\\\/#website\"},\"datePublished\":\"2025-11-27T12:34:11+00:00\",\"dateModified\":\"2025-12-17T15:57:19+00:00\",\"breadcrumb\":{\"@id\":\"https:\\\/\\\/shop.uffizi.it\\\/de\\\/museo-opificio-delle-pietre-dure\\\/#breadcrumb\"},\"inLanguage\":\"de\",\"potentialAction\":[{\"@type\":\"ReadAction\",\"target\":[\"https:\\\/\\\/shop.uffizi.it\\\/de\\\/museo-opificio-delle-pietre-dure\\\/\"]}]},{\"@type\":\"BreadcrumbList\",\"@id\":\"https:\\\/\\\/shop.uffizi.it\\\/de\\\/museo-opificio-delle-pietre-dure\\\/#breadcrumb\",\"itemListElement\":[{\"@type\":\"ListItem\",\"position\":1,\"name\":\"Home\",\"item\":\"https:\\\/\\\/shop.uffizi.it\\\/de\\\/\"},{\"@type\":\"ListItem\",\"position\":2,\"name\":\"Museo Opificio delle Pietre Dure\"}]},{\"@type\":\"WebSite\",\"@id\":\"https:\\\/\\\/shop.uffizi.it\\\/de\\\/#website\",\"url\":\"https:\\\/\\\/shop.uffizi.it\\\/de\\\/\",\"name\":\"Le Gallerie degli Uffizi Shop\",\"description\":\"\",\"publisher\":{\"@id\":\"https:\\\/\\\/shop.uffizi.it\\\/de\\\/#organization\"},\"potentialAction\":[{\"@type\":\"SearchAction\",\"target\":{\"@type\":\"EntryPoint\",\"urlTemplate\":\"https:\\\/\\\/shop.uffizi.it\\\/de\\\/?s={search_term_string}\"},\"query-input\":{\"@type\":\"PropertyValueSpecification\",\"valueRequired\":true,\"valueName\":\"search_term_string\"}}],\"inLanguage\":\"de\"},{\"@type\":\"Organization\",\"@id\":\"https:\\\/\\\/shop.uffizi.it\\\/de\\\/#organization\",\"name\":\"Le Gallerie degli Uffizi Shop\",\"url\":\"https:\\\/\\\/shop.uffizi.it\\\/de\\\/\",\"logo\":{\"@type\":\"ImageObject\",\"inLanguage\":\"de\",\"@id\":\"https:\\\/\\\/shop.uffizi.it\\\/de\\\/#\\\/schema\\\/logo\\\/image\\\/\",\"url\":\"https:\\\/\\\/shop.uffizi.it\\\/wp-content\\\/uploads\\\/2025\\\/11\\\/uffizi_shop_logo.svg\",\"contentUrl\":\"https:\\\/\\\/shop.uffizi.it\\\/wp-content\\\/uploads\\\/2025\\\/11\\\/uffizi_shop_logo.svg\",\"caption\":\"Le Gallerie degli Uffizi Shop\"},\"image\":{\"@id\":\"https:\\\/\\\/shop.uffizi.it\\\/de\\\/#\\\/schema\\\/logo\\\/image\\\/\"}}]}<\/script>\n<!-- \/ Yoast SEO plugin. -->","yoast_head_json":{"title":"Museo Opificio delle Pietre Dure - Le Gallerie degli Uffizi Shop","robots":{"index":"index","follow":"follow","max-snippet":"max-snippet:-1","max-image-preview":"max-image-preview:large","max-video-preview":"max-video-preview:-1"},"canonical":"https:\/\/shop.uffizi.it\/de\/museo-opificio-delle-pietre-dure\/","og_locale":"de_DE","og_type":"article","og_title":"Museo Opificio delle Pietre Dure - Le Gallerie degli Uffizi Shop","og_description":"VILLE MEDICEE Die Medici-Villen und -G\u00e4rten sind ein herausragendes Zeugnis kultureller und k\u00fcnstlerischer F\u00f6rderung durch die Medici. Zusammen mit den toskanischen Landschaften, zu denen sie geh\u00f6ren, leisteten sie einen fr\u00fchen und entscheidenden Beitrag zur Entstehung einer neuen \u00c4sthetik und Lebensweise.Sie bildeten eine Reihe von Schl\u00fcsselorten, an denen die Ideen und Str\u00f6mungen der italienischen Renaissance entstanden, [&hellip;]","og_url":"https:\/\/shop.uffizi.it\/de\/museo-opificio-delle-pietre-dure\/","og_site_name":"Le Gallerie degli Uffizi Shop","article_modified_time":"2025-12-17T15:57:19+00:00","twitter_card":"summary_large_image","twitter_misc":{"Gesch\u00e4tzte Lesezeit":"1\u00a0Minute"},"schema":{"@context":"https:\/\/schema.org","@graph":[{"@type":"WebPage","@id":"https:\/\/shop.uffizi.it\/de\/museo-opificio-delle-pietre-dure\/","url":"https:\/\/shop.uffizi.it\/de\/museo-opificio-delle-pietre-dure\/","name":"Museo Opificio delle Pietre Dure - Le Gallerie degli Uffizi Shop","isPartOf":{"@id":"https:\/\/shop.uffizi.it\/de\/#website"},"datePublished":"2025-11-27T12:34:11+00:00","dateModified":"2025-12-17T15:57:19+00:00","breadcrumb":{"@id":"https:\/\/shop.uffizi.it\/de\/museo-opificio-delle-pietre-dure\/#breadcrumb"},"inLanguage":"de","potentialAction":[{"@type":"ReadAction","target":["https:\/\/shop.uffizi.it\/de\/museo-opificio-delle-pietre-dure\/"]}]},{"@type":"BreadcrumbList","@id":"https:\/\/shop.uffizi.it\/de\/museo-opificio-delle-pietre-dure\/#breadcrumb","itemListElement":[{"@type":"ListItem","position":1,"name":"Home","item":"https:\/\/shop.uffizi.it\/de\/"},{"@type":"ListItem","position":2,"name":"Museo Opificio delle Pietre Dure"}]},{"@type":"WebSite","@id":"https:\/\/shop.uffizi.it\/de\/#website","url":"https:\/\/shop.uffizi.it\/de\/","name":"Le Gallerie degli Uffizi Shop","description":"","publisher":{"@id":"https:\/\/shop.uffizi.it\/de\/#organization"},"potentialAction":[{"@type":"SearchAction","target":{"@type":"EntryPoint","urlTemplate":"https:\/\/shop.uffizi.it\/de\/?s={search_term_string}"},"query-input":{"@type":"PropertyValueSpecification","valueRequired":true,"valueName":"search_term_string"}}],"inLanguage":"de"},{"@type":"Organization","@id":"https:\/\/shop.uffizi.it\/de\/#organization","name":"Le Gallerie degli Uffizi Shop","url":"https:\/\/shop.uffizi.it\/de\/","logo":{"@type":"ImageObject","inLanguage":"de","@id":"https:\/\/shop.uffizi.it\/de\/#\/schema\/logo\/image\/","url":"https:\/\/shop.uffizi.it\/wp-content\/uploads\/2025\/11\/uffizi_shop_logo.svg","contentUrl":"https:\/\/shop.uffizi.it\/wp-content\/uploads\/2025\/11\/uffizi_shop_logo.svg","caption":"Le Gallerie degli Uffizi Shop"},"image":{"@id":"https:\/\/shop.uffizi.it\/de\/#\/schema\/logo\/image\/"}}]}},"_links":{"self":[{"href":"https:\/\/shop.uffizi.it\/de\/wp-json\/wp\/v2\/pages\/30374","targetHints":{"allow":["GET"]}}],"collection":[{"href":"https:\/\/shop.uffizi.it\/de\/wp-json\/wp\/v2\/pages"}],"about":[{"href":"https:\/\/shop.uffizi.it\/de\/wp-json\/wp\/v2\/types\/page"}],"author":[{"embeddable":true,"href":"https:\/\/shop.uffizi.it\/de\/wp-json\/wp\/v2\/users\/922"}],"replies":[{"embeddable":true,"href":"https:\/\/shop.uffizi.it\/de\/wp-json\/wp\/v2\/comments?post=30374"}],"version-history":[{"count":10,"href":"https:\/\/shop.uffizi.it\/de\/wp-json\/wp\/v2\/pages\/30374\/revisions"}],"predecessor-version":[{"id":31862,"href":"https:\/\/shop.uffizi.it\/de\/wp-json\/wp\/v2\/pages\/30374\/revisions\/31862"}],"wp:attachment":[{"href":"https:\/\/shop.uffizi.it\/de\/wp-json\/wp\/v2\/media?parent=30374"}],"curies":[{"name":"wp","href":"https:\/\/api.w.org\/{rel}","templated":true}]}}