{"id":30328,"date":"2025-11-26T16:16:29","date_gmt":"2025-11-26T15:16:29","guid":{"rendered":"https:\/\/shop.uffizi.it\/?page_id=30328"},"modified":"2026-01-20T15:56:39","modified_gmt":"2026-01-20T14:56:39","slug":"garantie-und-rueckgabe","status":"publish","type":"page","link":"https:\/\/shop.uffizi.it\/de\/garantie-und-rueckgabe\/","title":{"rendered":"Garantie und R\u00fcckgabe"},"content":{"rendered":"\t\t<div data-elementor-type=\"wp-page\" data-elementor-id=\"30328\" class=\"elementor elementor-30328 elementor-1383\" data-elementor-post-type=\"page\">\n\t\t\t\t\t\t<section class=\"elementor-section elementor-top-section elementor-element elementor-element-de300f1 elementor-section-boxed elementor-section-height-default elementor-section-height-default\" data-id=\"de300f1\" data-element_type=\"section\" data-e-type=\"section\">\n\t\t\t\t\t\t<div class=\"elementor-container elementor-column-gap-default\">\n\t\t\t\t\t<div class=\"elementor-column elementor-col-100 elementor-top-column elementor-element elementor-element-237367c\" data-id=\"237367c\" data-element_type=\"column\" data-e-type=\"column\">\n\t\t\t<div class=\"elementor-widget-wrap elementor-element-populated\">\n\t\t\t\t\t\t<div class=\"elementor-element elementor-element-39e1acb elementor-widget elementor-widget-text-editor\" data-id=\"39e1acb\" data-element_type=\"widget\" data-e-type=\"widget\" data-widget_type=\"text-editor.default\">\n\t\t\t\t<div class=\"elementor-widget-container\">\n\t\t\t\t\t\t\t\t\t<p>Bei Produkten oder Dienstleistungen, die durch eine vom Hersteller gew\u00e4hrte gewerbliche Garantie abgedeckt sind, m\u00fcssen M\u00e4ngel, Fehler oder Abweichungen direkt dem auf der Produktverpackung angegebenen Hersteller gemeldet werden. Sofern gesetzlich nicht abweichend vorgesehen, erkl\u00e4rt shop.uffizi.it, dass sie nicht f\u00fcr M\u00e4ngel, Fehler oder Abweichungen am Produkt haftet. Die Verbrauchergarantie gem\u00e4\u00df ital. Verordnung D. lgs 206\/2005 bleibt davon unber\u00fchrt.<br \/>In diesem Fall m\u00fcssen Verbraucher*innen festgestellte M\u00e4ngel per E-Mail an <u><a id=\"OWA0e1963fc-45d8-62df-9799-10f409abea29\" title=\"mailto:helpshopuffizi@orbital-cultura.com\" href=\"mailto:helpshopuffizi@orbital-cultura.com\" data-linkindex=\"0\" data-olk-copy-source=\"MessageBody\">helpshopuffizi@orbital-cultura.com<\/a><\/u> innerhalb von 2 (zwei) Monaten nach Feststellung des Mangels oder der Abweichung melden, andernfalls verf\u00e4llt die Garantie.<br \/>shop.uffizi.it wird alle zumutbaren Bem\u00fchungen unternehmen, um das defekte Produkt auf eigene Kosten und innerhalb einer angemessenen Frist zu ersetzen. Sollte dies nicht m\u00f6glich oder f\u00fcr Firenzemuseistore.com unverh\u00e4ltnism\u00e4\u00dfig aufwendig sein, so haben Verbraucher*innen das Recht, den Kaufvertrag zu k\u00fcndigen und folglich eine Erstattung der f\u00fcr den Kauf und die Lieferung der Produkte gezahlten Betr\u00e4ge zu erhalten; jede weitere Haftung von shop.uffizi.it aus jedwedem Grund ist dabei ausgeschlossen.<br \/>Kund*innen, die eine Abweichung zwischen den bestellten und den erhaltenen Produkten feststellen, und insbesondere Probleme im Zusammenhang mit der Unversehrtheit, der \u00dcbereinstimmung oder Vollst\u00e4ndigkeit der erhaltenen Produkte, m\u00fcssen dies unverz\u00fcglich dem Kundendienst von shop.uffizi.it melden. Der Kundendienst wird die notwendigen Hinweise zur L\u00f6sung des Problems liefern und, wenn m\u00f6glich, f\u00fcr den Versand fehlender Artikel, den Ersatz defekter Artikel oder deren Kostenerstattung sorgen. In keinem Fall sind Kund*innen verpflichtet, defekte oder f\u00e4lschlicherweise erhaltene Artikel auf eigene Kosten zur\u00fcckzusenden.<br \/>Im Falle von M\u00e4ngeln werden Kund*innen gebeten, Fehler an erhaltenen Produkten schriftlich per E-Mail an <u><a id=\"OWA0e1963fc-45d8-62df-9799-10f409abea29\" title=\"mailto:helpshopuffizi@orbital-cultura.com\" href=\"mailto:helpshopuffizi@orbital-cultura.com\" data-linkindex=\"0\" data-olk-copy-source=\"MessageBody\">helpshopuffizi@orbital-cultura.com<\/a><\/u> zu melden und die Genehmigung f\u00fcr die R\u00fcckgabe anzufordern.<\/p><p>\u2022 Die Ware ist zur Verwendung f\u00fcr den \u00fcblichen Zweck einer solchen Ware ungeeignet;<br \/>\u2022 Die Ware entspricht nicht der vom Verkaufspersonal gelieferten Beschreibung und verf\u00fcgt nicht \u00fcber die Eigenschaften, die den Verbraucher*innen vom Verkaufspersonal anhand von Mustern oder Modellen vorgef\u00fchrt wurden;<br \/>\u2022 Die Ware verf\u00fcgt nicht \u00fcber die \u00fcbliche Qualit\u00e4t und Leistungsf\u00e4higkeit von Ware derselben Art, die Verbraucher*innen vernunftm\u00e4\u00dfig hinsichtlich der Beschaffenheit der Ware oder gegebenenfalls den \u00f6ffentlichen Erkl\u00e4rungen zu den besonderen Merkmalen der Ware in der Werbung oder auf den Etiketten erwarten k\u00f6nnen;<br \/>\u2022 Die Ware ist auch f\u00fcr die von den Verbraucher*innen gew\u00fcnschten besonderen Verwendungszwecke, die diese dem Verkaufspersonal zum Zeitpunkt des Vertragsabschlusses zur Kenntnis gebracht haben, nicht geeignet.<br \/>Bei Genehmigung der R\u00fcckgabe werden Kund*innen gebeten, die defekten Produkte nach ihrer Wahl per Kurierdienst oder italienische Post an shop.uffizi.it zur\u00fcckzusenden; die Produkte sind sorgf\u00e4ltig in ihrer Originalverpackung zu verstauen und das korrekt ausgef\u00fcllte \u201eR\u00fccksendeformular f\u00fcr defekte Produkte\u201c wie auch die Kopie der Kaufrechnung ist in das Paket einzuf\u00fcgen.<br \/>Das Ersatzprodukt wird von shop.uffizi.it erst nach Erhalt des defekten Produkts und nach ordnungsgem\u00e4\u00dfem Ausf\u00fcllen der oben angegebenen erforderlichen Dokumente versandt.<br \/>Der Antrag auf Erstattung muss innerhalb von 60 Werktagen nach dem Datum der Auslieferung der Bestellung eingehen.<br \/>Sollte das Produkt nicht mehr verf\u00fcgbar sein, so erstattet shop.uffizi.it per Bank\u00fcberweisung den in der Bestellung angegebenen Preis und die Versandkosten innerhalb von 14 Werktagen nach Erhalt des defekten Produkts.<br \/>Das Produkt muss sich im selben Zustand befinden, in dem es geliefert wurde; Verpackung und Originaletikett m\u00fcssen so weit wie m\u00f6glich erhalten sein.<br \/>Das Produkt ist in der Originalverpackung zur\u00fcckzusenden. Sollte diese nicht verf\u00fcgbar sein, so ist das Produkt angemessen verpackt, so, dass es unversehrt erhalten bleibt, zur\u00fcckzusenden. Das Paket muss an die in der E-Mail zur Genehmigung angegebene Adresse gesendet werden. R\u00fccksendungen an andere Adressen, darunter auch die Adresse shop.uffizi.it oder die des Partners, der die Spedition durchgef\u00fchrt hat, werden nicht angenommen.<\/p>\t\t\t\t\t\t\t\t<\/div>\n\t\t\t\t<\/div>\n\t\t\t\t<div class=\"elementor-element elementor-element-73f9d81 elementor-widget elementor-widget-heading\" data-id=\"73f9d81\" data-element_type=\"widget\" data-e-type=\"widget\" data-widget_type=\"heading.default\">\n\t\t\t\t<div class=\"elementor-widget-container\">\n\t\t\t\t\t<h3 class=\"elementor-heading-title elementor-size-default\">Widerrufsrecht<\/h3>\t\t\t\t<\/div>\n\t\t\t\t<\/div>\n\t\t\t\t<div class=\"elementor-element elementor-element-6830344 elementor-widget elementor-widget-text-editor\" data-id=\"6830344\" data-element_type=\"widget\" data-e-type=\"widget\" data-widget_type=\"text-editor.default\">\n\t\t\t\t<div class=\"elementor-widget-container\">\n\t\t\t\t\t\t\t\t\t<p>Gem\u00e4\u00df den Artikeln 64 ff. des Gesetzesdekrets Nr. 206\/05 kann der Kunde das Widerrufsrecht ohne Vertragsstrafe und ohne Angabe von Gr\u00fcnden aus\u00fcben.<br \/><span style=\"font-style: inherit; font-weight: inherit; font-family: -apple-system, BlinkMacSystemFont, 'Segoe UI', Roboto, Oxygen, Ubuntu, Cantarell, 'Fira Sans', 'Droid Sans', 'Helvetica Neue', sans-serif;\">Zur Aus\u00fcbung dieses Rechts muss der Kunde an <\/span><a style=\"font-style: inherit; font-weight: inherit; background-color: #ffffff; font-family: -apple-system, BlinkMacSystemFont, 'Segoe UI', Roboto, Oxygen, Ubuntu, Cantarell, 'Fira Sans', 'Droid Sans', 'Helvetica Neue', sans-serif;\" href=\"https:\/\/shop.uffizi.it\">Shop.uffizi.it<\/a><span style=\"font-style: inherit; font-weight: inherit; font-family: -apple-system, BlinkMacSystemFont, 'Segoe UI', Roboto, Oxygen, Ubuntu, Cantarell, 'Fira Sans', 'Droid Sans', 'Helvetica Neue', sans-serif;\"> innerhalb von 14 Arbeitstagen ab Erhalt der Ware eine schriftliche Mitteilung per E-Mail senden. Diese Mitteilung ist zu richten an: <u><a id=\"OWA0e1963fc-45d8-62df-9799-10f409abea29\" title=\"mailto:helpshopuffizi@orbital-cultura.com\" href=\"mailto:helpshopuffizi@orbital-cultura.com\" data-linkindex=\"0\" data-olk-copy-source=\"MessageBody\">helpshopuffizi@orbital-cultura.com.<\/a><\/u><\/span><\/p><p>Die R\u00fccksendung der vom Widerruf betroffenen Produkte erfolgt auf Kosten und Verantwortung des Verbrauchers \u00fcber einen Kurierdienst seiner Wahl.<br \/>Nach \u00dcberpr\u00fcfung der Unversehrtheit des zur\u00fcckgesandten Produkts erstattet shop.uffizi.it dem Verbraucher den gesamten gezahlten Betrag, mit Ausnahme der Versandkosten.<br \/>Die R\u00fcckerstattung erfolgt mit derselben Zahlungsmethode wie die Bestellung innerhalb von 30 Kalendertagen ab Eingang bei shop.uffizi.it.<br \/>Das Widerrufsrecht erlischt, wenn das zur\u00fcckgesandte Produkt nicht unversehrt ist, die Originalverpackung fehlt, wesentliche Bestandteile fehlen oder das Produkt aus anderen Gr\u00fcnden als dem Transport besch\u00e4digt wurde.<\/p><p>F\u00fcr Informationen oder Klarstellungen zu den Verkaufsbedingungen und Produkten kann der Kunde an <u><a id=\"OWA0e1963fc-45d8-62df-9799-10f409abea29\" title=\"mailto:helpshopuffizi@orbital-cultura.com\" href=\"mailto:helpshopuffizi@orbital-cultura.com\" data-linkindex=\"0\" data-olk-copy-source=\"MessageBody\">helpshopuffizi@orbital-cultura.com<br \/><\/a><\/u> schreiben.<br \/>Der Vertrag zwischen shop.uffizi.it und dem Kunden unterliegt dem italienischen Recht.<\/p>\t\t\t\t\t\t\t\t<\/div>\n\t\t\t\t<\/div>\n\t\t\t\t\t<\/div>\n\t\t<\/div>\n\t\t\t\t\t<\/div>\n\t\t<\/section>\n\t\t\t\t<\/div>\n\t\t","protected":false},"excerpt":{"rendered":"<p>Bei Produkten oder Dienstleistungen, die durch eine vom Hersteller gew\u00e4hrte gewerbliche Garantie abgedeckt sind, m\u00fcssen M\u00e4ngel, Fehler oder Abweichungen direkt dem auf der Produktverpackung angegebenen Hersteller gemeldet werden. Sofern gesetzlich nicht abweichend vorgesehen, erkl\u00e4rt shop.uffizi.it, dass sie nicht f\u00fcr M\u00e4ngel, Fehler oder Abweichungen am Produkt haftet. Die Verbrauchergarantie gem\u00e4\u00df ital. Verordnung D. lgs 206\/2005 bleibt [&hellip;]<\/p>\n","protected":false},"author":922,"featured_media":0,"parent":0,"menu_order":0,"comment_status":"closed","ping_status":"closed","template":"","meta":{"_acf_changed":false,"site-sidebar-layout":"no-sidebar","site-content-layout":"page-builder","ast-site-content-layout":"default","site-content-style":"default","site-sidebar-style":"default","ast-global-header-display":"","ast-banner-title-visibility":"","ast-main-header-display":"","ast-hfb-above-header-display":"","ast-hfb-below-header-display":"","ast-hfb-mobile-header-display":"","site-post-title":"disabled","ast-breadcrumbs-content":"","ast-featured-img":"disabled","footer-sml-layout":"","ast-disable-related-posts":"","theme-transparent-header-meta":"default","adv-header-id-meta":"","stick-header-meta":"default","header-above-stick-meta":"","header-main-stick-meta":"","header-below-stick-meta":"","astra-migrate-meta-layouts":"set","ast-page-background-enabled":"default","ast-page-background-meta":{"desktop":{"background-color":"","background-image":"","background-repeat":"repeat","background-position":"center center","background-size":"auto","background-attachment":"scroll","background-type":"","background-media":"","overlay-type":"","overlay-color":"","overlay-opacity":"","overlay-gradient":""},"tablet":{"background-color":"","background-image":"","background-repeat":"repeat","background-position":"center center","background-size":"auto","background-attachment":"scroll","background-type":"","background-media":"","overlay-type":"","overlay-color":"","overlay-opacity":"","overlay-gradient":""},"mobile":{"background-color":"","background-image":"","background-repeat":"repeat","background-position":"center center","background-size":"auto","background-attachment":"scroll","background-type":"","background-media":"","overlay-type":"","overlay-color":"","overlay-opacity":"","overlay-gradient":""}},"ast-content-background-meta":{"desktop":{"background-color":"var(--ast-global-color-5)","background-image":"","background-repeat":"repeat","background-position":"center center","background-size":"auto","background-attachment":"scroll","background-type":"","background-media":"","overlay-type":"","overlay-color":"","overlay-opacity":"","overlay-gradient":""},"tablet":{"background-color":"var(--ast-global-color-5)","background-image":"","background-repeat":"repeat","background-position":"center center","background-size":"auto","background-attachment":"scroll","background-type":"","background-media":"","overlay-type":"","overlay-color":"","overlay-opacity":"","overlay-gradient":""},"mobile":{"background-color":"var(--ast-global-color-5)","background-image":"","background-repeat":"repeat","background-position":"center center","background-size":"auto","background-attachment":"scroll","background-type":"","background-media":"","overlay-type":"","overlay-color":"","overlay-opacity":"","overlay-gradient":""}},"footnotes":""},"class_list":["post-30328","page","type-page","status-publish","hentry"],"acf":[],"yoast_head":"<!-- This site is optimized with the Yoast SEO plugin v27.3 - https:\/\/yoast.com\/product\/yoast-seo-wordpress\/ -->\n<title>Garantie und R\u00fcckgabe - Le Gallerie degli Uffizi Shop<\/title>\n<meta name=\"robots\" content=\"index, follow, max-snippet:-1, max-image-preview:large, max-video-preview:-1\" \/>\n<link rel=\"canonical\" href=\"https:\/\/shop.uffizi.it\/de\/garantie-und-rueckgabe\/\" \/>\n<meta property=\"og:locale\" content=\"de_DE\" \/>\n<meta property=\"og:type\" content=\"article\" \/>\n<meta property=\"og:title\" content=\"Garantie und R\u00fcckgabe - Le Gallerie degli Uffizi Shop\" \/>\n<meta property=\"og:description\" content=\"Bei Produkten oder Dienstleistungen, die durch eine vom Hersteller gew\u00e4hrte gewerbliche Garantie abgedeckt sind, m\u00fcssen M\u00e4ngel, Fehler oder Abweichungen direkt dem auf der Produktverpackung angegebenen Hersteller gemeldet werden. Sofern gesetzlich nicht abweichend vorgesehen, erkl\u00e4rt shop.uffizi.it, dass sie nicht f\u00fcr M\u00e4ngel, Fehler oder Abweichungen am Produkt haftet. Die Verbrauchergarantie gem\u00e4\u00df ital. Verordnung D. lgs 206\/2005 bleibt [&hellip;]\" \/>\n<meta property=\"og:url\" content=\"https:\/\/shop.uffizi.it\/de\/garantie-und-rueckgabe\/\" \/>\n<meta property=\"og:site_name\" content=\"Le Gallerie degli Uffizi Shop\" \/>\n<meta property=\"article:modified_time\" content=\"2026-01-20T14:56:39+00:00\" \/>\n<meta name=\"twitter:card\" content=\"summary_large_image\" \/>\n<meta name=\"twitter:label1\" content=\"Gesch\u00e4tzte Lesezeit\" \/>\n\t<meta name=\"twitter:data1\" content=\"5\u00a0Minuten\" \/>\n<script type=\"application\/ld+json\" class=\"yoast-schema-graph\">{\"@context\":\"https:\\\/\\\/schema.org\",\"@graph\":[{\"@type\":\"WebPage\",\"@id\":\"https:\\\/\\\/shop.uffizi.it\\\/de\\\/garantie-und-rueckgabe\\\/\",\"url\":\"https:\\\/\\\/shop.uffizi.it\\\/de\\\/garantie-und-rueckgabe\\\/\",\"name\":\"Garantie und R\u00fcckgabe - Le Gallerie degli Uffizi Shop\",\"isPartOf\":{\"@id\":\"https:\\\/\\\/shop.uffizi.it\\\/de\\\/#website\"},\"datePublished\":\"2025-11-26T15:16:29+00:00\",\"dateModified\":\"2026-01-20T14:56:39+00:00\",\"breadcrumb\":{\"@id\":\"https:\\\/\\\/shop.uffizi.it\\\/de\\\/garantie-und-rueckgabe\\\/#breadcrumb\"},\"inLanguage\":\"de\",\"potentialAction\":[{\"@type\":\"ReadAction\",\"target\":[\"https:\\\/\\\/shop.uffizi.it\\\/de\\\/garantie-und-rueckgabe\\\/\"]}]},{\"@type\":\"BreadcrumbList\",\"@id\":\"https:\\\/\\\/shop.uffizi.it\\\/de\\\/garantie-und-rueckgabe\\\/#breadcrumb\",\"itemListElement\":[{\"@type\":\"ListItem\",\"position\":1,\"name\":\"Home\",\"item\":\"https:\\\/\\\/shop.uffizi.it\\\/de\\\/\"},{\"@type\":\"ListItem\",\"position\":2,\"name\":\"Garantie und R\u00fcckgabe\"}]},{\"@type\":\"WebSite\",\"@id\":\"https:\\\/\\\/shop.uffizi.it\\\/de\\\/#website\",\"url\":\"https:\\\/\\\/shop.uffizi.it\\\/de\\\/\",\"name\":\"Le Gallerie degli Uffizi Shop\",\"description\":\"\",\"publisher\":{\"@id\":\"https:\\\/\\\/shop.uffizi.it\\\/de\\\/#organization\"},\"potentialAction\":[{\"@type\":\"SearchAction\",\"target\":{\"@type\":\"EntryPoint\",\"urlTemplate\":\"https:\\\/\\\/shop.uffizi.it\\\/de\\\/?s={search_term_string}\"},\"query-input\":{\"@type\":\"PropertyValueSpecification\",\"valueRequired\":true,\"valueName\":\"search_term_string\"}}],\"inLanguage\":\"de\"},{\"@type\":\"Organization\",\"@id\":\"https:\\\/\\\/shop.uffizi.it\\\/de\\\/#organization\",\"name\":\"Le Gallerie degli Uffizi Shop\",\"url\":\"https:\\\/\\\/shop.uffizi.it\\\/de\\\/\",\"logo\":{\"@type\":\"ImageObject\",\"inLanguage\":\"de\",\"@id\":\"https:\\\/\\\/shop.uffizi.it\\\/de\\\/#\\\/schema\\\/logo\\\/image\\\/\",\"url\":\"https:\\\/\\\/shop.uffizi.it\\\/wp-content\\\/uploads\\\/2025\\\/11\\\/uffizi_shop_logo.svg\",\"contentUrl\":\"https:\\\/\\\/shop.uffizi.it\\\/wp-content\\\/uploads\\\/2025\\\/11\\\/uffizi_shop_logo.svg\",\"caption\":\"Le Gallerie degli Uffizi Shop\"},\"image\":{\"@id\":\"https:\\\/\\\/shop.uffizi.it\\\/de\\\/#\\\/schema\\\/logo\\\/image\\\/\"}}]}<\/script>\n<!-- \/ Yoast SEO plugin. -->","yoast_head_json":{"title":"Garantie und R\u00fcckgabe - Le Gallerie degli Uffizi Shop","robots":{"index":"index","follow":"follow","max-snippet":"max-snippet:-1","max-image-preview":"max-image-preview:large","max-video-preview":"max-video-preview:-1"},"canonical":"https:\/\/shop.uffizi.it\/de\/garantie-und-rueckgabe\/","og_locale":"de_DE","og_type":"article","og_title":"Garantie und R\u00fcckgabe - Le Gallerie degli Uffizi Shop","og_description":"Bei Produkten oder Dienstleistungen, die durch eine vom Hersteller gew\u00e4hrte gewerbliche Garantie abgedeckt sind, m\u00fcssen M\u00e4ngel, Fehler oder Abweichungen direkt dem auf der Produktverpackung angegebenen Hersteller gemeldet werden. Sofern gesetzlich nicht abweichend vorgesehen, erkl\u00e4rt shop.uffizi.it, dass sie nicht f\u00fcr M\u00e4ngel, Fehler oder Abweichungen am Produkt haftet. Die Verbrauchergarantie gem\u00e4\u00df ital. Verordnung D. lgs 206\/2005 bleibt [&hellip;]","og_url":"https:\/\/shop.uffizi.it\/de\/garantie-und-rueckgabe\/","og_site_name":"Le Gallerie degli Uffizi Shop","article_modified_time":"2026-01-20T14:56:39+00:00","twitter_card":"summary_large_image","twitter_misc":{"Gesch\u00e4tzte Lesezeit":"5\u00a0Minuten"},"schema":{"@context":"https:\/\/schema.org","@graph":[{"@type":"WebPage","@id":"https:\/\/shop.uffizi.it\/de\/garantie-und-rueckgabe\/","url":"https:\/\/shop.uffizi.it\/de\/garantie-und-rueckgabe\/","name":"Garantie und R\u00fcckgabe - Le Gallerie degli Uffizi Shop","isPartOf":{"@id":"https:\/\/shop.uffizi.it\/de\/#website"},"datePublished":"2025-11-26T15:16:29+00:00","dateModified":"2026-01-20T14:56:39+00:00","breadcrumb":{"@id":"https:\/\/shop.uffizi.it\/de\/garantie-und-rueckgabe\/#breadcrumb"},"inLanguage":"de","potentialAction":[{"@type":"ReadAction","target":["https:\/\/shop.uffizi.it\/de\/garantie-und-rueckgabe\/"]}]},{"@type":"BreadcrumbList","@id":"https:\/\/shop.uffizi.it\/de\/garantie-und-rueckgabe\/#breadcrumb","itemListElement":[{"@type":"ListItem","position":1,"name":"Home","item":"https:\/\/shop.uffizi.it\/de\/"},{"@type":"ListItem","position":2,"name":"Garantie und R\u00fcckgabe"}]},{"@type":"WebSite","@id":"https:\/\/shop.uffizi.it\/de\/#website","url":"https:\/\/shop.uffizi.it\/de\/","name":"Le Gallerie degli Uffizi Shop","description":"","publisher":{"@id":"https:\/\/shop.uffizi.it\/de\/#organization"},"potentialAction":[{"@type":"SearchAction","target":{"@type":"EntryPoint","urlTemplate":"https:\/\/shop.uffizi.it\/de\/?s={search_term_string}"},"query-input":{"@type":"PropertyValueSpecification","valueRequired":true,"valueName":"search_term_string"}}],"inLanguage":"de"},{"@type":"Organization","@id":"https:\/\/shop.uffizi.it\/de\/#organization","name":"Le Gallerie degli Uffizi Shop","url":"https:\/\/shop.uffizi.it\/de\/","logo":{"@type":"ImageObject","inLanguage":"de","@id":"https:\/\/shop.uffizi.it\/de\/#\/schema\/logo\/image\/","url":"https:\/\/shop.uffizi.it\/wp-content\/uploads\/2025\/11\/uffizi_shop_logo.svg","contentUrl":"https:\/\/shop.uffizi.it\/wp-content\/uploads\/2025\/11\/uffizi_shop_logo.svg","caption":"Le Gallerie degli Uffizi Shop"},"image":{"@id":"https:\/\/shop.uffizi.it\/de\/#\/schema\/logo\/image\/"}}]}},"_links":{"self":[{"href":"https:\/\/shop.uffizi.it\/de\/wp-json\/wp\/v2\/pages\/30328","targetHints":{"allow":["GET"]}}],"collection":[{"href":"https:\/\/shop.uffizi.it\/de\/wp-json\/wp\/v2\/pages"}],"about":[{"href":"https:\/\/shop.uffizi.it\/de\/wp-json\/wp\/v2\/types\/page"}],"author":[{"embeddable":true,"href":"https:\/\/shop.uffizi.it\/de\/wp-json\/wp\/v2\/users\/922"}],"replies":[{"embeddable":true,"href":"https:\/\/shop.uffizi.it\/de\/wp-json\/wp\/v2\/comments?post=30328"}],"version-history":[{"count":20,"href":"https:\/\/shop.uffizi.it\/de\/wp-json\/wp\/v2\/pages\/30328\/revisions"}],"predecessor-version":[{"id":32835,"href":"https:\/\/shop.uffizi.it\/de\/wp-json\/wp\/v2\/pages\/30328\/revisions\/32835"}],"wp:attachment":[{"href":"https:\/\/shop.uffizi.it\/de\/wp-json\/wp\/v2\/media?parent=30328"}],"curies":[{"name":"wp","href":"https:\/\/api.w.org\/{rel}","templated":true}]}}