{"id":30100,"date":"2025-11-25T16:26:08","date_gmt":"2025-11-25T15:26:08","guid":{"rendered":"https:\/\/shop.uffizi.it\/?page_id=30100"},"modified":"2025-12-17T16:57:22","modified_gmt":"2025-12-17T15:57:22","slug":"museo-di-san-marco","status":"publish","type":"page","link":"https:\/\/shop.uffizi.it\/de\/museo-di-san-marco\/","title":{"rendered":"MUSEO DI SAN MARCO"},"content":{"rendered":"\t\t<div data-elementor-type=\"wp-page\" data-elementor-id=\"30100\" class=\"elementor elementor-30100 elementor-28880\" data-elementor-post-type=\"page\">\n\t\t\t\t\t\t<section class=\"elementor-section elementor-top-section elementor-element elementor-element-bd10118 elementor-section-boxed elementor-section-height-default elementor-section-height-default\" data-id=\"bd10118\" data-element_type=\"section\" data-e-type=\"section\">\n\t\t\t\t\t\t<div class=\"elementor-container elementor-column-gap-default\">\n\t\t\t\t\t<div class=\"elementor-column elementor-col-100 elementor-top-column elementor-element elementor-element-189f2de\" data-id=\"189f2de\" data-element_type=\"column\" data-e-type=\"column\">\n\t\t\t<div class=\"elementor-widget-wrap elementor-element-populated\">\n\t\t\t\t\t\t<div class=\"elementor-element elementor-element-bf036a3 elementor-widget elementor-widget-image\" data-id=\"bf036a3\" data-element_type=\"widget\" data-e-type=\"widget\" data-widget_type=\"image.default\">\n\t\t\t\t<div class=\"elementor-widget-container\">\n\t\t\t\t\t\t\t\t\t\t\t\t\t\t\t<img fetchpriority=\"high\" decoding=\"async\" width=\"400\" height=\"200\" src=\"https:\/\/shop.uffizi.it\/wp-content\/uploads\/2025\/11\/san-marco-1-1-1.png\" class=\"attachment-full size-full wp-image-30103\" alt=\"\" srcset=\"https:\/\/shop.uffizi.it\/wp-content\/uploads\/2025\/11\/san-marco-1-1-1.png 400w, https:\/\/shop.uffizi.it\/wp-content\/uploads\/2025\/11\/san-marco-1-1-1-300x150.png 300w\" sizes=\"(max-width: 400px) 100vw, 400px\" \/>\t\t\t\t\t\t\t\t\t\t\t\t\t\t\t<\/div>\n\t\t\t\t<\/div>\n\t\t\t\t<div class=\"elementor-element elementor-element-f79462a elementor-widget elementor-widget-heading\" data-id=\"f79462a\" data-element_type=\"widget\" data-e-type=\"widget\" data-widget_type=\"heading.default\">\n\t\t\t\t<div class=\"elementor-widget-container\">\n\t\t\t\t\t<h2 class=\"elementor-heading-title elementor-size-default\">MUSEO DI SAN MARCO<\/h2>\t\t\t\t<\/div>\n\t\t\t\t<\/div>\n\t\t\t\t<div class=\"elementor-element elementor-element-7c866a6 elementor-widget elementor-widget-text-editor\" data-id=\"7c866a6\" data-element_type=\"widget\" data-e-type=\"widget\" data-widget_type=\"text-editor.default\">\n\t\t\t\t<div class=\"elementor-widget-container\">\n\t\t\t\t\t\t\t\t\t<p>Piazza San Marco, 3<\/p>\t\t\t\t\t\t\t\t<\/div>\n\t\t\t\t<\/div>\n\t\t\t\t<div class=\"elementor-element elementor-element-4bd5678 elementor-widget elementor-widget-text-editor\" data-id=\"4bd5678\" data-element_type=\"widget\" data-e-type=\"widget\" data-widget_type=\"text-editor.default\">\n\t\t\t\t<div class=\"elementor-widget-container\">\n\t\t\t\t\t\t\t\t\tDas Museum nimmt einen gro\u00dfen Teil des Dominikanerkonvents San Marco ein und bewahrt seine urspr\u00fcngliche Atmosph\u00e4re vollst\u00e4ndig. Der Konvent wurde 1436 gegr\u00fcndet und vom Architekten <strong>Michelozzo<\/strong> entworfen. Er spielte eine bedeutende Rolle im religi\u00f6sen und kulturellen Leben der Stadt, wie die Geschichte des Fra Girolamo Savonarola zeigt, der hier seinen Sitz hatte.\n\nDer Ruf des Museums ist vor allem den Gem\u00e4lden von <strong>Beato Angelico<\/strong> zu verdanken, einem der bedeutendsten Maler der Renaissance, der viele R\u00e4ume des Konvents ausmalte. Zu seinen Hauptwerken geh\u00f6ren <em>Die Verk\u00fcndigung<\/em> \u2014 ein Meisterwerk der Renaissance-Malerei \u2014, <em>Die Kreuzabnahme<\/em>, <em>Der Triptychon des hl. Petrus Martyr<\/em>, <em>Der Annalena-Altar<\/em>, <em>Das J\u00fcngste Gericht<\/em>, <em>Der San-Marco-Altar<\/em>, <em>Madonna mit Kind<\/em> und <em>Das Tabernakel der Leinenweber<\/em>.\nBemerkenswert ist auch die Sammlung von Werken des 16. Jahrhunderts, darunter Gem\u00e4lde von <strong>Fra Bartolomeo<\/strong>.\t\t\t\t\t\t\t\t<\/div>\n\t\t\t\t<\/div>\n\t\t\t\t\t<\/div>\n\t\t<\/div>\n\t\t\t\t\t<\/div>\n\t\t<\/section>\n\t\t\t\t<\/div>\n\t\t","protected":false},"excerpt":{"rendered":"<p>MUSEO DI SAN MARCO Piazza San Marco, 3 Das Museum nimmt einen gro\u00dfen Teil des Dominikanerkonvents San Marco ein und bewahrt seine urspr\u00fcngliche Atmosph\u00e4re vollst\u00e4ndig. Der Konvent wurde 1436 gegr\u00fcndet und vom Architekten Michelozzo entworfen. Er spielte eine bedeutende Rolle im religi\u00f6sen und kulturellen Leben der Stadt, wie die Geschichte des Fra Girolamo Savonarola zeigt, [&hellip;]<\/p>\n","protected":false},"author":922,"featured_media":0,"parent":0,"menu_order":0,"comment_status":"closed","ping_status":"closed","template":"","meta":{"_acf_changed":false,"site-sidebar-layout":"no-sidebar","site-content-layout":"page-builder","ast-site-content-layout":"full-width-container","site-content-style":"default","site-sidebar-style":"default","ast-global-header-display":"","ast-banner-title-visibility":"","ast-main-header-display":"","ast-hfb-above-header-display":"","ast-hfb-below-header-display":"","ast-hfb-mobile-header-display":"","site-post-title":"disabled","ast-breadcrumbs-content":"","ast-featured-img":"disabled","footer-sml-layout":"","ast-disable-related-posts":"","theme-transparent-header-meta":"","adv-header-id-meta":"","stick-header-meta":"","header-above-stick-meta":"","header-main-stick-meta":"","header-below-stick-meta":"","astra-migrate-meta-layouts":"set","ast-page-background-enabled":"default","ast-page-background-meta":{"desktop":{"background-color":"","background-image":"","background-repeat":"repeat","background-position":"center center","background-size":"auto","background-attachment":"scroll","background-type":"","background-media":"","overlay-type":"","overlay-color":"","overlay-opacity":"","overlay-gradient":""},"tablet":{"background-color":"","background-image":"","background-repeat":"repeat","background-position":"center center","background-size":"auto","background-attachment":"scroll","background-type":"","background-media":"","overlay-type":"","overlay-color":"","overlay-opacity":"","overlay-gradient":""},"mobile":{"background-color":"","background-image":"","background-repeat":"repeat","background-position":"center center","background-size":"auto","background-attachment":"scroll","background-type":"","background-media":"","overlay-type":"","overlay-color":"","overlay-opacity":"","overlay-gradient":""}},"ast-content-background-meta":{"desktop":{"background-color":"var(--ast-global-color-5)","background-image":"","background-repeat":"repeat","background-position":"center center","background-size":"auto","background-attachment":"scroll","background-type":"","background-media":"","overlay-type":"","overlay-color":"","overlay-opacity":"","overlay-gradient":""},"tablet":{"background-color":"var(--ast-global-color-5)","background-image":"","background-repeat":"repeat","background-position":"center center","background-size":"auto","background-attachment":"scroll","background-type":"","background-media":"","overlay-type":"","overlay-color":"","overlay-opacity":"","overlay-gradient":""},"mobile":{"background-color":"var(--ast-global-color-5)","background-image":"","background-repeat":"repeat","background-position":"center center","background-size":"auto","background-attachment":"scroll","background-type":"","background-media":"","overlay-type":"","overlay-color":"","overlay-opacity":"","overlay-gradient":""}},"footnotes":""},"class_list":["post-30100","page","type-page","status-publish","hentry"],"acf":[],"yoast_head":"<!-- This site is optimized with the Yoast SEO plugin v27.3 - https:\/\/yoast.com\/product\/yoast-seo-wordpress\/ -->\n<title>MUSEO DI SAN MARCO - Le Gallerie degli Uffizi Shop<\/title>\n<meta name=\"robots\" content=\"index, follow, max-snippet:-1, max-image-preview:large, max-video-preview:-1\" \/>\n<link rel=\"canonical\" href=\"https:\/\/shop.uffizi.it\/de\/museo-di-san-marco\/\" \/>\n<meta property=\"og:locale\" content=\"de_DE\" \/>\n<meta property=\"og:type\" content=\"article\" \/>\n<meta property=\"og:title\" content=\"MUSEO DI SAN MARCO - Le Gallerie degli Uffizi Shop\" \/>\n<meta property=\"og:description\" content=\"MUSEO DI SAN MARCO Piazza San Marco, 3 Das Museum nimmt einen gro\u00dfen Teil des Dominikanerkonvents San Marco ein und bewahrt seine urspr\u00fcngliche Atmosph\u00e4re vollst\u00e4ndig. Der Konvent wurde 1436 gegr\u00fcndet und vom Architekten Michelozzo entworfen. Er spielte eine bedeutende Rolle im religi\u00f6sen und kulturellen Leben der Stadt, wie die Geschichte des Fra Girolamo Savonarola zeigt, [&hellip;]\" \/>\n<meta property=\"og:url\" content=\"https:\/\/shop.uffizi.it\/de\/museo-di-san-marco\/\" \/>\n<meta property=\"og:site_name\" content=\"Le Gallerie degli Uffizi Shop\" \/>\n<meta property=\"article:modified_time\" content=\"2025-12-17T15:57:22+00:00\" \/>\n<meta property=\"og:image\" content=\"https:\/\/shop.uffizi.it\/wp-content\/uploads\/2025\/11\/san-marco-1-1-1.png\" \/>\n\t<meta property=\"og:image:width\" content=\"400\" \/>\n\t<meta property=\"og:image:height\" content=\"200\" \/>\n\t<meta property=\"og:image:type\" content=\"image\/png\" \/>\n<meta name=\"twitter:card\" content=\"summary_large_image\" \/>\n<meta name=\"twitter:label1\" content=\"Gesch\u00e4tzte Lesezeit\" \/>\n\t<meta name=\"twitter:data1\" content=\"1\u00a0Minute\" \/>\n<script type=\"application\/ld+json\" class=\"yoast-schema-graph\">{\"@context\":\"https:\\\/\\\/schema.org\",\"@graph\":[{\"@type\":\"WebPage\",\"@id\":\"https:\\\/\\\/shop.uffizi.it\\\/de\\\/museo-di-san-marco\\\/\",\"url\":\"https:\\\/\\\/shop.uffizi.it\\\/de\\\/museo-di-san-marco\\\/\",\"name\":\"MUSEO DI SAN MARCO - Le Gallerie degli Uffizi Shop\",\"isPartOf\":{\"@id\":\"https:\\\/\\\/shop.uffizi.it\\\/de\\\/#website\"},\"primaryImageOfPage\":{\"@id\":\"https:\\\/\\\/shop.uffizi.it\\\/de\\\/museo-di-san-marco\\\/#primaryimage\"},\"image\":{\"@id\":\"https:\\\/\\\/shop.uffizi.it\\\/de\\\/museo-di-san-marco\\\/#primaryimage\"},\"thumbnailUrl\":\"https:\\\/\\\/shop.uffizi.it\\\/wp-content\\\/uploads\\\/2025\\\/11\\\/san-marco-1-1-1.png\",\"datePublished\":\"2025-11-25T15:26:08+00:00\",\"dateModified\":\"2025-12-17T15:57:22+00:00\",\"breadcrumb\":{\"@id\":\"https:\\\/\\\/shop.uffizi.it\\\/de\\\/museo-di-san-marco\\\/#breadcrumb\"},\"inLanguage\":\"de\",\"potentialAction\":[{\"@type\":\"ReadAction\",\"target\":[\"https:\\\/\\\/shop.uffizi.it\\\/de\\\/museo-di-san-marco\\\/\"]}]},{\"@type\":\"ImageObject\",\"inLanguage\":\"de\",\"@id\":\"https:\\\/\\\/shop.uffizi.it\\\/de\\\/museo-di-san-marco\\\/#primaryimage\",\"url\":\"https:\\\/\\\/shop.uffizi.it\\\/wp-content\\\/uploads\\\/2025\\\/11\\\/san-marco-1-1-1.png\",\"contentUrl\":\"https:\\\/\\\/shop.uffizi.it\\\/wp-content\\\/uploads\\\/2025\\\/11\\\/san-marco-1-1-1.png\"},{\"@type\":\"BreadcrumbList\",\"@id\":\"https:\\\/\\\/shop.uffizi.it\\\/de\\\/museo-di-san-marco\\\/#breadcrumb\",\"itemListElement\":[{\"@type\":\"ListItem\",\"position\":1,\"name\":\"Home\",\"item\":\"https:\\\/\\\/shop.uffizi.it\\\/de\\\/\"},{\"@type\":\"ListItem\",\"position\":2,\"name\":\"MUSEO DI SAN MARCO\"}]},{\"@type\":\"WebSite\",\"@id\":\"https:\\\/\\\/shop.uffizi.it\\\/de\\\/#website\",\"url\":\"https:\\\/\\\/shop.uffizi.it\\\/de\\\/\",\"name\":\"Le Gallerie degli Uffizi Shop\",\"description\":\"\",\"publisher\":{\"@id\":\"https:\\\/\\\/shop.uffizi.it\\\/de\\\/#organization\"},\"potentialAction\":[{\"@type\":\"SearchAction\",\"target\":{\"@type\":\"EntryPoint\",\"urlTemplate\":\"https:\\\/\\\/shop.uffizi.it\\\/de\\\/?s={search_term_string}\"},\"query-input\":{\"@type\":\"PropertyValueSpecification\",\"valueRequired\":true,\"valueName\":\"search_term_string\"}}],\"inLanguage\":\"de\"},{\"@type\":\"Organization\",\"@id\":\"https:\\\/\\\/shop.uffizi.it\\\/de\\\/#organization\",\"name\":\"Le Gallerie degli Uffizi Shop\",\"url\":\"https:\\\/\\\/shop.uffizi.it\\\/de\\\/\",\"logo\":{\"@type\":\"ImageObject\",\"inLanguage\":\"de\",\"@id\":\"https:\\\/\\\/shop.uffizi.it\\\/de\\\/#\\\/schema\\\/logo\\\/image\\\/\",\"url\":\"https:\\\/\\\/shop.uffizi.it\\\/wp-content\\\/uploads\\\/2025\\\/11\\\/uffizi_shop_logo.svg\",\"contentUrl\":\"https:\\\/\\\/shop.uffizi.it\\\/wp-content\\\/uploads\\\/2025\\\/11\\\/uffizi_shop_logo.svg\",\"caption\":\"Le Gallerie degli Uffizi Shop\"},\"image\":{\"@id\":\"https:\\\/\\\/shop.uffizi.it\\\/de\\\/#\\\/schema\\\/logo\\\/image\\\/\"}}]}<\/script>\n<!-- \/ Yoast SEO plugin. -->","yoast_head_json":{"title":"MUSEO DI SAN MARCO - Le Gallerie degli Uffizi Shop","robots":{"index":"index","follow":"follow","max-snippet":"max-snippet:-1","max-image-preview":"max-image-preview:large","max-video-preview":"max-video-preview:-1"},"canonical":"https:\/\/shop.uffizi.it\/de\/museo-di-san-marco\/","og_locale":"de_DE","og_type":"article","og_title":"MUSEO DI SAN MARCO - Le Gallerie degli Uffizi Shop","og_description":"MUSEO DI SAN MARCO Piazza San Marco, 3 Das Museum nimmt einen gro\u00dfen Teil des Dominikanerkonvents San Marco ein und bewahrt seine urspr\u00fcngliche Atmosph\u00e4re vollst\u00e4ndig. Der Konvent wurde 1436 gegr\u00fcndet und vom Architekten Michelozzo entworfen. Er spielte eine bedeutende Rolle im religi\u00f6sen und kulturellen Leben der Stadt, wie die Geschichte des Fra Girolamo Savonarola zeigt, [&hellip;]","og_url":"https:\/\/shop.uffizi.it\/de\/museo-di-san-marco\/","og_site_name":"Le Gallerie degli Uffizi Shop","article_modified_time":"2025-12-17T15:57:22+00:00","og_image":[{"width":400,"height":200,"url":"https:\/\/shop.uffizi.it\/wp-content\/uploads\/2025\/11\/san-marco-1-1-1.png","type":"image\/png"}],"twitter_card":"summary_large_image","twitter_misc":{"Gesch\u00e4tzte Lesezeit":"1\u00a0Minute"},"schema":{"@context":"https:\/\/schema.org","@graph":[{"@type":"WebPage","@id":"https:\/\/shop.uffizi.it\/de\/museo-di-san-marco\/","url":"https:\/\/shop.uffizi.it\/de\/museo-di-san-marco\/","name":"MUSEO DI SAN MARCO - Le Gallerie degli Uffizi Shop","isPartOf":{"@id":"https:\/\/shop.uffizi.it\/de\/#website"},"primaryImageOfPage":{"@id":"https:\/\/shop.uffizi.it\/de\/museo-di-san-marco\/#primaryimage"},"image":{"@id":"https:\/\/shop.uffizi.it\/de\/museo-di-san-marco\/#primaryimage"},"thumbnailUrl":"https:\/\/shop.uffizi.it\/wp-content\/uploads\/2025\/11\/san-marco-1-1-1.png","datePublished":"2025-11-25T15:26:08+00:00","dateModified":"2025-12-17T15:57:22+00:00","breadcrumb":{"@id":"https:\/\/shop.uffizi.it\/de\/museo-di-san-marco\/#breadcrumb"},"inLanguage":"de","potentialAction":[{"@type":"ReadAction","target":["https:\/\/shop.uffizi.it\/de\/museo-di-san-marco\/"]}]},{"@type":"ImageObject","inLanguage":"de","@id":"https:\/\/shop.uffizi.it\/de\/museo-di-san-marco\/#primaryimage","url":"https:\/\/shop.uffizi.it\/wp-content\/uploads\/2025\/11\/san-marco-1-1-1.png","contentUrl":"https:\/\/shop.uffizi.it\/wp-content\/uploads\/2025\/11\/san-marco-1-1-1.png"},{"@type":"BreadcrumbList","@id":"https:\/\/shop.uffizi.it\/de\/museo-di-san-marco\/#breadcrumb","itemListElement":[{"@type":"ListItem","position":1,"name":"Home","item":"https:\/\/shop.uffizi.it\/de\/"},{"@type":"ListItem","position":2,"name":"MUSEO DI SAN MARCO"}]},{"@type":"WebSite","@id":"https:\/\/shop.uffizi.it\/de\/#website","url":"https:\/\/shop.uffizi.it\/de\/","name":"Le Gallerie degli Uffizi Shop","description":"","publisher":{"@id":"https:\/\/shop.uffizi.it\/de\/#organization"},"potentialAction":[{"@type":"SearchAction","target":{"@type":"EntryPoint","urlTemplate":"https:\/\/shop.uffizi.it\/de\/?s={search_term_string}"},"query-input":{"@type":"PropertyValueSpecification","valueRequired":true,"valueName":"search_term_string"}}],"inLanguage":"de"},{"@type":"Organization","@id":"https:\/\/shop.uffizi.it\/de\/#organization","name":"Le Gallerie degli Uffizi Shop","url":"https:\/\/shop.uffizi.it\/de\/","logo":{"@type":"ImageObject","inLanguage":"de","@id":"https:\/\/shop.uffizi.it\/de\/#\/schema\/logo\/image\/","url":"https:\/\/shop.uffizi.it\/wp-content\/uploads\/2025\/11\/uffizi_shop_logo.svg","contentUrl":"https:\/\/shop.uffizi.it\/wp-content\/uploads\/2025\/11\/uffizi_shop_logo.svg","caption":"Le Gallerie degli Uffizi Shop"},"image":{"@id":"https:\/\/shop.uffizi.it\/de\/#\/schema\/logo\/image\/"}}]}},"_links":{"self":[{"href":"https:\/\/shop.uffizi.it\/de\/wp-json\/wp\/v2\/pages\/30100","targetHints":{"allow":["GET"]}}],"collection":[{"href":"https:\/\/shop.uffizi.it\/de\/wp-json\/wp\/v2\/pages"}],"about":[{"href":"https:\/\/shop.uffizi.it\/de\/wp-json\/wp\/v2\/types\/page"}],"author":[{"embeddable":true,"href":"https:\/\/shop.uffizi.it\/de\/wp-json\/wp\/v2\/users\/922"}],"replies":[{"embeddable":true,"href":"https:\/\/shop.uffizi.it\/de\/wp-json\/wp\/v2\/comments?post=30100"}],"version-history":[{"count":10,"href":"https:\/\/shop.uffizi.it\/de\/wp-json\/wp\/v2\/pages\/30100\/revisions"}],"predecessor-version":[{"id":31865,"href":"https:\/\/shop.uffizi.it\/de\/wp-json\/wp\/v2\/pages\/30100\/revisions\/31865"}],"wp:attachment":[{"href":"https:\/\/shop.uffizi.it\/de\/wp-json\/wp\/v2\/media?parent=30100"}],"curies":[{"name":"wp","href":"https:\/\/api.w.org\/{rel}","templated":true}]}}