{"id":30059,"date":"2025-11-25T16:09:55","date_gmt":"2025-11-25T15:09:55","guid":{"rendered":"https:\/\/shop.uffizi.it\/?page_id=30059"},"modified":"2025-12-17T16:57:26","modified_gmt":"2025-12-17T15:57:26","slug":"museo-archeologico-nazionale","status":"publish","type":"page","link":"https:\/\/shop.uffizi.it\/de\/museo-archeologico-nazionale\/","title":{"rendered":"MUSEO ARCHEOLOGICO NAZIONALE"},"content":{"rendered":"\t\t<div data-elementor-type=\"wp-page\" data-elementor-id=\"30059\" class=\"elementor elementor-30059 elementor-28846\" data-elementor-post-type=\"page\">\n\t\t\t\t\t\t<section class=\"elementor-section elementor-top-section elementor-element elementor-element-a38e499 elementor-section-boxed elementor-section-height-default elementor-section-height-default\" data-id=\"a38e499\" data-element_type=\"section\" data-e-type=\"section\">\n\t\t\t\t\t\t<div class=\"elementor-container elementor-column-gap-default\">\n\t\t\t\t\t<div class=\"elementor-column elementor-col-100 elementor-top-column elementor-element elementor-element-239f8b8\" data-id=\"239f8b8\" data-element_type=\"column\" data-e-type=\"column\">\n\t\t\t<div class=\"elementor-widget-wrap elementor-element-populated\">\n\t\t\t\t\t\t<div class=\"elementor-element elementor-element-a9babc5 elementor-widget elementor-widget-image\" data-id=\"a9babc5\" data-element_type=\"widget\" data-e-type=\"widget\" data-widget_type=\"image.default\">\n\t\t\t\t<div class=\"elementor-widget-container\">\n\t\t\t\t\t\t\t\t\t\t\t\t\t\t\t<img decoding=\"async\" width=\"111\" height=\"146\" src=\"https:\/\/shop.uffizi.it\/wp-content\/uploads\/2025\/11\/museo_archeologico_nazionale-1.png\" class=\"attachment-full size-full wp-image-28872\" alt=\"\" \/>\t\t\t\t\t\t\t\t\t\t\t\t\t\t\t<\/div>\n\t\t\t\t<\/div>\n\t\t\t\t<div class=\"elementor-element elementor-element-b507847 elementor-widget elementor-widget-heading\" data-id=\"b507847\" data-element_type=\"widget\" data-e-type=\"widget\" data-widget_type=\"heading.default\">\n\t\t\t\t<div class=\"elementor-widget-container\">\n\t\t\t\t\t<h2 class=\"elementor-heading-title elementor-size-default\">MUSEO ARCHEOLOGICO NAZIONALE<\/h2>\t\t\t\t<\/div>\n\t\t\t\t<\/div>\n\t\t\t\t<div class=\"elementor-element elementor-element-c7bcd9b elementor-widget elementor-widget-text-editor\" data-id=\"c7bcd9b\" data-element_type=\"widget\" data-e-type=\"widget\" data-widget_type=\"text-editor.default\">\n\t\t\t\t<div class=\"elementor-widget-container\">\n\t\t\t\t\t\t\t\t\t<p>Piazza Santissima Annunziata, 1<\/p>\t\t\t\t\t\t\t\t<\/div>\n\t\t\t\t<\/div>\n\t\t\t\t<div class=\"elementor-element elementor-element-85688fe elementor-widget elementor-widget-text-editor\" data-id=\"85688fe\" data-element_type=\"widget\" data-e-type=\"widget\" data-widget_type=\"text-editor.default\">\n\t\t\t\t<div class=\"elementor-widget-container\">\n\t\t\t\t\t\t\t\t\tDas Museum wurde 1870 als Etruskisches Museum er\u00f6ffnet und <b>geh\u00f6rt zu den \u00e4ltesten arch\u00e4ologischen Museen Italiens<\/b>. Urspr\u00fcnglich befand es sich im Refektorium von Fuligno und beherbergte eine Sammlung etruskischer, griechischer und r\u00f6mischer Funde, die aus der Aufl\u00f6sung der mediceischen und lothringischen Sammlungen stammten, die zuvor in den Uffizien aufbewahrt worden waren. Am selben Ort wurde 1855 auch das \u00c4gyptische Museum eingerichtet. Die R\u00e4umlichkeiten des Refektoriums erwiesen sich jedoch bald als unzureichend, und 1880 wurde das Museum in seinen heutigen Sitz im <b>Palazzo della Crocetta<\/b> verlegt.\n\nHeute umfasst das Arch\u00e4ologische Nationalmuseum von Florenz die etruskische Abteilung, die r\u00f6mische Abteilung, die griechische Abteilung, die \u00e4gyptische Abteilung \u2014 auch \u00c4gyptisches Museum genannt (die zweitgr\u00f6\u00dfte Sammlung Italiens nach Turin) \u2014 sowie die numismatische Abteilung und weitere Bereiche.\n\nZu den bedeutendsten etruskischen Funden geh\u00f6rt die <b>Chim\u00e4re<\/b>, eine bronzene Votivstatue, die 1533 in Arezzo entdeckt wurde und ein Mischwesen aus L\u00f6we, Ziege und Schlange darstellt. Zu den wichtigsten hier aufbewahrten Werken z\u00e4hlen au\u00dferdem die Statuen des <b>Arringatore<\/b> und der <b>Minerva<\/b>, die <b>Terrakotta-<\/b> und <b>Travertinurnen aus Volterra<\/b> sowie die <b>griechischen Keramikvasen<\/b> mit schwarzfigurigen Darstellungen.\t\t\t\t\t\t\t\t<\/div>\n\t\t\t\t<\/div>\n\t\t\t\t\t<\/div>\n\t\t<\/div>\n\t\t\t\t\t<\/div>\n\t\t<\/section>\n\t\t\t\t<\/div>\n\t\t","protected":false},"excerpt":{"rendered":"<p>MUSEO ARCHEOLOGICO NAZIONALE Piazza Santissima Annunziata, 1 Das Museum wurde 1870 als Etruskisches Museum er\u00f6ffnet und geh\u00f6rt zu den \u00e4ltesten arch\u00e4ologischen Museen Italiens. Urspr\u00fcnglich befand es sich im Refektorium von Fuligno und beherbergte eine Sammlung etruskischer, griechischer und r\u00f6mischer Funde, die aus der Aufl\u00f6sung der mediceischen und lothringischen Sammlungen stammten, die zuvor in den Uffizien [&hellip;]<\/p>\n","protected":false},"author":922,"featured_media":0,"parent":0,"menu_order":0,"comment_status":"closed","ping_status":"closed","template":"","meta":{"_acf_changed":false,"site-sidebar-layout":"no-sidebar","site-content-layout":"page-builder","ast-site-content-layout":"full-width-container","site-content-style":"default","site-sidebar-style":"default","ast-global-header-display":"","ast-banner-title-visibility":"","ast-main-header-display":"","ast-hfb-above-header-display":"","ast-hfb-below-header-display":"","ast-hfb-mobile-header-display":"","site-post-title":"disabled","ast-breadcrumbs-content":"","ast-featured-img":"disabled","footer-sml-layout":"","ast-disable-related-posts":"","theme-transparent-header-meta":"","adv-header-id-meta":"","stick-header-meta":"","header-above-stick-meta":"","header-main-stick-meta":"","header-below-stick-meta":"","astra-migrate-meta-layouts":"set","ast-page-background-enabled":"default","ast-page-background-meta":{"desktop":{"background-color":"","background-image":"","background-repeat":"repeat","background-position":"center center","background-size":"auto","background-attachment":"scroll","background-type":"","background-media":"","overlay-type":"","overlay-color":"","overlay-opacity":"","overlay-gradient":""},"tablet":{"background-color":"","background-image":"","background-repeat":"repeat","background-position":"center center","background-size":"auto","background-attachment":"scroll","background-type":"","background-media":"","overlay-type":"","overlay-color":"","overlay-opacity":"","overlay-gradient":""},"mobile":{"background-color":"","background-image":"","background-repeat":"repeat","background-position":"center center","background-size":"auto","background-attachment":"scroll","background-type":"","background-media":"","overlay-type":"","overlay-color":"","overlay-opacity":"","overlay-gradient":""}},"ast-content-background-meta":{"desktop":{"background-color":"var(--ast-global-color-5)","background-image":"","background-repeat":"repeat","background-position":"center center","background-size":"auto","background-attachment":"scroll","background-type":"","background-media":"","overlay-type":"","overlay-color":"","overlay-opacity":"","overlay-gradient":""},"tablet":{"background-color":"var(--ast-global-color-5)","background-image":"","background-repeat":"repeat","background-position":"center center","background-size":"auto","background-attachment":"scroll","background-type":"","background-media":"","overlay-type":"","overlay-color":"","overlay-opacity":"","overlay-gradient":""},"mobile":{"background-color":"var(--ast-global-color-5)","background-image":"","background-repeat":"repeat","background-position":"center center","background-size":"auto","background-attachment":"scroll","background-type":"","background-media":"","overlay-type":"","overlay-color":"","overlay-opacity":"","overlay-gradient":""}},"footnotes":""},"class_list":["post-30059","page","type-page","status-publish","hentry"],"acf":[],"yoast_head":"<!-- This site is optimized with the Yoast SEO plugin v27.3 - https:\/\/yoast.com\/product\/yoast-seo-wordpress\/ -->\n<title>MUSEO ARCHEOLOGICO NAZIONALE - Le Gallerie degli Uffizi Shop<\/title>\n<meta name=\"robots\" content=\"index, follow, max-snippet:-1, max-image-preview:large, max-video-preview:-1\" \/>\n<link rel=\"canonical\" href=\"https:\/\/shop.uffizi.it\/de\/museo-archeologico-nazionale\/\" \/>\n<meta property=\"og:locale\" content=\"de_DE\" \/>\n<meta property=\"og:type\" content=\"article\" \/>\n<meta property=\"og:title\" content=\"MUSEO ARCHEOLOGICO NAZIONALE - Le Gallerie degli Uffizi Shop\" \/>\n<meta property=\"og:description\" content=\"MUSEO ARCHEOLOGICO NAZIONALE Piazza Santissima Annunziata, 1 Das Museum wurde 1870 als Etruskisches Museum er\u00f6ffnet und geh\u00f6rt zu den \u00e4ltesten arch\u00e4ologischen Museen Italiens. Urspr\u00fcnglich befand es sich im Refektorium von Fuligno und beherbergte eine Sammlung etruskischer, griechischer und r\u00f6mischer Funde, die aus der Aufl\u00f6sung der mediceischen und lothringischen Sammlungen stammten, die zuvor in den Uffizien [&hellip;]\" \/>\n<meta property=\"og:url\" content=\"https:\/\/shop.uffizi.it\/de\/museo-archeologico-nazionale\/\" \/>\n<meta property=\"og:site_name\" content=\"Le Gallerie degli Uffizi Shop\" \/>\n<meta property=\"article:modified_time\" content=\"2025-12-17T15:57:26+00:00\" \/>\n<meta property=\"og:image\" content=\"https:\/\/shop.uffizi.it\/wp-content\/uploads\/2025\/11\/museo_archeologico_nazionale-1.png\" \/>\n\t<meta property=\"og:image:width\" content=\"111\" \/>\n\t<meta property=\"og:image:height\" content=\"146\" \/>\n\t<meta property=\"og:image:type\" content=\"image\/png\" \/>\n<meta name=\"twitter:card\" content=\"summary_large_image\" \/>\n<meta name=\"twitter:label1\" content=\"Gesch\u00e4tzte Lesezeit\" \/>\n\t<meta name=\"twitter:data1\" content=\"2\u00a0Minuten\" \/>\n<script type=\"application\/ld+json\" class=\"yoast-schema-graph\">{\"@context\":\"https:\\\/\\\/schema.org\",\"@graph\":[{\"@type\":\"WebPage\",\"@id\":\"https:\\\/\\\/shop.uffizi.it\\\/de\\\/museo-archeologico-nazionale\\\/\",\"url\":\"https:\\\/\\\/shop.uffizi.it\\\/de\\\/museo-archeologico-nazionale\\\/\",\"name\":\"MUSEO ARCHEOLOGICO NAZIONALE - Le Gallerie degli Uffizi Shop\",\"isPartOf\":{\"@id\":\"https:\\\/\\\/shop.uffizi.it\\\/de\\\/#website\"},\"primaryImageOfPage\":{\"@id\":\"https:\\\/\\\/shop.uffizi.it\\\/de\\\/museo-archeologico-nazionale\\\/#primaryimage\"},\"image\":{\"@id\":\"https:\\\/\\\/shop.uffizi.it\\\/de\\\/museo-archeologico-nazionale\\\/#primaryimage\"},\"thumbnailUrl\":\"https:\\\/\\\/shop.uffizi.it\\\/wp-content\\\/uploads\\\/2025\\\/11\\\/museo_archeologico_nazionale-1.png\",\"datePublished\":\"2025-11-25T15:09:55+00:00\",\"dateModified\":\"2025-12-17T15:57:26+00:00\",\"breadcrumb\":{\"@id\":\"https:\\\/\\\/shop.uffizi.it\\\/de\\\/museo-archeologico-nazionale\\\/#breadcrumb\"},\"inLanguage\":\"de\",\"potentialAction\":[{\"@type\":\"ReadAction\",\"target\":[\"https:\\\/\\\/shop.uffizi.it\\\/de\\\/museo-archeologico-nazionale\\\/\"]}]},{\"@type\":\"ImageObject\",\"inLanguage\":\"de\",\"@id\":\"https:\\\/\\\/shop.uffizi.it\\\/de\\\/museo-archeologico-nazionale\\\/#primaryimage\",\"url\":\"https:\\\/\\\/shop.uffizi.it\\\/wp-content\\\/uploads\\\/2025\\\/11\\\/museo_archeologico_nazionale-1.png\",\"contentUrl\":\"https:\\\/\\\/shop.uffizi.it\\\/wp-content\\\/uploads\\\/2025\\\/11\\\/museo_archeologico_nazionale-1.png\"},{\"@type\":\"BreadcrumbList\",\"@id\":\"https:\\\/\\\/shop.uffizi.it\\\/de\\\/museo-archeologico-nazionale\\\/#breadcrumb\",\"itemListElement\":[{\"@type\":\"ListItem\",\"position\":1,\"name\":\"Home\",\"item\":\"https:\\\/\\\/shop.uffizi.it\\\/de\\\/\"},{\"@type\":\"ListItem\",\"position\":2,\"name\":\"MUSEO ARCHEOLOGICO NAZIONALE\"}]},{\"@type\":\"WebSite\",\"@id\":\"https:\\\/\\\/shop.uffizi.it\\\/de\\\/#website\",\"url\":\"https:\\\/\\\/shop.uffizi.it\\\/de\\\/\",\"name\":\"Le Gallerie degli Uffizi Shop\",\"description\":\"\",\"publisher\":{\"@id\":\"https:\\\/\\\/shop.uffizi.it\\\/de\\\/#organization\"},\"potentialAction\":[{\"@type\":\"SearchAction\",\"target\":{\"@type\":\"EntryPoint\",\"urlTemplate\":\"https:\\\/\\\/shop.uffizi.it\\\/de\\\/?s={search_term_string}\"},\"query-input\":{\"@type\":\"PropertyValueSpecification\",\"valueRequired\":true,\"valueName\":\"search_term_string\"}}],\"inLanguage\":\"de\"},{\"@type\":\"Organization\",\"@id\":\"https:\\\/\\\/shop.uffizi.it\\\/de\\\/#organization\",\"name\":\"Le Gallerie degli Uffizi Shop\",\"url\":\"https:\\\/\\\/shop.uffizi.it\\\/de\\\/\",\"logo\":{\"@type\":\"ImageObject\",\"inLanguage\":\"de\",\"@id\":\"https:\\\/\\\/shop.uffizi.it\\\/de\\\/#\\\/schema\\\/logo\\\/image\\\/\",\"url\":\"https:\\\/\\\/shop.uffizi.it\\\/wp-content\\\/uploads\\\/2025\\\/11\\\/uffizi_shop_logo.svg\",\"contentUrl\":\"https:\\\/\\\/shop.uffizi.it\\\/wp-content\\\/uploads\\\/2025\\\/11\\\/uffizi_shop_logo.svg\",\"caption\":\"Le Gallerie degli Uffizi Shop\"},\"image\":{\"@id\":\"https:\\\/\\\/shop.uffizi.it\\\/de\\\/#\\\/schema\\\/logo\\\/image\\\/\"}}]}<\/script>\n<!-- \/ Yoast SEO plugin. -->","yoast_head_json":{"title":"MUSEO ARCHEOLOGICO NAZIONALE - Le Gallerie degli Uffizi Shop","robots":{"index":"index","follow":"follow","max-snippet":"max-snippet:-1","max-image-preview":"max-image-preview:large","max-video-preview":"max-video-preview:-1"},"canonical":"https:\/\/shop.uffizi.it\/de\/museo-archeologico-nazionale\/","og_locale":"de_DE","og_type":"article","og_title":"MUSEO ARCHEOLOGICO NAZIONALE - Le Gallerie degli Uffizi Shop","og_description":"MUSEO ARCHEOLOGICO NAZIONALE Piazza Santissima Annunziata, 1 Das Museum wurde 1870 als Etruskisches Museum er\u00f6ffnet und geh\u00f6rt zu den \u00e4ltesten arch\u00e4ologischen Museen Italiens. Urspr\u00fcnglich befand es sich im Refektorium von Fuligno und beherbergte eine Sammlung etruskischer, griechischer und r\u00f6mischer Funde, die aus der Aufl\u00f6sung der mediceischen und lothringischen Sammlungen stammten, die zuvor in den Uffizien [&hellip;]","og_url":"https:\/\/shop.uffizi.it\/de\/museo-archeologico-nazionale\/","og_site_name":"Le Gallerie degli Uffizi Shop","article_modified_time":"2025-12-17T15:57:26+00:00","og_image":[{"width":111,"height":146,"url":"https:\/\/shop.uffizi.it\/wp-content\/uploads\/2025\/11\/museo_archeologico_nazionale-1.png","type":"image\/png"}],"twitter_card":"summary_large_image","twitter_misc":{"Gesch\u00e4tzte Lesezeit":"2\u00a0Minuten"},"schema":{"@context":"https:\/\/schema.org","@graph":[{"@type":"WebPage","@id":"https:\/\/shop.uffizi.it\/de\/museo-archeologico-nazionale\/","url":"https:\/\/shop.uffizi.it\/de\/museo-archeologico-nazionale\/","name":"MUSEO ARCHEOLOGICO NAZIONALE - Le Gallerie degli Uffizi Shop","isPartOf":{"@id":"https:\/\/shop.uffizi.it\/de\/#website"},"primaryImageOfPage":{"@id":"https:\/\/shop.uffizi.it\/de\/museo-archeologico-nazionale\/#primaryimage"},"image":{"@id":"https:\/\/shop.uffizi.it\/de\/museo-archeologico-nazionale\/#primaryimage"},"thumbnailUrl":"https:\/\/shop.uffizi.it\/wp-content\/uploads\/2025\/11\/museo_archeologico_nazionale-1.png","datePublished":"2025-11-25T15:09:55+00:00","dateModified":"2025-12-17T15:57:26+00:00","breadcrumb":{"@id":"https:\/\/shop.uffizi.it\/de\/museo-archeologico-nazionale\/#breadcrumb"},"inLanguage":"de","potentialAction":[{"@type":"ReadAction","target":["https:\/\/shop.uffizi.it\/de\/museo-archeologico-nazionale\/"]}]},{"@type":"ImageObject","inLanguage":"de","@id":"https:\/\/shop.uffizi.it\/de\/museo-archeologico-nazionale\/#primaryimage","url":"https:\/\/shop.uffizi.it\/wp-content\/uploads\/2025\/11\/museo_archeologico_nazionale-1.png","contentUrl":"https:\/\/shop.uffizi.it\/wp-content\/uploads\/2025\/11\/museo_archeologico_nazionale-1.png"},{"@type":"BreadcrumbList","@id":"https:\/\/shop.uffizi.it\/de\/museo-archeologico-nazionale\/#breadcrumb","itemListElement":[{"@type":"ListItem","position":1,"name":"Home","item":"https:\/\/shop.uffizi.it\/de\/"},{"@type":"ListItem","position":2,"name":"MUSEO ARCHEOLOGICO NAZIONALE"}]},{"@type":"WebSite","@id":"https:\/\/shop.uffizi.it\/de\/#website","url":"https:\/\/shop.uffizi.it\/de\/","name":"Le Gallerie degli Uffizi Shop","description":"","publisher":{"@id":"https:\/\/shop.uffizi.it\/de\/#organization"},"potentialAction":[{"@type":"SearchAction","target":{"@type":"EntryPoint","urlTemplate":"https:\/\/shop.uffizi.it\/de\/?s={search_term_string}"},"query-input":{"@type":"PropertyValueSpecification","valueRequired":true,"valueName":"search_term_string"}}],"inLanguage":"de"},{"@type":"Organization","@id":"https:\/\/shop.uffizi.it\/de\/#organization","name":"Le Gallerie degli Uffizi Shop","url":"https:\/\/shop.uffizi.it\/de\/","logo":{"@type":"ImageObject","inLanguage":"de","@id":"https:\/\/shop.uffizi.it\/de\/#\/schema\/logo\/image\/","url":"https:\/\/shop.uffizi.it\/wp-content\/uploads\/2025\/11\/uffizi_shop_logo.svg","contentUrl":"https:\/\/shop.uffizi.it\/wp-content\/uploads\/2025\/11\/uffizi_shop_logo.svg","caption":"Le Gallerie degli Uffizi Shop"},"image":{"@id":"https:\/\/shop.uffizi.it\/de\/#\/schema\/logo\/image\/"}}]}},"_links":{"self":[{"href":"https:\/\/shop.uffizi.it\/de\/wp-json\/wp\/v2\/pages\/30059","targetHints":{"allow":["GET"]}}],"collection":[{"href":"https:\/\/shop.uffizi.it\/de\/wp-json\/wp\/v2\/pages"}],"about":[{"href":"https:\/\/shop.uffizi.it\/de\/wp-json\/wp\/v2\/types\/page"}],"author":[{"embeddable":true,"href":"https:\/\/shop.uffizi.it\/de\/wp-json\/wp\/v2\/users\/922"}],"replies":[{"embeddable":true,"href":"https:\/\/shop.uffizi.it\/de\/wp-json\/wp\/v2\/comments?post=30059"}],"version-history":[{"count":10,"href":"https:\/\/shop.uffizi.it\/de\/wp-json\/wp\/v2\/pages\/30059\/revisions"}],"predecessor-version":[{"id":31868,"href":"https:\/\/shop.uffizi.it\/de\/wp-json\/wp\/v2\/pages\/30059\/revisions\/31868"}],"wp:attachment":[{"href":"https:\/\/shop.uffizi.it\/de\/wp-json\/wp\/v2\/media?parent=30059"}],"curies":[{"name":"wp","href":"https:\/\/api.w.org\/{rel}","templated":true}]}}