{"id":29902,"date":"2025-11-25T14:06:17","date_gmt":"2025-11-25T13:06:17","guid":{"rendered":"https:\/\/shop.uffizi.it\/?page_id=29902"},"modified":"2025-11-25T14:48:00","modified_gmt":"2025-11-25T13:48:00","slug":"cookie-hinweise","status":"publish","type":"page","link":"https:\/\/shop.uffizi.it\/de\/cookie-hinweise\/","title":{"rendered":"Cookie hinweise"},"content":{"rendered":"\t\t<div data-elementor-type=\"wp-page\" data-elementor-id=\"29902\" class=\"elementor elementor-29902 elementor-4976\" data-elementor-post-type=\"page\">\n\t\t\t\t\t\t<section class=\"elementor-section elementor-top-section elementor-element elementor-element-ceb221d elementor-section-boxed elementor-section-height-default elementor-section-height-default\" data-id=\"ceb221d\" data-element_type=\"section\" data-e-type=\"section\">\n\t\t\t\t\t\t<div class=\"elementor-container elementor-column-gap-default\">\n\t\t\t\t\t<div class=\"elementor-column elementor-col-100 elementor-top-column elementor-element elementor-element-75d88b3\" data-id=\"75d88b3\" data-element_type=\"column\" data-e-type=\"column\">\n\t\t\t<div class=\"elementor-widget-wrap elementor-element-populated\">\n\t\t\t\t\t\t<div class=\"elementor-element elementor-element-0f4af31 elementor-widget elementor-widget-text-editor\" data-id=\"0f4af31\" data-element_type=\"widget\" data-e-type=\"widget\" data-widget_type=\"text-editor.default\">\n\t\t\t\t<div class=\"elementor-widget-container\">\n\t\t\t\t\t\t\t\t\t<p>Auf dieser Seite sind die von der Website <strong>shop.uffizi.it<\/strong> verwendeten <strong>Cookies<\/strong> beschrieben, die zur Verarbeitung der <strong>personenbezogenen Daten<\/strong> der Nutzer*innen eingesetzt werden.<\/p>\n\n<p>Diese Hinweise werden gem\u00e4\u00df der <strong>geltenden Datenschutzgesetzgebung<\/strong>, wie in Art. 13 der <strong>Verordnung (EU) 2016\/679<\/strong> vom 27. April 2016 sowie in der Entscheidung des <strong>Datenschutzbeauftragten<\/strong> vom 8. Mai 2014 \u00fcber die Verwaltung und Nutzung von Cookies vorgesehen, bereitgestellt. Sie richten sich an Personen, die mit den Webdiensten des <strong>ATI<\/strong> interagieren, welche online unter der Adresse <strong>https:\/\/shop.uffizi.it\/<\/strong> zug\u00e4nglich sind.<\/p>\n\n<p>Der Hinweis gilt ausschlie\u00dflich f\u00fcr diese Website und nicht f\u00fcr andere Websites, die gegebenenfalls \u00fcber Links aufgerufen werden.<\/p>\n\n<p><strong>WAS COOKIES SIND<\/strong><\/p>\n\n<p><strong>Cookies<\/strong> sind kleine Textdateien, die von besuchten Websites an den Browser der Nutzer*innen gesendet werden, dort gespeichert werden und beim n\u00e4chsten Besuch derselben Website erneut \u00fcbermittelt werden. Auf diese Weise erkennt die Website oder der Server den Browser und speichert die vom Nutzer bzw. von der Nutzerin gew\u00e4hlten <strong>Einstellungen<\/strong> sowie weitere n\u00fctzliche Informationen, die die Navigation erleichtern.<\/p>\n\n<p>Cookies unterscheiden sich je nach dem <strong>Zweck<\/strong>, f\u00fcr den sie verwendet werden.<\/p>\n\n<p><em><u>COOKIES VON ERSTANBIETERN UND DRITTANBIETERN<\/u><\/em><\/p>\n\n<p>Je nach der spezifischen Stelle, die Cookies auf den Ger\u00e4ten der Nutzer*innen setzt, kann Folgendes unterschieden werden:<\/p>\n\n<ul>\n  <li><em><strong>Erstanbieter-Cookies<\/strong><\/em>: Werden direkt von der Website gesetzt (gleiche Domain wie jene in der Adressleiste des Browsers) und k\u00f6nnen nur von dieser Website gelesen werden.<\/li>\n  <li><em><strong>Drittanbieter-Cookies<\/strong><\/em>: Werden von Domains gesetzt, die sich von jener in der Adressleiste des Browsers unterscheiden, also von Organisationen, die nicht die Eigent\u00fcmer der Website sind. Sie werden unter anderem zu <strong>Werbezwecken<\/strong>, zur <strong>Personalisierung von Inhalten<\/strong> oder zur <strong>Analyse der Seitenaufrufe<\/strong> verwendet.<\/li>\n<\/ul>\n\n<p><em><u>TECHNISCHE UND PROFILING-COOKIES<\/u><\/em><\/p>\n\n<p>Cookies k\u00f6nnen je nach Funktion wie folgt unterschieden werden:<\/p>\n\n<ul>\n  <li><em><strong>Technische Cookies<\/strong><\/em>: Wesentlich f\u00fcr die ordnungsgem\u00e4\u00dfe Funktionsweise einer Website oder Anwendung. Ohne diese Cookies k\u00f6nnte die Website nicht korrekt funktionieren oder bestimmte Funktionen k\u00f6nnten blockiert sein. F\u00fcr das Setzen dieser Cookies ist keine vorherige <strong>Zustimmung<\/strong> erforderlich.<\/li>\n  <li><em><strong>Profiling-Cookies<\/strong><\/em>: Dienen dazu, Informationen \u00fcber Nutzer*innen zu sammeln (z. B. besuchte Seiten, Suchanfragen usw.), um <strong>gezielte Werbebotschaften<\/strong> bereitzustellen, die ihren Interessen entsprechen. Ihre Verwendung erfordert die Zustimmung der betroffenen Person. Bei Drittanbieter-Cookies hat die Website keine direkte Kontrolle \u00fcber die einzelnen Cookies und kann sie daher weder installieren noch l\u00f6schen. Nutzer*innen k\u00f6nnen diese Cookies jedoch \u00fcber die Einstellungen ihres <strong>Browsers<\/strong> verwalten (siehe Abschnitt \u201e<em>So l\u00f6schen Sie Cookies von Ihrem Computer<\/em>\u201c) oder \u00fcber die im Abschnitt \u201e<em>So widersetzen Sie sich dem Setzen von Drittanbieter-Cookies<\/em>\u201c genannten Websites.<\/li>\n<\/ul>\n\n<p><em><u>TEMPOR\u00c4RE UND PERMANENTE COOKIES<\/u><\/em><\/p>\n\n<p>Cookies haben eine <strong>vorgegebene Dauer<\/strong>, die durch ihr Ablaufdatum (oder durch eine spezifische Aktion wie das Schlie\u00dfen des Browsers) festgelegt wird. Sie k\u00f6nnen unterteilt werden in:<\/p>\n\n<ul>\n  <li><em><strong>Tempor\u00e4re oder Session-Cookies<\/strong><\/em>: Werden tempor\u00e4r w\u00e4hrend des Besuchs einer Website gespeichert (z. B. zur Speicherung der gew\u00e4hlten Sprache) und beim Schlie\u00dfen des Browsers gel\u00f6scht.<\/li>\n  <li><em><strong>Permanente Cookies<\/strong><\/em>: Bleiben f\u00fcr einen l\u00e4ngeren Zeitraum auf dem Computer gespeichert, abh\u00e4ngig vom festgelegten Ablaufdatum. Sie erm\u00f6glichen es Websites, Informationen f\u00fcr zuk\u00fcnftige Besuche zu behalten, wie etwa Login-Daten.<\/li>\n<\/ul>\n\n<p><strong>VON DIESER WEBSITE VERWENDETE COOKIES<\/strong><\/p>\n\n<p>Auf dieser Website werden folgende <strong>Cookies<\/strong> verwendet:<\/p>\n\n<ul>\n  <li><em><strong>Surf-\/Session-Cookies<\/strong><\/em>: Wichtig f\u00fcr die Navigation innerhalb der Website und deren Funktionen. Ohne sie k\u00f6nnten die gew\u00fcnschten <strong>Dienste<\/strong> nicht bereitgestellt werden. Sie sammeln keine Informationen zu kommerziellen Zwecken.<\/li>\n  <li><em><strong>Analytische Drittanbieter-Cookies<\/strong><\/em>: Sammeln und analysieren anonyme und\/oder aggregierte Informationen \u00fcber die Nutzung der Website (z. B. besuchte Seiten), um eine <strong>bessere Benutzererfahrung<\/strong> zu erm\u00f6glichen. Sie sammeln keine Informationen, die zur Identifizierung der Nutzer*innen f\u00fchren k\u00f6nnten.<\/li>\n<\/ul>\n\n<p>Weitere Informationen \u00fcber <strong>Drittanbieter-Cookies<\/strong> und dar\u00fcber, wie man sie blockieren kann, finden Sie in den Datenschutzhinweisen der jeweiligen Anbieter:<\/p>\n\n<p><strong>Google Analytics (Google Ireland Limited)<\/strong><br>\nGoogle Analytics ist ein <strong>Webanalysedienst<\/strong> von <strong>Google Ireland Limited<\/strong>. Er dient der Analyse der Nutzung dieser Website, dem Erstellen von Berichten sowie dem Austausch dieser Daten mit anderen Google-Diensten.<\/p>\n\n<p><strong>Google Tag Manager (Google Ireland Limited)<\/strong><br>\nEin Dienst zur <strong>Tag-Verwaltung<\/strong>, bereitgestellt von <strong>Google Ireland Limited<\/strong>.<\/p>\n\n<p><strong>Font Awesome (Fonticons, Inc.)<\/strong><br>\nEin Dienst zur Anzeige von <strong>Schriftarten<\/strong>, verwaltet von <strong>Fonticons, Inc.<\/strong>, der es erm\u00f6glicht, diese Inhalte in die Seiten der Website einzubinden.<\/p>\n\n<p><strong>Google Fonts (Google Ireland Limited)<\/strong><br>\nEin Dienst zur Anzeige von <strong>Webfonts<\/strong>, bereitgestellt von <strong>Google Ireland Limited<\/strong>.<\/p>\n\n<p><strong>SO L\u00d6SCHEN SIE COOKIES VON IHREM COMPUTER<\/strong><\/p>\n\n<p>Cookies k\u00f6nnen durch \u00c4ndern der Einstellungen Ihres Browsers <strong>eingeschr\u00e4nkt oder blockiert<\/strong> werden.<\/p>\n\n<p>Nachfolgend finden Sie Links mit Anweisungen zum L\u00f6schen der bereits gesetzten Cookies f\u00fcr die g\u00e4ngigsten Browser:<\/p>\n\n<ul>\n  <li><strong><em>Mozilla Firefox<\/em><\/strong>: Weitere Informationen finden Sie auf der entsprechenden Seite.<\/li>\n  <li><strong><em>Microsoft Internet Explorer<\/em><\/strong>: Weitere Informationen finden Sie auf der entsprechenden Seite.<\/li>\n  <li><strong><em>Chrome<\/em><\/strong>: Weitere Informationen finden Sie auf der entsprechenden Seite.<\/li>\n  <li><strong><em>Opera<\/em><\/strong>: Weitere Informationen finden Sie auf der entsprechenden Seite.<\/li>\n  <li><strong><em>Safari iOS<\/em><\/strong>: Weitere Informationen finden Sie auf der entsprechenden Seite.<\/li>\n<\/ul>\n\n<p>Die <strong>Deaktivierung<\/strong> bestimmter Cookies kann die <strong>Funktionalit\u00e4t<\/strong> der Website einschr\u00e4nken.<\/p>\n\t\t\t\t\t\t\t\t<\/div>\n\t\t\t\t<\/div>\n\t\t\t\t\t<\/div>\n\t\t<\/div>\n\t\t\t\t\t<\/div>\n\t\t<\/section>\n\t\t\t\t<\/div>\n\t\t","protected":false},"excerpt":{"rendered":"<p>Auf dieser Seite sind die von der Website shop.uffizi.it verwendeten Cookies beschrieben, die zur Verarbeitung der personenbezogenen Daten der Nutzer*innen eingesetzt werden. Diese Hinweise werden gem\u00e4\u00df der geltenden Datenschutzgesetzgebung, wie in Art. 13 der Verordnung (EU) 2016\/679 vom 27. April 2016 sowie in der Entscheidung des Datenschutzbeauftragten vom 8. Mai 2014 \u00fcber die Verwaltung und [&hellip;]<\/p>\n","protected":false},"author":922,"featured_media":0,"parent":0,"menu_order":0,"comment_status":"closed","ping_status":"closed","template":"","meta":{"_acf_changed":false,"site-sidebar-layout":"default","site-content-layout":"","ast-site-content-layout":"default","site-content-style":"default","site-sidebar-style":"default","ast-global-header-display":"","ast-banner-title-visibility":"","ast-main-header-display":"","ast-hfb-above-header-display":"","ast-hfb-below-header-display":"","ast-hfb-mobile-header-display":"","site-post-title":"disabled","ast-breadcrumbs-content":"","ast-featured-img":"","footer-sml-layout":"","ast-disable-related-posts":"","theme-transparent-header-meta":"","adv-header-id-meta":"","stick-header-meta":"","header-above-stick-meta":"","header-main-stick-meta":"","header-below-stick-meta":"","astra-migrate-meta-layouts":"set","ast-page-background-enabled":"default","ast-page-background-meta":{"desktop":{"background-color":"","background-image":"","background-repeat":"repeat","background-position":"center center","background-size":"auto","background-attachment":"scroll","background-type":"","background-media":"","overlay-type":"","overlay-color":"","overlay-opacity":"","overlay-gradient":""},"tablet":{"background-color":"","background-image":"","background-repeat":"repeat","background-position":"center center","background-size":"auto","background-attachment":"scroll","background-type":"","background-media":"","overlay-type":"","overlay-color":"","overlay-opacity":"","overlay-gradient":""},"mobile":{"background-color":"","background-image":"","background-repeat":"repeat","background-position":"center center","background-size":"auto","background-attachment":"scroll","background-type":"","background-media":"","overlay-type":"","overlay-color":"","overlay-opacity":"","overlay-gradient":""}},"ast-content-background-meta":{"desktop":{"background-color":"var(--ast-global-color-5)","background-image":"","background-repeat":"repeat","background-position":"center center","background-size":"auto","background-attachment":"scroll","background-type":"","background-media":"","overlay-type":"","overlay-color":"","overlay-opacity":"","overlay-gradient":""},"tablet":{"background-color":"var(--ast-global-color-5)","background-image":"","background-repeat":"repeat","background-position":"center center","background-size":"auto","background-attachment":"scroll","background-type":"","background-media":"","overlay-type":"","overlay-color":"","overlay-opacity":"","overlay-gradient":""},"mobile":{"background-color":"var(--ast-global-color-5)","background-image":"","background-repeat":"repeat","background-position":"center center","background-size":"auto","background-attachment":"scroll","background-type":"","background-media":"","overlay-type":"","overlay-color":"","overlay-opacity":"","overlay-gradient":""}},"footnotes":""},"class_list":["post-29902","page","type-page","status-publish","hentry"],"acf":[],"yoast_head":"<!-- This site is optimized with the Yoast SEO plugin v27.3 - https:\/\/yoast.com\/product\/yoast-seo-wordpress\/ -->\n<title>Cookie hinweise - Le Gallerie degli Uffizi Shop<\/title>\n<meta name=\"robots\" content=\"index, follow, max-snippet:-1, max-image-preview:large, max-video-preview:-1\" \/>\n<link rel=\"canonical\" href=\"https:\/\/shop.uffizi.it\/de\/cookie-hinweise\/\" \/>\n<meta property=\"og:locale\" content=\"de_DE\" \/>\n<meta property=\"og:type\" content=\"article\" \/>\n<meta property=\"og:title\" content=\"Cookie hinweise - Le Gallerie degli Uffizi Shop\" \/>\n<meta property=\"og:description\" content=\"Auf dieser Seite sind die von der Website shop.uffizi.it verwendeten Cookies beschrieben, die zur Verarbeitung der personenbezogenen Daten der Nutzer*innen eingesetzt werden. Diese Hinweise werden gem\u00e4\u00df der geltenden Datenschutzgesetzgebung, wie in Art. 13 der Verordnung (EU) 2016\/679 vom 27. April 2016 sowie in der Entscheidung des Datenschutzbeauftragten vom 8. Mai 2014 \u00fcber die Verwaltung und [&hellip;]\" \/>\n<meta property=\"og:url\" content=\"https:\/\/shop.uffizi.it\/de\/cookie-hinweise\/\" \/>\n<meta property=\"og:site_name\" content=\"Le Gallerie degli Uffizi Shop\" \/>\n<meta property=\"article:modified_time\" content=\"2025-11-25T13:48:00+00:00\" \/>\n<meta name=\"twitter:card\" content=\"summary_large_image\" \/>\n<meta name=\"twitter:label1\" content=\"Gesch\u00e4tzte Lesezeit\" \/>\n\t<meta name=\"twitter:data1\" content=\"5\u00a0Minuten\" \/>\n<script type=\"application\/ld+json\" class=\"yoast-schema-graph\">{\"@context\":\"https:\\\/\\\/schema.org\",\"@graph\":[{\"@type\":\"WebPage\",\"@id\":\"https:\\\/\\\/shop.uffizi.it\\\/de\\\/cookie-hinweise\\\/\",\"url\":\"https:\\\/\\\/shop.uffizi.it\\\/de\\\/cookie-hinweise\\\/\",\"name\":\"Cookie hinweise - Le Gallerie degli Uffizi Shop\",\"isPartOf\":{\"@id\":\"https:\\\/\\\/shop.uffizi.it\\\/de\\\/#website\"},\"datePublished\":\"2025-11-25T13:06:17+00:00\",\"dateModified\":\"2025-11-25T13:48:00+00:00\",\"breadcrumb\":{\"@id\":\"https:\\\/\\\/shop.uffizi.it\\\/de\\\/cookie-hinweise\\\/#breadcrumb\"},\"inLanguage\":\"de\",\"potentialAction\":[{\"@type\":\"ReadAction\",\"target\":[\"https:\\\/\\\/shop.uffizi.it\\\/de\\\/cookie-hinweise\\\/\"]}]},{\"@type\":\"BreadcrumbList\",\"@id\":\"https:\\\/\\\/shop.uffizi.it\\\/de\\\/cookie-hinweise\\\/#breadcrumb\",\"itemListElement\":[{\"@type\":\"ListItem\",\"position\":1,\"name\":\"Home\",\"item\":\"https:\\\/\\\/shop.uffizi.it\\\/de\\\/\"},{\"@type\":\"ListItem\",\"position\":2,\"name\":\"Cookie hinweise\"}]},{\"@type\":\"WebSite\",\"@id\":\"https:\\\/\\\/shop.uffizi.it\\\/de\\\/#website\",\"url\":\"https:\\\/\\\/shop.uffizi.it\\\/de\\\/\",\"name\":\"Le Gallerie degli Uffizi Shop\",\"description\":\"\",\"publisher\":{\"@id\":\"https:\\\/\\\/shop.uffizi.it\\\/de\\\/#organization\"},\"potentialAction\":[{\"@type\":\"SearchAction\",\"target\":{\"@type\":\"EntryPoint\",\"urlTemplate\":\"https:\\\/\\\/shop.uffizi.it\\\/de\\\/?s={search_term_string}\"},\"query-input\":{\"@type\":\"PropertyValueSpecification\",\"valueRequired\":true,\"valueName\":\"search_term_string\"}}],\"inLanguage\":\"de\"},{\"@type\":\"Organization\",\"@id\":\"https:\\\/\\\/shop.uffizi.it\\\/de\\\/#organization\",\"name\":\"Le Gallerie degli Uffizi Shop\",\"url\":\"https:\\\/\\\/shop.uffizi.it\\\/de\\\/\",\"logo\":{\"@type\":\"ImageObject\",\"inLanguage\":\"de\",\"@id\":\"https:\\\/\\\/shop.uffizi.it\\\/de\\\/#\\\/schema\\\/logo\\\/image\\\/\",\"url\":\"https:\\\/\\\/shop.uffizi.it\\\/wp-content\\\/uploads\\\/2025\\\/11\\\/uffizi_shop_logo.svg\",\"contentUrl\":\"https:\\\/\\\/shop.uffizi.it\\\/wp-content\\\/uploads\\\/2025\\\/11\\\/uffizi_shop_logo.svg\",\"caption\":\"Le Gallerie degli Uffizi Shop\"},\"image\":{\"@id\":\"https:\\\/\\\/shop.uffizi.it\\\/de\\\/#\\\/schema\\\/logo\\\/image\\\/\"}}]}<\/script>\n<!-- \/ Yoast SEO plugin. -->","yoast_head_json":{"title":"Cookie hinweise - Le Gallerie degli Uffizi Shop","robots":{"index":"index","follow":"follow","max-snippet":"max-snippet:-1","max-image-preview":"max-image-preview:large","max-video-preview":"max-video-preview:-1"},"canonical":"https:\/\/shop.uffizi.it\/de\/cookie-hinweise\/","og_locale":"de_DE","og_type":"article","og_title":"Cookie hinweise - Le Gallerie degli Uffizi Shop","og_description":"Auf dieser Seite sind die von der Website shop.uffizi.it verwendeten Cookies beschrieben, die zur Verarbeitung der personenbezogenen Daten der Nutzer*innen eingesetzt werden. Diese Hinweise werden gem\u00e4\u00df der geltenden Datenschutzgesetzgebung, wie in Art. 13 der Verordnung (EU) 2016\/679 vom 27. April 2016 sowie in der Entscheidung des Datenschutzbeauftragten vom 8. Mai 2014 \u00fcber die Verwaltung und [&hellip;]","og_url":"https:\/\/shop.uffizi.it\/de\/cookie-hinweise\/","og_site_name":"Le Gallerie degli Uffizi Shop","article_modified_time":"2025-11-25T13:48:00+00:00","twitter_card":"summary_large_image","twitter_misc":{"Gesch\u00e4tzte Lesezeit":"5\u00a0Minuten"},"schema":{"@context":"https:\/\/schema.org","@graph":[{"@type":"WebPage","@id":"https:\/\/shop.uffizi.it\/de\/cookie-hinweise\/","url":"https:\/\/shop.uffizi.it\/de\/cookie-hinweise\/","name":"Cookie hinweise - Le Gallerie degli Uffizi Shop","isPartOf":{"@id":"https:\/\/shop.uffizi.it\/de\/#website"},"datePublished":"2025-11-25T13:06:17+00:00","dateModified":"2025-11-25T13:48:00+00:00","breadcrumb":{"@id":"https:\/\/shop.uffizi.it\/de\/cookie-hinweise\/#breadcrumb"},"inLanguage":"de","potentialAction":[{"@type":"ReadAction","target":["https:\/\/shop.uffizi.it\/de\/cookie-hinweise\/"]}]},{"@type":"BreadcrumbList","@id":"https:\/\/shop.uffizi.it\/de\/cookie-hinweise\/#breadcrumb","itemListElement":[{"@type":"ListItem","position":1,"name":"Home","item":"https:\/\/shop.uffizi.it\/de\/"},{"@type":"ListItem","position":2,"name":"Cookie hinweise"}]},{"@type":"WebSite","@id":"https:\/\/shop.uffizi.it\/de\/#website","url":"https:\/\/shop.uffizi.it\/de\/","name":"Le Gallerie degli Uffizi Shop","description":"","publisher":{"@id":"https:\/\/shop.uffizi.it\/de\/#organization"},"potentialAction":[{"@type":"SearchAction","target":{"@type":"EntryPoint","urlTemplate":"https:\/\/shop.uffizi.it\/de\/?s={search_term_string}"},"query-input":{"@type":"PropertyValueSpecification","valueRequired":true,"valueName":"search_term_string"}}],"inLanguage":"de"},{"@type":"Organization","@id":"https:\/\/shop.uffizi.it\/de\/#organization","name":"Le Gallerie degli Uffizi Shop","url":"https:\/\/shop.uffizi.it\/de\/","logo":{"@type":"ImageObject","inLanguage":"de","@id":"https:\/\/shop.uffizi.it\/de\/#\/schema\/logo\/image\/","url":"https:\/\/shop.uffizi.it\/wp-content\/uploads\/2025\/11\/uffizi_shop_logo.svg","contentUrl":"https:\/\/shop.uffizi.it\/wp-content\/uploads\/2025\/11\/uffizi_shop_logo.svg","caption":"Le Gallerie degli Uffizi Shop"},"image":{"@id":"https:\/\/shop.uffizi.it\/de\/#\/schema\/logo\/image\/"}}]}},"_links":{"self":[{"href":"https:\/\/shop.uffizi.it\/de\/wp-json\/wp\/v2\/pages\/29902","targetHints":{"allow":["GET"]}}],"collection":[{"href":"https:\/\/shop.uffizi.it\/de\/wp-json\/wp\/v2\/pages"}],"about":[{"href":"https:\/\/shop.uffizi.it\/de\/wp-json\/wp\/v2\/types\/page"}],"author":[{"embeddable":true,"href":"https:\/\/shop.uffizi.it\/de\/wp-json\/wp\/v2\/users\/922"}],"replies":[{"embeddable":true,"href":"https:\/\/shop.uffizi.it\/de\/wp-json\/wp\/v2\/comments?post=29902"}],"version-history":[{"count":11,"href":"https:\/\/shop.uffizi.it\/de\/wp-json\/wp\/v2\/pages\/29902\/revisions"}],"predecessor-version":[{"id":29961,"href":"https:\/\/shop.uffizi.it\/de\/wp-json\/wp\/v2\/pages\/29902\/revisions\/29961"}],"wp:attachment":[{"href":"https:\/\/shop.uffizi.it\/de\/wp-json\/wp\/v2\/media?parent=29902"}],"curies":[{"name":"wp","href":"https:\/\/api.w.org\/{rel}","templated":true}]}}