{"id":29836,"date":"2025-11-21T14:24:58","date_gmt":"2025-11-21T13:24:58","guid":{"rendered":"https:\/\/shop.uffizi.it\/?page_id=29836"},"modified":"2025-11-26T13:09:06","modified_gmt":"2025-11-26T12:09:06","slug":"privacy-policy","status":"publish","type":"page","link":"https:\/\/shop.uffizi.it\/de\/privacy-policy\/","title":{"rendered":"Datenschutzerkl\u00e4rung"},"content":{"rendered":"\t\t<div data-elementor-type=\"wp-page\" data-elementor-id=\"29836\" class=\"elementor elementor-29836 elementor-3176\" data-elementor-post-type=\"page\">\n\t\t\t\t\t\t<section class=\"elementor-section elementor-top-section elementor-element elementor-element-24d8821 elementor-section-boxed elementor-section-height-default elementor-section-height-default\" data-id=\"24d8821\" data-element_type=\"section\" data-e-type=\"section\">\n\t\t\t\t\t\t<div class=\"elementor-container elementor-column-gap-default\">\n\t\t\t\t\t<div class=\"elementor-column elementor-col-100 elementor-top-column elementor-element elementor-element-b0b13f3\" data-id=\"b0b13f3\" data-element_type=\"column\" data-e-type=\"column\">\n\t\t\t<div class=\"elementor-widget-wrap elementor-element-populated\">\n\t\t\t\t\t\t<div class=\"elementor-element elementor-element-b553b24 elementor-widget elementor-widget-heading\" data-id=\"b553b24\" data-element_type=\"widget\" data-e-type=\"widget\" data-widget_type=\"heading.default\">\n\t\t\t\t<div class=\"elementor-widget-container\">\n\t\t\t\t\t<h1 class=\"elementor-heading-title elementor-size-default\">Datenschutzerkl\u00e4rung<\/h1>\t\t\t\t<\/div>\n\t\t\t\t<\/div>\n\t\t\t\t<div class=\"elementor-element elementor-element-8b6c291 elementor-widget elementor-widget-text-editor\" data-id=\"8b6c291\" data-element_type=\"widget\" data-e-type=\"widget\" data-widget_type=\"text-editor.default\">\n\t\t\t\t<div class=\"elementor-widget-container\">\n\t\t\t\t\t\t\t\t\t<p>Das Unternehmen Orbital Cultura, in seiner Eigenschaft als Verantwortlicher f\u00fcr die Verarbeitung personenbezogener Daten (im Folgenden \u201eOrbital Cultura\u201c oder das \u201eUnternehmen\u201c), informiert Sie gem\u00e4\u00df den Artikeln 13 und 14 der Verordnung (EU) 2016\/679 (\u201eDSGVO\u201c), dass Ihre personenbezogenen Daten nach den unten beschriebenen Modalit\u00e4ten und Zwecken verarbeitet werden.<\/p>\n\n<h3>1. Verantwortlicher f\u00fcr die Datenverarbeitung<\/h3>\n\n<p>Verantwortlicher f\u00fcr die Verarbeitung ist Orbital Cultura s.r.l. (St.-Nr. 04766270484 und USt.-ID 10542790968) mit eingetragenem Sitz in Florenz \u2013 Via Policarpo Petrocchi 24.<\/p>\n\n<p>Der Datenschutzbeauftragte (Data Protection Officer), bei Nexi Payments SpA, ist unter folgender E-Mail-Adresse erreichbar:\n<a href=\"mailto:dpo@nexigroup.com\">dpo@nexigroup.com<\/a>.<\/p>\n\n<h3>2. Zwecke und Rechtsgrundlagen der Verarbeitung, Arten der verarbeiteten Daten<\/h3>\n\n<p>Die erhobenen Daten werden mit manuellen und automatisierten Mitteln f\u00fcr folgende Zwecke verarbeitet:<\/p>\n\n<ul>\n  <li>die Registrierung auf der Website Orbital Cultura, die erforderlich ist, um die angebotenen Dienste zu nutzen, einschlie\u00dflich etwaiger Supportanfragen und der Bearbeitung von Beschwerden;<\/li>\n  <li>administrative und buchhalterische Zwecke;<\/li>\n  <li>die ordnungsgem\u00e4\u00dfe Erf\u00fcllung gesetzlicher oder regulatorischer Verpflichtungen (z. B. steuerlicher Art).<\/li>\n<\/ul>\n\n<p><strong>Die Rechtsgrundlage der Verarbeitung besteht in der Erf\u00fcllung gesetzlicher Pflichten, denen Orbital Cultura unterliegt, sowie in der Notwendigkeit, das Vertrags- bzw. vorvertragliche Verh\u00e4ltnis zu erf\u00fcllen.<\/strong><\/p>\n\n<p>Dar\u00fcber hinaus k\u00f6nnen die erhobenen Daten von Orbital Cultura verarbeitet werden f\u00fcr:<\/p>\n\n<ul>\n  <li>den Versand von Mitteilungen (Newsletter) zur F\u00f6rderung unserer T\u00e4tigkeiten.<\/li>\n<\/ul>\n\n<p><strong>Diese T\u00e4tigkeit kann nur nach Anmeldung zum \u201eNewsletter\u201c-Dienst erfolgen.<\/strong><\/p>\n\n<p>Die Erreichung der oben genannten Zwecke beinhaltet die Verarbeitung folgender personenbezogener Daten:<\/p>\n\n<ul>\n  <li>Identifikationsdaten (Name, Nachname, Geburtsdatum, Nationalit\u00e4t, Geschlecht, Steuernummer, Umsatzsteuer-Identifikationsnummer);<\/li>\n  <li>Kontaktdaten (E-Mail, Telefonnummer, Adresse).<\/li>\n<\/ul>\n\n<h3>3. Kategorien von Empf\u00e4ngern, an die die Daten weitergegeben werden k\u00f6nnen<\/h3>\n\n<p>Die Daten k\u00f6nnen von Mitarbeitern und\/oder Mitarbeitern von Orbital Cultura verarbeitet werden, die mit der Erf\u00fcllung der oben genannten Zwecke betraut und gem\u00e4\u00df Artikel 29 der DSGVO und Artikel 2-quaterdecies des Gesetzesdekrets 196\/2003 in der Fassung des Gesetzesdekrets 101\/2018 ordnungsgem\u00e4\u00df autorisiert und geschult wurden.<\/p>\n\n<p>Die Daten k\u00f6nnen an Stellen weitergegeben werden, die als eigenst\u00e4ndige Verantwortliche handeln, darunter beispielsweise Aufsichts- und Kontrollbeh\u00f6rden sowie allgemein \u00f6ffentliche oder private Stellen, die zur Anforderung der Daten berechtigt sind.<\/p>\n\n<p>Die Daten k\u00f6nnen zudem im Auftrag von Orbital Cultura von Auftragsverarbeitern gem\u00e4\u00df Artikel 28 der DSGVO verarbeitet werden (z. B. Unternehmen, die technische Unterst\u00fctzung f\u00fcr die Verwaltung der Website oder Ticketingsysteme leisten).<\/p>\n\n<h3>4. Daten\u00fcbermittlung ins Ausland<\/h3>\n\n<p>Die erhobenen Daten werden nicht au\u00dferhalb der Europ\u00e4ischen Union \u00fcbermittelt.<\/p>\n\n<h3>5. Aufbewahrungszeitraum der Daten<\/h3>\n\n<p>Ihre personenbezogenen Daten werden nur so lange gespeichert, wie es f\u00fcr die ordnungsgem\u00e4\u00dfe Erbringung der angebotenen Dienste erforderlich ist und gegebenenfalls bis zur vollst\u00e4ndigen Erf\u00fcllung der gesetzlichen und vertraglichen Verpflichtungen (in der Regel werden Daten aus steuerlichen Gr\u00fcnden 10 Jahre lang aufbewahrt).<\/p>\n\n<h3>6. Rechte der betroffenen Personen<\/h3>\n\n<p>Durch Kontaktaufnahme mit dem DPO unter <a href=\"mailto:dpo@nexigroup.com\">dpo@nexigroup.com<\/a> k\u00f6nnen betroffene Personen jederzeit Auskunft \u00fcber ihre Daten, deren Berichtigung, Aktualisierung oder L\u00f6schung verlangen, die Einschr\u00e4nkung der Verarbeitung in den in Artikel 18 DSGVO vorgesehenen F\u00e4llen beantragen sowie gem\u00e4\u00df Artikel 21 DSGVO Widerspruch gegen die Verarbeitung einlegen.<\/p>\n\n<p>Betroffene Personen k\u00f6nnen au\u00dferdem ihr Recht auf Daten\u00fcbertragbarkeit gem\u00e4\u00df Artikel 20 DSGVO aus\u00fcben, d. h. das Recht, ihre Daten in einem strukturierten, g\u00e4ngigen und maschinenlesbaren Format zu erhalten und sie \u2013 sofern technisch m\u00f6glich \u2013 einem anderen Verantwortlichen zu \u00fcbermitteln.<\/p>\n\n<p>Schlie\u00dflich haben betroffene Personen das Recht, eine Beschwerde bei der zust\u00e4ndigen Datenschutzbeh\u00f6rde einzureichen.<\/p>\n\t\t\t\t\t\t\t\t<\/div>\n\t\t\t\t<\/div>\n\t\t\t\t\t<\/div>\n\t\t<\/div>\n\t\t\t\t\t<\/div>\n\t\t<\/section>\n\t\t\t\t<\/div>\n\t\t","protected":false},"excerpt":{"rendered":"<p>Das Unternehmen Orbital Cultura, in seiner Eigenschaft als Verantwortlicher f\u00fcr die Verarbeitung personenbezogener Daten (im Folgenden \u201eOrbital Cultura\u201c oder das \u201eUnternehmen\u201c), informiert Sie gem\u00e4\u00df den Artikeln 13 und 14 der Verordnung (EU) 2016\/679 (\u201eDSGVO\u201c), dass Ihre personenbezogenen Daten nach den unten beschriebenen Modalit\u00e4ten und Zwecken verarbeitet werden. 1. Verantwortlicher f\u00fcr die Datenverarbeitung Verantwortlicher f\u00fcr die [&hellip;]<\/p>\n","protected":false},"author":922,"featured_media":0,"parent":0,"menu_order":0,"comment_status":"closed","ping_status":"open","template":"","meta":{"_acf_changed":false,"site-sidebar-layout":"default","site-content-layout":"","ast-site-content-layout":"default","site-content-style":"default","site-sidebar-style":"default","ast-global-header-display":"","ast-banner-title-visibility":"","ast-main-header-display":"","ast-hfb-above-header-display":"","ast-hfb-below-header-display":"","ast-hfb-mobile-header-display":"","site-post-title":"disabled","ast-breadcrumbs-content":"","ast-featured-img":"","footer-sml-layout":"","ast-disable-related-posts":"","theme-transparent-header-meta":"","adv-header-id-meta":"","stick-header-meta":"","header-above-stick-meta":"","header-main-stick-meta":"","header-below-stick-meta":"","astra-migrate-meta-layouts":"set","ast-page-background-enabled":"default","ast-page-background-meta":{"desktop":{"background-color":"","background-image":"","background-repeat":"repeat","background-position":"center center","background-size":"auto","background-attachment":"scroll","background-type":"","background-media":"","overlay-type":"","overlay-color":"","overlay-opacity":"","overlay-gradient":""},"tablet":{"background-color":"","background-image":"","background-repeat":"repeat","background-position":"center center","background-size":"auto","background-attachment":"scroll","background-type":"","background-media":"","overlay-type":"","overlay-color":"","overlay-opacity":"","overlay-gradient":""},"mobile":{"background-color":"","background-image":"","background-repeat":"repeat","background-position":"center center","background-size":"auto","background-attachment":"scroll","background-type":"","background-media":"","overlay-type":"","overlay-color":"","overlay-opacity":"","overlay-gradient":""}},"ast-content-background-meta":{"desktop":{"background-color":"var(--ast-global-color-5)","background-image":"","background-repeat":"repeat","background-position":"center center","background-size":"auto","background-attachment":"scroll","background-type":"","background-media":"","overlay-type":"","overlay-color":"","overlay-opacity":"","overlay-gradient":""},"tablet":{"background-color":"var(--ast-global-color-5)","background-image":"","background-repeat":"repeat","background-position":"center center","background-size":"auto","background-attachment":"scroll","background-type":"","background-media":"","overlay-type":"","overlay-color":"","overlay-opacity":"","overlay-gradient":""},"mobile":{"background-color":"var(--ast-global-color-5)","background-image":"","background-repeat":"repeat","background-position":"center center","background-size":"auto","background-attachment":"scroll","background-type":"","background-media":"","overlay-type":"","overlay-color":"","overlay-opacity":"","overlay-gradient":""}},"footnotes":""},"class_list":["post-29836","page","type-page","status-publish","hentry"],"acf":[],"yoast_head":"<!-- This site is optimized with the Yoast SEO plugin v27.3 - https:\/\/yoast.com\/product\/yoast-seo-wordpress\/ -->\n<title>Datenschutzerkl\u00e4rung - Le Gallerie degli Uffizi Shop<\/title>\n<meta name=\"robots\" content=\"index, follow, max-snippet:-1, max-image-preview:large, max-video-preview:-1\" \/>\n<link rel=\"canonical\" href=\"https:\/\/shop.uffizi.it\/de\/privacy-policy\/\" \/>\n<meta property=\"og:locale\" content=\"de_DE\" \/>\n<meta property=\"og:type\" content=\"article\" \/>\n<meta property=\"og:title\" content=\"Datenschutzerkl\u00e4rung - Le Gallerie degli Uffizi Shop\" \/>\n<meta property=\"og:description\" content=\"Das Unternehmen Orbital Cultura, in seiner Eigenschaft als Verantwortlicher f\u00fcr die Verarbeitung personenbezogener Daten (im Folgenden \u201eOrbital Cultura\u201c oder das \u201eUnternehmen\u201c), informiert Sie gem\u00e4\u00df den Artikeln 13 und 14 der Verordnung (EU) 2016\/679 (\u201eDSGVO\u201c), dass Ihre personenbezogenen Daten nach den unten beschriebenen Modalit\u00e4ten und Zwecken verarbeitet werden. 1. Verantwortlicher f\u00fcr die Datenverarbeitung Verantwortlicher f\u00fcr die [&hellip;]\" \/>\n<meta property=\"og:url\" content=\"https:\/\/shop.uffizi.it\/de\/privacy-policy\/\" \/>\n<meta property=\"og:site_name\" content=\"Le Gallerie degli Uffizi Shop\" \/>\n<meta property=\"article:modified_time\" content=\"2025-11-26T12:09:06+00:00\" \/>\n<meta name=\"twitter:card\" content=\"summary_large_image\" \/>\n<meta name=\"twitter:label1\" content=\"Gesch\u00e4tzte Lesezeit\" \/>\n\t<meta name=\"twitter:data1\" content=\"3\u00a0Minuten\" \/>\n<script type=\"application\/ld+json\" class=\"yoast-schema-graph\">{\"@context\":\"https:\\\/\\\/schema.org\",\"@graph\":[{\"@type\":\"WebPage\",\"@id\":\"https:\\\/\\\/shop.uffizi.it\\\/de\\\/privacy-policy\\\/\",\"url\":\"https:\\\/\\\/shop.uffizi.it\\\/de\\\/privacy-policy\\\/\",\"name\":\"Datenschutzerkl\u00e4rung - Le Gallerie degli Uffizi Shop\",\"isPartOf\":{\"@id\":\"https:\\\/\\\/shop.uffizi.it\\\/de\\\/#website\"},\"datePublished\":\"2025-11-21T13:24:58+00:00\",\"dateModified\":\"2025-11-26T12:09:06+00:00\",\"breadcrumb\":{\"@id\":\"https:\\\/\\\/shop.uffizi.it\\\/de\\\/privacy-policy\\\/#breadcrumb\"},\"inLanguage\":\"de\",\"potentialAction\":[{\"@type\":\"ReadAction\",\"target\":[\"https:\\\/\\\/shop.uffizi.it\\\/de\\\/privacy-policy\\\/\"]}]},{\"@type\":\"BreadcrumbList\",\"@id\":\"https:\\\/\\\/shop.uffizi.it\\\/de\\\/privacy-policy\\\/#breadcrumb\",\"itemListElement\":[{\"@type\":\"ListItem\",\"position\":1,\"name\":\"Home\",\"item\":\"https:\\\/\\\/shop.uffizi.it\\\/de\\\/\"},{\"@type\":\"ListItem\",\"position\":2,\"name\":\"Datenschutzerkl\u00e4rung\"}]},{\"@type\":\"WebSite\",\"@id\":\"https:\\\/\\\/shop.uffizi.it\\\/de\\\/#website\",\"url\":\"https:\\\/\\\/shop.uffizi.it\\\/de\\\/\",\"name\":\"Le Gallerie degli Uffizi Shop\",\"description\":\"\",\"publisher\":{\"@id\":\"https:\\\/\\\/shop.uffizi.it\\\/de\\\/#organization\"},\"potentialAction\":[{\"@type\":\"SearchAction\",\"target\":{\"@type\":\"EntryPoint\",\"urlTemplate\":\"https:\\\/\\\/shop.uffizi.it\\\/de\\\/?s={search_term_string}\"},\"query-input\":{\"@type\":\"PropertyValueSpecification\",\"valueRequired\":true,\"valueName\":\"search_term_string\"}}],\"inLanguage\":\"de\"},{\"@type\":\"Organization\",\"@id\":\"https:\\\/\\\/shop.uffizi.it\\\/de\\\/#organization\",\"name\":\"Le Gallerie degli Uffizi Shop\",\"url\":\"https:\\\/\\\/shop.uffizi.it\\\/de\\\/\",\"logo\":{\"@type\":\"ImageObject\",\"inLanguage\":\"de\",\"@id\":\"https:\\\/\\\/shop.uffizi.it\\\/de\\\/#\\\/schema\\\/logo\\\/image\\\/\",\"url\":\"https:\\\/\\\/shop.uffizi.it\\\/wp-content\\\/uploads\\\/2025\\\/11\\\/uffizi_shop_logo.svg\",\"contentUrl\":\"https:\\\/\\\/shop.uffizi.it\\\/wp-content\\\/uploads\\\/2025\\\/11\\\/uffizi_shop_logo.svg\",\"caption\":\"Le Gallerie degli Uffizi Shop\"},\"image\":{\"@id\":\"https:\\\/\\\/shop.uffizi.it\\\/de\\\/#\\\/schema\\\/logo\\\/image\\\/\"}}]}<\/script>\n<!-- \/ Yoast SEO plugin. -->","yoast_head_json":{"title":"Datenschutzerkl\u00e4rung - Le Gallerie degli Uffizi Shop","robots":{"index":"index","follow":"follow","max-snippet":"max-snippet:-1","max-image-preview":"max-image-preview:large","max-video-preview":"max-video-preview:-1"},"canonical":"https:\/\/shop.uffizi.it\/de\/privacy-policy\/","og_locale":"de_DE","og_type":"article","og_title":"Datenschutzerkl\u00e4rung - Le Gallerie degli Uffizi Shop","og_description":"Das Unternehmen Orbital Cultura, in seiner Eigenschaft als Verantwortlicher f\u00fcr die Verarbeitung personenbezogener Daten (im Folgenden \u201eOrbital Cultura\u201c oder das \u201eUnternehmen\u201c), informiert Sie gem\u00e4\u00df den Artikeln 13 und 14 der Verordnung (EU) 2016\/679 (\u201eDSGVO\u201c), dass Ihre personenbezogenen Daten nach den unten beschriebenen Modalit\u00e4ten und Zwecken verarbeitet werden. 1. Verantwortlicher f\u00fcr die Datenverarbeitung Verantwortlicher f\u00fcr die [&hellip;]","og_url":"https:\/\/shop.uffizi.it\/de\/privacy-policy\/","og_site_name":"Le Gallerie degli Uffizi Shop","article_modified_time":"2025-11-26T12:09:06+00:00","twitter_card":"summary_large_image","twitter_misc":{"Gesch\u00e4tzte Lesezeit":"3\u00a0Minuten"},"schema":{"@context":"https:\/\/schema.org","@graph":[{"@type":"WebPage","@id":"https:\/\/shop.uffizi.it\/de\/privacy-policy\/","url":"https:\/\/shop.uffizi.it\/de\/privacy-policy\/","name":"Datenschutzerkl\u00e4rung - Le Gallerie degli Uffizi Shop","isPartOf":{"@id":"https:\/\/shop.uffizi.it\/de\/#website"},"datePublished":"2025-11-21T13:24:58+00:00","dateModified":"2025-11-26T12:09:06+00:00","breadcrumb":{"@id":"https:\/\/shop.uffizi.it\/de\/privacy-policy\/#breadcrumb"},"inLanguage":"de","potentialAction":[{"@type":"ReadAction","target":["https:\/\/shop.uffizi.it\/de\/privacy-policy\/"]}]},{"@type":"BreadcrumbList","@id":"https:\/\/shop.uffizi.it\/de\/privacy-policy\/#breadcrumb","itemListElement":[{"@type":"ListItem","position":1,"name":"Home","item":"https:\/\/shop.uffizi.it\/de\/"},{"@type":"ListItem","position":2,"name":"Datenschutzerkl\u00e4rung"}]},{"@type":"WebSite","@id":"https:\/\/shop.uffizi.it\/de\/#website","url":"https:\/\/shop.uffizi.it\/de\/","name":"Le Gallerie degli Uffizi Shop","description":"","publisher":{"@id":"https:\/\/shop.uffizi.it\/de\/#organization"},"potentialAction":[{"@type":"SearchAction","target":{"@type":"EntryPoint","urlTemplate":"https:\/\/shop.uffizi.it\/de\/?s={search_term_string}"},"query-input":{"@type":"PropertyValueSpecification","valueRequired":true,"valueName":"search_term_string"}}],"inLanguage":"de"},{"@type":"Organization","@id":"https:\/\/shop.uffizi.it\/de\/#organization","name":"Le Gallerie degli Uffizi Shop","url":"https:\/\/shop.uffizi.it\/de\/","logo":{"@type":"ImageObject","inLanguage":"de","@id":"https:\/\/shop.uffizi.it\/de\/#\/schema\/logo\/image\/","url":"https:\/\/shop.uffizi.it\/wp-content\/uploads\/2025\/11\/uffizi_shop_logo.svg","contentUrl":"https:\/\/shop.uffizi.it\/wp-content\/uploads\/2025\/11\/uffizi_shop_logo.svg","caption":"Le Gallerie degli Uffizi Shop"},"image":{"@id":"https:\/\/shop.uffizi.it\/de\/#\/schema\/logo\/image\/"}}]}},"_links":{"self":[{"href":"https:\/\/shop.uffizi.it\/de\/wp-json\/wp\/v2\/pages\/29836","targetHints":{"allow":["GET"]}}],"collection":[{"href":"https:\/\/shop.uffizi.it\/de\/wp-json\/wp\/v2\/pages"}],"about":[{"href":"https:\/\/shop.uffizi.it\/de\/wp-json\/wp\/v2\/types\/page"}],"author":[{"embeddable":true,"href":"https:\/\/shop.uffizi.it\/de\/wp-json\/wp\/v2\/users\/922"}],"replies":[{"embeddable":true,"href":"https:\/\/shop.uffizi.it\/de\/wp-json\/wp\/v2\/comments?post=29836"}],"version-history":[{"count":9,"href":"https:\/\/shop.uffizi.it\/de\/wp-json\/wp\/v2\/pages\/29836\/revisions"}],"predecessor-version":[{"id":29855,"href":"https:\/\/shop.uffizi.it\/de\/wp-json\/wp\/v2\/pages\/29836\/revisions\/29855"}],"wp:attachment":[{"href":"https:\/\/shop.uffizi.it\/de\/wp-json\/wp\/v2\/media?parent=29836"}],"curies":[{"name":"wp","href":"https:\/\/api.w.org\/{rel}","templated":true}]}}